{"id":37332,"date":"2024-10-11T08:36:02","date_gmt":"2024-10-11T08:36:02","guid":{"rendered":"https:\/\/pasitoapasito.es\/?post_type=product&#038;p=37332"},"modified":"2024-10-11T10:33:38","modified_gmt":"2024-10-11T10:33:38","slug":"valise-tartan","status":"publish","type":"product","link":"https:\/\/pasitoapasito.es\/fr\/produit\/valise-tartan\/","title":{"rendered":"VALISE TARTAN"},"content":{"rendered":"<p>Le sac \u00e0 langer Tartan gris carr\u00e9 de Pasito a pasito en coton r\u00e9sistant et imperm\u00e9abilis\u00e9 est le sac id\u00e9al pour l&rsquo;h\u00f4pital\/clinique, un mod\u00e8le unique et \u00e9l\u00e9gant sp\u00e9cialement con\u00e7u pour transporter tout ce dont vous avez besoin pour vous, le papa et le b\u00e9b\u00e9. Sa forme rectangulaire permet de transporter toutes les n\u00e9cessit\u00e9s (v\u00eatements de rechange ou accessoires) le jour de la naissance de b\u00e9b\u00e9. D&rsquo;un design simple, moderne et pratique, il offre beaucoup d&rsquo;espace pour transporter de nombreuses choses et s&rsquo;ouvre facilement pour vous permettre de trouver ais\u00e9ment ce que vous avez emport\u00e9. Il est \u00e9quip\u00e9 d&rsquo;une longue poign\u00e9e pour le porter \u00e0 l&rsquo;\u00e9paule et de deux poign\u00e9es courtes pour le porter \u00e0 la main si vous pr\u00e9f\u00e9rez. Finition de qualit\u00e9. Le sac d&rsquo;h\u00f4pital est dot\u00e9 d&rsquo;une doublure int\u00e9rieure avec des bandes \u00e9lastiques pour maintenir les v\u00eatements en place et se ferme de mani\u00e8re s\u00fbre gr\u00e2ce \u00e0 une fermeture \u00e0 glissi\u00e8re bilat\u00e9rale qui permet d&rsquo;ouvrir compl\u00e8tement le couvercle. Fabriqu\u00e9 avec des mat\u00e9riaux de haute qualit\u00e9, sans colorants azo\u00efques, phtalates ni substances nocives pour la sant\u00e9. Il peut \u00eatre lav\u00e9 \u00e0 la main ou en machine \u00e0 des temp\u00e9ratures allant jusqu&rsquo;\u00e0 30\u00ba. Les produits pour b\u00e9b\u00e9s Pasito a Pasito ont un design tr\u00e8s diff\u00e9rent de tous les autres. Leurs collections se caract\u00e9risent par un travail minutieux, toujours con\u00e7u d&rsquo;un point de vue pratique. Elles utilisent des mat\u00e9riaux de premi\u00e8re qualit\u00e9 pour souligner l&rsquo;\u00e9l\u00e9gance et l&rsquo;harmonie de chacune de leurs pi\u00e8ces. Nos mod\u00e8les sont exclusifs et d&rsquo;un style incomparable, con\u00e7us pour les m\u00e8res modernes qui appr\u00e9cient le bon go\u00fbt et les d\u00e9tails autant que nous. Sp\u00e9cifications : Mat\u00e9riaux : 100% coton avec traitement imperm\u00e9able.   Dimensions : 44X36X16 cm.<\/p>\n","protected":false},"excerpt":{"rendered":"<p>Le sac \u00e0 langer Tartan gris carr\u00e9 de Pasito a pasito en coton r\u00e9sistant et imperm\u00e9abilis\u00e9 est le sac id\u00e9al pour l&rsquo;h\u00f4pital\/clinique, un mod\u00e8le unique et \u00e9l\u00e9gant sp\u00e9cialement con\u00e7u pour transporter tout ce dont vous avez besoin pour vous, le papa et le b\u00e9b\u00e9. Sa forme rectangulaire permet de transporter toutes les n\u00e9cessit\u00e9s (v\u00eatements de [&hellip;]<\/p>\n","protected":false},"featured_media":37165,"comment_status":"closed","ping_status":"closed","template":"","meta":{"_acf_changed":false,"inline_featured_image":false},"colecciones":[],"product_brand":[],"product_cat":[132,160],"product_tag":[],"class_list":{"0":"post-37332","1":"product","2":"type-product","3":"status-publish","4":"has-post-thumbnail","6":"product_cat-sacs-a-dos-a-langer","7":"product_cat-sacs-a-langer-et-accessoires","9":"first","10":"instock","11":"purchasable","12":"product-type-simple"},"acf":[],"yoast_head":"<!-- This site is optimized with the Yoast SEO plugin v27.4 - https:\/\/yoast.com\/product\/yoast-seo-wordpress\/ -->\n<title>VALISE TARTAN - Pasito a Pasito<\/title>\n<meta name=\"robots\" content=\"index, follow, max-snippet:-1, max-image-preview:large, max-video-preview:-1\" \/>\n<link rel=\"canonical\" href=\"https:\/\/pasitoapasito.es\/fr\/produit\/valise-tartan\/\" \/>\n<meta property=\"og:locale\" content=\"fr_FR\" \/>\n<meta property=\"og:type\" content=\"article\" \/>\n<meta property=\"og:title\" content=\"VALISE TARTAN - Pasito a Pasito\" \/>\n<meta property=\"og:description\" content=\"Le sac \u00e0 langer Tartan gris carr\u00e9 de Pasito a pasito en coton r\u00e9sistant et imperm\u00e9abilis\u00e9 est le sac id\u00e9al pour l&rsquo;h\u00f4pital\/clinique, un mod\u00e8le unique et \u00e9l\u00e9gant sp\u00e9cialement con\u00e7u pour transporter tout ce dont vous avez besoin pour vous, le papa et le b\u00e9b\u00e9. Sa forme rectangulaire permet de transporter toutes les n\u00e9cessit\u00e9s (v\u00eatements de [&hellip;]\" \/>\n<meta property=\"og:url\" content=\"https:\/\/pasitoapasito.es\/fr\/produit\/valise-tartan\/\" \/>\n<meta property=\"og:site_name\" content=\"Pasito a Pasito\" \/>\n<meta property=\"article:modified_time\" content=\"2024-10-11T10:33:38+00:00\" \/>\n<meta property=\"og:image\" content=\"https:\/\/pasitoapasito.es\/wp-content\/uploads\/2024\/10\/1120900377_a.jpg\" \/>\n\t<meta property=\"og:image:width\" content=\"1199\" \/>\n\t<meta property=\"og:image:height\" content=\"1200\" \/>\n\t<meta property=\"og:image:type\" content=\"image\/jpeg\" \/>\n<meta name=\"twitter:card\" content=\"summary_large_image\" \/>\n<meta name=\"twitter:label1\" content=\"Dur\u00e9e de lecture estim\u00e9e\" \/>\n\t<meta name=\"twitter:data1\" content=\"2 minutes\" \/>\n<script type=\"application\/ld+json\" class=\"yoast-schema-graph\">{\"@context\":\"https:\\\/\\\/schema.org\",\"@graph\":[{\"@type\":\"WebPage\",\"@id\":\"https:\\\/\\\/pasitoapasito.es\\\/fr\\\/produit\\\/valise-tartan\\\/\",\"url\":\"https:\\\/\\\/pasitoapasito.es\\\/fr\\\/produit\\\/valise-tartan\\\/\",\"name\":\"VALISE TARTAN - Pasito a Pasito\",\"isPartOf\":{\"@id\":\"https:\\\/\\\/pasitoapasito.es\\\/fr\\\/#website\"},\"primaryImageOfPage\":{\"@id\":\"https:\\\/\\\/pasitoapasito.es\\\/fr\\\/produit\\\/valise-tartan\\\/#primaryimage\"},\"image\":{\"@id\":\"https:\\\/\\\/pasitoapasito.es\\\/fr\\\/produit\\\/valise-tartan\\\/#primaryimage\"},\"thumbnailUrl\":\"https:\\\/\\\/pasitoapasito.es\\\/wp-content\\\/uploads\\\/2024\\\/10\\\/1120900377_a.jpg\",\"datePublished\":\"2024-10-11T08:36:02+00:00\",\"dateModified\":\"2024-10-11T10:33:38+00:00\",\"breadcrumb\":{\"@id\":\"https:\\\/\\\/pasitoapasito.es\\\/fr\\\/produit\\\/valise-tartan\\\/#breadcrumb\"},\"inLanguage\":\"fr-FR\",\"potentialAction\":[{\"@type\":\"ReadAction\",\"target\":[\"https:\\\/\\\/pasitoapasito.es\\\/fr\\\/produit\\\/valise-tartan\\\/\"]}]},{\"@type\":\"ImageObject\",\"inLanguage\":\"fr-FR\",\"@id\":\"https:\\\/\\\/pasitoapasito.es\\\/fr\\\/produit\\\/valise-tartan\\\/#primaryimage\",\"url\":\"https:\\\/\\\/pasitoapasito.es\\\/wp-content\\\/uploads\\\/2024\\\/10\\\/1120900377_a.jpg\",\"contentUrl\":\"https:\\\/\\\/pasitoapasito.es\\\/wp-content\\\/uploads\\\/2024\\\/10\\\/1120900377_a.jpg\",\"width\":1199,\"height\":1200},{\"@type\":\"BreadcrumbList\",\"@id\":\"https:\\\/\\\/pasitoapasito.es\\\/fr\\\/produit\\\/valise-tartan\\\/#breadcrumb\",\"itemListElement\":[{\"@type\":\"ListItem\",\"position\":1,\"name\":\"Tienda\",\"item\":\"https:\\\/\\\/pasitoapasito.es\\\/tienda\\\/\"},{\"@type\":\"ListItem\",\"position\":2,\"name\":\"VALISE TARTAN\"}]},{\"@type\":\"WebSite\",\"@id\":\"https:\\\/\\\/pasitoapasito.es\\\/fr\\\/#website\",\"url\":\"https:\\\/\\\/pasitoapasito.es\\\/fr\\\/\",\"name\":\"Pasito a Pasito\",\"description\":\"\",\"potentialAction\":[{\"@type\":\"SearchAction\",\"target\":{\"@type\":\"EntryPoint\",\"urlTemplate\":\"https:\\\/\\\/pasitoapasito.es\\\/fr\\\/?s={search_term_string}\"},\"query-input\":{\"@type\":\"PropertyValueSpecification\",\"valueRequired\":true,\"valueName\":\"search_term_string\"}}],\"inLanguage\":\"fr-FR\"}]}<\/script>\n<!-- \/ Yoast SEO plugin. -->","yoast_head_json":{"title":"VALISE TARTAN - Pasito a Pasito","robots":{"index":"index","follow":"follow","max-snippet":"max-snippet:-1","max-image-preview":"max-image-preview:large","max-video-preview":"max-video-preview:-1"},"canonical":"https:\/\/pasitoapasito.es\/fr\/produit\/valise-tartan\/","og_locale":"fr_FR","og_type":"article","og_title":"VALISE TARTAN - Pasito a Pasito","og_description":"Le sac \u00e0 langer Tartan gris carr\u00e9 de Pasito a pasito en coton r\u00e9sistant et imperm\u00e9abilis\u00e9 est le sac id\u00e9al pour l&rsquo;h\u00f4pital\/clinique, un mod\u00e8le unique et \u00e9l\u00e9gant sp\u00e9cialement con\u00e7u pour transporter tout ce dont vous avez besoin pour vous, le papa et le b\u00e9b\u00e9. Sa forme rectangulaire permet de transporter toutes les n\u00e9cessit\u00e9s (v\u00eatements de [&hellip;]","og_url":"https:\/\/pasitoapasito.es\/fr\/produit\/valise-tartan\/","og_site_name":"Pasito a Pasito","article_modified_time":"2024-10-11T10:33:38+00:00","og_image":[{"width":1199,"height":1200,"url":"https:\/\/pasitoapasito.es\/wp-content\/uploads\/2024\/10\/1120900377_a.jpg","type":"image\/jpeg"}],"twitter_card":"summary_large_image","twitter_misc":{"Dur\u00e9e de lecture estim\u00e9e":"2 minutes"},"schema":{"@context":"https:\/\/schema.org","@graph":[{"@type":"WebPage","@id":"https:\/\/pasitoapasito.es\/fr\/produit\/valise-tartan\/","url":"https:\/\/pasitoapasito.es\/fr\/produit\/valise-tartan\/","name":"VALISE TARTAN - Pasito a Pasito","isPartOf":{"@id":"https:\/\/pasitoapasito.es\/fr\/#website"},"primaryImageOfPage":{"@id":"https:\/\/pasitoapasito.es\/fr\/produit\/valise-tartan\/#primaryimage"},"image":{"@id":"https:\/\/pasitoapasito.es\/fr\/produit\/valise-tartan\/#primaryimage"},"thumbnailUrl":"https:\/\/pasitoapasito.es\/wp-content\/uploads\/2024\/10\/1120900377_a.jpg","datePublished":"2024-10-11T08:36:02+00:00","dateModified":"2024-10-11T10:33:38+00:00","breadcrumb":{"@id":"https:\/\/pasitoapasito.es\/fr\/produit\/valise-tartan\/#breadcrumb"},"inLanguage":"fr-FR","potentialAction":[{"@type":"ReadAction","target":["https:\/\/pasitoapasito.es\/fr\/produit\/valise-tartan\/"]}]},{"@type":"ImageObject","inLanguage":"fr-FR","@id":"https:\/\/pasitoapasito.es\/fr\/produit\/valise-tartan\/#primaryimage","url":"https:\/\/pasitoapasito.es\/wp-content\/uploads\/2024\/10\/1120900377_a.jpg","contentUrl":"https:\/\/pasitoapasito.es\/wp-content\/uploads\/2024\/10\/1120900377_a.jpg","width":1199,"height":1200},{"@type":"BreadcrumbList","@id":"https:\/\/pasitoapasito.es\/fr\/produit\/valise-tartan\/#breadcrumb","itemListElement":[{"@type":"ListItem","position":1,"name":"Tienda","item":"https:\/\/pasitoapasito.es\/tienda\/"},{"@type":"ListItem","position":2,"name":"VALISE TARTAN"}]},{"@type":"WebSite","@id":"https:\/\/pasitoapasito.es\/fr\/#website","url":"https:\/\/pasitoapasito.es\/fr\/","name":"Pasito a Pasito","description":"","potentialAction":[{"@type":"SearchAction","target":{"@type":"EntryPoint","urlTemplate":"https:\/\/pasitoapasito.es\/fr\/?s={search_term_string}"},"query-input":{"@type":"PropertyValueSpecification","valueRequired":true,"valueName":"search_term_string"}}],"inLanguage":"fr-FR"}]}},"_links":{"self":[{"href":"https:\/\/pasitoapasito.es\/fr\/wp-json\/wp\/v2\/product\/37332","targetHints":{"allow":["GET"]}}],"collection":[{"href":"https:\/\/pasitoapasito.es\/fr\/wp-json\/wp\/v2\/product"}],"about":[{"href":"https:\/\/pasitoapasito.es\/fr\/wp-json\/wp\/v2\/types\/product"}],"replies":[{"embeddable":true,"href":"https:\/\/pasitoapasito.es\/fr\/wp-json\/wp\/v2\/comments?post=37332"}],"wp:featuredmedia":[{"embeddable":true,"href":"https:\/\/pasitoapasito.es\/fr\/wp-json\/wp\/v2\/media\/37165"}],"wp:attachment":[{"href":"https:\/\/pasitoapasito.es\/fr\/wp-json\/wp\/v2\/media?parent=37332"}],"wp:term":[{"taxonomy":"colecciones","embeddable":true,"href":"https:\/\/pasitoapasito.es\/fr\/wp-json\/wp\/v2\/colecciones?post=37332"},{"taxonomy":"product_brand","embeddable":true,"href":"https:\/\/pasitoapasito.es\/fr\/wp-json\/wp\/v2\/product_brand?post=37332"},{"taxonomy":"product_cat","embeddable":true,"href":"https:\/\/pasitoapasito.es\/fr\/wp-json\/wp\/v2\/product_cat?post=37332"},{"taxonomy":"product_tag","embeddable":true,"href":"https:\/\/pasitoapasito.es\/fr\/wp-json\/wp\/v2\/product_tag?post=37332"}],"curies":[{"name":"wp","href":"https:\/\/api.w.org\/{rel}","templated":true}]}}