{"id":36468,"date":"2024-09-11T07:16:06","date_gmt":"2024-09-11T08:37:18","guid":{"rendered":"https:\/\/pasitoapasito.es\/?post_type=product&#038;p=36468"},"modified":"2024-09-11T08:37:19","modified_gmt":"2024-09-11T08:37:19","slug":"valise-icon-green","status":"publish","type":"product","link":"https:\/\/pasitoapasito.es\/fr\/produit\/valise-icon-green\/","title":{"rendered":"VALISE ICON GREEN"},"content":{"rendered":"<p>La valise b\u00e9b\u00e9 Icon Green de Pasito a Pasito est le sac parfait pour la maternit\u00e9\/la clinique, un mod\u00e8le unique et \u00e9l\u00e9gant sp\u00e9cialement con\u00e7u pour vous, le p\u00e8re, et le b\u00e9b\u00e9. Elle est fabriqu\u00e9e en cuir \u00e9cologique durable et doux. Sa forme rectangulaire offre un confort pour couvrir tous vos besoins (couches ou accessoires) lors du jour de naissance du b\u00e9b\u00e9. C&rsquo;est un design simple, moderne et pratique qui offre une grande capacit\u00e9 pour transporter de nombreuses choses et dispose d&rsquo;une ouverture pratique pour faciliter la recherche de ce que vous avez rang\u00e9. Elle est livr\u00e9e avec une poign\u00e9e longue pour la porter sur l&rsquo;\u00e9paule et deux poign\u00e9es courtes pour la porter \u00e0 la main si vous le pr\u00e9f\u00e9rez. Finitions de haute qualit\u00e9. La valise de maternit\u00e9 est dot\u00e9e d&rsquo;une doublure int\u00e9rieure avec des bandes \u00e9lastiques pour maintenir les v\u00eatements et se ferme de mani\u00e8re s\u00e9curis\u00e9e avec une fermeture \u00e0 glissi\u00e8re \u00e0 double sens qui permet d&rsquo;ouvrir compl\u00e8tement le couvercle. Fabriqu\u00e9e avec des mat\u00e9riaux de qualit\u00e9 sup\u00e9rieure, exempts de colorants azo\u00efques, de phtalates et de substances nocives pour la sant\u00e9. De plus, elle peut \u00eatre lav\u00e9e \u00e0 la main ou en machine \u00e0 des temp\u00e9ratures allant jusqu&rsquo;\u00e0 30\u00ba. Les produits pour b\u00e9b\u00e9s de Pasito a Pasito ont un design tr\u00e8s diff\u00e9rent de tous les autres. Leurs collections se caract\u00e9risent par un travail m\u00e9ticuleux, toujours con\u00e7u dans une perspective pratique. Ils utilisent des mat\u00e9riaux de qualit\u00e9 sup\u00e9rieure pour mettre en valeur l&rsquo;\u00e9l\u00e9gance et l&rsquo;harmonie dans chacune de leurs pi\u00e8ces. Nos mod\u00e8les sont exclusifs et ont un style inimitable, con\u00e7us pour les m\u00e8res modernes qui ont bon go\u00fbt et appr\u00e9cient les d\u00e9tails autant que nous. Sp\u00e9cifications : Mat\u00e9riaux : cuir \u00e9cologique. Couleur : Vert. Dimensions : 44X36X16 cm.<\/p>\n","protected":false},"excerpt":{"rendered":"<p>La valise b\u00e9b\u00e9 Icon Green de Pasito a Pasito est le sac parfait pour la maternit\u00e9\/la clinique, un mod\u00e8le unique et \u00e9l\u00e9gant sp\u00e9cialement con\u00e7u pour vous, le p\u00e8re, et le b\u00e9b\u00e9. Elle est fabriqu\u00e9e en cuir \u00e9cologique durable et doux. Sa forme rectangulaire offre un confort pour couvrir tous vos besoins (couches ou accessoires) lors [&hellip;]<\/p>\n","protected":false},"featured_media":33939,"comment_status":"closed","ping_status":"open","template":"","meta":{"_acf_changed":false,"inline_featured_image":false},"colecciones":[288],"product_brand":[],"product_cat":[135],"product_tag":[],"class_list":{"0":"post-36468","1":"product","2":"type-product","3":"status-publish","4":"has-post-thumbnail","6":"colecciones-collection-icon","7":"product_cat-valises","9":"first","10":"instock","11":"purchasable","12":"product-type-simple"},"acf":[],"yoast_head":"<!-- This site is optimized with the Yoast SEO plugin v27.3 - https:\/\/yoast.com\/product\/yoast-seo-wordpress\/ -->\n<title>VALISE ICON GREEN - Pasito a Pasito<\/title>\n<meta name=\"robots\" content=\"index, follow, max-snippet:-1, max-image-preview:large, max-video-preview:-1\" \/>\n<link rel=\"canonical\" href=\"https:\/\/pasitoapasito.es\/fr\/produit\/valise-icon-green\/\" \/>\n<meta property=\"og:locale\" content=\"fr_FR\" \/>\n<meta property=\"og:type\" content=\"article\" \/>\n<meta property=\"og:title\" content=\"VALISE ICON GREEN - Pasito a Pasito\" \/>\n<meta property=\"og:description\" content=\"La valise b\u00e9b\u00e9 Icon Green de Pasito a Pasito est le sac parfait pour la maternit\u00e9\/la clinique, un mod\u00e8le unique et \u00e9l\u00e9gant sp\u00e9cialement con\u00e7u pour vous, le p\u00e8re, et le b\u00e9b\u00e9. Elle est fabriqu\u00e9e en cuir \u00e9cologique durable et doux. Sa forme rectangulaire offre un confort pour couvrir tous vos besoins (couches ou accessoires) lors [&hellip;]\" \/>\n<meta property=\"og:url\" content=\"https:\/\/pasitoapasito.es\/fr\/produit\/valise-icon-green\/\" \/>\n<meta property=\"og:site_name\" content=\"Pasito a Pasito\" \/>\n<meta property=\"article:modified_time\" content=\"2024-09-11T08:37:19+00:00\" \/>\n<meta property=\"og:image\" content=\"https:\/\/pasitoapasito.es\/wp-content\/uploads\/2024\/09\/1120900349_a-2.jpg\" \/>\n\t<meta property=\"og:image:width\" content=\"1200\" \/>\n\t<meta property=\"og:image:height\" content=\"1200\" \/>\n\t<meta property=\"og:image:type\" content=\"image\/jpeg\" \/>\n<meta name=\"twitter:card\" content=\"summary_large_image\" \/>\n<meta name=\"twitter:label1\" content=\"Dur\u00e9e de lecture estim\u00e9e\" \/>\n\t<meta name=\"twitter:data1\" content=\"2 minutes\" \/>\n<script type=\"application\/ld+json\" class=\"yoast-schema-graph\">{\"@context\":\"https:\\\/\\\/schema.org\",\"@graph\":[{\"@type\":\"WebPage\",\"@id\":\"https:\\\/\\\/pasitoapasito.es\\\/fr\\\/produit\\\/valise-icon-green\\\/\",\"url\":\"https:\\\/\\\/pasitoapasito.es\\\/fr\\\/produit\\\/valise-icon-green\\\/\",\"name\":\"VALISE ICON GREEN - Pasito a Pasito\",\"isPartOf\":{\"@id\":\"https:\\\/\\\/pasitoapasito.es\\\/fr\\\/#website\"},\"primaryImageOfPage\":{\"@id\":\"https:\\\/\\\/pasitoapasito.es\\\/fr\\\/produit\\\/valise-icon-green\\\/#primaryimage\"},\"image\":{\"@id\":\"https:\\\/\\\/pasitoapasito.es\\\/fr\\\/produit\\\/valise-icon-green\\\/#primaryimage\"},\"thumbnailUrl\":\"https:\\\/\\\/pasitoapasito.es\\\/wp-content\\\/uploads\\\/2024\\\/09\\\/1120900349_a-2.jpg\",\"datePublished\":\"2024-09-11T08:37:18+00:00\",\"dateModified\":\"2024-09-11T08:37:19+00:00\",\"breadcrumb\":{\"@id\":\"https:\\\/\\\/pasitoapasito.es\\\/fr\\\/produit\\\/valise-icon-green\\\/#breadcrumb\"},\"inLanguage\":\"fr-FR\",\"potentialAction\":[{\"@type\":\"ReadAction\",\"target\":[\"https:\\\/\\\/pasitoapasito.es\\\/fr\\\/produit\\\/valise-icon-green\\\/\"]}]},{\"@type\":\"ImageObject\",\"inLanguage\":\"fr-FR\",\"@id\":\"https:\\\/\\\/pasitoapasito.es\\\/fr\\\/produit\\\/valise-icon-green\\\/#primaryimage\",\"url\":\"https:\\\/\\\/pasitoapasito.es\\\/wp-content\\\/uploads\\\/2024\\\/09\\\/1120900349_a-2.jpg\",\"contentUrl\":\"https:\\\/\\\/pasitoapasito.es\\\/wp-content\\\/uploads\\\/2024\\\/09\\\/1120900349_a-2.jpg\",\"width\":1200,\"height\":1200},{\"@type\":\"BreadcrumbList\",\"@id\":\"https:\\\/\\\/pasitoapasito.es\\\/fr\\\/produit\\\/valise-icon-green\\\/#breadcrumb\",\"itemListElement\":[{\"@type\":\"ListItem\",\"position\":1,\"name\":\"Tienda\",\"item\":\"https:\\\/\\\/pasitoapasito.es\\\/tienda\\\/\"},{\"@type\":\"ListItem\",\"position\":2,\"name\":\"VALISE ICON GREEN\"}]},{\"@type\":\"WebSite\",\"@id\":\"https:\\\/\\\/pasitoapasito.es\\\/fr\\\/#website\",\"url\":\"https:\\\/\\\/pasitoapasito.es\\\/fr\\\/\",\"name\":\"Pasito a Pasito\",\"description\":\"\",\"potentialAction\":[{\"@type\":\"SearchAction\",\"target\":{\"@type\":\"EntryPoint\",\"urlTemplate\":\"https:\\\/\\\/pasitoapasito.es\\\/fr\\\/?s={search_term_string}\"},\"query-input\":{\"@type\":\"PropertyValueSpecification\",\"valueRequired\":true,\"valueName\":\"search_term_string\"}}],\"inLanguage\":\"fr-FR\"}]}<\/script>\n<!-- \/ Yoast SEO plugin. -->","yoast_head_json":{"title":"VALISE ICON GREEN - Pasito a Pasito","robots":{"index":"index","follow":"follow","max-snippet":"max-snippet:-1","max-image-preview":"max-image-preview:large","max-video-preview":"max-video-preview:-1"},"canonical":"https:\/\/pasitoapasito.es\/fr\/produit\/valise-icon-green\/","og_locale":"fr_FR","og_type":"article","og_title":"VALISE ICON GREEN - Pasito a Pasito","og_description":"La valise b\u00e9b\u00e9 Icon Green de Pasito a Pasito est le sac parfait pour la maternit\u00e9\/la clinique, un mod\u00e8le unique et \u00e9l\u00e9gant sp\u00e9cialement con\u00e7u pour vous, le p\u00e8re, et le b\u00e9b\u00e9. Elle est fabriqu\u00e9e en cuir \u00e9cologique durable et doux. Sa forme rectangulaire offre un confort pour couvrir tous vos besoins (couches ou accessoires) lors [&hellip;]","og_url":"https:\/\/pasitoapasito.es\/fr\/produit\/valise-icon-green\/","og_site_name":"Pasito a Pasito","article_modified_time":"2024-09-11T08:37:19+00:00","og_image":[{"width":1200,"height":1200,"url":"https:\/\/pasitoapasito.es\/wp-content\/uploads\/2024\/09\/1120900349_a-2.jpg","type":"image\/jpeg"}],"twitter_card":"summary_large_image","twitter_misc":{"Dur\u00e9e de lecture estim\u00e9e":"2 minutes"},"schema":{"@context":"https:\/\/schema.org","@graph":[{"@type":"WebPage","@id":"https:\/\/pasitoapasito.es\/fr\/produit\/valise-icon-green\/","url":"https:\/\/pasitoapasito.es\/fr\/produit\/valise-icon-green\/","name":"VALISE ICON GREEN - Pasito a Pasito","isPartOf":{"@id":"https:\/\/pasitoapasito.es\/fr\/#website"},"primaryImageOfPage":{"@id":"https:\/\/pasitoapasito.es\/fr\/produit\/valise-icon-green\/#primaryimage"},"image":{"@id":"https:\/\/pasitoapasito.es\/fr\/produit\/valise-icon-green\/#primaryimage"},"thumbnailUrl":"https:\/\/pasitoapasito.es\/wp-content\/uploads\/2024\/09\/1120900349_a-2.jpg","datePublished":"2024-09-11T08:37:18+00:00","dateModified":"2024-09-11T08:37:19+00:00","breadcrumb":{"@id":"https:\/\/pasitoapasito.es\/fr\/produit\/valise-icon-green\/#breadcrumb"},"inLanguage":"fr-FR","potentialAction":[{"@type":"ReadAction","target":["https:\/\/pasitoapasito.es\/fr\/produit\/valise-icon-green\/"]}]},{"@type":"ImageObject","inLanguage":"fr-FR","@id":"https:\/\/pasitoapasito.es\/fr\/produit\/valise-icon-green\/#primaryimage","url":"https:\/\/pasitoapasito.es\/wp-content\/uploads\/2024\/09\/1120900349_a-2.jpg","contentUrl":"https:\/\/pasitoapasito.es\/wp-content\/uploads\/2024\/09\/1120900349_a-2.jpg","width":1200,"height":1200},{"@type":"BreadcrumbList","@id":"https:\/\/pasitoapasito.es\/fr\/produit\/valise-icon-green\/#breadcrumb","itemListElement":[{"@type":"ListItem","position":1,"name":"Tienda","item":"https:\/\/pasitoapasito.es\/tienda\/"},{"@type":"ListItem","position":2,"name":"VALISE ICON GREEN"}]},{"@type":"WebSite","@id":"https:\/\/pasitoapasito.es\/fr\/#website","url":"https:\/\/pasitoapasito.es\/fr\/","name":"Pasito a Pasito","description":"","potentialAction":[{"@type":"SearchAction","target":{"@type":"EntryPoint","urlTemplate":"https:\/\/pasitoapasito.es\/fr\/?s={search_term_string}"},"query-input":{"@type":"PropertyValueSpecification","valueRequired":true,"valueName":"search_term_string"}}],"inLanguage":"fr-FR"}]}},"_links":{"self":[{"href":"https:\/\/pasitoapasito.es\/fr\/wp-json\/wp\/v2\/product\/36468","targetHints":{"allow":["GET"]}}],"collection":[{"href":"https:\/\/pasitoapasito.es\/fr\/wp-json\/wp\/v2\/product"}],"about":[{"href":"https:\/\/pasitoapasito.es\/fr\/wp-json\/wp\/v2\/types\/product"}],"replies":[{"embeddable":true,"href":"https:\/\/pasitoapasito.es\/fr\/wp-json\/wp\/v2\/comments?post=36468"}],"wp:featuredmedia":[{"embeddable":true,"href":"https:\/\/pasitoapasito.es\/fr\/wp-json\/wp\/v2\/media\/33939"}],"wp:attachment":[{"href":"https:\/\/pasitoapasito.es\/fr\/wp-json\/wp\/v2\/media?parent=36468"}],"wp:term":[{"taxonomy":"colecciones","embeddable":true,"href":"https:\/\/pasitoapasito.es\/fr\/wp-json\/wp\/v2\/colecciones?post=36468"},{"taxonomy":"product_brand","embeddable":true,"href":"https:\/\/pasitoapasito.es\/fr\/wp-json\/wp\/v2\/product_brand?post=36468"},{"taxonomy":"product_cat","embeddable":true,"href":"https:\/\/pasitoapasito.es\/fr\/wp-json\/wp\/v2\/product_cat?post=36468"},{"taxonomy":"product_tag","embeddable":true,"href":"https:\/\/pasitoapasito.es\/fr\/wp-json\/wp\/v2\/product_tag?post=36468"}],"curies":[{"name":"wp","href":"https:\/\/api.w.org\/{rel}","templated":true}]}}