{"id":36457,"date":"2024-09-11T07:16:09","date_gmt":"2024-09-11T08:37:38","guid":{"rendered":"https:\/\/pasitoapasito.es\/?post_type=product&#038;p=36457"},"modified":"2024-09-11T08:37:38","modified_gmt":"2024-09-11T08:37:38","slug":"sac-a-dos-icon-rose","status":"publish","type":"product","link":"https:\/\/pasitoapasito.es\/fr\/produit\/sac-a-dos-icon-rose\/","title":{"rendered":"SAC A DOS ICON ROSE"},"content":{"rendered":"<p>Le sac \u00e0 dos en simili-cuir Icon Rose est le choix id\u00e9al pour les parents qui souhaitent allier style et praticit\u00e9. Fabriqu\u00e9 \u00e0 partir de mat\u00e9riaux de haute qualit\u00e9, ce sac \u00e0 dos offre une solution durable et \u00e9l\u00e9gante pour transporter tous les objets essentiels de votre b\u00e9b\u00e9. Fabriqu\u00e9 en similicuir durable et facile \u00e0 nettoyer, il est id\u00e9al pour un usage quotidien. Compartiment principal spacieux, id\u00e9al pour ranger les couches, les v\u00eatements, les biberons et les jouets. L&rsquo;int\u00e9rieur comporte une poche thermique pour les biberons, une poche plastifi\u00e9e pour les v\u00eatements mouill\u00e9s et une poche pour le matelas \u00e0 langer, inclus. \u00c0 l&rsquo;ext\u00e9rieur, une poche frontale \u00e0 fermeture \u00e9clair vous permet d&rsquo;avoir toujours \u00e0 port\u00e9e de main vos objets essentiels, tels que votre t\u00e9l\u00e9phone portable, vos cl\u00e9s ou tout ce dont vous avez besoin pour sortir avec votre b\u00e9b\u00e9, sans avoir \u00e0 utiliser votre sac. Il poss\u00e8de \u00e9galement deux poches lat\u00e9rales pour les bouteilles ou les biberons. Il est dot\u00e9 de sangles r\u00e9glables pour le porter comme un sac \u00e0 dos, de sangles pour les mains et de deux petites poign\u00e9es pour pouvoir le suspendre \u00e0 la poussette de votre b\u00e9b\u00e9. Il est dot\u00e9 d&rsquo;une sangle arri\u00e8re pour l&rsquo;attacher \u00e0 la valise trolley. Il est fabriqu\u00e9 dans des mat\u00e9riaux exempts de colorants azo\u00efques, de phtalates et de substances nocives pour la sant\u00e9. En outre, il peut \u00eatre lav\u00e9 \u00e0 la main ou en machine \u00e0 des temp\u00e9ratures allant jusqu&rsquo;\u00e0 30\u00ba. Les produits pour b\u00e9b\u00e9s Pasito a Pasito ont un design tr\u00e8s diff\u00e9rent de tous les autres. Leurs collections se caract\u00e9risent par un travail minutieux, toujours con\u00e7u d&rsquo;un point de vue pratique. Elles utilisent des mat\u00e9riaux de premi\u00e8re qualit\u00e9 pour mettre en valeur l&rsquo;\u00e9l\u00e9gance et l&rsquo;harmonie de chacune de leurs pi\u00e8ces. Nos mod\u00e8les sont exclusifs et d&rsquo;un style incomparable, con\u00e7us pour les m\u00e8res modernes qui appr\u00e9cient le bon go\u00fbt et les d\u00e9tails autant que nous. Sp\u00e9cifications : Mat\u00e9riaux : Cuir \u00e9cologique. Couleur : Rose. Dimensions : 35X38X16 cm.<\/p>\n","protected":false},"excerpt":{"rendered":"<p>Le sac \u00e0 dos en simili-cuir Icon Rose est le choix id\u00e9al pour les parents qui souhaitent allier style et praticit\u00e9. Fabriqu\u00e9 \u00e0 partir de mat\u00e9riaux de haute qualit\u00e9, ce sac \u00e0 dos offre une solution durable et \u00e9l\u00e9gante pour transporter tous les objets essentiels de votre b\u00e9b\u00e9. Fabriqu\u00e9 en similicuir durable et facile \u00e0 [&hellip;]<\/p>\n","protected":false},"featured_media":33619,"comment_status":"closed","ping_status":"open","template":"","meta":{"_acf_changed":false,"inline_featured_image":false},"colecciones":[288],"product_brand":[],"product_cat":[132],"product_tag":[],"class_list":{"0":"post-36457","1":"product","2":"type-product","3":"status-publish","4":"has-post-thumbnail","6":"colecciones-collection-icon","7":"product_cat-sacs-a-dos-a-langer","9":"first","10":"instock","11":"purchasable","12":"product-type-simple"},"acf":[],"yoast_head":"<!-- This site is optimized with the Yoast SEO plugin v27.3 - https:\/\/yoast.com\/product\/yoast-seo-wordpress\/ -->\n<title>SAC A DOS ICON ROSE - Pasito a Pasito<\/title>\n<meta name=\"robots\" content=\"index, follow, max-snippet:-1, max-image-preview:large, max-video-preview:-1\" \/>\n<link rel=\"canonical\" href=\"https:\/\/pasitoapasito.es\/fr\/produit\/sac-a-dos-icon-rose\/\" \/>\n<meta property=\"og:locale\" content=\"fr_FR\" \/>\n<meta property=\"og:type\" content=\"article\" \/>\n<meta property=\"og:title\" content=\"SAC A DOS ICON ROSE - Pasito a Pasito\" \/>\n<meta property=\"og:description\" content=\"Le sac \u00e0 dos en simili-cuir Icon Rose est le choix id\u00e9al pour les parents qui souhaitent allier style et praticit\u00e9. Fabriqu\u00e9 \u00e0 partir de mat\u00e9riaux de haute qualit\u00e9, ce sac \u00e0 dos offre une solution durable et \u00e9l\u00e9gante pour transporter tous les objets essentiels de votre b\u00e9b\u00e9. Fabriqu\u00e9 en similicuir durable et facile \u00e0 [&hellip;]\" \/>\n<meta property=\"og:url\" content=\"https:\/\/pasitoapasito.es\/fr\/produit\/sac-a-dos-icon-rose\/\" \/>\n<meta property=\"og:site_name\" content=\"Pasito a Pasito\" \/>\n<meta property=\"og:image\" content=\"https:\/\/pasitoapasito.es\/wp-content\/uploads\/2024\/09\/1120900352_a-2.jpg\" \/>\n\t<meta property=\"og:image:width\" content=\"1200\" \/>\n\t<meta property=\"og:image:height\" content=\"1200\" \/>\n\t<meta property=\"og:image:type\" content=\"image\/jpeg\" \/>\n<meta name=\"twitter:card\" content=\"summary_large_image\" \/>\n<meta name=\"twitter:label1\" content=\"Dur\u00e9e de lecture estim\u00e9e\" \/>\n\t<meta name=\"twitter:data1\" content=\"2 minutes\" \/>\n<script type=\"application\/ld+json\" class=\"yoast-schema-graph\">{\"@context\":\"https:\\\/\\\/schema.org\",\"@graph\":[{\"@type\":\"WebPage\",\"@id\":\"https:\\\/\\\/pasitoapasito.es\\\/fr\\\/produit\\\/sac-a-dos-icon-rose\\\/\",\"url\":\"https:\\\/\\\/pasitoapasito.es\\\/fr\\\/produit\\\/sac-a-dos-icon-rose\\\/\",\"name\":\"SAC A DOS ICON ROSE - Pasito a Pasito\",\"isPartOf\":{\"@id\":\"https:\\\/\\\/pasitoapasito.es\\\/fr\\\/#website\"},\"primaryImageOfPage\":{\"@id\":\"https:\\\/\\\/pasitoapasito.es\\\/fr\\\/produit\\\/sac-a-dos-icon-rose\\\/#primaryimage\"},\"image\":{\"@id\":\"https:\\\/\\\/pasitoapasito.es\\\/fr\\\/produit\\\/sac-a-dos-icon-rose\\\/#primaryimage\"},\"thumbnailUrl\":\"https:\\\/\\\/pasitoapasito.es\\\/wp-content\\\/uploads\\\/2024\\\/09\\\/1120900352_a-2.jpg\",\"datePublished\":\"2024-09-11T08:37:38+00:00\",\"breadcrumb\":{\"@id\":\"https:\\\/\\\/pasitoapasito.es\\\/fr\\\/produit\\\/sac-a-dos-icon-rose\\\/#breadcrumb\"},\"inLanguage\":\"fr-FR\",\"potentialAction\":[{\"@type\":\"ReadAction\",\"target\":[\"https:\\\/\\\/pasitoapasito.es\\\/fr\\\/produit\\\/sac-a-dos-icon-rose\\\/\"]}]},{\"@type\":\"ImageObject\",\"inLanguage\":\"fr-FR\",\"@id\":\"https:\\\/\\\/pasitoapasito.es\\\/fr\\\/produit\\\/sac-a-dos-icon-rose\\\/#primaryimage\",\"url\":\"https:\\\/\\\/pasitoapasito.es\\\/wp-content\\\/uploads\\\/2024\\\/09\\\/1120900352_a-2.jpg\",\"contentUrl\":\"https:\\\/\\\/pasitoapasito.es\\\/wp-content\\\/uploads\\\/2024\\\/09\\\/1120900352_a-2.jpg\",\"width\":1200,\"height\":1200},{\"@type\":\"BreadcrumbList\",\"@id\":\"https:\\\/\\\/pasitoapasito.es\\\/fr\\\/produit\\\/sac-a-dos-icon-rose\\\/#breadcrumb\",\"itemListElement\":[{\"@type\":\"ListItem\",\"position\":1,\"name\":\"Tienda\",\"item\":\"https:\\\/\\\/pasitoapasito.es\\\/tienda\\\/\"},{\"@type\":\"ListItem\",\"position\":2,\"name\":\"SAC A DOS ICON ROSE\"}]},{\"@type\":\"WebSite\",\"@id\":\"https:\\\/\\\/pasitoapasito.es\\\/fr\\\/#website\",\"url\":\"https:\\\/\\\/pasitoapasito.es\\\/fr\\\/\",\"name\":\"Pasito a Pasito\",\"description\":\"\",\"potentialAction\":[{\"@type\":\"SearchAction\",\"target\":{\"@type\":\"EntryPoint\",\"urlTemplate\":\"https:\\\/\\\/pasitoapasito.es\\\/fr\\\/?s={search_term_string}\"},\"query-input\":{\"@type\":\"PropertyValueSpecification\",\"valueRequired\":true,\"valueName\":\"search_term_string\"}}],\"inLanguage\":\"fr-FR\"}]}<\/script>\n<!-- \/ Yoast SEO plugin. -->","yoast_head_json":{"title":"SAC A DOS ICON ROSE - Pasito a Pasito","robots":{"index":"index","follow":"follow","max-snippet":"max-snippet:-1","max-image-preview":"max-image-preview:large","max-video-preview":"max-video-preview:-1"},"canonical":"https:\/\/pasitoapasito.es\/fr\/produit\/sac-a-dos-icon-rose\/","og_locale":"fr_FR","og_type":"article","og_title":"SAC A DOS ICON ROSE - Pasito a Pasito","og_description":"Le sac \u00e0 dos en simili-cuir Icon Rose est le choix id\u00e9al pour les parents qui souhaitent allier style et praticit\u00e9. Fabriqu\u00e9 \u00e0 partir de mat\u00e9riaux de haute qualit\u00e9, ce sac \u00e0 dos offre une solution durable et \u00e9l\u00e9gante pour transporter tous les objets essentiels de votre b\u00e9b\u00e9. Fabriqu\u00e9 en similicuir durable et facile \u00e0 [&hellip;]","og_url":"https:\/\/pasitoapasito.es\/fr\/produit\/sac-a-dos-icon-rose\/","og_site_name":"Pasito a Pasito","og_image":[{"width":1200,"height":1200,"url":"https:\/\/pasitoapasito.es\/wp-content\/uploads\/2024\/09\/1120900352_a-2.jpg","type":"image\/jpeg"}],"twitter_card":"summary_large_image","twitter_misc":{"Dur\u00e9e de lecture estim\u00e9e":"2 minutes"},"schema":{"@context":"https:\/\/schema.org","@graph":[{"@type":"WebPage","@id":"https:\/\/pasitoapasito.es\/fr\/produit\/sac-a-dos-icon-rose\/","url":"https:\/\/pasitoapasito.es\/fr\/produit\/sac-a-dos-icon-rose\/","name":"SAC A DOS ICON ROSE - Pasito a Pasito","isPartOf":{"@id":"https:\/\/pasitoapasito.es\/fr\/#website"},"primaryImageOfPage":{"@id":"https:\/\/pasitoapasito.es\/fr\/produit\/sac-a-dos-icon-rose\/#primaryimage"},"image":{"@id":"https:\/\/pasitoapasito.es\/fr\/produit\/sac-a-dos-icon-rose\/#primaryimage"},"thumbnailUrl":"https:\/\/pasitoapasito.es\/wp-content\/uploads\/2024\/09\/1120900352_a-2.jpg","datePublished":"2024-09-11T08:37:38+00:00","breadcrumb":{"@id":"https:\/\/pasitoapasito.es\/fr\/produit\/sac-a-dos-icon-rose\/#breadcrumb"},"inLanguage":"fr-FR","potentialAction":[{"@type":"ReadAction","target":["https:\/\/pasitoapasito.es\/fr\/produit\/sac-a-dos-icon-rose\/"]}]},{"@type":"ImageObject","inLanguage":"fr-FR","@id":"https:\/\/pasitoapasito.es\/fr\/produit\/sac-a-dos-icon-rose\/#primaryimage","url":"https:\/\/pasitoapasito.es\/wp-content\/uploads\/2024\/09\/1120900352_a-2.jpg","contentUrl":"https:\/\/pasitoapasito.es\/wp-content\/uploads\/2024\/09\/1120900352_a-2.jpg","width":1200,"height":1200},{"@type":"BreadcrumbList","@id":"https:\/\/pasitoapasito.es\/fr\/produit\/sac-a-dos-icon-rose\/#breadcrumb","itemListElement":[{"@type":"ListItem","position":1,"name":"Tienda","item":"https:\/\/pasitoapasito.es\/tienda\/"},{"@type":"ListItem","position":2,"name":"SAC A DOS ICON ROSE"}]},{"@type":"WebSite","@id":"https:\/\/pasitoapasito.es\/fr\/#website","url":"https:\/\/pasitoapasito.es\/fr\/","name":"Pasito a Pasito","description":"","potentialAction":[{"@type":"SearchAction","target":{"@type":"EntryPoint","urlTemplate":"https:\/\/pasitoapasito.es\/fr\/?s={search_term_string}"},"query-input":{"@type":"PropertyValueSpecification","valueRequired":true,"valueName":"search_term_string"}}],"inLanguage":"fr-FR"}]}},"_links":{"self":[{"href":"https:\/\/pasitoapasito.es\/fr\/wp-json\/wp\/v2\/product\/36457","targetHints":{"allow":["GET"]}}],"collection":[{"href":"https:\/\/pasitoapasito.es\/fr\/wp-json\/wp\/v2\/product"}],"about":[{"href":"https:\/\/pasitoapasito.es\/fr\/wp-json\/wp\/v2\/types\/product"}],"replies":[{"embeddable":true,"href":"https:\/\/pasitoapasito.es\/fr\/wp-json\/wp\/v2\/comments?post=36457"}],"wp:featuredmedia":[{"embeddable":true,"href":"https:\/\/pasitoapasito.es\/fr\/wp-json\/wp\/v2\/media\/33619"}],"wp:attachment":[{"href":"https:\/\/pasitoapasito.es\/fr\/wp-json\/wp\/v2\/media?parent=36457"}],"wp:term":[{"taxonomy":"colecciones","embeddable":true,"href":"https:\/\/pasitoapasito.es\/fr\/wp-json\/wp\/v2\/colecciones?post=36457"},{"taxonomy":"product_brand","embeddable":true,"href":"https:\/\/pasitoapasito.es\/fr\/wp-json\/wp\/v2\/product_brand?post=36457"},{"taxonomy":"product_cat","embeddable":true,"href":"https:\/\/pasitoapasito.es\/fr\/wp-json\/wp\/v2\/product_cat?post=36457"},{"taxonomy":"product_tag","embeddable":true,"href":"https:\/\/pasitoapasito.es\/fr\/wp-json\/wp\/v2\/product_tag?post=36457"}],"curies":[{"name":"wp","href":"https:\/\/api.w.org\/{rel}","templated":true}]}}