{"id":36453,"date":"2024-09-11T07:16:14","date_gmt":"2024-09-11T08:38:02","guid":{"rendered":"https:\/\/pasitoapasito.es\/?post_type=product&#038;p=36453"},"modified":"2024-09-11T08:47:51","modified_gmt":"2024-09-11T08:47:51","slug":"chanceliere-ete-somerset","status":"publish","type":"product","link":"https:\/\/pasitoapasito.es\/fr\/produit\/chanceliere-ete-somerset\/","title":{"rendered":"CHANCELIERE \u00c9T\u00c9 SOMERSET"},"content":{"rendered":"<p>Housse Somerset de Pasito a pasito en tissu imprim\u00e9 floral et bambou tr\u00e8s doux, id\u00e9ale pour couvrir la poussette avec un sac. Elle est con\u00e7ue au dos avec une couche de tissu respirant qui isole l&rsquo;humidit\u00e9 et emp\u00eache la transpiration excessive de l&rsquo;enfant, ce qui rend la promenade plus confortable. Rembourrage amovible en fibres creuses. Repose-pieds en polyester pour un nettoyage facile. Il dispose de plusieurs ouvertures (\u0153illets) et de r\u00e9glages pour s&rsquo;adapter \u00e0 la plupart des poussettes, ce qui rend la promenade de votre b\u00e9b\u00e9 s\u00fbre et confortable. Il s&rsquo;agit d&rsquo;une conception magnifique, simple et confortable qui cr\u00e9e un nid pour votre b\u00e9b\u00e9, le gardant bien emmitoufl\u00e9 et prot\u00e9g\u00e9 les jours de brise. Le sac s&rsquo;adapte parfaitement \u00e0 n&rsquo;importe quelle voiture pour vous offrir le confort dont vous avez besoin. Finitions de qualit\u00e9. Toutes nos housses sont fabriqu\u00e9es selon les normes europ\u00e9ennes les plus strictes, avec des mat\u00e9riaux de haute qualit\u00e9, sans colorants azo\u00efques, sans phtalates et sans substances nocives pour la sant\u00e9. Tissu facile \u00e0 nettoyer, nous recommandons un lavage en machine \u00e0 30\u00ba. Les produits pour b\u00e9b\u00e9s Pasito a Pasito ont un design tr\u00e8s diff\u00e9rent de tous les autres. Leurs collections se caract\u00e9risent par un travail minutieux, toujours con\u00e7u d&rsquo;un point de vue pratique. Ils utilisent des mat\u00e9riaux de premi\u00e8re qualit\u00e9 pour souligner l&rsquo;\u00e9l\u00e9gance et l&rsquo;harmonie de chacune de leurs pi\u00e8ces. Nos mod\u00e8les sont exclusifs et d&rsquo;un style incomparable, con\u00e7us pour les m\u00e8res modernes qui ont bon go\u00fbt et appr\u00e9cient les d\u00e9tails autant que nous. Mat\u00e9riaux : 100% coton. Taille universelle.<\/p>\n","protected":false},"excerpt":{"rendered":"<p>Housse Somerset de Pasito a pasito en tissu imprim\u00e9 floral et bambou tr\u00e8s doux, id\u00e9ale pour couvrir la poussette avec un sac. Elle est con\u00e7ue au dos avec une couche de tissu respirant qui isole l&rsquo;humidit\u00e9 et emp\u00eache la transpiration excessive de l&rsquo;enfant, ce qui rend la promenade plus confortable. Rembourrage amovible en fibres creuses. [&hellip;]<\/p>\n","protected":false},"featured_media":33523,"comment_status":"closed","ping_status":"open","template":"","meta":{"_acf_changed":false,"inline_featured_image":false},"colecciones":[293],"product_brand":[],"product_cat":[147],"product_tag":[],"class_list":{"0":"post-36453","1":"product","2":"type-product","3":"status-publish","4":"has-post-thumbnail","6":"colecciones-collection-somerset","7":"product_cat-assises-et-chancelieres-pour-poussette","9":"first","10":"instock","11":"purchasable","12":"product-type-simple"},"acf":[],"yoast_head":"<!-- This site is optimized with the Yoast SEO plugin v27.5 - https:\/\/yoast.com\/product\/yoast-seo-wordpress\/ -->\n<title>CHANCELIERE \u00c9T\u00c9 SOMERSET - Pasito a Pasito<\/title>\n<meta name=\"robots\" content=\"index, follow, max-snippet:-1, max-image-preview:large, max-video-preview:-1\" \/>\n<link rel=\"canonical\" href=\"https:\/\/pasitoapasito.es\/fr\/produit\/chanceliere-ete-somerset\/\" \/>\n<meta property=\"og:locale\" content=\"fr_FR\" \/>\n<meta property=\"og:type\" content=\"article\" \/>\n<meta property=\"og:title\" content=\"CHANCELIERE \u00c9T\u00c9 SOMERSET - Pasito a Pasito\" \/>\n<meta property=\"og:description\" content=\"Housse Somerset de Pasito a pasito en tissu imprim\u00e9 floral et bambou tr\u00e8s doux, id\u00e9ale pour couvrir la poussette avec un sac. Elle est con\u00e7ue au dos avec une couche de tissu respirant qui isole l&rsquo;humidit\u00e9 et emp\u00eache la transpiration excessive de l&rsquo;enfant, ce qui rend la promenade plus confortable. Rembourrage amovible en fibres creuses. [&hellip;]\" \/>\n<meta property=\"og:url\" content=\"https:\/\/pasitoapasito.es\/fr\/produit\/chanceliere-ete-somerset\/\" \/>\n<meta property=\"og:site_name\" content=\"Pasito a Pasito\" \/>\n<meta property=\"article:modified_time\" content=\"2024-09-11T08:47:51+00:00\" \/>\n<meta property=\"og:image\" content=\"https:\/\/pasitoapasito.es\/wp-content\/uploads\/2024\/09\/1120900391_a-2.jpg\" \/>\n\t<meta property=\"og:image:width\" content=\"1200\" \/>\n\t<meta property=\"og:image:height\" content=\"1200\" \/>\n\t<meta property=\"og:image:type\" content=\"image\/jpeg\" \/>\n<meta name=\"twitter:card\" content=\"summary_large_image\" \/>\n<meta name=\"twitter:label1\" content=\"Dur\u00e9e de lecture estim\u00e9e\" \/>\n\t<meta name=\"twitter:data1\" content=\"1 minute\" \/>\n<script type=\"application\/ld+json\" class=\"yoast-schema-graph\">{\"@context\":\"https:\\\/\\\/schema.org\",\"@graph\":[{\"@type\":\"WebPage\",\"@id\":\"https:\\\/\\\/pasitoapasito.es\\\/fr\\\/produit\\\/chanceliere-ete-somerset\\\/\",\"url\":\"https:\\\/\\\/pasitoapasito.es\\\/fr\\\/produit\\\/chanceliere-ete-somerset\\\/\",\"name\":\"CHANCELIERE \u00c9T\u00c9 SOMERSET - Pasito a Pasito\",\"isPartOf\":{\"@id\":\"https:\\\/\\\/pasitoapasito.es\\\/fr\\\/#website\"},\"primaryImageOfPage\":{\"@id\":\"https:\\\/\\\/pasitoapasito.es\\\/fr\\\/produit\\\/chanceliere-ete-somerset\\\/#primaryimage\"},\"image\":{\"@id\":\"https:\\\/\\\/pasitoapasito.es\\\/fr\\\/produit\\\/chanceliere-ete-somerset\\\/#primaryimage\"},\"thumbnailUrl\":\"https:\\\/\\\/pasitoapasito.es\\\/wp-content\\\/uploads\\\/2024\\\/09\\\/1120900391_a-2.jpg\",\"datePublished\":\"2024-09-11T08:38:02+00:00\",\"dateModified\":\"2024-09-11T08:47:51+00:00\",\"breadcrumb\":{\"@id\":\"https:\\\/\\\/pasitoapasito.es\\\/fr\\\/produit\\\/chanceliere-ete-somerset\\\/#breadcrumb\"},\"inLanguage\":\"fr-FR\",\"potentialAction\":[{\"@type\":\"ReadAction\",\"target\":[\"https:\\\/\\\/pasitoapasito.es\\\/fr\\\/produit\\\/chanceliere-ete-somerset\\\/\"]}]},{\"@type\":\"ImageObject\",\"inLanguage\":\"fr-FR\",\"@id\":\"https:\\\/\\\/pasitoapasito.es\\\/fr\\\/produit\\\/chanceliere-ete-somerset\\\/#primaryimage\",\"url\":\"https:\\\/\\\/pasitoapasito.es\\\/wp-content\\\/uploads\\\/2024\\\/09\\\/1120900391_a-2.jpg\",\"contentUrl\":\"https:\\\/\\\/pasitoapasito.es\\\/wp-content\\\/uploads\\\/2024\\\/09\\\/1120900391_a-2.jpg\",\"width\":1200,\"height\":1200},{\"@type\":\"BreadcrumbList\",\"@id\":\"https:\\\/\\\/pasitoapasito.es\\\/fr\\\/produit\\\/chanceliere-ete-somerset\\\/#breadcrumb\",\"itemListElement\":[{\"@type\":\"ListItem\",\"position\":1,\"name\":\"Tienda\",\"item\":\"https:\\\/\\\/pasitoapasito.es\\\/tienda\\\/\"},{\"@type\":\"ListItem\",\"position\":2,\"name\":\"CHANCELIERE \u00c9T\u00c9 SOMERSET\"}]},{\"@type\":\"WebSite\",\"@id\":\"https:\\\/\\\/pasitoapasito.es\\\/fr\\\/#website\",\"url\":\"https:\\\/\\\/pasitoapasito.es\\\/fr\\\/\",\"name\":\"Pasito a Pasito\",\"description\":\"\",\"potentialAction\":[{\"@type\":\"SearchAction\",\"target\":{\"@type\":\"EntryPoint\",\"urlTemplate\":\"https:\\\/\\\/pasitoapasito.es\\\/fr\\\/?s={search_term_string}\"},\"query-input\":{\"@type\":\"PropertyValueSpecification\",\"valueRequired\":true,\"valueName\":\"search_term_string\"}}],\"inLanguage\":\"fr-FR\"}]}<\/script>\n<!-- \/ Yoast SEO plugin. -->","yoast_head_json":{"title":"CHANCELIERE \u00c9T\u00c9 SOMERSET - Pasito a Pasito","robots":{"index":"index","follow":"follow","max-snippet":"max-snippet:-1","max-image-preview":"max-image-preview:large","max-video-preview":"max-video-preview:-1"},"canonical":"https:\/\/pasitoapasito.es\/fr\/produit\/chanceliere-ete-somerset\/","og_locale":"fr_FR","og_type":"article","og_title":"CHANCELIERE \u00c9T\u00c9 SOMERSET - Pasito a Pasito","og_description":"Housse Somerset de Pasito a pasito en tissu imprim\u00e9 floral et bambou tr\u00e8s doux, id\u00e9ale pour couvrir la poussette avec un sac. Elle est con\u00e7ue au dos avec une couche de tissu respirant qui isole l&rsquo;humidit\u00e9 et emp\u00eache la transpiration excessive de l&rsquo;enfant, ce qui rend la promenade plus confortable. Rembourrage amovible en fibres creuses. [&hellip;]","og_url":"https:\/\/pasitoapasito.es\/fr\/produit\/chanceliere-ete-somerset\/","og_site_name":"Pasito a Pasito","article_modified_time":"2024-09-11T08:47:51+00:00","og_image":[{"width":1200,"height":1200,"url":"https:\/\/pasitoapasito.es\/wp-content\/uploads\/2024\/09\/1120900391_a-2.jpg","type":"image\/jpeg"}],"twitter_card":"summary_large_image","twitter_misc":{"Dur\u00e9e de lecture estim\u00e9e":"1 minute"},"schema":{"@context":"https:\/\/schema.org","@graph":[{"@type":"WebPage","@id":"https:\/\/pasitoapasito.es\/fr\/produit\/chanceliere-ete-somerset\/","url":"https:\/\/pasitoapasito.es\/fr\/produit\/chanceliere-ete-somerset\/","name":"CHANCELIERE \u00c9T\u00c9 SOMERSET - Pasito a Pasito","isPartOf":{"@id":"https:\/\/pasitoapasito.es\/fr\/#website"},"primaryImageOfPage":{"@id":"https:\/\/pasitoapasito.es\/fr\/produit\/chanceliere-ete-somerset\/#primaryimage"},"image":{"@id":"https:\/\/pasitoapasito.es\/fr\/produit\/chanceliere-ete-somerset\/#primaryimage"},"thumbnailUrl":"https:\/\/pasitoapasito.es\/wp-content\/uploads\/2024\/09\/1120900391_a-2.jpg","datePublished":"2024-09-11T08:38:02+00:00","dateModified":"2024-09-11T08:47:51+00:00","breadcrumb":{"@id":"https:\/\/pasitoapasito.es\/fr\/produit\/chanceliere-ete-somerset\/#breadcrumb"},"inLanguage":"fr-FR","potentialAction":[{"@type":"ReadAction","target":["https:\/\/pasitoapasito.es\/fr\/produit\/chanceliere-ete-somerset\/"]}]},{"@type":"ImageObject","inLanguage":"fr-FR","@id":"https:\/\/pasitoapasito.es\/fr\/produit\/chanceliere-ete-somerset\/#primaryimage","url":"https:\/\/pasitoapasito.es\/wp-content\/uploads\/2024\/09\/1120900391_a-2.jpg","contentUrl":"https:\/\/pasitoapasito.es\/wp-content\/uploads\/2024\/09\/1120900391_a-2.jpg","width":1200,"height":1200},{"@type":"BreadcrumbList","@id":"https:\/\/pasitoapasito.es\/fr\/produit\/chanceliere-ete-somerset\/#breadcrumb","itemListElement":[{"@type":"ListItem","position":1,"name":"Tienda","item":"https:\/\/pasitoapasito.es\/tienda\/"},{"@type":"ListItem","position":2,"name":"CHANCELIERE \u00c9T\u00c9 SOMERSET"}]},{"@type":"WebSite","@id":"https:\/\/pasitoapasito.es\/fr\/#website","url":"https:\/\/pasitoapasito.es\/fr\/","name":"Pasito a Pasito","description":"","potentialAction":[{"@type":"SearchAction","target":{"@type":"EntryPoint","urlTemplate":"https:\/\/pasitoapasito.es\/fr\/?s={search_term_string}"},"query-input":{"@type":"PropertyValueSpecification","valueRequired":true,"valueName":"search_term_string"}}],"inLanguage":"fr-FR"}]}},"_links":{"self":[{"href":"https:\/\/pasitoapasito.es\/fr\/wp-json\/wp\/v2\/product\/36453","targetHints":{"allow":["GET"]}}],"collection":[{"href":"https:\/\/pasitoapasito.es\/fr\/wp-json\/wp\/v2\/product"}],"about":[{"href":"https:\/\/pasitoapasito.es\/fr\/wp-json\/wp\/v2\/types\/product"}],"replies":[{"embeddable":true,"href":"https:\/\/pasitoapasito.es\/fr\/wp-json\/wp\/v2\/comments?post=36453"}],"wp:featuredmedia":[{"embeddable":true,"href":"https:\/\/pasitoapasito.es\/fr\/wp-json\/wp\/v2\/media\/33523"}],"wp:attachment":[{"href":"https:\/\/pasitoapasito.es\/fr\/wp-json\/wp\/v2\/media?parent=36453"}],"wp:term":[{"taxonomy":"colecciones","embeddable":true,"href":"https:\/\/pasitoapasito.es\/fr\/wp-json\/wp\/v2\/colecciones?post=36453"},{"taxonomy":"product_brand","embeddable":true,"href":"https:\/\/pasitoapasito.es\/fr\/wp-json\/wp\/v2\/product_brand?post=36453"},{"taxonomy":"product_cat","embeddable":true,"href":"https:\/\/pasitoapasito.es\/fr\/wp-json\/wp\/v2\/product_cat?post=36453"},{"taxonomy":"product_tag","embeddable":true,"href":"https:\/\/pasitoapasito.es\/fr\/wp-json\/wp\/v2\/product_tag?post=36453"}],"curies":[{"name":"wp","href":"https:\/\/api.w.org\/{rel}","templated":true}]}}