{"id":36452,"date":"2024-09-11T07:16:14","date_gmt":"2024-09-11T08:38:02","guid":{"rendered":"https:\/\/pasitoapasito.es\/?post_type=product&#038;p=36452"},"modified":"2024-09-11T08:47:51","modified_gmt":"2024-09-11T08:47:51","slug":"nid-dange-avec-capuche-somerset","status":"publish","type":"product","link":"https:\/\/pasitoapasito.es\/fr\/produit\/nid-dange-avec-capuche-somerset\/","title":{"rendered":"NID D&rsquo;ANGE AVEC CAPUCHE SOMERSET"},"content":{"rendered":"<p>La gigoteuse Somerset avec capuche de Pasito a Pasito est une gigoteuse fabriqu\u00e9e dans un tissu tr\u00e8s doux imprim\u00e9 de fleurs et de bambou. Elle est id\u00e9ale pour les premiers jours de votre b\u00e9b\u00e9. Un compl\u00e9ment tr\u00e8s utile et polyvalent aux affaires de votre b\u00e9b\u00e9. Pr\u00e9parez avec amour le nid rose de votre b\u00e9b\u00e9 fille\/gar\u00e7on et d\u00e9corez ses r\u00eaves d&rsquo;une touche diff\u00e9rente partout o\u00f9 vous le d\u00e9posez. Une gigoteuse matelass\u00e9e et moelleuse qui rend le sommeil plus agr\u00e9able gr\u00e2ce \u00e0 sa forme de nid douillet. C&rsquo;est un beau mod\u00e8le simple et confortable qui cr\u00e9e un nid pour votre b\u00e9b\u00e9, le gardant bien emmitoufl\u00e9 et prot\u00e9g\u00e9 les jours de brise. Finitions de qualit\u00e9. Toutes nos housses sont fabriqu\u00e9es selon les normes europ\u00e9ennes les plus exigeantes, avec des mat\u00e9riaux de haute qualit\u00e9, sans colorants azo\u00efques, sans phtalates et sans substances nocives pour la sant\u00e9. Tissu facile \u00e0 nettoyer, nous recommandons un lavage en machine \u00e0 30\u00ba. Les produits pour b\u00e9b\u00e9s Pasito a Pasito ont un design tr\u00e8s diff\u00e9rent de tous les autres. Leurs collections se caract\u00e9risent par un travail minutieux, toujours con\u00e7u d&rsquo;un point de vue pratique. Elles utilisent des mat\u00e9riaux de premi\u00e8re qualit\u00e9 pour mettre en valeur l&rsquo;\u00e9l\u00e9gance et l&rsquo;harmonie de chacune de leurs pi\u00e8ces. Nos mod\u00e8les sont exclusifs et d&rsquo;un style incomparable, con\u00e7us pour les m\u00e8res modernes qui appr\u00e9cient le bon go\u00fbt et les d\u00e9tails autant que nous.  Sp\u00e9cifications : Mat\u00e9riaux : 100% coton. Taille universelle.<\/p>\n","protected":false},"excerpt":{"rendered":"<p>La gigoteuse Somerset avec capuche de Pasito a Pasito est une gigoteuse fabriqu\u00e9e dans un tissu tr\u00e8s doux imprim\u00e9 de fleurs et de bambou. Elle est id\u00e9ale pour les premiers jours de votre b\u00e9b\u00e9. Un compl\u00e9ment tr\u00e8s utile et polyvalent aux affaires de votre b\u00e9b\u00e9. Pr\u00e9parez avec amour le nid rose de votre b\u00e9b\u00e9 fille\/gar\u00e7on [&hellip;]<\/p>\n","protected":false},"featured_media":37029,"comment_status":"closed","ping_status":"open","template":"","meta":{"_acf_changed":false,"inline_featured_image":false},"colecciones":[293],"product_brand":[],"product_cat":[144],"product_tag":[],"class_list":{"0":"post-36452","1":"product","2":"type-product","3":"status-publish","4":"has-post-thumbnail","6":"colecciones-collection-somerset","7":"product_cat-housses-pour-nacelle-et-nids-dange","9":"first","10":"instock","11":"purchasable","12":"product-type-simple"},"acf":[],"yoast_head":"<!-- This site is optimized with the Yoast SEO plugin v27.5 - https:\/\/yoast.com\/product\/yoast-seo-wordpress\/ -->\n<title>NID D&#039;ANGE AVEC CAPUCHE SOMERSET - Pasito a Pasito<\/title>\n<meta name=\"robots\" content=\"index, follow, max-snippet:-1, max-image-preview:large, max-video-preview:-1\" \/>\n<link rel=\"canonical\" href=\"https:\/\/pasitoapasito.es\/fr\/produit\/nid-dange-avec-capuche-somerset\/\" \/>\n<meta property=\"og:locale\" content=\"fr_FR\" \/>\n<meta property=\"og:type\" content=\"article\" \/>\n<meta property=\"og:title\" content=\"NID D&#039;ANGE AVEC CAPUCHE SOMERSET - Pasito a Pasito\" \/>\n<meta property=\"og:description\" content=\"La gigoteuse Somerset avec capuche de Pasito a Pasito est une gigoteuse fabriqu\u00e9e dans un tissu tr\u00e8s doux imprim\u00e9 de fleurs et de bambou. Elle est id\u00e9ale pour les premiers jours de votre b\u00e9b\u00e9. Un compl\u00e9ment tr\u00e8s utile et polyvalent aux affaires de votre b\u00e9b\u00e9. Pr\u00e9parez avec amour le nid rose de votre b\u00e9b\u00e9 fille\/gar\u00e7on [&hellip;]\" \/>\n<meta property=\"og:url\" content=\"https:\/\/pasitoapasito.es\/fr\/produit\/nid-dange-avec-capuche-somerset\/\" \/>\n<meta property=\"og:site_name\" content=\"Pasito a Pasito\" \/>\n<meta property=\"article:modified_time\" content=\"2024-09-11T08:47:51+00:00\" \/>\n<meta property=\"og:image\" content=\"https:\/\/pasitoapasito.es\/wp-content\/uploads\/2024\/09\/1120900389_a-2.jpg\" \/>\n\t<meta property=\"og:image:width\" content=\"1200\" \/>\n\t<meta property=\"og:image:height\" content=\"1200\" \/>\n\t<meta property=\"og:image:type\" content=\"image\/jpeg\" \/>\n<meta name=\"twitter:card\" content=\"summary_large_image\" \/>\n<meta name=\"twitter:label1\" content=\"Dur\u00e9e de lecture estim\u00e9e\" \/>\n\t<meta name=\"twitter:data1\" content=\"1 minute\" \/>\n<script type=\"application\/ld+json\" class=\"yoast-schema-graph\">{\"@context\":\"https:\\\/\\\/schema.org\",\"@graph\":[{\"@type\":\"WebPage\",\"@id\":\"https:\\\/\\\/pasitoapasito.es\\\/fr\\\/produit\\\/nid-dange-avec-capuche-somerset\\\/\",\"url\":\"https:\\\/\\\/pasitoapasito.es\\\/fr\\\/produit\\\/nid-dange-avec-capuche-somerset\\\/\",\"name\":\"NID D'ANGE AVEC CAPUCHE SOMERSET - Pasito a Pasito\",\"isPartOf\":{\"@id\":\"https:\\\/\\\/pasitoapasito.es\\\/fr\\\/#website\"},\"primaryImageOfPage\":{\"@id\":\"https:\\\/\\\/pasitoapasito.es\\\/fr\\\/produit\\\/nid-dange-avec-capuche-somerset\\\/#primaryimage\"},\"image\":{\"@id\":\"https:\\\/\\\/pasitoapasito.es\\\/fr\\\/produit\\\/nid-dange-avec-capuche-somerset\\\/#primaryimage\"},\"thumbnailUrl\":\"https:\\\/\\\/pasitoapasito.es\\\/wp-content\\\/uploads\\\/2024\\\/09\\\/1120900389_a-10.jpg\",\"datePublished\":\"2024-09-11T08:38:02+00:00\",\"dateModified\":\"2024-09-11T08:47:51+00:00\",\"breadcrumb\":{\"@id\":\"https:\\\/\\\/pasitoapasito.es\\\/fr\\\/produit\\\/nid-dange-avec-capuche-somerset\\\/#breadcrumb\"},\"inLanguage\":\"fr-FR\",\"potentialAction\":[{\"@type\":\"ReadAction\",\"target\":[\"https:\\\/\\\/pasitoapasito.es\\\/fr\\\/produit\\\/nid-dange-avec-capuche-somerset\\\/\"]}]},{\"@type\":\"ImageObject\",\"inLanguage\":\"fr-FR\",\"@id\":\"https:\\\/\\\/pasitoapasito.es\\\/fr\\\/produit\\\/nid-dange-avec-capuche-somerset\\\/#primaryimage\",\"url\":\"https:\\\/\\\/pasitoapasito.es\\\/wp-content\\\/uploads\\\/2024\\\/09\\\/1120900389_a-10.jpg\",\"contentUrl\":\"https:\\\/\\\/pasitoapasito.es\\\/wp-content\\\/uploads\\\/2024\\\/09\\\/1120900389_a-10.jpg\",\"width\":1800,\"height\":1800},{\"@type\":\"BreadcrumbList\",\"@id\":\"https:\\\/\\\/pasitoapasito.es\\\/fr\\\/produit\\\/nid-dange-avec-capuche-somerset\\\/#breadcrumb\",\"itemListElement\":[{\"@type\":\"ListItem\",\"position\":1,\"name\":\"Tienda\",\"item\":\"https:\\\/\\\/pasitoapasito.es\\\/tienda\\\/\"},{\"@type\":\"ListItem\",\"position\":2,\"name\":\"NID D&#8217;ANGE AVEC CAPUCHE SOMERSET\"}]},{\"@type\":\"WebSite\",\"@id\":\"https:\\\/\\\/pasitoapasito.es\\\/fr\\\/#website\",\"url\":\"https:\\\/\\\/pasitoapasito.es\\\/fr\\\/\",\"name\":\"Pasito a Pasito\",\"description\":\"\",\"potentialAction\":[{\"@type\":\"SearchAction\",\"target\":{\"@type\":\"EntryPoint\",\"urlTemplate\":\"https:\\\/\\\/pasitoapasito.es\\\/fr\\\/?s={search_term_string}\"},\"query-input\":{\"@type\":\"PropertyValueSpecification\",\"valueRequired\":true,\"valueName\":\"search_term_string\"}}],\"inLanguage\":\"fr-FR\"}]}<\/script>\n<!-- \/ Yoast SEO plugin. -->","yoast_head_json":{"title":"NID D'ANGE AVEC CAPUCHE SOMERSET - Pasito a Pasito","robots":{"index":"index","follow":"follow","max-snippet":"max-snippet:-1","max-image-preview":"max-image-preview:large","max-video-preview":"max-video-preview:-1"},"canonical":"https:\/\/pasitoapasito.es\/fr\/produit\/nid-dange-avec-capuche-somerset\/","og_locale":"fr_FR","og_type":"article","og_title":"NID D'ANGE AVEC CAPUCHE SOMERSET - Pasito a Pasito","og_description":"La gigoteuse Somerset avec capuche de Pasito a Pasito est une gigoteuse fabriqu\u00e9e dans un tissu tr\u00e8s doux imprim\u00e9 de fleurs et de bambou. Elle est id\u00e9ale pour les premiers jours de votre b\u00e9b\u00e9. Un compl\u00e9ment tr\u00e8s utile et polyvalent aux affaires de votre b\u00e9b\u00e9. Pr\u00e9parez avec amour le nid rose de votre b\u00e9b\u00e9 fille\/gar\u00e7on [&hellip;]","og_url":"https:\/\/pasitoapasito.es\/fr\/produit\/nid-dange-avec-capuche-somerset\/","og_site_name":"Pasito a Pasito","article_modified_time":"2024-09-11T08:47:51+00:00","og_image":[{"width":1200,"height":1200,"url":"https:\/\/pasitoapasito.es\/wp-content\/uploads\/2024\/09\/1120900389_a-2.jpg","type":"image\/jpeg"}],"twitter_card":"summary_large_image","twitter_misc":{"Dur\u00e9e de lecture estim\u00e9e":"1 minute"},"schema":{"@context":"https:\/\/schema.org","@graph":[{"@type":"WebPage","@id":"https:\/\/pasitoapasito.es\/fr\/produit\/nid-dange-avec-capuche-somerset\/","url":"https:\/\/pasitoapasito.es\/fr\/produit\/nid-dange-avec-capuche-somerset\/","name":"NID D'ANGE AVEC CAPUCHE SOMERSET - Pasito a Pasito","isPartOf":{"@id":"https:\/\/pasitoapasito.es\/fr\/#website"},"primaryImageOfPage":{"@id":"https:\/\/pasitoapasito.es\/fr\/produit\/nid-dange-avec-capuche-somerset\/#primaryimage"},"image":{"@id":"https:\/\/pasitoapasito.es\/fr\/produit\/nid-dange-avec-capuche-somerset\/#primaryimage"},"thumbnailUrl":"https:\/\/pasitoapasito.es\/wp-content\/uploads\/2024\/09\/1120900389_a-10.jpg","datePublished":"2024-09-11T08:38:02+00:00","dateModified":"2024-09-11T08:47:51+00:00","breadcrumb":{"@id":"https:\/\/pasitoapasito.es\/fr\/produit\/nid-dange-avec-capuche-somerset\/#breadcrumb"},"inLanguage":"fr-FR","potentialAction":[{"@type":"ReadAction","target":["https:\/\/pasitoapasito.es\/fr\/produit\/nid-dange-avec-capuche-somerset\/"]}]},{"@type":"ImageObject","inLanguage":"fr-FR","@id":"https:\/\/pasitoapasito.es\/fr\/produit\/nid-dange-avec-capuche-somerset\/#primaryimage","url":"https:\/\/pasitoapasito.es\/wp-content\/uploads\/2024\/09\/1120900389_a-10.jpg","contentUrl":"https:\/\/pasitoapasito.es\/wp-content\/uploads\/2024\/09\/1120900389_a-10.jpg","width":1800,"height":1800},{"@type":"BreadcrumbList","@id":"https:\/\/pasitoapasito.es\/fr\/produit\/nid-dange-avec-capuche-somerset\/#breadcrumb","itemListElement":[{"@type":"ListItem","position":1,"name":"Tienda","item":"https:\/\/pasitoapasito.es\/tienda\/"},{"@type":"ListItem","position":2,"name":"NID D&#8217;ANGE AVEC CAPUCHE SOMERSET"}]},{"@type":"WebSite","@id":"https:\/\/pasitoapasito.es\/fr\/#website","url":"https:\/\/pasitoapasito.es\/fr\/","name":"Pasito a Pasito","description":"","potentialAction":[{"@type":"SearchAction","target":{"@type":"EntryPoint","urlTemplate":"https:\/\/pasitoapasito.es\/fr\/?s={search_term_string}"},"query-input":{"@type":"PropertyValueSpecification","valueRequired":true,"valueName":"search_term_string"}}],"inLanguage":"fr-FR"}]}},"_links":{"self":[{"href":"https:\/\/pasitoapasito.es\/fr\/wp-json\/wp\/v2\/product\/36452","targetHints":{"allow":["GET"]}}],"collection":[{"href":"https:\/\/pasitoapasito.es\/fr\/wp-json\/wp\/v2\/product"}],"about":[{"href":"https:\/\/pasitoapasito.es\/fr\/wp-json\/wp\/v2\/types\/product"}],"replies":[{"embeddable":true,"href":"https:\/\/pasitoapasito.es\/fr\/wp-json\/wp\/v2\/comments?post=36452"}],"wp:featuredmedia":[{"embeddable":true,"href":"https:\/\/pasitoapasito.es\/fr\/wp-json\/wp\/v2\/media\/37029"}],"wp:attachment":[{"href":"https:\/\/pasitoapasito.es\/fr\/wp-json\/wp\/v2\/media?parent=36452"}],"wp:term":[{"taxonomy":"colecciones","embeddable":true,"href":"https:\/\/pasitoapasito.es\/fr\/wp-json\/wp\/v2\/colecciones?post=36452"},{"taxonomy":"product_brand","embeddable":true,"href":"https:\/\/pasitoapasito.es\/fr\/wp-json\/wp\/v2\/product_brand?post=36452"},{"taxonomy":"product_cat","embeddable":true,"href":"https:\/\/pasitoapasito.es\/fr\/wp-json\/wp\/v2\/product_cat?post=36452"},{"taxonomy":"product_tag","embeddable":true,"href":"https:\/\/pasitoapasito.es\/fr\/wp-json\/wp\/v2\/product_tag?post=36452"}],"curies":[{"name":"wp","href":"https:\/\/api.w.org\/{rel}","templated":true}]}}