{"id":36450,"date":"2024-09-11T07:16:13","date_gmt":"2024-09-11T08:38:02","guid":{"rendered":"https:\/\/pasitoapasito.es\/?post_type=product&#038;p=36450"},"modified":"2024-09-11T08:47:52","modified_gmt":"2024-09-11T08:47:52","slug":"protege-carnet-de-sante-somerset","status":"publish","type":"product","link":"https:\/\/pasitoapasito.es\/fr\/produit\/protege-carnet-de-sante-somerset\/","title":{"rendered":"PROTEGE CARNET DE SANT\u00c9 SOMERSET"},"content":{"rendered":"<p>Moderne et beau, le carnet de sant\u00e9 Somerset flower de Pasito a pasito est un porte-documents fonctionnel dont le design est assorti au sac de maternit\u00e9. Accessoire indispensable \u00e0 emporter partout avec vous, il vous aidera \u00e0 ranger tous les documents m\u00e9dicaux et papiers de votre b\u00e9b\u00e9. C&rsquo;est aussi une bonne id\u00e9e de livre o\u00f9 vous pouvez conserver des documents sur les progr\u00e8s, des donn\u00e9es importantes et tout ce que vous voulez garder en rapport avec votre b\u00e9b\u00e9. Ce porte-documents est fabriqu\u00e9 en similicuir imprim\u00e9, souple et durable. Il comporte des poches de chaque c\u00f4t\u00e9 et est doubl\u00e9 \u00e0 l&rsquo;int\u00e9rieur. Il est dot\u00e9 d&rsquo;une fermeture \u00e0 glissi\u00e8re pratique pour garder le carnet de naissance et tous les documents relatifs \u00e0 votre b\u00e9b\u00e9 en toute s\u00e9curit\u00e9. Finition de qualit\u00e9. Il est fabriqu\u00e9 avec des mat\u00e9riaux de haute qualit\u00e9, sans colorants azo\u00efques, sans phtalates et sans substances nocives pour la sant\u00e9. Il peut \u00eatre lav\u00e9 \u00e0 la main ou en machine \u00e0 des temp\u00e9ratures allant jusqu&rsquo;\u00e0 30\u00ba. Les produits pour b\u00e9b\u00e9s Pasito a Pasito ont un design tr\u00e8s diff\u00e9rent de tous les autres. Leurs collections se caract\u00e9risent par un travail minutieux, toujours con\u00e7u d&rsquo;un point de vue pratique. Elles utilisent des mat\u00e9riaux de premi\u00e8re qualit\u00e9 pour mettre en valeur l&rsquo;\u00e9l\u00e9gance et l&rsquo;harmonie de chacune de leurs pi\u00e8ces. Nos mod\u00e8les sont exclusifs et d&rsquo;un style incomparable, con\u00e7us pour les m\u00e8res modernes qui appr\u00e9cient le bon go\u00fbt et les d\u00e9tails autant que nous. Sp\u00e9cifications : Mat\u00e9riaux : Cuir \u00e9cologique. Dimensions : 17X25X2 cm.<\/p>\n","protected":false},"excerpt":{"rendered":"<p>Moderne et beau, le carnet de sant\u00e9 Somerset flower de Pasito a pasito est un porte-documents fonctionnel dont le design est assorti au sac de maternit\u00e9. Accessoire indispensable \u00e0 emporter partout avec vous, il vous aidera \u00e0 ranger tous les documents m\u00e9dicaux et papiers de votre b\u00e9b\u00e9. C&rsquo;est aussi une bonne id\u00e9e de livre o\u00f9 [&hellip;]<\/p>\n","protected":false},"featured_media":33463,"comment_status":"closed","ping_status":"open","template":"","meta":{"_acf_changed":false,"inline_featured_image":false},"colecciones":[293],"product_brand":[],"product_cat":[138],"product_tag":[],"class_list":{"0":"post-36450","1":"product","2":"type-product","3":"status-publish","4":"has-post-thumbnail","6":"colecciones-collection-somerset","7":"product_cat-accessoires","9":"first","10":"instock","11":"purchasable","12":"product-type-simple"},"acf":[],"yoast_head":"<!-- This site is optimized with the Yoast SEO plugin v27.4 - https:\/\/yoast.com\/product\/yoast-seo-wordpress\/ -->\n<title>PROTEGE CARNET DE SANT\u00c9 SOMERSET - Pasito a Pasito<\/title>\n<meta name=\"robots\" content=\"index, follow, max-snippet:-1, max-image-preview:large, max-video-preview:-1\" \/>\n<link rel=\"canonical\" href=\"https:\/\/pasitoapasito.es\/fr\/produit\/protege-carnet-de-sante-somerset\/\" \/>\n<meta property=\"og:locale\" content=\"fr_FR\" \/>\n<meta property=\"og:type\" content=\"article\" \/>\n<meta property=\"og:title\" content=\"PROTEGE CARNET DE SANT\u00c9 SOMERSET - Pasito a Pasito\" \/>\n<meta property=\"og:description\" content=\"Moderne et beau, le carnet de sant\u00e9 Somerset flower de Pasito a pasito est un porte-documents fonctionnel dont le design est assorti au sac de maternit\u00e9. Accessoire indispensable \u00e0 emporter partout avec vous, il vous aidera \u00e0 ranger tous les documents m\u00e9dicaux et papiers de votre b\u00e9b\u00e9. C&rsquo;est aussi une bonne id\u00e9e de livre o\u00f9 [&hellip;]\" \/>\n<meta property=\"og:url\" content=\"https:\/\/pasitoapasito.es\/fr\/produit\/protege-carnet-de-sante-somerset\/\" \/>\n<meta property=\"og:site_name\" content=\"Pasito a Pasito\" \/>\n<meta property=\"article:modified_time\" content=\"2024-09-11T08:47:52+00:00\" \/>\n<meta property=\"og:image\" content=\"https:\/\/pasitoapasito.es\/wp-content\/uploads\/2024\/09\/1120900380_a-2.jpg\" \/>\n\t<meta property=\"og:image:width\" content=\"1200\" \/>\n\t<meta property=\"og:image:height\" content=\"1200\" \/>\n\t<meta property=\"og:image:type\" content=\"image\/jpeg\" \/>\n<meta name=\"twitter:card\" content=\"summary_large_image\" \/>\n<meta name=\"twitter:label1\" content=\"Dur\u00e9e de lecture estim\u00e9e\" \/>\n\t<meta name=\"twitter:data1\" content=\"1 minute\" \/>\n<script type=\"application\/ld+json\" class=\"yoast-schema-graph\">{\"@context\":\"https:\\\/\\\/schema.org\",\"@graph\":[{\"@type\":\"WebPage\",\"@id\":\"https:\\\/\\\/pasitoapasito.es\\\/fr\\\/produit\\\/protege-carnet-de-sante-somerset\\\/\",\"url\":\"https:\\\/\\\/pasitoapasito.es\\\/fr\\\/produit\\\/protege-carnet-de-sante-somerset\\\/\",\"name\":\"PROTEGE CARNET DE SANT\u00c9 SOMERSET - Pasito a Pasito\",\"isPartOf\":{\"@id\":\"https:\\\/\\\/pasitoapasito.es\\\/fr\\\/#website\"},\"primaryImageOfPage\":{\"@id\":\"https:\\\/\\\/pasitoapasito.es\\\/fr\\\/produit\\\/protege-carnet-de-sante-somerset\\\/#primaryimage\"},\"image\":{\"@id\":\"https:\\\/\\\/pasitoapasito.es\\\/fr\\\/produit\\\/protege-carnet-de-sante-somerset\\\/#primaryimage\"},\"thumbnailUrl\":\"https:\\\/\\\/pasitoapasito.es\\\/wp-content\\\/uploads\\\/2024\\\/09\\\/1120900380_a-2.jpg\",\"datePublished\":\"2024-09-11T08:38:02+00:00\",\"dateModified\":\"2024-09-11T08:47:52+00:00\",\"breadcrumb\":{\"@id\":\"https:\\\/\\\/pasitoapasito.es\\\/fr\\\/produit\\\/protege-carnet-de-sante-somerset\\\/#breadcrumb\"},\"inLanguage\":\"fr-FR\",\"potentialAction\":[{\"@type\":\"ReadAction\",\"target\":[\"https:\\\/\\\/pasitoapasito.es\\\/fr\\\/produit\\\/protege-carnet-de-sante-somerset\\\/\"]}]},{\"@type\":\"ImageObject\",\"inLanguage\":\"fr-FR\",\"@id\":\"https:\\\/\\\/pasitoapasito.es\\\/fr\\\/produit\\\/protege-carnet-de-sante-somerset\\\/#primaryimage\",\"url\":\"https:\\\/\\\/pasitoapasito.es\\\/wp-content\\\/uploads\\\/2024\\\/09\\\/1120900380_a-2.jpg\",\"contentUrl\":\"https:\\\/\\\/pasitoapasito.es\\\/wp-content\\\/uploads\\\/2024\\\/09\\\/1120900380_a-2.jpg\",\"width\":1200,\"height\":1200},{\"@type\":\"BreadcrumbList\",\"@id\":\"https:\\\/\\\/pasitoapasito.es\\\/fr\\\/produit\\\/protege-carnet-de-sante-somerset\\\/#breadcrumb\",\"itemListElement\":[{\"@type\":\"ListItem\",\"position\":1,\"name\":\"Tienda\",\"item\":\"https:\\\/\\\/pasitoapasito.es\\\/tienda\\\/\"},{\"@type\":\"ListItem\",\"position\":2,\"name\":\"PROTEGE CARNET DE SANT\u00c9 SOMERSET\"}]},{\"@type\":\"WebSite\",\"@id\":\"https:\\\/\\\/pasitoapasito.es\\\/fr\\\/#website\",\"url\":\"https:\\\/\\\/pasitoapasito.es\\\/fr\\\/\",\"name\":\"Pasito a Pasito\",\"description\":\"\",\"potentialAction\":[{\"@type\":\"SearchAction\",\"target\":{\"@type\":\"EntryPoint\",\"urlTemplate\":\"https:\\\/\\\/pasitoapasito.es\\\/fr\\\/?s={search_term_string}\"},\"query-input\":{\"@type\":\"PropertyValueSpecification\",\"valueRequired\":true,\"valueName\":\"search_term_string\"}}],\"inLanguage\":\"fr-FR\"}]}<\/script>\n<!-- \/ Yoast SEO plugin. -->","yoast_head_json":{"title":"PROTEGE CARNET DE SANT\u00c9 SOMERSET - Pasito a Pasito","robots":{"index":"index","follow":"follow","max-snippet":"max-snippet:-1","max-image-preview":"max-image-preview:large","max-video-preview":"max-video-preview:-1"},"canonical":"https:\/\/pasitoapasito.es\/fr\/produit\/protege-carnet-de-sante-somerset\/","og_locale":"fr_FR","og_type":"article","og_title":"PROTEGE CARNET DE SANT\u00c9 SOMERSET - Pasito a Pasito","og_description":"Moderne et beau, le carnet de sant\u00e9 Somerset flower de Pasito a pasito est un porte-documents fonctionnel dont le design est assorti au sac de maternit\u00e9. Accessoire indispensable \u00e0 emporter partout avec vous, il vous aidera \u00e0 ranger tous les documents m\u00e9dicaux et papiers de votre b\u00e9b\u00e9. C&rsquo;est aussi une bonne id\u00e9e de livre o\u00f9 [&hellip;]","og_url":"https:\/\/pasitoapasito.es\/fr\/produit\/protege-carnet-de-sante-somerset\/","og_site_name":"Pasito a Pasito","article_modified_time":"2024-09-11T08:47:52+00:00","og_image":[{"width":1200,"height":1200,"url":"https:\/\/pasitoapasito.es\/wp-content\/uploads\/2024\/09\/1120900380_a-2.jpg","type":"image\/jpeg"}],"twitter_card":"summary_large_image","twitter_misc":{"Dur\u00e9e de lecture estim\u00e9e":"1 minute"},"schema":{"@context":"https:\/\/schema.org","@graph":[{"@type":"WebPage","@id":"https:\/\/pasitoapasito.es\/fr\/produit\/protege-carnet-de-sante-somerset\/","url":"https:\/\/pasitoapasito.es\/fr\/produit\/protege-carnet-de-sante-somerset\/","name":"PROTEGE CARNET DE SANT\u00c9 SOMERSET - Pasito a Pasito","isPartOf":{"@id":"https:\/\/pasitoapasito.es\/fr\/#website"},"primaryImageOfPage":{"@id":"https:\/\/pasitoapasito.es\/fr\/produit\/protege-carnet-de-sante-somerset\/#primaryimage"},"image":{"@id":"https:\/\/pasitoapasito.es\/fr\/produit\/protege-carnet-de-sante-somerset\/#primaryimage"},"thumbnailUrl":"https:\/\/pasitoapasito.es\/wp-content\/uploads\/2024\/09\/1120900380_a-2.jpg","datePublished":"2024-09-11T08:38:02+00:00","dateModified":"2024-09-11T08:47:52+00:00","breadcrumb":{"@id":"https:\/\/pasitoapasito.es\/fr\/produit\/protege-carnet-de-sante-somerset\/#breadcrumb"},"inLanguage":"fr-FR","potentialAction":[{"@type":"ReadAction","target":["https:\/\/pasitoapasito.es\/fr\/produit\/protege-carnet-de-sante-somerset\/"]}]},{"@type":"ImageObject","inLanguage":"fr-FR","@id":"https:\/\/pasitoapasito.es\/fr\/produit\/protege-carnet-de-sante-somerset\/#primaryimage","url":"https:\/\/pasitoapasito.es\/wp-content\/uploads\/2024\/09\/1120900380_a-2.jpg","contentUrl":"https:\/\/pasitoapasito.es\/wp-content\/uploads\/2024\/09\/1120900380_a-2.jpg","width":1200,"height":1200},{"@type":"BreadcrumbList","@id":"https:\/\/pasitoapasito.es\/fr\/produit\/protege-carnet-de-sante-somerset\/#breadcrumb","itemListElement":[{"@type":"ListItem","position":1,"name":"Tienda","item":"https:\/\/pasitoapasito.es\/tienda\/"},{"@type":"ListItem","position":2,"name":"PROTEGE CARNET DE SANT\u00c9 SOMERSET"}]},{"@type":"WebSite","@id":"https:\/\/pasitoapasito.es\/fr\/#website","url":"https:\/\/pasitoapasito.es\/fr\/","name":"Pasito a Pasito","description":"","potentialAction":[{"@type":"SearchAction","target":{"@type":"EntryPoint","urlTemplate":"https:\/\/pasitoapasito.es\/fr\/?s={search_term_string}"},"query-input":{"@type":"PropertyValueSpecification","valueRequired":true,"valueName":"search_term_string"}}],"inLanguage":"fr-FR"}]}},"_links":{"self":[{"href":"https:\/\/pasitoapasito.es\/fr\/wp-json\/wp\/v2\/product\/36450","targetHints":{"allow":["GET"]}}],"collection":[{"href":"https:\/\/pasitoapasito.es\/fr\/wp-json\/wp\/v2\/product"}],"about":[{"href":"https:\/\/pasitoapasito.es\/fr\/wp-json\/wp\/v2\/types\/product"}],"replies":[{"embeddable":true,"href":"https:\/\/pasitoapasito.es\/fr\/wp-json\/wp\/v2\/comments?post=36450"}],"wp:featuredmedia":[{"embeddable":true,"href":"https:\/\/pasitoapasito.es\/fr\/wp-json\/wp\/v2\/media\/33463"}],"wp:attachment":[{"href":"https:\/\/pasitoapasito.es\/fr\/wp-json\/wp\/v2\/media?parent=36450"}],"wp:term":[{"taxonomy":"colecciones","embeddable":true,"href":"https:\/\/pasitoapasito.es\/fr\/wp-json\/wp\/v2\/colecciones?post=36450"},{"taxonomy":"product_brand","embeddable":true,"href":"https:\/\/pasitoapasito.es\/fr\/wp-json\/wp\/v2\/product_brand?post=36450"},{"taxonomy":"product_cat","embeddable":true,"href":"https:\/\/pasitoapasito.es\/fr\/wp-json\/wp\/v2\/product_cat?post=36450"},{"taxonomy":"product_tag","embeddable":true,"href":"https:\/\/pasitoapasito.es\/fr\/wp-json\/wp\/v2\/product_tag?post=36450"}],"curies":[{"name":"wp","href":"https:\/\/api.w.org\/{rel}","templated":true}]}}