{"id":36445,"date":"2024-09-11T07:16:12","date_gmt":"2024-09-11T08:37:40","guid":{"rendered":"https:\/\/pasitoapasito.es\/?post_type=product&#038;p=36445"},"modified":"2024-09-11T08:47:52","modified_gmt":"2024-09-11T08:47:52","slug":"sac-a-langer-somerset","status":"publish","type":"product","link":"https:\/\/pasitoapasito.es\/fr\/produit\/sac-a-langer-somerset\/","title":{"rendered":"SAC A LANGER SOMERSET"},"content":{"rendered":"<p>Le sac de landau ou de poussette Somerset de Pasito a pasito est un mod\u00e8le unique, fabriqu\u00e9 en \u00e9co-cuir r\u00e9sistant, d\u00e9licat et imprim\u00e9 de fleurs, pour transporter tout ce dont votre b\u00e9b\u00e9 a besoin lorsque vous quittez la maison. Il s&rsquo;agit d&rsquo;un mod\u00e8le tr\u00e8s \u00e9l\u00e9gant et pratique qui offre une grande capacit\u00e9 pour transporter tout ce dont vous avez besoin. Il est \u00e9quip\u00e9 de deux poign\u00e9es, une longue pour le portage \u00e0 l&rsquo;\u00e9paule et une courte pour le portage \u00e0 la main. Il comprend des poign\u00e9es universelles suppl\u00e9mentaires pour l&rsquo;attacher \u00e0 la poussette. Vous pouvez \u00e9galement l&rsquo;utiliser pour ranger vos affaires afin de ne pas avoir \u00e0 porter deux sacs en m\u00eame temps. Si vous attendez un enfant, vous pouvez l&rsquo;utiliser comme sac de b\u00e9b\u00e9 pour l&rsquo;h\u00f4pital. Finition de qualit\u00e9. Le sac de transport pour b\u00e9b\u00e9 est dot\u00e9 d&rsquo;une doublure int\u00e9rieure et de poches pour ranger les biberons, les couverts, les lingettes, les couches, les cr\u00e8mes et tout ce dont votre enfant a besoin. Entre les poches, il y a une poche thermique pour les biberons et une poche plastifi\u00e9e pour les v\u00eatements mouill\u00e9s. Il dispose \u00e9galement d&rsquo;une poche ext\u00e9rieure avec fermeture \u00e0 glissi\u00e8re. Tapis \u00e0 langer inclus. Il est fabriqu\u00e9 dans des mat\u00e9riaux de haute qualit\u00e9, sans colorants azo\u00efques, sans phtalates et sans substances nocives pour la sant\u00e9. Il peut \u00eatre lav\u00e9 \u00e0 la main ou en machine \u00e0 des temp\u00e9ratures allant jusqu&rsquo;\u00e0 30\u00ba. Les produits pour b\u00e9b\u00e9s Pasito a Pasito ont un design tr\u00e8s diff\u00e9rent de tous les autres. Leurs collections se caract\u00e9risent par un travail minutieux, toujours con\u00e7u d&rsquo;un point de vue pratique. Elles utilisent des mat\u00e9riaux de premi\u00e8re qualit\u00e9 pour souligner l&rsquo;\u00e9l\u00e9gance et l&rsquo;harmonie de chacune de leurs pi\u00e8ces. Nos mod\u00e8les sont exclusifs et d&rsquo;un style incomparable, con\u00e7us pour les m\u00e8res modernes qui appr\u00e9cient le bon go\u00fbt et les d\u00e9tails autant que nous. Sp\u00e9cifications : Mat\u00e9riaux : Cuir \u00e9cologique. Dimensions : 38X29X16 cm<\/p>\n","protected":false},"excerpt":{"rendered":"<p>Le sac de landau ou de poussette Somerset de Pasito a pasito est un mod\u00e8le unique, fabriqu\u00e9 en \u00e9co-cuir r\u00e9sistant, d\u00e9licat et imprim\u00e9 de fleurs, pour transporter tout ce dont votre b\u00e9b\u00e9 a besoin lorsque vous quittez la maison. Il s&rsquo;agit d&rsquo;un mod\u00e8le tr\u00e8s \u00e9l\u00e9gant et pratique qui offre une grande capacit\u00e9 pour transporter tout [&hellip;]<\/p>\n","protected":false},"featured_media":33331,"comment_status":"closed","ping_status":"open","template":"","meta":{"_acf_changed":false,"inline_featured_image":false},"colecciones":[293],"product_brand":[],"product_cat":[129],"product_tag":[],"class_list":{"0":"post-36445","1":"product","2":"type-product","3":"status-publish","4":"has-post-thumbnail","6":"colecciones-collection-somerset","7":"product_cat-sacs-a-langer","9":"first","10":"instock","11":"purchasable","12":"product-type-simple"},"acf":[],"yoast_head":"<!-- This site is optimized with the Yoast SEO plugin v27.4 - https:\/\/yoast.com\/product\/yoast-seo-wordpress\/ -->\n<title>SAC A LANGER SOMERSET - Pasito a Pasito<\/title>\n<meta name=\"robots\" content=\"index, follow, max-snippet:-1, max-image-preview:large, max-video-preview:-1\" \/>\n<link rel=\"canonical\" href=\"https:\/\/pasitoapasito.es\/fr\/produit\/sac-a-langer-somerset\/\" \/>\n<meta property=\"og:locale\" content=\"fr_FR\" \/>\n<meta property=\"og:type\" content=\"article\" \/>\n<meta property=\"og:title\" content=\"SAC A LANGER SOMERSET - Pasito a Pasito\" \/>\n<meta property=\"og:description\" content=\"Le sac de landau ou de poussette Somerset de Pasito a pasito est un mod\u00e8le unique, fabriqu\u00e9 en \u00e9co-cuir r\u00e9sistant, d\u00e9licat et imprim\u00e9 de fleurs, pour transporter tout ce dont votre b\u00e9b\u00e9 a besoin lorsque vous quittez la maison. Il s&rsquo;agit d&rsquo;un mod\u00e8le tr\u00e8s \u00e9l\u00e9gant et pratique qui offre une grande capacit\u00e9 pour transporter tout [&hellip;]\" \/>\n<meta property=\"og:url\" content=\"https:\/\/pasitoapasito.es\/fr\/produit\/sac-a-langer-somerset\/\" \/>\n<meta property=\"og:site_name\" content=\"Pasito a Pasito\" \/>\n<meta property=\"article:modified_time\" content=\"2024-09-11T08:47:52+00:00\" \/>\n<meta property=\"og:image\" content=\"https:\/\/pasitoapasito.es\/wp-content\/uploads\/2024\/09\/1120900368_a-2.jpg\" \/>\n\t<meta property=\"og:image:width\" content=\"1200\" \/>\n\t<meta property=\"og:image:height\" content=\"1200\" \/>\n\t<meta property=\"og:image:type\" content=\"image\/jpeg\" \/>\n<meta name=\"twitter:card\" content=\"summary_large_image\" \/>\n<meta name=\"twitter:label1\" content=\"Dur\u00e9e de lecture estim\u00e9e\" \/>\n\t<meta name=\"twitter:data1\" content=\"2 minutes\" \/>\n<script type=\"application\/ld+json\" class=\"yoast-schema-graph\">{\"@context\":\"https:\\\/\\\/schema.org\",\"@graph\":[{\"@type\":\"WebPage\",\"@id\":\"https:\\\/\\\/pasitoapasito.es\\\/fr\\\/produit\\\/sac-a-langer-somerset\\\/\",\"url\":\"https:\\\/\\\/pasitoapasito.es\\\/fr\\\/produit\\\/sac-a-langer-somerset\\\/\",\"name\":\"SAC A LANGER SOMERSET - Pasito a Pasito\",\"isPartOf\":{\"@id\":\"https:\\\/\\\/pasitoapasito.es\\\/fr\\\/#website\"},\"primaryImageOfPage\":{\"@id\":\"https:\\\/\\\/pasitoapasito.es\\\/fr\\\/produit\\\/sac-a-langer-somerset\\\/#primaryimage\"},\"image\":{\"@id\":\"https:\\\/\\\/pasitoapasito.es\\\/fr\\\/produit\\\/sac-a-langer-somerset\\\/#primaryimage\"},\"thumbnailUrl\":\"https:\\\/\\\/pasitoapasito.es\\\/wp-content\\\/uploads\\\/2024\\\/09\\\/1120900368_a-2.jpg\",\"datePublished\":\"2024-09-11T08:37:40+00:00\",\"dateModified\":\"2024-09-11T08:47:52+00:00\",\"breadcrumb\":{\"@id\":\"https:\\\/\\\/pasitoapasito.es\\\/fr\\\/produit\\\/sac-a-langer-somerset\\\/#breadcrumb\"},\"inLanguage\":\"fr-FR\",\"potentialAction\":[{\"@type\":\"ReadAction\",\"target\":[\"https:\\\/\\\/pasitoapasito.es\\\/fr\\\/produit\\\/sac-a-langer-somerset\\\/\"]}]},{\"@type\":\"ImageObject\",\"inLanguage\":\"fr-FR\",\"@id\":\"https:\\\/\\\/pasitoapasito.es\\\/fr\\\/produit\\\/sac-a-langer-somerset\\\/#primaryimage\",\"url\":\"https:\\\/\\\/pasitoapasito.es\\\/wp-content\\\/uploads\\\/2024\\\/09\\\/1120900368_a-2.jpg\",\"contentUrl\":\"https:\\\/\\\/pasitoapasito.es\\\/wp-content\\\/uploads\\\/2024\\\/09\\\/1120900368_a-2.jpg\",\"width\":1200,\"height\":1200},{\"@type\":\"BreadcrumbList\",\"@id\":\"https:\\\/\\\/pasitoapasito.es\\\/fr\\\/produit\\\/sac-a-langer-somerset\\\/#breadcrumb\",\"itemListElement\":[{\"@type\":\"ListItem\",\"position\":1,\"name\":\"Tienda\",\"item\":\"https:\\\/\\\/pasitoapasito.es\\\/tienda\\\/\"},{\"@type\":\"ListItem\",\"position\":2,\"name\":\"SAC A LANGER SOMERSET\"}]},{\"@type\":\"WebSite\",\"@id\":\"https:\\\/\\\/pasitoapasito.es\\\/fr\\\/#website\",\"url\":\"https:\\\/\\\/pasitoapasito.es\\\/fr\\\/\",\"name\":\"Pasito a Pasito\",\"description\":\"\",\"potentialAction\":[{\"@type\":\"SearchAction\",\"target\":{\"@type\":\"EntryPoint\",\"urlTemplate\":\"https:\\\/\\\/pasitoapasito.es\\\/fr\\\/?s={search_term_string}\"},\"query-input\":{\"@type\":\"PropertyValueSpecification\",\"valueRequired\":true,\"valueName\":\"search_term_string\"}}],\"inLanguage\":\"fr-FR\"}]}<\/script>\n<!-- \/ Yoast SEO plugin. -->","yoast_head_json":{"title":"SAC A LANGER SOMERSET - Pasito a Pasito","robots":{"index":"index","follow":"follow","max-snippet":"max-snippet:-1","max-image-preview":"max-image-preview:large","max-video-preview":"max-video-preview:-1"},"canonical":"https:\/\/pasitoapasito.es\/fr\/produit\/sac-a-langer-somerset\/","og_locale":"fr_FR","og_type":"article","og_title":"SAC A LANGER SOMERSET - Pasito a Pasito","og_description":"Le sac de landau ou de poussette Somerset de Pasito a pasito est un mod\u00e8le unique, fabriqu\u00e9 en \u00e9co-cuir r\u00e9sistant, d\u00e9licat et imprim\u00e9 de fleurs, pour transporter tout ce dont votre b\u00e9b\u00e9 a besoin lorsque vous quittez la maison. Il s&rsquo;agit d&rsquo;un mod\u00e8le tr\u00e8s \u00e9l\u00e9gant et pratique qui offre une grande capacit\u00e9 pour transporter tout [&hellip;]","og_url":"https:\/\/pasitoapasito.es\/fr\/produit\/sac-a-langer-somerset\/","og_site_name":"Pasito a Pasito","article_modified_time":"2024-09-11T08:47:52+00:00","og_image":[{"width":1200,"height":1200,"url":"https:\/\/pasitoapasito.es\/wp-content\/uploads\/2024\/09\/1120900368_a-2.jpg","type":"image\/jpeg"}],"twitter_card":"summary_large_image","twitter_misc":{"Dur\u00e9e de lecture estim\u00e9e":"2 minutes"},"schema":{"@context":"https:\/\/schema.org","@graph":[{"@type":"WebPage","@id":"https:\/\/pasitoapasito.es\/fr\/produit\/sac-a-langer-somerset\/","url":"https:\/\/pasitoapasito.es\/fr\/produit\/sac-a-langer-somerset\/","name":"SAC A LANGER SOMERSET - Pasito a Pasito","isPartOf":{"@id":"https:\/\/pasitoapasito.es\/fr\/#website"},"primaryImageOfPage":{"@id":"https:\/\/pasitoapasito.es\/fr\/produit\/sac-a-langer-somerset\/#primaryimage"},"image":{"@id":"https:\/\/pasitoapasito.es\/fr\/produit\/sac-a-langer-somerset\/#primaryimage"},"thumbnailUrl":"https:\/\/pasitoapasito.es\/wp-content\/uploads\/2024\/09\/1120900368_a-2.jpg","datePublished":"2024-09-11T08:37:40+00:00","dateModified":"2024-09-11T08:47:52+00:00","breadcrumb":{"@id":"https:\/\/pasitoapasito.es\/fr\/produit\/sac-a-langer-somerset\/#breadcrumb"},"inLanguage":"fr-FR","potentialAction":[{"@type":"ReadAction","target":["https:\/\/pasitoapasito.es\/fr\/produit\/sac-a-langer-somerset\/"]}]},{"@type":"ImageObject","inLanguage":"fr-FR","@id":"https:\/\/pasitoapasito.es\/fr\/produit\/sac-a-langer-somerset\/#primaryimage","url":"https:\/\/pasitoapasito.es\/wp-content\/uploads\/2024\/09\/1120900368_a-2.jpg","contentUrl":"https:\/\/pasitoapasito.es\/wp-content\/uploads\/2024\/09\/1120900368_a-2.jpg","width":1200,"height":1200},{"@type":"BreadcrumbList","@id":"https:\/\/pasitoapasito.es\/fr\/produit\/sac-a-langer-somerset\/#breadcrumb","itemListElement":[{"@type":"ListItem","position":1,"name":"Tienda","item":"https:\/\/pasitoapasito.es\/tienda\/"},{"@type":"ListItem","position":2,"name":"SAC A LANGER SOMERSET"}]},{"@type":"WebSite","@id":"https:\/\/pasitoapasito.es\/fr\/#website","url":"https:\/\/pasitoapasito.es\/fr\/","name":"Pasito a Pasito","description":"","potentialAction":[{"@type":"SearchAction","target":{"@type":"EntryPoint","urlTemplate":"https:\/\/pasitoapasito.es\/fr\/?s={search_term_string}"},"query-input":{"@type":"PropertyValueSpecification","valueRequired":true,"valueName":"search_term_string"}}],"inLanguage":"fr-FR"}]}},"_links":{"self":[{"href":"https:\/\/pasitoapasito.es\/fr\/wp-json\/wp\/v2\/product\/36445","targetHints":{"allow":["GET"]}}],"collection":[{"href":"https:\/\/pasitoapasito.es\/fr\/wp-json\/wp\/v2\/product"}],"about":[{"href":"https:\/\/pasitoapasito.es\/fr\/wp-json\/wp\/v2\/types\/product"}],"replies":[{"embeddable":true,"href":"https:\/\/pasitoapasito.es\/fr\/wp-json\/wp\/v2\/comments?post=36445"}],"wp:featuredmedia":[{"embeddable":true,"href":"https:\/\/pasitoapasito.es\/fr\/wp-json\/wp\/v2\/media\/33331"}],"wp:attachment":[{"href":"https:\/\/pasitoapasito.es\/fr\/wp-json\/wp\/v2\/media?parent=36445"}],"wp:term":[{"taxonomy":"colecciones","embeddable":true,"href":"https:\/\/pasitoapasito.es\/fr\/wp-json\/wp\/v2\/colecciones?post=36445"},{"taxonomy":"product_brand","embeddable":true,"href":"https:\/\/pasitoapasito.es\/fr\/wp-json\/wp\/v2\/product_brand?post=36445"},{"taxonomy":"product_cat","embeddable":true,"href":"https:\/\/pasitoapasito.es\/fr\/wp-json\/wp\/v2\/product_cat?post=36445"},{"taxonomy":"product_tag","embeddable":true,"href":"https:\/\/pasitoapasito.es\/fr\/wp-json\/wp\/v2\/product_tag?post=36445"}],"curies":[{"name":"wp","href":"https:\/\/api.w.org\/{rel}","templated":true}]}}