{"id":32446,"date":"2024-08-30T09:46:09","date_gmt":"2024-08-30T09:46:09","guid":{"rendered":"https:\/\/pasitoapasito.es\/?post_type=product&#038;p=32446"},"modified":"2024-08-30T11:37:30","modified_gmt":"2024-08-30T11:37:30","slug":"sac-a-dos-london-coffee-2","status":"publish","type":"product","link":"https:\/\/pasitoapasito.es\/fr\/produit\/sac-a-dos-london-coffee-2\/","title":{"rendered":"SAC A DOS LONDON COFFEE"},"content":{"rendered":"<p>Sac \u00e0 dos en \u00e9co-cuir marron avec des \u00e9toiles grav\u00e9es London. Grande capacit\u00e9 pour transporter tout ce dont vous et votre b\u00e9b\u00e9 avez besoin. Poches int\u00e9rieures et ext\u00e9rieures pour garder tout \u00e0 port\u00e9e de main et en ordre. Compartiment pour ordinateur portable ou tablette. Poche thermique int\u00e9rieure pour les biberons. Tapis \u00e0 langer inclus. Il est dot\u00e9 de deux grandes poign\u00e9es r\u00e9glables pour pouvoir l&rsquo;utiliser sur le dos et de deux autres petites poign\u00e9es pour pouvoir l&rsquo;utiliser sur le chariot de b\u00e9b\u00e9. Une sangle est incluse pour le transporter avec vos bagages. Lavable \u00e0 la main ou en machine \u00e0 30\u00ba. Les mat\u00e9riaux utilis\u00e9s sont exempts de colorants azo\u00efques, de phtalates et de substances nocives pour la sant\u00e9. Dimensions : 32X38X15 cm. Sacs de maternit\u00e9 Pasito a pasito.<\/p>\n","protected":false},"excerpt":{"rendered":"<p>Sac \u00e0 dos en \u00e9co-cuir marron avec des \u00e9toiles grav\u00e9es London. Grande capacit\u00e9 pour transporter tout ce dont vous et votre b\u00e9b\u00e9 avez besoin. Poches int\u00e9rieures et ext\u00e9rieures pour garder tout \u00e0 port\u00e9e de main et en ordre. Compartiment pour ordinateur portable ou tablette. Poche thermique int\u00e9rieure pour les biberons. Tapis \u00e0 langer inclus. Il [&hellip;]<\/p>\n","protected":false},"featured_media":32395,"comment_status":"closed","ping_status":"closed","template":"","meta":{"_acf_changed":false,"inline_featured_image":false},"colecciones":[],"product_brand":[],"product_cat":[257],"product_tag":[],"class_list":{"0":"post-32446","1":"product","2":"type-product","3":"status-publish","4":"has-post-thumbnail","6":"product_cat-special-prices-fr","8":"first","9":"instock","10":"purchasable","11":"product-type-simple"},"acf":[],"yoast_head":"<!-- This site is optimized with the Yoast SEO plugin v27.3 - https:\/\/yoast.com\/product\/yoast-seo-wordpress\/ -->\n<title>SAC A DOS LONDON COFFEE - Pasito a Pasito<\/title>\n<meta name=\"robots\" content=\"index, follow, max-snippet:-1, max-image-preview:large, max-video-preview:-1\" \/>\n<link rel=\"canonical\" href=\"https:\/\/pasitoapasito.es\/produit\/mochila-london-coffee-2\/\" \/>\n<meta property=\"og:locale\" content=\"fr_FR\" \/>\n<meta property=\"og:type\" content=\"article\" \/>\n<meta property=\"og:title\" content=\"SAC A DOS LONDON COFFEE - Pasito a Pasito\" \/>\n<meta property=\"og:description\" content=\"Sac \u00e0 dos en \u00e9co-cuir marron avec des \u00e9toiles grav\u00e9es London. Grande capacit\u00e9 pour transporter tout ce dont vous et votre b\u00e9b\u00e9 avez besoin. Poches int\u00e9rieures et ext\u00e9rieures pour garder tout \u00e0 port\u00e9e de main et en ordre. Compartiment pour ordinateur portable ou tablette. Poche thermique int\u00e9rieure pour les biberons. Tapis \u00e0 langer inclus. Il [&hellip;]\" \/>\n<meta property=\"og:url\" content=\"https:\/\/pasitoapasito.es\/produit\/mochila-london-coffee-2\/\" \/>\n<meta property=\"og:site_name\" content=\"Pasito a Pasito\" \/>\n<meta property=\"article:modified_time\" content=\"2024-08-30T11:37:30+00:00\" \/>\n<meta property=\"og:image\" content=\"https:\/\/pasitoapasito.es\/wp-content\/uploads\/2024\/08\/1120900444_a-2.jpg\" \/>\n\t<meta property=\"og:image:width\" content=\"1200\" \/>\n\t<meta property=\"og:image:height\" content=\"1200\" \/>\n\t<meta property=\"og:image:type\" content=\"image\/jpeg\" \/>\n<meta name=\"twitter:card\" content=\"summary_large_image\" \/>\n<meta name=\"twitter:label1\" content=\"Dur\u00e9e de lecture estim\u00e9e\" \/>\n\t<meta name=\"twitter:data1\" content=\"1 minute\" \/>\n<script type=\"application\/ld+json\" class=\"yoast-schema-graph\">{\"@context\":\"https:\\\/\\\/schema.org\",\"@graph\":[{\"@type\":\"WebPage\",\"@id\":\"https:\\\/\\\/pasitoapasito.es\\\/produit\\\/mochila-london-coffee-2\\\/\",\"url\":\"https:\\\/\\\/pasitoapasito.es\\\/produit\\\/mochila-london-coffee-2\\\/\",\"name\":\"SAC A DOS LONDON COFFEE - Pasito a Pasito\",\"isPartOf\":{\"@id\":\"https:\\\/\\\/pasitoapasito.es\\\/fr\\\/#website\"},\"primaryImageOfPage\":{\"@id\":\"https:\\\/\\\/pasitoapasito.es\\\/produit\\\/mochila-london-coffee-2\\\/#primaryimage\"},\"image\":{\"@id\":\"https:\\\/\\\/pasitoapasito.es\\\/produit\\\/mochila-london-coffee-2\\\/#primaryimage\"},\"thumbnailUrl\":\"https:\\\/\\\/pasitoapasito.es\\\/wp-content\\\/uploads\\\/2024\\\/08\\\/1120900444_a-2.jpg\",\"datePublished\":\"2024-08-30T09:46:09+00:00\",\"dateModified\":\"2024-08-30T11:37:30+00:00\",\"breadcrumb\":{\"@id\":\"https:\\\/\\\/pasitoapasito.es\\\/produit\\\/mochila-london-coffee-2\\\/#breadcrumb\"},\"inLanguage\":\"fr-FR\",\"potentialAction\":[{\"@type\":\"ReadAction\",\"target\":[\"https:\\\/\\\/pasitoapasito.es\\\/produit\\\/mochila-london-coffee-2\\\/\"]}]},{\"@type\":\"ImageObject\",\"inLanguage\":\"fr-FR\",\"@id\":\"https:\\\/\\\/pasitoapasito.es\\\/produit\\\/mochila-london-coffee-2\\\/#primaryimage\",\"url\":\"https:\\\/\\\/pasitoapasito.es\\\/wp-content\\\/uploads\\\/2024\\\/08\\\/1120900444_a-2.jpg\",\"contentUrl\":\"https:\\\/\\\/pasitoapasito.es\\\/wp-content\\\/uploads\\\/2024\\\/08\\\/1120900444_a-2.jpg\",\"width\":1200,\"height\":1200},{\"@type\":\"BreadcrumbList\",\"@id\":\"https:\\\/\\\/pasitoapasito.es\\\/produit\\\/mochila-london-coffee-2\\\/#breadcrumb\",\"itemListElement\":[{\"@type\":\"ListItem\",\"position\":1,\"name\":\"Tienda\",\"item\":\"https:\\\/\\\/pasitoapasito.es\\\/tienda\\\/\"},{\"@type\":\"ListItem\",\"position\":2,\"name\":\"SAC A DOS LONDON COFFEE\"}]},{\"@type\":\"WebSite\",\"@id\":\"https:\\\/\\\/pasitoapasito.es\\\/fr\\\/#website\",\"url\":\"https:\\\/\\\/pasitoapasito.es\\\/fr\\\/\",\"name\":\"Pasito a Pasito\",\"description\":\"\",\"potentialAction\":[{\"@type\":\"SearchAction\",\"target\":{\"@type\":\"EntryPoint\",\"urlTemplate\":\"https:\\\/\\\/pasitoapasito.es\\\/fr\\\/?s={search_term_string}\"},\"query-input\":{\"@type\":\"PropertyValueSpecification\",\"valueRequired\":true,\"valueName\":\"search_term_string\"}}],\"inLanguage\":\"fr-FR\"}]}<\/script>\n<!-- \/ Yoast SEO plugin. -->","yoast_head_json":{"title":"SAC A DOS LONDON COFFEE - Pasito a Pasito","robots":{"index":"index","follow":"follow","max-snippet":"max-snippet:-1","max-image-preview":"max-image-preview:large","max-video-preview":"max-video-preview:-1"},"canonical":"https:\/\/pasitoapasito.es\/produit\/mochila-london-coffee-2\/","og_locale":"fr_FR","og_type":"article","og_title":"SAC A DOS LONDON COFFEE - Pasito a Pasito","og_description":"Sac \u00e0 dos en \u00e9co-cuir marron avec des \u00e9toiles grav\u00e9es London. Grande capacit\u00e9 pour transporter tout ce dont vous et votre b\u00e9b\u00e9 avez besoin. Poches int\u00e9rieures et ext\u00e9rieures pour garder tout \u00e0 port\u00e9e de main et en ordre. Compartiment pour ordinateur portable ou tablette. Poche thermique int\u00e9rieure pour les biberons. Tapis \u00e0 langer inclus. Il [&hellip;]","og_url":"https:\/\/pasitoapasito.es\/produit\/mochila-london-coffee-2\/","og_site_name":"Pasito a Pasito","article_modified_time":"2024-08-30T11:37:30+00:00","og_image":[{"width":1200,"height":1200,"url":"https:\/\/pasitoapasito.es\/wp-content\/uploads\/2024\/08\/1120900444_a-2.jpg","type":"image\/jpeg"}],"twitter_card":"summary_large_image","twitter_misc":{"Dur\u00e9e de lecture estim\u00e9e":"1 minute"},"schema":{"@context":"https:\/\/schema.org","@graph":[{"@type":"WebPage","@id":"https:\/\/pasitoapasito.es\/produit\/mochila-london-coffee-2\/","url":"https:\/\/pasitoapasito.es\/produit\/mochila-london-coffee-2\/","name":"SAC A DOS LONDON COFFEE - Pasito a Pasito","isPartOf":{"@id":"https:\/\/pasitoapasito.es\/fr\/#website"},"primaryImageOfPage":{"@id":"https:\/\/pasitoapasito.es\/produit\/mochila-london-coffee-2\/#primaryimage"},"image":{"@id":"https:\/\/pasitoapasito.es\/produit\/mochila-london-coffee-2\/#primaryimage"},"thumbnailUrl":"https:\/\/pasitoapasito.es\/wp-content\/uploads\/2024\/08\/1120900444_a-2.jpg","datePublished":"2024-08-30T09:46:09+00:00","dateModified":"2024-08-30T11:37:30+00:00","breadcrumb":{"@id":"https:\/\/pasitoapasito.es\/produit\/mochila-london-coffee-2\/#breadcrumb"},"inLanguage":"fr-FR","potentialAction":[{"@type":"ReadAction","target":["https:\/\/pasitoapasito.es\/produit\/mochila-london-coffee-2\/"]}]},{"@type":"ImageObject","inLanguage":"fr-FR","@id":"https:\/\/pasitoapasito.es\/produit\/mochila-london-coffee-2\/#primaryimage","url":"https:\/\/pasitoapasito.es\/wp-content\/uploads\/2024\/08\/1120900444_a-2.jpg","contentUrl":"https:\/\/pasitoapasito.es\/wp-content\/uploads\/2024\/08\/1120900444_a-2.jpg","width":1200,"height":1200},{"@type":"BreadcrumbList","@id":"https:\/\/pasitoapasito.es\/produit\/mochila-london-coffee-2\/#breadcrumb","itemListElement":[{"@type":"ListItem","position":1,"name":"Tienda","item":"https:\/\/pasitoapasito.es\/tienda\/"},{"@type":"ListItem","position":2,"name":"SAC A DOS LONDON COFFEE"}]},{"@type":"WebSite","@id":"https:\/\/pasitoapasito.es\/fr\/#website","url":"https:\/\/pasitoapasito.es\/fr\/","name":"Pasito a Pasito","description":"","potentialAction":[{"@type":"SearchAction","target":{"@type":"EntryPoint","urlTemplate":"https:\/\/pasitoapasito.es\/fr\/?s={search_term_string}"},"query-input":{"@type":"PropertyValueSpecification","valueRequired":true,"valueName":"search_term_string"}}],"inLanguage":"fr-FR"}]}},"_links":{"self":[{"href":"https:\/\/pasitoapasito.es\/fr\/wp-json\/wp\/v2\/product\/32446","targetHints":{"allow":["GET"]}}],"collection":[{"href":"https:\/\/pasitoapasito.es\/fr\/wp-json\/wp\/v2\/product"}],"about":[{"href":"https:\/\/pasitoapasito.es\/fr\/wp-json\/wp\/v2\/types\/product"}],"replies":[{"embeddable":true,"href":"https:\/\/pasitoapasito.es\/fr\/wp-json\/wp\/v2\/comments?post=32446"}],"wp:featuredmedia":[{"embeddable":true,"href":"https:\/\/pasitoapasito.es\/fr\/wp-json\/wp\/v2\/media\/32395"}],"wp:attachment":[{"href":"https:\/\/pasitoapasito.es\/fr\/wp-json\/wp\/v2\/media?parent=32446"}],"wp:term":[{"taxonomy":"colecciones","embeddable":true,"href":"https:\/\/pasitoapasito.es\/fr\/wp-json\/wp\/v2\/colecciones?post=32446"},{"taxonomy":"product_brand","embeddable":true,"href":"https:\/\/pasitoapasito.es\/fr\/wp-json\/wp\/v2\/product_brand?post=32446"},{"taxonomy":"product_cat","embeddable":true,"href":"https:\/\/pasitoapasito.es\/fr\/wp-json\/wp\/v2\/product_cat?post=32446"},{"taxonomy":"product_tag","embeddable":true,"href":"https:\/\/pasitoapasito.es\/fr\/wp-json\/wp\/v2\/product_tag?post=32446"}],"curies":[{"name":"wp","href":"https:\/\/api.w.org\/{rel}","templated":true}]}}