{"id":31781,"date":"2024-03-22T07:03:56","date_gmt":"2024-03-22T07:05:29","guid":{"rendered":"https:\/\/pasitoapasito.es\/?post_type=product&#038;p=31781"},"modified":"2024-03-22T07:39:59","modified_gmt":"2024-03-22T07:39:59","slug":"lot-de-2-crochets-pour-poussette-icon-caramel","status":"publish","type":"product","link":"https:\/\/pasitoapasito.es\/fr\/produit\/lot-de-2-crochets-pour-poussette-icon-caramel\/","title":{"rendered":"LOT DE 2 CROCHETS POUR POUSSETTE ICON CARAMEL"},"content":{"rendered":"<p>Ensemble de 2 crochets pour poussette Icon Caramel en similicuir. Crochet en m\u00e9tal. Tr\u00e8s facile \u00e0 attacher gr\u00e2ce \u00e0 ses sangles en velcro. Parfait pour accrocher le panier ou tout autre sac que vous devez transporter sur la poussette. Supporte jusqu&rsquo;\u00e0 5 kg de poids. Universel.<\/p>\n","protected":false},"excerpt":{"rendered":"<p>Ensemble de 2 crochets pour poussette Icon Caramel en similicuir. Crochet en m\u00e9tal. Tr\u00e8s facile \u00e0 attacher gr\u00e2ce \u00e0 ses sangles en velcro. Parfait pour accrocher le panier ou tout autre sac que vous devez transporter sur la poussette. Supporte jusqu&rsquo;\u00e0 5 kg de poids. Universel.<\/p>\n","protected":false},"featured_media":31566,"comment_status":"closed","ping_status":"open","template":"","meta":{"_acf_changed":false,"inline_featured_image":false},"colecciones":[288],"product_brand":[],"product_cat":[126],"product_tag":[],"class_list":{"0":"post-31781","1":"product","2":"type-product","3":"status-publish","4":"has-post-thumbnail","6":"colecciones-collection-icon","7":"product_cat-sin-categorizar-fr","9":"first","10":"instock","11":"purchasable","12":"product-type-simple"},"acf":[],"yoast_head":"<!-- This site is optimized with the Yoast SEO plugin v27.3 - https:\/\/yoast.com\/product\/yoast-seo-wordpress\/ -->\n<title>LOT DE 2 CROCHETS POUR POUSSETTE ICON CARAMEL - Pasito a Pasito<\/title>\n<meta name=\"robots\" content=\"index, follow, max-snippet:-1, max-image-preview:large, max-video-preview:-1\" \/>\n<link rel=\"canonical\" href=\"https:\/\/pasitoapasito.es\/fr\/produit\/lot-de-2-crochets-pour-poussette-icon-caramel\/\" \/>\n<meta property=\"og:locale\" content=\"fr_FR\" \/>\n<meta property=\"og:type\" content=\"article\" \/>\n<meta property=\"og:title\" content=\"LOT DE 2 CROCHETS POUR POUSSETTE ICON CARAMEL - Pasito a Pasito\" \/>\n<meta property=\"og:description\" content=\"Ensemble de 2 crochets pour poussette Icon Caramel en similicuir. Crochet en m\u00e9tal. Tr\u00e8s facile \u00e0 attacher gr\u00e2ce \u00e0 ses sangles en velcro. Parfait pour accrocher le panier ou tout autre sac que vous devez transporter sur la poussette. Supporte jusqu&rsquo;\u00e0 5 kg de poids. Universel.\" \/>\n<meta property=\"og:url\" content=\"https:\/\/pasitoapasito.es\/fr\/produit\/lot-de-2-crochets-pour-poussette-icon-caramel\/\" \/>\n<meta property=\"og:site_name\" content=\"Pasito a Pasito\" \/>\n<meta property=\"article:modified_time\" content=\"2024-03-22T07:39:59+00:00\" \/>\n<meta property=\"og:image\" content=\"https:\/\/pasitoapasito.es\/wp-content\/uploads\/2024\/02\/1120900328_a.jpg\" \/>\n\t<meta property=\"og:image:width\" content=\"1200\" \/>\n\t<meta property=\"og:image:height\" content=\"1200\" \/>\n\t<meta property=\"og:image:type\" content=\"image\/jpeg\" \/>\n<meta name=\"twitter:card\" content=\"summary_large_image\" \/>\n<script type=\"application\/ld+json\" class=\"yoast-schema-graph\">{\"@context\":\"https:\\\/\\\/schema.org\",\"@graph\":[{\"@type\":\"WebPage\",\"@id\":\"https:\\\/\\\/pasitoapasito.es\\\/fr\\\/produit\\\/lot-de-2-crochets-pour-poussette-icon-caramel\\\/\",\"url\":\"https:\\\/\\\/pasitoapasito.es\\\/fr\\\/produit\\\/lot-de-2-crochets-pour-poussette-icon-caramel\\\/\",\"name\":\"LOT DE 2 CROCHETS POUR POUSSETTE ICON CARAMEL - Pasito a Pasito\",\"isPartOf\":{\"@id\":\"https:\\\/\\\/pasitoapasito.es\\\/fr\\\/#website\"},\"primaryImageOfPage\":{\"@id\":\"https:\\\/\\\/pasitoapasito.es\\\/fr\\\/produit\\\/lot-de-2-crochets-pour-poussette-icon-caramel\\\/#primaryimage\"},\"image\":{\"@id\":\"https:\\\/\\\/pasitoapasito.es\\\/fr\\\/produit\\\/lot-de-2-crochets-pour-poussette-icon-caramel\\\/#primaryimage\"},\"thumbnailUrl\":\"https:\\\/\\\/pasitoapasito.es\\\/wp-content\\\/uploads\\\/2024\\\/02\\\/1120900328_a.jpg\",\"datePublished\":\"2024-03-22T07:05:29+00:00\",\"dateModified\":\"2024-03-22T07:39:59+00:00\",\"breadcrumb\":{\"@id\":\"https:\\\/\\\/pasitoapasito.es\\\/fr\\\/produit\\\/lot-de-2-crochets-pour-poussette-icon-caramel\\\/#breadcrumb\"},\"inLanguage\":\"fr-FR\",\"potentialAction\":[{\"@type\":\"ReadAction\",\"target\":[\"https:\\\/\\\/pasitoapasito.es\\\/fr\\\/produit\\\/lot-de-2-crochets-pour-poussette-icon-caramel\\\/\"]}]},{\"@type\":\"ImageObject\",\"inLanguage\":\"fr-FR\",\"@id\":\"https:\\\/\\\/pasitoapasito.es\\\/fr\\\/produit\\\/lot-de-2-crochets-pour-poussette-icon-caramel\\\/#primaryimage\",\"url\":\"https:\\\/\\\/pasitoapasito.es\\\/wp-content\\\/uploads\\\/2024\\\/02\\\/1120900328_a.jpg\",\"contentUrl\":\"https:\\\/\\\/pasitoapasito.es\\\/wp-content\\\/uploads\\\/2024\\\/02\\\/1120900328_a.jpg\",\"width\":1200,\"height\":1200},{\"@type\":\"BreadcrumbList\",\"@id\":\"https:\\\/\\\/pasitoapasito.es\\\/fr\\\/produit\\\/lot-de-2-crochets-pour-poussette-icon-caramel\\\/#breadcrumb\",\"itemListElement\":[{\"@type\":\"ListItem\",\"position\":1,\"name\":\"Tienda\",\"item\":\"https:\\\/\\\/pasitoapasito.es\\\/tienda\\\/\"},{\"@type\":\"ListItem\",\"position\":2,\"name\":\"LOT DE 2 CROCHETS POUR POUSSETTE ICON CARAMEL\"}]},{\"@type\":\"WebSite\",\"@id\":\"https:\\\/\\\/pasitoapasito.es\\\/fr\\\/#website\",\"url\":\"https:\\\/\\\/pasitoapasito.es\\\/fr\\\/\",\"name\":\"Pasito a Pasito\",\"description\":\"\",\"potentialAction\":[{\"@type\":\"SearchAction\",\"target\":{\"@type\":\"EntryPoint\",\"urlTemplate\":\"https:\\\/\\\/pasitoapasito.es\\\/fr\\\/?s={search_term_string}\"},\"query-input\":{\"@type\":\"PropertyValueSpecification\",\"valueRequired\":true,\"valueName\":\"search_term_string\"}}],\"inLanguage\":\"fr-FR\"}]}<\/script>\n<!-- \/ Yoast SEO plugin. -->","yoast_head_json":{"title":"LOT DE 2 CROCHETS POUR POUSSETTE ICON CARAMEL - Pasito a Pasito","robots":{"index":"index","follow":"follow","max-snippet":"max-snippet:-1","max-image-preview":"max-image-preview:large","max-video-preview":"max-video-preview:-1"},"canonical":"https:\/\/pasitoapasito.es\/fr\/produit\/lot-de-2-crochets-pour-poussette-icon-caramel\/","og_locale":"fr_FR","og_type":"article","og_title":"LOT DE 2 CROCHETS POUR POUSSETTE ICON CARAMEL - Pasito a Pasito","og_description":"Ensemble de 2 crochets pour poussette Icon Caramel en similicuir. Crochet en m\u00e9tal. Tr\u00e8s facile \u00e0 attacher gr\u00e2ce \u00e0 ses sangles en velcro. Parfait pour accrocher le panier ou tout autre sac que vous devez transporter sur la poussette. Supporte jusqu&rsquo;\u00e0 5 kg de poids. Universel.","og_url":"https:\/\/pasitoapasito.es\/fr\/produit\/lot-de-2-crochets-pour-poussette-icon-caramel\/","og_site_name":"Pasito a Pasito","article_modified_time":"2024-03-22T07:39:59+00:00","og_image":[{"width":1200,"height":1200,"url":"https:\/\/pasitoapasito.es\/wp-content\/uploads\/2024\/02\/1120900328_a.jpg","type":"image\/jpeg"}],"twitter_card":"summary_large_image","schema":{"@context":"https:\/\/schema.org","@graph":[{"@type":"WebPage","@id":"https:\/\/pasitoapasito.es\/fr\/produit\/lot-de-2-crochets-pour-poussette-icon-caramel\/","url":"https:\/\/pasitoapasito.es\/fr\/produit\/lot-de-2-crochets-pour-poussette-icon-caramel\/","name":"LOT DE 2 CROCHETS POUR POUSSETTE ICON CARAMEL - Pasito a Pasito","isPartOf":{"@id":"https:\/\/pasitoapasito.es\/fr\/#website"},"primaryImageOfPage":{"@id":"https:\/\/pasitoapasito.es\/fr\/produit\/lot-de-2-crochets-pour-poussette-icon-caramel\/#primaryimage"},"image":{"@id":"https:\/\/pasitoapasito.es\/fr\/produit\/lot-de-2-crochets-pour-poussette-icon-caramel\/#primaryimage"},"thumbnailUrl":"https:\/\/pasitoapasito.es\/wp-content\/uploads\/2024\/02\/1120900328_a.jpg","datePublished":"2024-03-22T07:05:29+00:00","dateModified":"2024-03-22T07:39:59+00:00","breadcrumb":{"@id":"https:\/\/pasitoapasito.es\/fr\/produit\/lot-de-2-crochets-pour-poussette-icon-caramel\/#breadcrumb"},"inLanguage":"fr-FR","potentialAction":[{"@type":"ReadAction","target":["https:\/\/pasitoapasito.es\/fr\/produit\/lot-de-2-crochets-pour-poussette-icon-caramel\/"]}]},{"@type":"ImageObject","inLanguage":"fr-FR","@id":"https:\/\/pasitoapasito.es\/fr\/produit\/lot-de-2-crochets-pour-poussette-icon-caramel\/#primaryimage","url":"https:\/\/pasitoapasito.es\/wp-content\/uploads\/2024\/02\/1120900328_a.jpg","contentUrl":"https:\/\/pasitoapasito.es\/wp-content\/uploads\/2024\/02\/1120900328_a.jpg","width":1200,"height":1200},{"@type":"BreadcrumbList","@id":"https:\/\/pasitoapasito.es\/fr\/produit\/lot-de-2-crochets-pour-poussette-icon-caramel\/#breadcrumb","itemListElement":[{"@type":"ListItem","position":1,"name":"Tienda","item":"https:\/\/pasitoapasito.es\/tienda\/"},{"@type":"ListItem","position":2,"name":"LOT DE 2 CROCHETS POUR POUSSETTE ICON CARAMEL"}]},{"@type":"WebSite","@id":"https:\/\/pasitoapasito.es\/fr\/#website","url":"https:\/\/pasitoapasito.es\/fr\/","name":"Pasito a Pasito","description":"","potentialAction":[{"@type":"SearchAction","target":{"@type":"EntryPoint","urlTemplate":"https:\/\/pasitoapasito.es\/fr\/?s={search_term_string}"},"query-input":{"@type":"PropertyValueSpecification","valueRequired":true,"valueName":"search_term_string"}}],"inLanguage":"fr-FR"}]}},"_links":{"self":[{"href":"https:\/\/pasitoapasito.es\/fr\/wp-json\/wp\/v2\/product\/31781","targetHints":{"allow":["GET"]}}],"collection":[{"href":"https:\/\/pasitoapasito.es\/fr\/wp-json\/wp\/v2\/product"}],"about":[{"href":"https:\/\/pasitoapasito.es\/fr\/wp-json\/wp\/v2\/types\/product"}],"replies":[{"embeddable":true,"href":"https:\/\/pasitoapasito.es\/fr\/wp-json\/wp\/v2\/comments?post=31781"}],"wp:featuredmedia":[{"embeddable":true,"href":"https:\/\/pasitoapasito.es\/fr\/wp-json\/wp\/v2\/media\/31566"}],"wp:attachment":[{"href":"https:\/\/pasitoapasito.es\/fr\/wp-json\/wp\/v2\/media?parent=31781"}],"wp:term":[{"taxonomy":"colecciones","embeddable":true,"href":"https:\/\/pasitoapasito.es\/fr\/wp-json\/wp\/v2\/colecciones?post=31781"},{"taxonomy":"product_brand","embeddable":true,"href":"https:\/\/pasitoapasito.es\/fr\/wp-json\/wp\/v2\/product_brand?post=31781"},{"taxonomy":"product_cat","embeddable":true,"href":"https:\/\/pasitoapasito.es\/fr\/wp-json\/wp\/v2\/product_cat?post=31781"},{"taxonomy":"product_tag","embeddable":true,"href":"https:\/\/pasitoapasito.es\/fr\/wp-json\/wp\/v2\/product_tag?post=31781"}],"curies":[{"name":"wp","href":"https:\/\/api.w.org\/{rel}","templated":true}]}}