{"id":31776,"date":"2024-02-23T08:48:49","date_gmt":"2024-02-23T10:01:35","guid":{"rendered":"https:\/\/pasitoapasito.es\/?post_type=product&#038;p=31776"},"modified":"2024-02-23T10:01:35","modified_gmt":"2024-02-23T10:01:35","slug":"ours-bernie-peluche-nuage-50-cm","status":"publish","type":"product","link":"https:\/\/pasitoapasito.es\/fr\/produit\/ours-bernie-peluche-nuage-50-cm\/","title":{"rendered":"OURS BERNIE PELUCHE NUAGE 50 CM"},"content":{"rendered":"<p>Jouet en peluche Bernie Bear Cloud pour b\u00e9b\u00e9. Jouet en peluche de haute qualit\u00e9, tr\u00e8s doux et avec une texture tr\u00e8s agr\u00e9able. Ses yeux sont brod\u00e9s, garantissant la s\u00e9curit\u00e9 de votre b\u00e9b\u00e9. Fabriqu\u00e9 selon les r\u00e9glementations de s\u00e9curit\u00e9 des jouets EN-71. Mesures : 50 cm. Jouets en peluche et accessoires de Pasito a Pasito.<\/p>\n","protected":false},"excerpt":{"rendered":"<p>Jouet en peluche Bernie Bear Cloud pour b\u00e9b\u00e9. Jouet en peluche de haute qualit\u00e9, tr\u00e8s doux et avec une texture tr\u00e8s agr\u00e9able. Ses yeux sont brod\u00e9s, garantissant la s\u00e9curit\u00e9 de votre b\u00e9b\u00e9. Fabriqu\u00e9 selon les r\u00e9glementations de s\u00e9curit\u00e9 des jouets EN-71. Mesures : 50 cm. Jouets en peluche et accessoires de Pasito a Pasito.<\/p>\n","protected":false},"featured_media":31481,"comment_status":"closed","ping_status":"closed","template":"","meta":{"_acf_changed":false,"inline_featured_image":false},"colecciones":[],"product_brand":[],"product_cat":[193],"product_tag":[],"class_list":{"0":"post-31776","1":"product","2":"type-product","3":"status-publish","4":"has-post-thumbnail","6":"product_cat-peluches-et-accessories","8":"first","9":"instock","10":"purchasable","11":"product-type-simple"},"acf":[],"yoast_head":"<!-- This site is optimized with the Yoast SEO plugin v27.4 - https:\/\/yoast.com\/product\/yoast-seo-wordpress\/ -->\n<title>OURS BERNIE PELUCHE NUAGE 50 CM - Pasito a Pasito<\/title>\n<meta name=\"robots\" content=\"index, follow, max-snippet:-1, max-image-preview:large, max-video-preview:-1\" \/>\n<link rel=\"canonical\" href=\"https:\/\/pasitoapasito.es\/fr\/produit\/ours-bernie-peluche-nuage-50-cm\/\" \/>\n<meta property=\"og:locale\" content=\"fr_FR\" \/>\n<meta property=\"og:type\" content=\"article\" \/>\n<meta property=\"og:title\" content=\"OURS BERNIE PELUCHE NUAGE 50 CM - Pasito a Pasito\" \/>\n<meta property=\"og:description\" content=\"Jouet en peluche Bernie Bear Cloud pour b\u00e9b\u00e9. Jouet en peluche de haute qualit\u00e9, tr\u00e8s doux et avec une texture tr\u00e8s agr\u00e9able. Ses yeux sont brod\u00e9s, garantissant la s\u00e9curit\u00e9 de votre b\u00e9b\u00e9. Fabriqu\u00e9 selon les r\u00e9glementations de s\u00e9curit\u00e9 des jouets EN-71. Mesures : 50 cm. Jouets en peluche et accessoires de Pasito a Pasito.\" \/>\n<meta property=\"og:url\" content=\"https:\/\/pasitoapasito.es\/fr\/produit\/ours-bernie-peluche-nuage-50-cm\/\" \/>\n<meta property=\"og:site_name\" content=\"Pasito a Pasito\" \/>\n<meta property=\"og:image\" content=\"https:\/\/pasitoapasito.es\/wp-content\/uploads\/2024\/02\/1120900280_a.jpg\" \/>\n\t<meta property=\"og:image:width\" content=\"1200\" \/>\n\t<meta property=\"og:image:height\" content=\"1200\" \/>\n\t<meta property=\"og:image:type\" content=\"image\/jpeg\" \/>\n<meta name=\"twitter:card\" content=\"summary_large_image\" \/>\n<script type=\"application\/ld+json\" class=\"yoast-schema-graph\">{\"@context\":\"https:\\\/\\\/schema.org\",\"@graph\":[{\"@type\":\"WebPage\",\"@id\":\"https:\\\/\\\/pasitoapasito.es\\\/fr\\\/produit\\\/ours-bernie-peluche-nuage-50-cm\\\/\",\"url\":\"https:\\\/\\\/pasitoapasito.es\\\/fr\\\/produit\\\/ours-bernie-peluche-nuage-50-cm\\\/\",\"name\":\"OURS BERNIE PELUCHE NUAGE 50 CM - Pasito a Pasito\",\"isPartOf\":{\"@id\":\"https:\\\/\\\/pasitoapasito.es\\\/fr\\\/#website\"},\"primaryImageOfPage\":{\"@id\":\"https:\\\/\\\/pasitoapasito.es\\\/fr\\\/produit\\\/ours-bernie-peluche-nuage-50-cm\\\/#primaryimage\"},\"image\":{\"@id\":\"https:\\\/\\\/pasitoapasito.es\\\/fr\\\/produit\\\/ours-bernie-peluche-nuage-50-cm\\\/#primaryimage\"},\"thumbnailUrl\":\"https:\\\/\\\/pasitoapasito.es\\\/wp-content\\\/uploads\\\/2024\\\/02\\\/1120900280_a.jpg\",\"datePublished\":\"2024-02-23T10:01:35+00:00\",\"breadcrumb\":{\"@id\":\"https:\\\/\\\/pasitoapasito.es\\\/fr\\\/produit\\\/ours-bernie-peluche-nuage-50-cm\\\/#breadcrumb\"},\"inLanguage\":\"fr-FR\",\"potentialAction\":[{\"@type\":\"ReadAction\",\"target\":[\"https:\\\/\\\/pasitoapasito.es\\\/fr\\\/produit\\\/ours-bernie-peluche-nuage-50-cm\\\/\"]}]},{\"@type\":\"ImageObject\",\"inLanguage\":\"fr-FR\",\"@id\":\"https:\\\/\\\/pasitoapasito.es\\\/fr\\\/produit\\\/ours-bernie-peluche-nuage-50-cm\\\/#primaryimage\",\"url\":\"https:\\\/\\\/pasitoapasito.es\\\/wp-content\\\/uploads\\\/2024\\\/02\\\/1120900280_a.jpg\",\"contentUrl\":\"https:\\\/\\\/pasitoapasito.es\\\/wp-content\\\/uploads\\\/2024\\\/02\\\/1120900280_a.jpg\",\"width\":1200,\"height\":1200},{\"@type\":\"BreadcrumbList\",\"@id\":\"https:\\\/\\\/pasitoapasito.es\\\/fr\\\/produit\\\/ours-bernie-peluche-nuage-50-cm\\\/#breadcrumb\",\"itemListElement\":[{\"@type\":\"ListItem\",\"position\":1,\"name\":\"Tienda\",\"item\":\"https:\\\/\\\/pasitoapasito.es\\\/tienda\\\/\"},{\"@type\":\"ListItem\",\"position\":2,\"name\":\"OURS BERNIE PELUCHE NUAGE 50 CM\"}]},{\"@type\":\"WebSite\",\"@id\":\"https:\\\/\\\/pasitoapasito.es\\\/fr\\\/#website\",\"url\":\"https:\\\/\\\/pasitoapasito.es\\\/fr\\\/\",\"name\":\"Pasito a Pasito\",\"description\":\"\",\"potentialAction\":[{\"@type\":\"SearchAction\",\"target\":{\"@type\":\"EntryPoint\",\"urlTemplate\":\"https:\\\/\\\/pasitoapasito.es\\\/fr\\\/?s={search_term_string}\"},\"query-input\":{\"@type\":\"PropertyValueSpecification\",\"valueRequired\":true,\"valueName\":\"search_term_string\"}}],\"inLanguage\":\"fr-FR\"}]}<\/script>\n<!-- \/ Yoast SEO plugin. -->","yoast_head_json":{"title":"OURS BERNIE PELUCHE NUAGE 50 CM - Pasito a Pasito","robots":{"index":"index","follow":"follow","max-snippet":"max-snippet:-1","max-image-preview":"max-image-preview:large","max-video-preview":"max-video-preview:-1"},"canonical":"https:\/\/pasitoapasito.es\/fr\/produit\/ours-bernie-peluche-nuage-50-cm\/","og_locale":"fr_FR","og_type":"article","og_title":"OURS BERNIE PELUCHE NUAGE 50 CM - Pasito a Pasito","og_description":"Jouet en peluche Bernie Bear Cloud pour b\u00e9b\u00e9. Jouet en peluche de haute qualit\u00e9, tr\u00e8s doux et avec une texture tr\u00e8s agr\u00e9able. Ses yeux sont brod\u00e9s, garantissant la s\u00e9curit\u00e9 de votre b\u00e9b\u00e9. Fabriqu\u00e9 selon les r\u00e9glementations de s\u00e9curit\u00e9 des jouets EN-71. Mesures : 50 cm. Jouets en peluche et accessoires de Pasito a Pasito.","og_url":"https:\/\/pasitoapasito.es\/fr\/produit\/ours-bernie-peluche-nuage-50-cm\/","og_site_name":"Pasito a Pasito","og_image":[{"width":1200,"height":1200,"url":"https:\/\/pasitoapasito.es\/wp-content\/uploads\/2024\/02\/1120900280_a.jpg","type":"image\/jpeg"}],"twitter_card":"summary_large_image","schema":{"@context":"https:\/\/schema.org","@graph":[{"@type":"WebPage","@id":"https:\/\/pasitoapasito.es\/fr\/produit\/ours-bernie-peluche-nuage-50-cm\/","url":"https:\/\/pasitoapasito.es\/fr\/produit\/ours-bernie-peluche-nuage-50-cm\/","name":"OURS BERNIE PELUCHE NUAGE 50 CM - Pasito a Pasito","isPartOf":{"@id":"https:\/\/pasitoapasito.es\/fr\/#website"},"primaryImageOfPage":{"@id":"https:\/\/pasitoapasito.es\/fr\/produit\/ours-bernie-peluche-nuage-50-cm\/#primaryimage"},"image":{"@id":"https:\/\/pasitoapasito.es\/fr\/produit\/ours-bernie-peluche-nuage-50-cm\/#primaryimage"},"thumbnailUrl":"https:\/\/pasitoapasito.es\/wp-content\/uploads\/2024\/02\/1120900280_a.jpg","datePublished":"2024-02-23T10:01:35+00:00","breadcrumb":{"@id":"https:\/\/pasitoapasito.es\/fr\/produit\/ours-bernie-peluche-nuage-50-cm\/#breadcrumb"},"inLanguage":"fr-FR","potentialAction":[{"@type":"ReadAction","target":["https:\/\/pasitoapasito.es\/fr\/produit\/ours-bernie-peluche-nuage-50-cm\/"]}]},{"@type":"ImageObject","inLanguage":"fr-FR","@id":"https:\/\/pasitoapasito.es\/fr\/produit\/ours-bernie-peluche-nuage-50-cm\/#primaryimage","url":"https:\/\/pasitoapasito.es\/wp-content\/uploads\/2024\/02\/1120900280_a.jpg","contentUrl":"https:\/\/pasitoapasito.es\/wp-content\/uploads\/2024\/02\/1120900280_a.jpg","width":1200,"height":1200},{"@type":"BreadcrumbList","@id":"https:\/\/pasitoapasito.es\/fr\/produit\/ours-bernie-peluche-nuage-50-cm\/#breadcrumb","itemListElement":[{"@type":"ListItem","position":1,"name":"Tienda","item":"https:\/\/pasitoapasito.es\/tienda\/"},{"@type":"ListItem","position":2,"name":"OURS BERNIE PELUCHE NUAGE 50 CM"}]},{"@type":"WebSite","@id":"https:\/\/pasitoapasito.es\/fr\/#website","url":"https:\/\/pasitoapasito.es\/fr\/","name":"Pasito a Pasito","description":"","potentialAction":[{"@type":"SearchAction","target":{"@type":"EntryPoint","urlTemplate":"https:\/\/pasitoapasito.es\/fr\/?s={search_term_string}"},"query-input":{"@type":"PropertyValueSpecification","valueRequired":true,"valueName":"search_term_string"}}],"inLanguage":"fr-FR"}]}},"_links":{"self":[{"href":"https:\/\/pasitoapasito.es\/fr\/wp-json\/wp\/v2\/product\/31776","targetHints":{"allow":["GET"]}}],"collection":[{"href":"https:\/\/pasitoapasito.es\/fr\/wp-json\/wp\/v2\/product"}],"about":[{"href":"https:\/\/pasitoapasito.es\/fr\/wp-json\/wp\/v2\/types\/product"}],"replies":[{"embeddable":true,"href":"https:\/\/pasitoapasito.es\/fr\/wp-json\/wp\/v2\/comments?post=31776"}],"wp:featuredmedia":[{"embeddable":true,"href":"https:\/\/pasitoapasito.es\/fr\/wp-json\/wp\/v2\/media\/31481"}],"wp:attachment":[{"href":"https:\/\/pasitoapasito.es\/fr\/wp-json\/wp\/v2\/media?parent=31776"}],"wp:term":[{"taxonomy":"colecciones","embeddable":true,"href":"https:\/\/pasitoapasito.es\/fr\/wp-json\/wp\/v2\/colecciones?post=31776"},{"taxonomy":"product_brand","embeddable":true,"href":"https:\/\/pasitoapasito.es\/fr\/wp-json\/wp\/v2\/product_brand?post=31776"},{"taxonomy":"product_cat","embeddable":true,"href":"https:\/\/pasitoapasito.es\/fr\/wp-json\/wp\/v2\/product_cat?post=31776"},{"taxonomy":"product_tag","embeddable":true,"href":"https:\/\/pasitoapasito.es\/fr\/wp-json\/wp\/v2\/product_tag?post=31776"}],"curies":[{"name":"wp","href":"https:\/\/api.w.org\/{rel}","templated":true}]}}