{"id":31770,"date":"2024-03-22T07:04:01","date_gmt":"2024-03-22T07:04:01","guid":{"rendered":"https:\/\/pasitoapasito.es\/?post_type=product&#038;p=31770"},"modified":"2024-03-22T07:39:54","modified_gmt":"2024-03-22T07:39:54","slug":"assise-poussette-icon-caramel","status":"publish","type":"product","link":"https:\/\/pasitoapasito.es\/fr\/produit\/assise-poussette-icon-caramel\/","title":{"rendered":"ASSISE POUSSETTE ICON CARAMEL"},"content":{"rendered":"<p>Le rev\u00eatement de si\u00e8ge Icon Caramel de Pasito a Pasito, en tissu leno 100% coton, est la couverture id\u00e9ale qui convient \u00e0 la plupart des poussettes, offrant un plus grand confort \u00e0 votre enfant lors des journ\u00e9es chaudes. Il est con\u00e7u avec une couche de tissu respirant sur le dossier qui isole l&rsquo;humidit\u00e9 et emp\u00eache la transpiration excessive du b\u00e9b\u00e9, prot\u00e9geant ainsi la poussette pour rendre la promenade plus confortable. Ce mod\u00e8le est destin\u00e9 \u00e0 s&rsquo;adapter \u00e0 la plupart des poussettes car il poss\u00e8de plusieurs ouvertures (oeillets) et ajustements pour couvrir la surface o\u00f9 le b\u00e9b\u00e9 se couche. Finitions de haute qualit\u00e9. Toutes nos couvertures sont fabriqu\u00e9es conform\u00e9ment aux r\u00e9glementations europ\u00e9ennes les plus strictes, avec des mat\u00e9riaux de haute qualit\u00e9, exempts de colorants azo\u00efques, de phtalates et de substances nocives pour la sant\u00e9. Tissu facile \u00e0 nettoyer, lavable en machine \u00e0 30\u00ba. Les produits pour b\u00e9b\u00e9s de Pasito a Pasito ont un design tr\u00e8s diff\u00e9rent de tous les autres. Leurs collections se caract\u00e9risent par un travail m\u00e9ticuleux, toujours con\u00e7u dans une perspective pratique. Ils utilisent des mat\u00e9riaux de qualit\u00e9 sup\u00e9rieure pour mettre en valeur l&rsquo;\u00e9l\u00e9gance et l&rsquo;harmonie dans chacune de leurs pi\u00e8ces. Nos mod\u00e8les sont exclusifs et ont un style inimitable, con\u00e7u pour les m\u00e8res modernes qui ont bon go\u00fbt et appr\u00e9cient les d\u00e9tails autant que nous. Sp\u00e9cifications : Mat\u00e9riaux : 100% coton. Couleur : Camel. Taille universelle.<\/p>\n","protected":false},"excerpt":{"rendered":"<p>Le rev\u00eatement de si\u00e8ge Icon Caramel de Pasito a Pasito, en tissu leno 100% coton, est la couverture id\u00e9ale qui convient \u00e0 la plupart des poussettes, offrant un plus grand confort \u00e0 votre enfant lors des journ\u00e9es chaudes. Il est con\u00e7u avec une couche de tissu respirant sur le dossier qui isole l&rsquo;humidit\u00e9 et emp\u00eache [&hellip;]<\/p>\n","protected":false},"featured_media":31379,"comment_status":"closed","ping_status":"closed","template":"","meta":{"_acf_changed":false,"inline_featured_image":false},"colecciones":[],"product_brand":[],"product_cat":[257],"product_tag":[],"class_list":{"0":"post-31770","1":"product","2":"type-product","3":"status-publish","4":"has-post-thumbnail","6":"product_cat-special-prices-fr","8":"first","9":"instock","10":"purchasable","11":"product-type-simple"},"acf":[],"yoast_head":"<!-- This site is optimized with the Yoast SEO plugin v27.4 - https:\/\/yoast.com\/product\/yoast-seo-wordpress\/ -->\n<title>ASSISE POUSSETTE ICON CARAMEL - Pasito a Pasito<\/title>\n<meta name=\"robots\" content=\"index, follow, max-snippet:-1, max-image-preview:large, max-video-preview:-1\" \/>\n<link rel=\"canonical\" href=\"https:\/\/pasitoapasito.es\/produit\/colchoneta-verano-icon-caramel\/\" \/>\n<meta property=\"og:locale\" content=\"fr_FR\" \/>\n<meta property=\"og:type\" content=\"article\" \/>\n<meta property=\"og:title\" content=\"ASSISE POUSSETTE ICON CARAMEL - Pasito a Pasito\" \/>\n<meta property=\"og:description\" content=\"Le rev\u00eatement de si\u00e8ge Icon Caramel de Pasito a Pasito, en tissu leno 100% coton, est la couverture id\u00e9ale qui convient \u00e0 la plupart des poussettes, offrant un plus grand confort \u00e0 votre enfant lors des journ\u00e9es chaudes. Il est con\u00e7u avec une couche de tissu respirant sur le dossier qui isole l&rsquo;humidit\u00e9 et emp\u00eache [&hellip;]\" \/>\n<meta property=\"og:url\" content=\"https:\/\/pasitoapasito.es\/produit\/colchoneta-verano-icon-caramel\/\" \/>\n<meta property=\"og:site_name\" content=\"Pasito a Pasito\" \/>\n<meta property=\"article:modified_time\" content=\"2024-03-22T07:39:54+00:00\" \/>\n<meta property=\"og:image\" content=\"https:\/\/pasitoapasito.es\/wp-content\/uploads\/2024\/02\/1120900342_a.jpg\" \/>\n\t<meta property=\"og:image:width\" content=\"1200\" \/>\n\t<meta property=\"og:image:height\" content=\"1200\" \/>\n\t<meta property=\"og:image:type\" content=\"image\/jpeg\" \/>\n<meta name=\"twitter:card\" content=\"summary_large_image\" \/>\n<meta name=\"twitter:label1\" content=\"Dur\u00e9e de lecture estim\u00e9e\" \/>\n\t<meta name=\"twitter:data1\" content=\"1 minute\" \/>\n<script type=\"application\/ld+json\" class=\"yoast-schema-graph\">{\"@context\":\"https:\\\/\\\/schema.org\",\"@graph\":[{\"@type\":\"WebPage\",\"@id\":\"https:\\\/\\\/pasitoapasito.es\\\/produit\\\/colchoneta-verano-icon-caramel\\\/\",\"url\":\"https:\\\/\\\/pasitoapasito.es\\\/produit\\\/colchoneta-verano-icon-caramel\\\/\",\"name\":\"ASSISE POUSSETTE ICON CARAMEL - Pasito a Pasito\",\"isPartOf\":{\"@id\":\"https:\\\/\\\/pasitoapasito.es\\\/fr\\\/#website\"},\"primaryImageOfPage\":{\"@id\":\"https:\\\/\\\/pasitoapasito.es\\\/produit\\\/colchoneta-verano-icon-caramel\\\/#primaryimage\"},\"image\":{\"@id\":\"https:\\\/\\\/pasitoapasito.es\\\/produit\\\/colchoneta-verano-icon-caramel\\\/#primaryimage\"},\"thumbnailUrl\":\"https:\\\/\\\/pasitoapasito.es\\\/wp-content\\\/uploads\\\/2024\\\/02\\\/1120900342_a.jpg\",\"datePublished\":\"2024-03-22T07:04:01+00:00\",\"dateModified\":\"2024-03-22T07:39:54+00:00\",\"breadcrumb\":{\"@id\":\"https:\\\/\\\/pasitoapasito.es\\\/produit\\\/colchoneta-verano-icon-caramel\\\/#breadcrumb\"},\"inLanguage\":\"fr-FR\",\"potentialAction\":[{\"@type\":\"ReadAction\",\"target\":[\"https:\\\/\\\/pasitoapasito.es\\\/produit\\\/colchoneta-verano-icon-caramel\\\/\"]}]},{\"@type\":\"ImageObject\",\"inLanguage\":\"fr-FR\",\"@id\":\"https:\\\/\\\/pasitoapasito.es\\\/produit\\\/colchoneta-verano-icon-caramel\\\/#primaryimage\",\"url\":\"https:\\\/\\\/pasitoapasito.es\\\/wp-content\\\/uploads\\\/2024\\\/02\\\/1120900342_a.jpg\",\"contentUrl\":\"https:\\\/\\\/pasitoapasito.es\\\/wp-content\\\/uploads\\\/2024\\\/02\\\/1120900342_a.jpg\",\"width\":1200,\"height\":1200},{\"@type\":\"BreadcrumbList\",\"@id\":\"https:\\\/\\\/pasitoapasito.es\\\/produit\\\/colchoneta-verano-icon-caramel\\\/#breadcrumb\",\"itemListElement\":[{\"@type\":\"ListItem\",\"position\":1,\"name\":\"Tienda\",\"item\":\"https:\\\/\\\/pasitoapasito.es\\\/tienda\\\/\"},{\"@type\":\"ListItem\",\"position\":2,\"name\":\"ASSISE POUSSETTE ICON CARAMEL\"}]},{\"@type\":\"WebSite\",\"@id\":\"https:\\\/\\\/pasitoapasito.es\\\/fr\\\/#website\",\"url\":\"https:\\\/\\\/pasitoapasito.es\\\/fr\\\/\",\"name\":\"Pasito a Pasito\",\"description\":\"\",\"potentialAction\":[{\"@type\":\"SearchAction\",\"target\":{\"@type\":\"EntryPoint\",\"urlTemplate\":\"https:\\\/\\\/pasitoapasito.es\\\/fr\\\/?s={search_term_string}\"},\"query-input\":{\"@type\":\"PropertyValueSpecification\",\"valueRequired\":true,\"valueName\":\"search_term_string\"}}],\"inLanguage\":\"fr-FR\"}]}<\/script>\n<!-- \/ Yoast SEO plugin. -->","yoast_head_json":{"title":"ASSISE POUSSETTE ICON CARAMEL - Pasito a Pasito","robots":{"index":"index","follow":"follow","max-snippet":"max-snippet:-1","max-image-preview":"max-image-preview:large","max-video-preview":"max-video-preview:-1"},"canonical":"https:\/\/pasitoapasito.es\/produit\/colchoneta-verano-icon-caramel\/","og_locale":"fr_FR","og_type":"article","og_title":"ASSISE POUSSETTE ICON CARAMEL - Pasito a Pasito","og_description":"Le rev\u00eatement de si\u00e8ge Icon Caramel de Pasito a Pasito, en tissu leno 100% coton, est la couverture id\u00e9ale qui convient \u00e0 la plupart des poussettes, offrant un plus grand confort \u00e0 votre enfant lors des journ\u00e9es chaudes. Il est con\u00e7u avec une couche de tissu respirant sur le dossier qui isole l&rsquo;humidit\u00e9 et emp\u00eache [&hellip;]","og_url":"https:\/\/pasitoapasito.es\/produit\/colchoneta-verano-icon-caramel\/","og_site_name":"Pasito a Pasito","article_modified_time":"2024-03-22T07:39:54+00:00","og_image":[{"width":1200,"height":1200,"url":"https:\/\/pasitoapasito.es\/wp-content\/uploads\/2024\/02\/1120900342_a.jpg","type":"image\/jpeg"}],"twitter_card":"summary_large_image","twitter_misc":{"Dur\u00e9e de lecture estim\u00e9e":"1 minute"},"schema":{"@context":"https:\/\/schema.org","@graph":[{"@type":"WebPage","@id":"https:\/\/pasitoapasito.es\/produit\/colchoneta-verano-icon-caramel\/","url":"https:\/\/pasitoapasito.es\/produit\/colchoneta-verano-icon-caramel\/","name":"ASSISE POUSSETTE ICON CARAMEL - Pasito a Pasito","isPartOf":{"@id":"https:\/\/pasitoapasito.es\/fr\/#website"},"primaryImageOfPage":{"@id":"https:\/\/pasitoapasito.es\/produit\/colchoneta-verano-icon-caramel\/#primaryimage"},"image":{"@id":"https:\/\/pasitoapasito.es\/produit\/colchoneta-verano-icon-caramel\/#primaryimage"},"thumbnailUrl":"https:\/\/pasitoapasito.es\/wp-content\/uploads\/2024\/02\/1120900342_a.jpg","datePublished":"2024-03-22T07:04:01+00:00","dateModified":"2024-03-22T07:39:54+00:00","breadcrumb":{"@id":"https:\/\/pasitoapasito.es\/produit\/colchoneta-verano-icon-caramel\/#breadcrumb"},"inLanguage":"fr-FR","potentialAction":[{"@type":"ReadAction","target":["https:\/\/pasitoapasito.es\/produit\/colchoneta-verano-icon-caramel\/"]}]},{"@type":"ImageObject","inLanguage":"fr-FR","@id":"https:\/\/pasitoapasito.es\/produit\/colchoneta-verano-icon-caramel\/#primaryimage","url":"https:\/\/pasitoapasito.es\/wp-content\/uploads\/2024\/02\/1120900342_a.jpg","contentUrl":"https:\/\/pasitoapasito.es\/wp-content\/uploads\/2024\/02\/1120900342_a.jpg","width":1200,"height":1200},{"@type":"BreadcrumbList","@id":"https:\/\/pasitoapasito.es\/produit\/colchoneta-verano-icon-caramel\/#breadcrumb","itemListElement":[{"@type":"ListItem","position":1,"name":"Tienda","item":"https:\/\/pasitoapasito.es\/tienda\/"},{"@type":"ListItem","position":2,"name":"ASSISE POUSSETTE ICON CARAMEL"}]},{"@type":"WebSite","@id":"https:\/\/pasitoapasito.es\/fr\/#website","url":"https:\/\/pasitoapasito.es\/fr\/","name":"Pasito a Pasito","description":"","potentialAction":[{"@type":"SearchAction","target":{"@type":"EntryPoint","urlTemplate":"https:\/\/pasitoapasito.es\/fr\/?s={search_term_string}"},"query-input":{"@type":"PropertyValueSpecification","valueRequired":true,"valueName":"search_term_string"}}],"inLanguage":"fr-FR"}]}},"_links":{"self":[{"href":"https:\/\/pasitoapasito.es\/fr\/wp-json\/wp\/v2\/product\/31770","targetHints":{"allow":["GET"]}}],"collection":[{"href":"https:\/\/pasitoapasito.es\/fr\/wp-json\/wp\/v2\/product"}],"about":[{"href":"https:\/\/pasitoapasito.es\/fr\/wp-json\/wp\/v2\/types\/product"}],"replies":[{"embeddable":true,"href":"https:\/\/pasitoapasito.es\/fr\/wp-json\/wp\/v2\/comments?post=31770"}],"wp:featuredmedia":[{"embeddable":true,"href":"https:\/\/pasitoapasito.es\/fr\/wp-json\/wp\/v2\/media\/31379"}],"wp:attachment":[{"href":"https:\/\/pasitoapasito.es\/fr\/wp-json\/wp\/v2\/media?parent=31770"}],"wp:term":[{"taxonomy":"colecciones","embeddable":true,"href":"https:\/\/pasitoapasito.es\/fr\/wp-json\/wp\/v2\/colecciones?post=31770"},{"taxonomy":"product_brand","embeddable":true,"href":"https:\/\/pasitoapasito.es\/fr\/wp-json\/wp\/v2\/product_brand?post=31770"},{"taxonomy":"product_cat","embeddable":true,"href":"https:\/\/pasitoapasito.es\/fr\/wp-json\/wp\/v2\/product_cat?post=31770"},{"taxonomy":"product_tag","embeddable":true,"href":"https:\/\/pasitoapasito.es\/fr\/wp-json\/wp\/v2\/product_tag?post=31770"}],"curies":[{"name":"wp","href":"https:\/\/api.w.org\/{rel}","templated":true}]}}