{"id":31732,"date":"2024-02-23T08:41:20","date_gmt":"2024-02-23T08:41:20","guid":{"rendered":"https:\/\/pasitoapasito.es\/?post_type=product&#038;p=31732"},"modified":"2024-02-23T11:43:05","modified_gmt":"2024-02-23T11:43:05","slug":"nid-dange-3-en-1-ete-toile-de-jouy-forest","status":"publish","type":"product","link":"https:\/\/pasitoapasito.es\/fr\/produit\/nid-dange-3-en-1-ete-toile-de-jouy-forest\/","title":{"rendered":"NID D&rsquo;ANGE 3 EN 1 \u00c9T\u00c9 TOILE DE JOUY FOREST"},"content":{"rendered":"<p>Le sac de couffin Toile de Jouy Forest de Pasito a Pasito est un sac de couchage pour b\u00e9b\u00e9 fabriqu\u00e9 dans un tissu doux imprim\u00e9 et en mousseline. C&rsquo;est un accessoire basique 3-en-1 qui peut \u00eatre utilis\u00e9 \u00e0 la maison pour couvrir le si\u00e8ge auto du Groupe 0 et s&rsquo;adapte \u00e9galement bien comme couverture de landau. Il poss\u00e8de un mat\u00e9riau arri\u00e8re r\u00e9sistant \u00e0 la transpiration qui emp\u00eache une transpiration excessive du b\u00e9b\u00e9 et prot\u00e8ge le si\u00e8ge, rendant la promenade plus confortable. Il est dot\u00e9 d&rsquo;un rembourrage en fibre creuse amovible. Il est enti\u00e8rement universel car il dispose de plusieurs ouvertures (\u009cillets) et de r\u00e9glages n\u00e9cessaires pour s&rsquo;adapter \u00e0 la plupart des couffins, si\u00e8ges auto et poussettes \u00e0 l&rsquo;int\u00e9rieur. Un accessoire tr\u00e8s utile et polyvalent pour les affaires de votre b\u00e9b\u00e9. Une fois la base retir\u00e9e, il devient un prot\u00e8ge-si\u00e8ge l\u00e9ger pour la poussette. Pr\u00e9parez avec amour le nid rose de votre fille\/gar\u00e7on et d\u00e9corez leurs r\u00eaves d&rsquo;une touche diff\u00e9rente o\u00f9 que vous le posiez. Une couverture rembourr\u00e9e et moelleuse qui permet un repos plus agr\u00e9able avec sa forme de nid confortable. Il pr\u00e9sente un design beau, simple et confortable, cr\u00e9ant un nid pour votre b\u00e9b\u00e9 tout en le maintenant bien au chaud et prot\u00e9g\u00e9 les jours de brise. Le sac s&rsquo;adapte facilement \u00e0 n&rsquo;importe quelle voiture pour lui donner le confort dont elle a besoin. Finitions de haute qualit\u00e9. Toutes nos housses sont fabriqu\u00e9es selon les r\u00e9glementations europ\u00e9ennes les plus strictes, en utilisant des mat\u00e9riaux de qualit\u00e9 sup\u00e9rieure exempts de colorants azo\u00efques, de phtalates et de substances nocives pour la sant\u00e9. Le tissu est facile \u00e0 nettoyer et le lavage en machine \u00e0 30\u00ba est recommand\u00e9. Les produits pour b\u00e9b\u00e9s de Pasito a Pasito ont un design tr\u00e8s diff\u00e9rent de tous les autres. Leurs collections se caract\u00e9risent par un travail m\u00e9ticuleux, toujours con\u00e7u dans une perspective pratique. Ils utilisent des mat\u00e9riaux de qualit\u00e9 sup\u00e9rieure pour mettre en valeur l&rsquo;\u00e9l\u00e9gance et l&rsquo;harmonie dans chacune de leurs pi\u00e8ces. Nos mod\u00e8les sont exclusifs et ont un style inimitable, con\u00e7us pour les m\u00e8res modernes qui ont bon go\u00fbt et appr\u00e9cient les d\u00e9tails autant que nous. Sp\u00e9cifications : Mat\u00e9riaux : 100 % coton. Couleur : Forest. Taille universelle.<\/p>\n","protected":false},"excerpt":{"rendered":"<p>Le sac de couffin Toile de Jouy Forest de Pasito a Pasito est un sac de couchage pour b\u00e9b\u00e9 fabriqu\u00e9 dans un tissu doux imprim\u00e9 et en mousseline. C&rsquo;est un accessoire basique 3-en-1 qui peut \u00eatre utilis\u00e9 \u00e0 la maison pour couvrir le si\u00e8ge auto du Groupe 0 et s&rsquo;adapte \u00e9galement bien comme couverture de [&hellip;]<\/p>\n","protected":false},"featured_media":30377,"comment_status":"closed","ping_status":"closed","template":"","meta":{"_acf_changed":false,"inline_featured_image":false},"colecciones":[],"product_brand":[],"product_cat":[257],"product_tag":[],"class_list":{"0":"post-31732","1":"product","2":"type-product","3":"status-publish","4":"has-post-thumbnail","6":"product_cat-special-prices-fr","8":"first","9":"instock","10":"purchasable","11":"product-type-simple"},"acf":[],"yoast_head":"<!-- This site is optimized with the Yoast SEO plugin v27.4 - https:\/\/yoast.com\/product\/yoast-seo-wordpress\/ -->\n<title>NID D&#039;ANGE 3 EN 1 \u00c9T\u00c9 TOILE DE JOUY FOREST - Pasito a Pasito<\/title>\n<meta name=\"robots\" content=\"index, follow, max-snippet:-1, max-image-preview:large, max-video-preview:-1\" \/>\n<link rel=\"canonical\" href=\"https:\/\/pasitoapasito.es\/fr\/produit\/nid-dange-3-en-1-ete-toile-de-jouy-forest\/\" \/>\n<meta property=\"og:locale\" content=\"fr_FR\" \/>\n<meta property=\"og:type\" content=\"article\" \/>\n<meta property=\"og:title\" content=\"NID D&#039;ANGE 3 EN 1 \u00c9T\u00c9 TOILE DE JOUY FOREST - Pasito a Pasito\" \/>\n<meta property=\"og:description\" content=\"Le sac de couffin Toile de Jouy Forest de Pasito a Pasito est un sac de couchage pour b\u00e9b\u00e9 fabriqu\u00e9 dans un tissu doux imprim\u00e9 et en mousseline. C&rsquo;est un accessoire basique 3-en-1 qui peut \u00eatre utilis\u00e9 \u00e0 la maison pour couvrir le si\u00e8ge auto du Groupe 0 et s&rsquo;adapte \u00e9galement bien comme couverture de [&hellip;]\" \/>\n<meta property=\"og:url\" content=\"https:\/\/pasitoapasito.es\/fr\/produit\/nid-dange-3-en-1-ete-toile-de-jouy-forest\/\" \/>\n<meta property=\"og:site_name\" content=\"Pasito a Pasito\" \/>\n<meta property=\"article:modified_time\" content=\"2024-02-23T11:43:05+00:00\" \/>\n<meta property=\"og:image\" content=\"https:\/\/pasitoapasito.es\/wp-content\/uploads\/2024\/02\/1120900298_a.jpg\" \/>\n\t<meta property=\"og:image:width\" content=\"1200\" \/>\n\t<meta property=\"og:image:height\" content=\"1200\" \/>\n\t<meta property=\"og:image:type\" content=\"image\/jpeg\" \/>\n<meta name=\"twitter:card\" content=\"summary_large_image\" \/>\n<meta name=\"twitter:label1\" content=\"Dur\u00e9e de lecture estim\u00e9e\" \/>\n\t<meta name=\"twitter:data1\" content=\"2 minutes\" \/>\n<script type=\"application\/ld+json\" class=\"yoast-schema-graph\">{\"@context\":\"https:\\\/\\\/schema.org\",\"@graph\":[{\"@type\":\"WebPage\",\"@id\":\"https:\\\/\\\/pasitoapasito.es\\\/fr\\\/produit\\\/nid-dange-3-en-1-ete-toile-de-jouy-forest\\\/\",\"url\":\"https:\\\/\\\/pasitoapasito.es\\\/fr\\\/produit\\\/nid-dange-3-en-1-ete-toile-de-jouy-forest\\\/\",\"name\":\"NID D'ANGE 3 EN 1 \u00c9T\u00c9 TOILE DE JOUY FOREST - Pasito a Pasito\",\"isPartOf\":{\"@id\":\"https:\\\/\\\/pasitoapasito.es\\\/fr\\\/#website\"},\"primaryImageOfPage\":{\"@id\":\"https:\\\/\\\/pasitoapasito.es\\\/fr\\\/produit\\\/nid-dange-3-en-1-ete-toile-de-jouy-forest\\\/#primaryimage\"},\"image\":{\"@id\":\"https:\\\/\\\/pasitoapasito.es\\\/fr\\\/produit\\\/nid-dange-3-en-1-ete-toile-de-jouy-forest\\\/#primaryimage\"},\"thumbnailUrl\":\"https:\\\/\\\/pasitoapasito.es\\\/wp-content\\\/uploads\\\/2024\\\/02\\\/1120900298_a.jpg\",\"datePublished\":\"2024-02-23T08:41:20+00:00\",\"dateModified\":\"2024-02-23T11:43:05+00:00\",\"breadcrumb\":{\"@id\":\"https:\\\/\\\/pasitoapasito.es\\\/fr\\\/produit\\\/nid-dange-3-en-1-ete-toile-de-jouy-forest\\\/#breadcrumb\"},\"inLanguage\":\"fr-FR\",\"potentialAction\":[{\"@type\":\"ReadAction\",\"target\":[\"https:\\\/\\\/pasitoapasito.es\\\/fr\\\/produit\\\/nid-dange-3-en-1-ete-toile-de-jouy-forest\\\/\"]}]},{\"@type\":\"ImageObject\",\"inLanguage\":\"fr-FR\",\"@id\":\"https:\\\/\\\/pasitoapasito.es\\\/fr\\\/produit\\\/nid-dange-3-en-1-ete-toile-de-jouy-forest\\\/#primaryimage\",\"url\":\"https:\\\/\\\/pasitoapasito.es\\\/wp-content\\\/uploads\\\/2024\\\/02\\\/1120900298_a.jpg\",\"contentUrl\":\"https:\\\/\\\/pasitoapasito.es\\\/wp-content\\\/uploads\\\/2024\\\/02\\\/1120900298_a.jpg\",\"width\":1200,\"height\":1200},{\"@type\":\"BreadcrumbList\",\"@id\":\"https:\\\/\\\/pasitoapasito.es\\\/fr\\\/produit\\\/nid-dange-3-en-1-ete-toile-de-jouy-forest\\\/#breadcrumb\",\"itemListElement\":[{\"@type\":\"ListItem\",\"position\":1,\"name\":\"Tienda\",\"item\":\"https:\\\/\\\/pasitoapasito.es\\\/tienda\\\/\"},{\"@type\":\"ListItem\",\"position\":2,\"name\":\"NID D&#8217;ANGE 3 EN 1 \u00c9T\u00c9 TOILE DE JOUY FOREST\"}]},{\"@type\":\"WebSite\",\"@id\":\"https:\\\/\\\/pasitoapasito.es\\\/fr\\\/#website\",\"url\":\"https:\\\/\\\/pasitoapasito.es\\\/fr\\\/\",\"name\":\"Pasito a Pasito\",\"description\":\"\",\"potentialAction\":[{\"@type\":\"SearchAction\",\"target\":{\"@type\":\"EntryPoint\",\"urlTemplate\":\"https:\\\/\\\/pasitoapasito.es\\\/fr\\\/?s={search_term_string}\"},\"query-input\":{\"@type\":\"PropertyValueSpecification\",\"valueRequired\":true,\"valueName\":\"search_term_string\"}}],\"inLanguage\":\"fr-FR\"}]}<\/script>\n<!-- \/ Yoast SEO plugin. -->","yoast_head_json":{"title":"NID D'ANGE 3 EN 1 \u00c9T\u00c9 TOILE DE JOUY FOREST - Pasito a Pasito","robots":{"index":"index","follow":"follow","max-snippet":"max-snippet:-1","max-image-preview":"max-image-preview:large","max-video-preview":"max-video-preview:-1"},"canonical":"https:\/\/pasitoapasito.es\/fr\/produit\/nid-dange-3-en-1-ete-toile-de-jouy-forest\/","og_locale":"fr_FR","og_type":"article","og_title":"NID D'ANGE 3 EN 1 \u00c9T\u00c9 TOILE DE JOUY FOREST - Pasito a Pasito","og_description":"Le sac de couffin Toile de Jouy Forest de Pasito a Pasito est un sac de couchage pour b\u00e9b\u00e9 fabriqu\u00e9 dans un tissu doux imprim\u00e9 et en mousseline. C&rsquo;est un accessoire basique 3-en-1 qui peut \u00eatre utilis\u00e9 \u00e0 la maison pour couvrir le si\u00e8ge auto du Groupe 0 et s&rsquo;adapte \u00e9galement bien comme couverture de [&hellip;]","og_url":"https:\/\/pasitoapasito.es\/fr\/produit\/nid-dange-3-en-1-ete-toile-de-jouy-forest\/","og_site_name":"Pasito a Pasito","article_modified_time":"2024-02-23T11:43:05+00:00","og_image":[{"width":1200,"height":1200,"url":"https:\/\/pasitoapasito.es\/wp-content\/uploads\/2024\/02\/1120900298_a.jpg","type":"image\/jpeg"}],"twitter_card":"summary_large_image","twitter_misc":{"Dur\u00e9e de lecture estim\u00e9e":"2 minutes"},"schema":{"@context":"https:\/\/schema.org","@graph":[{"@type":"WebPage","@id":"https:\/\/pasitoapasito.es\/fr\/produit\/nid-dange-3-en-1-ete-toile-de-jouy-forest\/","url":"https:\/\/pasitoapasito.es\/fr\/produit\/nid-dange-3-en-1-ete-toile-de-jouy-forest\/","name":"NID D'ANGE 3 EN 1 \u00c9T\u00c9 TOILE DE JOUY FOREST - Pasito a Pasito","isPartOf":{"@id":"https:\/\/pasitoapasito.es\/fr\/#website"},"primaryImageOfPage":{"@id":"https:\/\/pasitoapasito.es\/fr\/produit\/nid-dange-3-en-1-ete-toile-de-jouy-forest\/#primaryimage"},"image":{"@id":"https:\/\/pasitoapasito.es\/fr\/produit\/nid-dange-3-en-1-ete-toile-de-jouy-forest\/#primaryimage"},"thumbnailUrl":"https:\/\/pasitoapasito.es\/wp-content\/uploads\/2024\/02\/1120900298_a.jpg","datePublished":"2024-02-23T08:41:20+00:00","dateModified":"2024-02-23T11:43:05+00:00","breadcrumb":{"@id":"https:\/\/pasitoapasito.es\/fr\/produit\/nid-dange-3-en-1-ete-toile-de-jouy-forest\/#breadcrumb"},"inLanguage":"fr-FR","potentialAction":[{"@type":"ReadAction","target":["https:\/\/pasitoapasito.es\/fr\/produit\/nid-dange-3-en-1-ete-toile-de-jouy-forest\/"]}]},{"@type":"ImageObject","inLanguage":"fr-FR","@id":"https:\/\/pasitoapasito.es\/fr\/produit\/nid-dange-3-en-1-ete-toile-de-jouy-forest\/#primaryimage","url":"https:\/\/pasitoapasito.es\/wp-content\/uploads\/2024\/02\/1120900298_a.jpg","contentUrl":"https:\/\/pasitoapasito.es\/wp-content\/uploads\/2024\/02\/1120900298_a.jpg","width":1200,"height":1200},{"@type":"BreadcrumbList","@id":"https:\/\/pasitoapasito.es\/fr\/produit\/nid-dange-3-en-1-ete-toile-de-jouy-forest\/#breadcrumb","itemListElement":[{"@type":"ListItem","position":1,"name":"Tienda","item":"https:\/\/pasitoapasito.es\/tienda\/"},{"@type":"ListItem","position":2,"name":"NID D&#8217;ANGE 3 EN 1 \u00c9T\u00c9 TOILE DE JOUY FOREST"}]},{"@type":"WebSite","@id":"https:\/\/pasitoapasito.es\/fr\/#website","url":"https:\/\/pasitoapasito.es\/fr\/","name":"Pasito a Pasito","description":"","potentialAction":[{"@type":"SearchAction","target":{"@type":"EntryPoint","urlTemplate":"https:\/\/pasitoapasito.es\/fr\/?s={search_term_string}"},"query-input":{"@type":"PropertyValueSpecification","valueRequired":true,"valueName":"search_term_string"}}],"inLanguage":"fr-FR"}]}},"_links":{"self":[{"href":"https:\/\/pasitoapasito.es\/fr\/wp-json\/wp\/v2\/product\/31732","targetHints":{"allow":["GET"]}}],"collection":[{"href":"https:\/\/pasitoapasito.es\/fr\/wp-json\/wp\/v2\/product"}],"about":[{"href":"https:\/\/pasitoapasito.es\/fr\/wp-json\/wp\/v2\/types\/product"}],"replies":[{"embeddable":true,"href":"https:\/\/pasitoapasito.es\/fr\/wp-json\/wp\/v2\/comments?post=31732"}],"wp:featuredmedia":[{"embeddable":true,"href":"https:\/\/pasitoapasito.es\/fr\/wp-json\/wp\/v2\/media\/30377"}],"wp:attachment":[{"href":"https:\/\/pasitoapasito.es\/fr\/wp-json\/wp\/v2\/media?parent=31732"}],"wp:term":[{"taxonomy":"colecciones","embeddable":true,"href":"https:\/\/pasitoapasito.es\/fr\/wp-json\/wp\/v2\/colecciones?post=31732"},{"taxonomy":"product_brand","embeddable":true,"href":"https:\/\/pasitoapasito.es\/fr\/wp-json\/wp\/v2\/product_brand?post=31732"},{"taxonomy":"product_cat","embeddable":true,"href":"https:\/\/pasitoapasito.es\/fr\/wp-json\/wp\/v2\/product_cat?post=31732"},{"taxonomy":"product_tag","embeddable":true,"href":"https:\/\/pasitoapasito.es\/fr\/wp-json\/wp\/v2\/product_tag?post=31732"}],"curies":[{"name":"wp","href":"https:\/\/api.w.org\/{rel}","templated":true}]}}