{"id":31723,"date":"2024-02-23T08:41:18","date_gmt":"2024-02-23T08:41:18","guid":{"rendered":"https:\/\/pasitoapasito.es\/?post_type=product&#038;p=31723"},"modified":"2024-02-23T11:43:08","modified_gmt":"2024-02-23T11:43:08","slug":"valise-toile-de-jouy-cream","status":"publish","type":"product","link":"https:\/\/pasitoapasito.es\/fr\/produit\/valise-toile-de-jouy-cream\/","title":{"rendered":"VALISE TOILE DE JOUY CREAM"},"content":{"rendered":"<p>La valise Toile de Jouy Cream de Pasito a Pasito est le sac parfait pour l&rsquo;h\u00f4pital\/la clinique. C&rsquo;est un mod\u00e8le unique et \u00e9l\u00e9gant sp\u00e9cialement con\u00e7u pour transporter tout ce dont vous avez besoin pour vous, le papa et le b\u00e9b\u00e9. Il est fabriqu\u00e9 en similicuir imprim\u00e9 r\u00e9sistant et doux. Sa forme rectangulaire offre un confort et vous permet d&rsquo;avoir tout ce dont vous avez besoin (v\u00eatements ou accessoires) couvert pendant le jour de la naissance du b\u00e9b\u00e9. C&rsquo;est un design simple, moderne et pratique qui offre une grande capacit\u00e9 pour transporter de nombreuses choses et dispose d&rsquo;une ouverture pratique pour faciliter la recherche de ce que vous avez stock\u00e9. Il est livr\u00e9 avec une poign\u00e9e longue pour accrocher sur l&rsquo;\u00e9paule et deux poign\u00e9es courtes pour porter \u00e0 la main si vous pr\u00e9f\u00e9rez. Finitions de qualit\u00e9. Le sac de maternit\u00e9 a une doublure int\u00e9rieure avec des \u00e9lastiques pour maintenir les v\u00eatements et se ferme en toute s\u00e9curit\u00e9 avec une fermeture \u00e9clair \u00e0 deux c\u00f4t\u00e9s qui permet d&rsquo;ouvrir le couvercle compl\u00e8tement. Fabriqu\u00e9 avec des mat\u00e9riaux de haute qualit\u00e9, sans colorants azo\u00efques, phtalates et substances nocives. Il peut \u00e9galement \u00eatre lav\u00e9 \u00e0 la main ou en machine \u00e0 une temp\u00e9rature allant jusqu&rsquo;\u00e0 30\u00ba. Les produits pour b\u00e9b\u00e9s Pasito a Pasito ont un design tr\u00e8s diff\u00e9rent de tous les autres. Leurs collections se caract\u00e9risent par leur souci du d\u00e9tail, toujours pens\u00e9 d&rsquo;un point de vue pratique. Ils utilisent des mat\u00e9riaux de qualit\u00e9 sup\u00e9rieure pour mettre en valeur l&rsquo;\u00e9l\u00e9gance et l&rsquo;harmonie dans chacune de leurs pi\u00e8ces. Nos mod\u00e8les sont exclusifs et ont un style inimitable, con\u00e7us pour les m\u00e8res modernes qui ont du go\u00fbt et qui appr\u00e9cient les d\u00e9tails autant que nous. Sp\u00e9cifications : Mat\u00e9riaux : Eco-cuir. Couleur : Creme. Dimensions : 44X36X16 cm.<\/p>\n","protected":false},"excerpt":{"rendered":"<p>La valise Toile de Jouy Cream de Pasito a Pasito est le sac parfait pour l&rsquo;h\u00f4pital\/la clinique. C&rsquo;est un mod\u00e8le unique et \u00e9l\u00e9gant sp\u00e9cialement con\u00e7u pour transporter tout ce dont vous avez besoin pour vous, le papa et le b\u00e9b\u00e9. Il est fabriqu\u00e9 en similicuir imprim\u00e9 r\u00e9sistant et doux. Sa forme rectangulaire offre un confort [&hellip;]<\/p>\n","protected":false},"featured_media":30144,"comment_status":"closed","ping_status":"closed","template":"","meta":{"_acf_changed":false,"inline_featured_image":false},"colecciones":[],"product_brand":[],"product_cat":[257],"product_tag":[],"class_list":{"0":"post-31723","1":"product","2":"type-product","3":"status-publish","4":"has-post-thumbnail","6":"product_cat-special-prices-fr","8":"first","9":"instock","10":"purchasable","11":"product-type-simple"},"acf":[],"yoast_head":"<!-- This site is optimized with the Yoast SEO plugin v27.3 - https:\/\/yoast.com\/product\/yoast-seo-wordpress\/ -->\n<title>VALISE TOILE DE JOUY CREAM - Pasito a Pasito<\/title>\n<meta name=\"robots\" content=\"index, follow, max-snippet:-1, max-image-preview:large, max-video-preview:-1\" \/>\n<link rel=\"canonical\" href=\"https:\/\/pasitoapasito.es\/fr\/produit\/valise-toile-de-jouy-cream\/\" \/>\n<meta property=\"og:locale\" content=\"fr_FR\" \/>\n<meta property=\"og:type\" content=\"article\" \/>\n<meta property=\"og:title\" content=\"VALISE TOILE DE JOUY CREAM - Pasito a Pasito\" \/>\n<meta property=\"og:description\" content=\"La valise Toile de Jouy Cream de Pasito a Pasito est le sac parfait pour l&rsquo;h\u00f4pital\/la clinique. C&rsquo;est un mod\u00e8le unique et \u00e9l\u00e9gant sp\u00e9cialement con\u00e7u pour transporter tout ce dont vous avez besoin pour vous, le papa et le b\u00e9b\u00e9. Il est fabriqu\u00e9 en similicuir imprim\u00e9 r\u00e9sistant et doux. Sa forme rectangulaire offre un confort [&hellip;]\" \/>\n<meta property=\"og:url\" content=\"https:\/\/pasitoapasito.es\/fr\/produit\/valise-toile-de-jouy-cream\/\" \/>\n<meta property=\"og:site_name\" content=\"Pasito a Pasito\" \/>\n<meta property=\"article:modified_time\" content=\"2024-02-23T11:43:08+00:00\" \/>\n<meta property=\"og:image\" content=\"https:\/\/pasitoapasito.es\/wp-content\/uploads\/2024\/02\/1120900290_a.jpg\" \/>\n\t<meta property=\"og:image:width\" content=\"1200\" \/>\n\t<meta property=\"og:image:height\" content=\"1200\" \/>\n\t<meta property=\"og:image:type\" content=\"image\/jpeg\" \/>\n<meta name=\"twitter:card\" content=\"summary_large_image\" \/>\n<meta name=\"twitter:label1\" content=\"Dur\u00e9e de lecture estim\u00e9e\" \/>\n\t<meta name=\"twitter:data1\" content=\"2 minutes\" \/>\n<script type=\"application\/ld+json\" class=\"yoast-schema-graph\">{\"@context\":\"https:\\\/\\\/schema.org\",\"@graph\":[{\"@type\":\"WebPage\",\"@id\":\"https:\\\/\\\/pasitoapasito.es\\\/fr\\\/produit\\\/valise-toile-de-jouy-cream\\\/\",\"url\":\"https:\\\/\\\/pasitoapasito.es\\\/fr\\\/produit\\\/valise-toile-de-jouy-cream\\\/\",\"name\":\"VALISE TOILE DE JOUY CREAM - Pasito a Pasito\",\"isPartOf\":{\"@id\":\"https:\\\/\\\/pasitoapasito.es\\\/fr\\\/#website\"},\"primaryImageOfPage\":{\"@id\":\"https:\\\/\\\/pasitoapasito.es\\\/fr\\\/produit\\\/valise-toile-de-jouy-cream\\\/#primaryimage\"},\"image\":{\"@id\":\"https:\\\/\\\/pasitoapasito.es\\\/fr\\\/produit\\\/valise-toile-de-jouy-cream\\\/#primaryimage\"},\"thumbnailUrl\":\"https:\\\/\\\/pasitoapasito.es\\\/wp-content\\\/uploads\\\/2024\\\/02\\\/1120900290_a.jpg\",\"datePublished\":\"2024-02-23T08:41:18+00:00\",\"dateModified\":\"2024-02-23T11:43:08+00:00\",\"breadcrumb\":{\"@id\":\"https:\\\/\\\/pasitoapasito.es\\\/fr\\\/produit\\\/valise-toile-de-jouy-cream\\\/#breadcrumb\"},\"inLanguage\":\"fr-FR\",\"potentialAction\":[{\"@type\":\"ReadAction\",\"target\":[\"https:\\\/\\\/pasitoapasito.es\\\/fr\\\/produit\\\/valise-toile-de-jouy-cream\\\/\"]}]},{\"@type\":\"ImageObject\",\"inLanguage\":\"fr-FR\",\"@id\":\"https:\\\/\\\/pasitoapasito.es\\\/fr\\\/produit\\\/valise-toile-de-jouy-cream\\\/#primaryimage\",\"url\":\"https:\\\/\\\/pasitoapasito.es\\\/wp-content\\\/uploads\\\/2024\\\/02\\\/1120900290_a.jpg\",\"contentUrl\":\"https:\\\/\\\/pasitoapasito.es\\\/wp-content\\\/uploads\\\/2024\\\/02\\\/1120900290_a.jpg\",\"width\":1200,\"height\":1200},{\"@type\":\"BreadcrumbList\",\"@id\":\"https:\\\/\\\/pasitoapasito.es\\\/fr\\\/produit\\\/valise-toile-de-jouy-cream\\\/#breadcrumb\",\"itemListElement\":[{\"@type\":\"ListItem\",\"position\":1,\"name\":\"Tienda\",\"item\":\"https:\\\/\\\/pasitoapasito.es\\\/tienda\\\/\"},{\"@type\":\"ListItem\",\"position\":2,\"name\":\"VALISE TOILE DE JOUY CREAM\"}]},{\"@type\":\"WebSite\",\"@id\":\"https:\\\/\\\/pasitoapasito.es\\\/fr\\\/#website\",\"url\":\"https:\\\/\\\/pasitoapasito.es\\\/fr\\\/\",\"name\":\"Pasito a Pasito\",\"description\":\"\",\"potentialAction\":[{\"@type\":\"SearchAction\",\"target\":{\"@type\":\"EntryPoint\",\"urlTemplate\":\"https:\\\/\\\/pasitoapasito.es\\\/fr\\\/?s={search_term_string}\"},\"query-input\":{\"@type\":\"PropertyValueSpecification\",\"valueRequired\":true,\"valueName\":\"search_term_string\"}}],\"inLanguage\":\"fr-FR\"}]}<\/script>\n<!-- \/ Yoast SEO plugin. -->","yoast_head_json":{"title":"VALISE TOILE DE JOUY CREAM - Pasito a Pasito","robots":{"index":"index","follow":"follow","max-snippet":"max-snippet:-1","max-image-preview":"max-image-preview:large","max-video-preview":"max-video-preview:-1"},"canonical":"https:\/\/pasitoapasito.es\/fr\/produit\/valise-toile-de-jouy-cream\/","og_locale":"fr_FR","og_type":"article","og_title":"VALISE TOILE DE JOUY CREAM - Pasito a Pasito","og_description":"La valise Toile de Jouy Cream de Pasito a Pasito est le sac parfait pour l&rsquo;h\u00f4pital\/la clinique. C&rsquo;est un mod\u00e8le unique et \u00e9l\u00e9gant sp\u00e9cialement con\u00e7u pour transporter tout ce dont vous avez besoin pour vous, le papa et le b\u00e9b\u00e9. Il est fabriqu\u00e9 en similicuir imprim\u00e9 r\u00e9sistant et doux. Sa forme rectangulaire offre un confort [&hellip;]","og_url":"https:\/\/pasitoapasito.es\/fr\/produit\/valise-toile-de-jouy-cream\/","og_site_name":"Pasito a Pasito","article_modified_time":"2024-02-23T11:43:08+00:00","og_image":[{"width":1200,"height":1200,"url":"https:\/\/pasitoapasito.es\/wp-content\/uploads\/2024\/02\/1120900290_a.jpg","type":"image\/jpeg"}],"twitter_card":"summary_large_image","twitter_misc":{"Dur\u00e9e de lecture estim\u00e9e":"2 minutes"},"schema":{"@context":"https:\/\/schema.org","@graph":[{"@type":"WebPage","@id":"https:\/\/pasitoapasito.es\/fr\/produit\/valise-toile-de-jouy-cream\/","url":"https:\/\/pasitoapasito.es\/fr\/produit\/valise-toile-de-jouy-cream\/","name":"VALISE TOILE DE JOUY CREAM - Pasito a Pasito","isPartOf":{"@id":"https:\/\/pasitoapasito.es\/fr\/#website"},"primaryImageOfPage":{"@id":"https:\/\/pasitoapasito.es\/fr\/produit\/valise-toile-de-jouy-cream\/#primaryimage"},"image":{"@id":"https:\/\/pasitoapasito.es\/fr\/produit\/valise-toile-de-jouy-cream\/#primaryimage"},"thumbnailUrl":"https:\/\/pasitoapasito.es\/wp-content\/uploads\/2024\/02\/1120900290_a.jpg","datePublished":"2024-02-23T08:41:18+00:00","dateModified":"2024-02-23T11:43:08+00:00","breadcrumb":{"@id":"https:\/\/pasitoapasito.es\/fr\/produit\/valise-toile-de-jouy-cream\/#breadcrumb"},"inLanguage":"fr-FR","potentialAction":[{"@type":"ReadAction","target":["https:\/\/pasitoapasito.es\/fr\/produit\/valise-toile-de-jouy-cream\/"]}]},{"@type":"ImageObject","inLanguage":"fr-FR","@id":"https:\/\/pasitoapasito.es\/fr\/produit\/valise-toile-de-jouy-cream\/#primaryimage","url":"https:\/\/pasitoapasito.es\/wp-content\/uploads\/2024\/02\/1120900290_a.jpg","contentUrl":"https:\/\/pasitoapasito.es\/wp-content\/uploads\/2024\/02\/1120900290_a.jpg","width":1200,"height":1200},{"@type":"BreadcrumbList","@id":"https:\/\/pasitoapasito.es\/fr\/produit\/valise-toile-de-jouy-cream\/#breadcrumb","itemListElement":[{"@type":"ListItem","position":1,"name":"Tienda","item":"https:\/\/pasitoapasito.es\/tienda\/"},{"@type":"ListItem","position":2,"name":"VALISE TOILE DE JOUY CREAM"}]},{"@type":"WebSite","@id":"https:\/\/pasitoapasito.es\/fr\/#website","url":"https:\/\/pasitoapasito.es\/fr\/","name":"Pasito a Pasito","description":"","potentialAction":[{"@type":"SearchAction","target":{"@type":"EntryPoint","urlTemplate":"https:\/\/pasitoapasito.es\/fr\/?s={search_term_string}"},"query-input":{"@type":"PropertyValueSpecification","valueRequired":true,"valueName":"search_term_string"}}],"inLanguage":"fr-FR"}]}},"_links":{"self":[{"href":"https:\/\/pasitoapasito.es\/fr\/wp-json\/wp\/v2\/product\/31723","targetHints":{"allow":["GET"]}}],"collection":[{"href":"https:\/\/pasitoapasito.es\/fr\/wp-json\/wp\/v2\/product"}],"about":[{"href":"https:\/\/pasitoapasito.es\/fr\/wp-json\/wp\/v2\/types\/product"}],"replies":[{"embeddable":true,"href":"https:\/\/pasitoapasito.es\/fr\/wp-json\/wp\/v2\/comments?post=31723"}],"wp:featuredmedia":[{"embeddable":true,"href":"https:\/\/pasitoapasito.es\/fr\/wp-json\/wp\/v2\/media\/30144"}],"wp:attachment":[{"href":"https:\/\/pasitoapasito.es\/fr\/wp-json\/wp\/v2\/media?parent=31723"}],"wp:term":[{"taxonomy":"colecciones","embeddable":true,"href":"https:\/\/pasitoapasito.es\/fr\/wp-json\/wp\/v2\/colecciones?post=31723"},{"taxonomy":"product_brand","embeddable":true,"href":"https:\/\/pasitoapasito.es\/fr\/wp-json\/wp\/v2\/product_brand?post=31723"},{"taxonomy":"product_cat","embeddable":true,"href":"https:\/\/pasitoapasito.es\/fr\/wp-json\/wp\/v2\/product_cat?post=31723"},{"taxonomy":"product_tag","embeddable":true,"href":"https:\/\/pasitoapasito.es\/fr\/wp-json\/wp\/v2\/product_tag?post=31723"}],"curies":[{"name":"wp","href":"https:\/\/api.w.org\/{rel}","templated":true}]}}