{"id":31722,"date":"2024-02-23T08:41:18","date_gmt":"2024-02-23T08:41:18","guid":{"rendered":"https:\/\/pasitoapasito.es\/?post_type=product&#038;p=31722"},"modified":"2024-02-23T11:43:08","modified_gmt":"2024-02-23T11:43:08","slug":"tapis-a-langer-toile-de-jouy-forest","status":"publish","type":"product","link":"https:\/\/pasitoapasito.es\/fr\/produit\/tapis-a-langer-toile-de-jouy-forest\/","title":{"rendered":"TAPIS A LANGER TOILE DE JOUY FOREST"},"content":{"rendered":"<p>Le tapis \u00e0 langer imprim\u00e9 Toile de Jouy Forest de Pasito a Pasito est une option tr\u00e8s pratique, pratique et portable. Ce motif sp\u00e9cialement con\u00e7u est parfait pour une utilisation chaque fois que vous devez changer votre b\u00e9b\u00e9. Fabriqu\u00e9 \u00e0 partir de simili cuir d\u00e9licat mais durable, le tapis \u00e0 langer se plie facilement pour un transport facile o\u00f9 que vous alliez. Le design \u00e9l\u00e9gant et fonctionnel se replie dans un format compact pour une portabilit\u00e9 facile. Il est dot\u00e9 de sangles de fermeture pour maintenir le tapis \u00e0 langer ferm\u00e9, r\u00e9duisant ainsi sa taille pour le ranger dans un sac de maternit\u00e9. Le tapis \u00e0 langer poss\u00e8de une doublure int\u00e9rieure rembourr\u00e9e et imperm\u00e9able pour un nettoyage facile apr\u00e8s utilisation, emp\u00eachant l&rsquo;accumulation d&rsquo;odeurs. Il est fabriqu\u00e9 avec des mat\u00e9riaux de haute qualit\u00e9, exempts de colorants azo\u00efques, de phtalates et de substances nocives. Le tapis \u00e0 langer est \u00e9galement lavable en machine ou \u00e0 la main \u00e0 des temp\u00e9ratures allant jusqu&rsquo;\u00e0 30 degr\u00e9s Celsius. Les produits pour b\u00e9b\u00e9s Pasito a Pasito se d\u00e9marquent par leurs collections soigneusement con\u00e7ues, \u00e0 la fois fantaisistes et pratiques. Ces collections utilisent des mat\u00e9riaux de qualit\u00e9 sup\u00e9rieure pour mettre en valeur l&rsquo;\u00e9l\u00e9gance et l&rsquo;harmonie de chaque pi\u00e8ce. Nos designs exclusifs et incontestablement styl\u00e9s sont cr\u00e9\u00e9s pour les m\u00e8res modernes au bon go\u00fbt qui appr\u00e9cient autant que nous l&rsquo;attention port\u00e9e aux d\u00e9tails. Sp\u00e9cifications : Mat\u00e9riaux : Eco-cuir. Couleur : Forest. Dimensions : 52X71X1 cm.<\/p>\n","protected":false},"excerpt":{"rendered":"<p>Le tapis \u00e0 langer imprim\u00e9 Toile de Jouy Forest de Pasito a Pasito est une option tr\u00e8s pratique, pratique et portable. Ce motif sp\u00e9cialement con\u00e7u est parfait pour une utilisation chaque fois que vous devez changer votre b\u00e9b\u00e9. Fabriqu\u00e9 \u00e0 partir de simili cuir d\u00e9licat mais durable, le tapis \u00e0 langer se plie facilement pour [&hellip;]<\/p>\n","protected":false},"featured_media":30123,"comment_status":"closed","ping_status":"closed","template":"","meta":{"_acf_changed":false,"inline_featured_image":false},"colecciones":[],"product_brand":[],"product_cat":[257],"product_tag":[],"class_list":{"0":"post-31722","1":"product","2":"type-product","3":"status-publish","4":"has-post-thumbnail","6":"product_cat-special-prices-fr","8":"first","9":"instock","10":"purchasable","11":"product-type-simple"},"acf":[],"yoast_head":"<!-- This site is optimized with the Yoast SEO plugin v27.4 - https:\/\/yoast.com\/product\/yoast-seo-wordpress\/ -->\n<title>TAPIS A LANGER TOILE DE JOUY FOREST - Pasito a Pasito<\/title>\n<meta name=\"robots\" content=\"index, follow, max-snippet:-1, max-image-preview:large, max-video-preview:-1\" \/>\n<link rel=\"canonical\" href=\"https:\/\/pasitoapasito.es\/fr\/produit\/tapis-a-langer-toile-de-jouy-forest\/\" \/>\n<meta property=\"og:locale\" content=\"fr_FR\" \/>\n<meta property=\"og:type\" content=\"article\" \/>\n<meta property=\"og:title\" content=\"TAPIS A LANGER TOILE DE JOUY FOREST - Pasito a Pasito\" \/>\n<meta property=\"og:description\" content=\"Le tapis \u00e0 langer imprim\u00e9 Toile de Jouy Forest de Pasito a Pasito est une option tr\u00e8s pratique, pratique et portable. Ce motif sp\u00e9cialement con\u00e7u est parfait pour une utilisation chaque fois que vous devez changer votre b\u00e9b\u00e9. Fabriqu\u00e9 \u00e0 partir de simili cuir d\u00e9licat mais durable, le tapis \u00e0 langer se plie facilement pour [&hellip;]\" \/>\n<meta property=\"og:url\" content=\"https:\/\/pasitoapasito.es\/fr\/produit\/tapis-a-langer-toile-de-jouy-forest\/\" \/>\n<meta property=\"og:site_name\" content=\"Pasito a Pasito\" \/>\n<meta property=\"article:modified_time\" content=\"2024-02-23T11:43:08+00:00\" \/>\n<meta property=\"og:image\" content=\"https:\/\/pasitoapasito.es\/wp-content\/uploads\/2024\/02\/1120900289_a.jpg\" \/>\n\t<meta property=\"og:image:width\" content=\"1200\" \/>\n\t<meta property=\"og:image:height\" content=\"1200\" \/>\n\t<meta property=\"og:image:type\" content=\"image\/jpeg\" \/>\n<meta name=\"twitter:card\" content=\"summary_large_image\" \/>\n<meta name=\"twitter:label1\" content=\"Dur\u00e9e de lecture estim\u00e9e\" \/>\n\t<meta name=\"twitter:data1\" content=\"1 minute\" \/>\n<script type=\"application\/ld+json\" class=\"yoast-schema-graph\">{\"@context\":\"https:\\\/\\\/schema.org\",\"@graph\":[{\"@type\":\"WebPage\",\"@id\":\"https:\\\/\\\/pasitoapasito.es\\\/fr\\\/produit\\\/tapis-a-langer-toile-de-jouy-forest\\\/\",\"url\":\"https:\\\/\\\/pasitoapasito.es\\\/fr\\\/produit\\\/tapis-a-langer-toile-de-jouy-forest\\\/\",\"name\":\"TAPIS A LANGER TOILE DE JOUY FOREST - Pasito a Pasito\",\"isPartOf\":{\"@id\":\"https:\\\/\\\/pasitoapasito.es\\\/fr\\\/#website\"},\"primaryImageOfPage\":{\"@id\":\"https:\\\/\\\/pasitoapasito.es\\\/fr\\\/produit\\\/tapis-a-langer-toile-de-jouy-forest\\\/#primaryimage\"},\"image\":{\"@id\":\"https:\\\/\\\/pasitoapasito.es\\\/fr\\\/produit\\\/tapis-a-langer-toile-de-jouy-forest\\\/#primaryimage\"},\"thumbnailUrl\":\"https:\\\/\\\/pasitoapasito.es\\\/wp-content\\\/uploads\\\/2024\\\/02\\\/1120900289_a.jpg\",\"datePublished\":\"2024-02-23T08:41:18+00:00\",\"dateModified\":\"2024-02-23T11:43:08+00:00\",\"breadcrumb\":{\"@id\":\"https:\\\/\\\/pasitoapasito.es\\\/fr\\\/produit\\\/tapis-a-langer-toile-de-jouy-forest\\\/#breadcrumb\"},\"inLanguage\":\"fr-FR\",\"potentialAction\":[{\"@type\":\"ReadAction\",\"target\":[\"https:\\\/\\\/pasitoapasito.es\\\/fr\\\/produit\\\/tapis-a-langer-toile-de-jouy-forest\\\/\"]}]},{\"@type\":\"ImageObject\",\"inLanguage\":\"fr-FR\",\"@id\":\"https:\\\/\\\/pasitoapasito.es\\\/fr\\\/produit\\\/tapis-a-langer-toile-de-jouy-forest\\\/#primaryimage\",\"url\":\"https:\\\/\\\/pasitoapasito.es\\\/wp-content\\\/uploads\\\/2024\\\/02\\\/1120900289_a.jpg\",\"contentUrl\":\"https:\\\/\\\/pasitoapasito.es\\\/wp-content\\\/uploads\\\/2024\\\/02\\\/1120900289_a.jpg\",\"width\":1200,\"height\":1200},{\"@type\":\"BreadcrumbList\",\"@id\":\"https:\\\/\\\/pasitoapasito.es\\\/fr\\\/produit\\\/tapis-a-langer-toile-de-jouy-forest\\\/#breadcrumb\",\"itemListElement\":[{\"@type\":\"ListItem\",\"position\":1,\"name\":\"Tienda\",\"item\":\"https:\\\/\\\/pasitoapasito.es\\\/tienda\\\/\"},{\"@type\":\"ListItem\",\"position\":2,\"name\":\"TAPIS A LANGER TOILE DE JOUY FOREST\"}]},{\"@type\":\"WebSite\",\"@id\":\"https:\\\/\\\/pasitoapasito.es\\\/fr\\\/#website\",\"url\":\"https:\\\/\\\/pasitoapasito.es\\\/fr\\\/\",\"name\":\"Pasito a Pasito\",\"description\":\"\",\"potentialAction\":[{\"@type\":\"SearchAction\",\"target\":{\"@type\":\"EntryPoint\",\"urlTemplate\":\"https:\\\/\\\/pasitoapasito.es\\\/fr\\\/?s={search_term_string}\"},\"query-input\":{\"@type\":\"PropertyValueSpecification\",\"valueRequired\":true,\"valueName\":\"search_term_string\"}}],\"inLanguage\":\"fr-FR\"}]}<\/script>\n<!-- \/ Yoast SEO plugin. -->","yoast_head_json":{"title":"TAPIS A LANGER TOILE DE JOUY FOREST - Pasito a Pasito","robots":{"index":"index","follow":"follow","max-snippet":"max-snippet:-1","max-image-preview":"max-image-preview:large","max-video-preview":"max-video-preview:-1"},"canonical":"https:\/\/pasitoapasito.es\/fr\/produit\/tapis-a-langer-toile-de-jouy-forest\/","og_locale":"fr_FR","og_type":"article","og_title":"TAPIS A LANGER TOILE DE JOUY FOREST - Pasito a Pasito","og_description":"Le tapis \u00e0 langer imprim\u00e9 Toile de Jouy Forest de Pasito a Pasito est une option tr\u00e8s pratique, pratique et portable. Ce motif sp\u00e9cialement con\u00e7u est parfait pour une utilisation chaque fois que vous devez changer votre b\u00e9b\u00e9. Fabriqu\u00e9 \u00e0 partir de simili cuir d\u00e9licat mais durable, le tapis \u00e0 langer se plie facilement pour [&hellip;]","og_url":"https:\/\/pasitoapasito.es\/fr\/produit\/tapis-a-langer-toile-de-jouy-forest\/","og_site_name":"Pasito a Pasito","article_modified_time":"2024-02-23T11:43:08+00:00","og_image":[{"width":1200,"height":1200,"url":"https:\/\/pasitoapasito.es\/wp-content\/uploads\/2024\/02\/1120900289_a.jpg","type":"image\/jpeg"}],"twitter_card":"summary_large_image","twitter_misc":{"Dur\u00e9e de lecture estim\u00e9e":"1 minute"},"schema":{"@context":"https:\/\/schema.org","@graph":[{"@type":"WebPage","@id":"https:\/\/pasitoapasito.es\/fr\/produit\/tapis-a-langer-toile-de-jouy-forest\/","url":"https:\/\/pasitoapasito.es\/fr\/produit\/tapis-a-langer-toile-de-jouy-forest\/","name":"TAPIS A LANGER TOILE DE JOUY FOREST - Pasito a Pasito","isPartOf":{"@id":"https:\/\/pasitoapasito.es\/fr\/#website"},"primaryImageOfPage":{"@id":"https:\/\/pasitoapasito.es\/fr\/produit\/tapis-a-langer-toile-de-jouy-forest\/#primaryimage"},"image":{"@id":"https:\/\/pasitoapasito.es\/fr\/produit\/tapis-a-langer-toile-de-jouy-forest\/#primaryimage"},"thumbnailUrl":"https:\/\/pasitoapasito.es\/wp-content\/uploads\/2024\/02\/1120900289_a.jpg","datePublished":"2024-02-23T08:41:18+00:00","dateModified":"2024-02-23T11:43:08+00:00","breadcrumb":{"@id":"https:\/\/pasitoapasito.es\/fr\/produit\/tapis-a-langer-toile-de-jouy-forest\/#breadcrumb"},"inLanguage":"fr-FR","potentialAction":[{"@type":"ReadAction","target":["https:\/\/pasitoapasito.es\/fr\/produit\/tapis-a-langer-toile-de-jouy-forest\/"]}]},{"@type":"ImageObject","inLanguage":"fr-FR","@id":"https:\/\/pasitoapasito.es\/fr\/produit\/tapis-a-langer-toile-de-jouy-forest\/#primaryimage","url":"https:\/\/pasitoapasito.es\/wp-content\/uploads\/2024\/02\/1120900289_a.jpg","contentUrl":"https:\/\/pasitoapasito.es\/wp-content\/uploads\/2024\/02\/1120900289_a.jpg","width":1200,"height":1200},{"@type":"BreadcrumbList","@id":"https:\/\/pasitoapasito.es\/fr\/produit\/tapis-a-langer-toile-de-jouy-forest\/#breadcrumb","itemListElement":[{"@type":"ListItem","position":1,"name":"Tienda","item":"https:\/\/pasitoapasito.es\/tienda\/"},{"@type":"ListItem","position":2,"name":"TAPIS A LANGER TOILE DE JOUY FOREST"}]},{"@type":"WebSite","@id":"https:\/\/pasitoapasito.es\/fr\/#website","url":"https:\/\/pasitoapasito.es\/fr\/","name":"Pasito a Pasito","description":"","potentialAction":[{"@type":"SearchAction","target":{"@type":"EntryPoint","urlTemplate":"https:\/\/pasitoapasito.es\/fr\/?s={search_term_string}"},"query-input":{"@type":"PropertyValueSpecification","valueRequired":true,"valueName":"search_term_string"}}],"inLanguage":"fr-FR"}]}},"_links":{"self":[{"href":"https:\/\/pasitoapasito.es\/fr\/wp-json\/wp\/v2\/product\/31722","targetHints":{"allow":["GET"]}}],"collection":[{"href":"https:\/\/pasitoapasito.es\/fr\/wp-json\/wp\/v2\/product"}],"about":[{"href":"https:\/\/pasitoapasito.es\/fr\/wp-json\/wp\/v2\/types\/product"}],"replies":[{"embeddable":true,"href":"https:\/\/pasitoapasito.es\/fr\/wp-json\/wp\/v2\/comments?post=31722"}],"wp:featuredmedia":[{"embeddable":true,"href":"https:\/\/pasitoapasito.es\/fr\/wp-json\/wp\/v2\/media\/30123"}],"wp:attachment":[{"href":"https:\/\/pasitoapasito.es\/fr\/wp-json\/wp\/v2\/media?parent=31722"}],"wp:term":[{"taxonomy":"colecciones","embeddable":true,"href":"https:\/\/pasitoapasito.es\/fr\/wp-json\/wp\/v2\/colecciones?post=31722"},{"taxonomy":"product_brand","embeddable":true,"href":"https:\/\/pasitoapasito.es\/fr\/wp-json\/wp\/v2\/product_brand?post=31722"},{"taxonomy":"product_cat","embeddable":true,"href":"https:\/\/pasitoapasito.es\/fr\/wp-json\/wp\/v2\/product_cat?post=31722"},{"taxonomy":"product_tag","embeddable":true,"href":"https:\/\/pasitoapasito.es\/fr\/wp-json\/wp\/v2\/product_tag?post=31722"}],"curies":[{"name":"wp","href":"https:\/\/api.w.org\/{rel}","templated":true}]}}