{"id":31719,"date":"2024-02-23T08:41:18","date_gmt":"2024-02-23T08:41:18","guid":{"rendered":"https:\/\/pasitoapasito.es\/?post_type=product&#038;p=31719"},"modified":"2024-02-23T11:43:09","modified_gmt":"2024-02-23T11:43:09","slug":"sac-a-dos-toile-de-jouy-cream","status":"publish","type":"product","link":"https:\/\/pasitoapasito.es\/fr\/produit\/sac-a-dos-toile-de-jouy-cream\/","title":{"rendered":"SAC A DOS TOILE DE JOUY CREAM"},"content":{"rendered":"<p>Sac \u00e0 dos en simili cuir imprim\u00e9 Toile de Jouy Cream. Grande capacit\u00e9 pour transporter tout ce dont vous et votre b\u00e9b\u00e9 avez besoin. Poches int\u00e9rieures et ext\u00e9rieures pour garder tout organis\u00e9 et \u00e0 port\u00e9e de main. Il dispose d&rsquo;une poche int\u00e9rieure thermique pour les biberons et d&rsquo;une poche plastifi\u00e9e pour les v\u00eatements mouill\u00e9s. Poche ext\u00e9rieure avant avec fermeture \u00e9clair et deux poches lat\u00e9rales pour les bouteilles ou les biberons. Compartiment pour ordinateur portable ou tablette. Il dispose de 2 grandes poign\u00e9es ajustables pour le porter sur le dos et de deux autres petites poign\u00e9es pour l&rsquo;accrocher \u00e0 la poussette b\u00e9b\u00e9. Il int\u00e8gre une sangle arri\u00e8re pour l&rsquo;attacher \u00e0 la valise \u00e0 roulettes. Il est fabriqu\u00e9 avec des mat\u00e9riaux de haute qualit\u00e9, exempts de colorants azo\u00efques, de phtalates et de substances nocives pour la sant\u00e9. Il peut \u00e9galement \u00eatre lav\u00e9 \u00e0 la main ou en machine \u00e0 des temp\u00e9ratures allant jusqu&rsquo;\u00e0 30\u00ba. Les produits pour b\u00e9b\u00e9s Pasito a Pasito ont un design tr\u00e8s diff\u00e9rent de tous les autres. Leurs collections se caract\u00e9risent par leur souci du d\u00e9tail, toujours pens\u00e9 d&rsquo;un point de vue pratique. Ils utilisent des mat\u00e9riaux de qualit\u00e9 sup\u00e9rieure pour mettre en valeur l&rsquo;\u00e9l\u00e9gance et l&rsquo;harmonie dans chacune de leurs pi\u00e8ces. Nos mod\u00e8les sont exclusifs et ont un style inimitable, con\u00e7u pour les m\u00e8res modernes qui ont bon go\u00fbt et qui appr\u00e9cient les d\u00e9tails autant que nous. Sp\u00e9cifications : Mat\u00e9riaux : Eco-cuir. Couleur : Cream. Dimensions : 40X18X42 cm.<\/p>\n","protected":false},"excerpt":{"rendered":"<p>Sac \u00e0 dos en simili cuir imprim\u00e9 Toile de Jouy Cream. Grande capacit\u00e9 pour transporter tout ce dont vous et votre b\u00e9b\u00e9 avez besoin. Poches int\u00e9rieures et ext\u00e9rieures pour garder tout organis\u00e9 et \u00e0 port\u00e9e de main. Il dispose d&rsquo;une poche int\u00e9rieure thermique pour les biberons et d&rsquo;une poche plastifi\u00e9e pour les v\u00eatements mouill\u00e9s. Poche [&hellip;]<\/p>\n","protected":false},"featured_media":29976,"comment_status":"closed","ping_status":"closed","template":"","meta":{"_acf_changed":false,"inline_featured_image":false},"colecciones":[],"product_brand":[],"product_cat":[257],"product_tag":[],"class_list":{"0":"post-31719","1":"product","2":"type-product","3":"status-publish","4":"has-post-thumbnail","6":"product_cat-special-prices-fr","8":"first","9":"instock","10":"purchasable","11":"product-type-simple"},"acf":[],"yoast_head":"<!-- This site is optimized with the Yoast SEO plugin v27.3 - https:\/\/yoast.com\/product\/yoast-seo-wordpress\/ -->\n<title>SAC A DOS TOILE DE JOUY CREAM - Pasito a Pasito<\/title>\n<meta name=\"robots\" content=\"index, follow, max-snippet:-1, max-image-preview:large, max-video-preview:-1\" \/>\n<link rel=\"canonical\" href=\"https:\/\/pasitoapasito.es\/fr\/produit\/sac-a-dos-toile-de-jouy-cream\/\" \/>\n<meta property=\"og:locale\" content=\"fr_FR\" \/>\n<meta property=\"og:type\" content=\"article\" \/>\n<meta property=\"og:title\" content=\"SAC A DOS TOILE DE JOUY CREAM - Pasito a Pasito\" \/>\n<meta property=\"og:description\" content=\"Sac \u00e0 dos en simili cuir imprim\u00e9 Toile de Jouy Cream. Grande capacit\u00e9 pour transporter tout ce dont vous et votre b\u00e9b\u00e9 avez besoin. Poches int\u00e9rieures et ext\u00e9rieures pour garder tout organis\u00e9 et \u00e0 port\u00e9e de main. Il dispose d&rsquo;une poche int\u00e9rieure thermique pour les biberons et d&rsquo;une poche plastifi\u00e9e pour les v\u00eatements mouill\u00e9s. Poche [&hellip;]\" \/>\n<meta property=\"og:url\" content=\"https:\/\/pasitoapasito.es\/fr\/produit\/sac-a-dos-toile-de-jouy-cream\/\" \/>\n<meta property=\"og:site_name\" content=\"Pasito a Pasito\" \/>\n<meta property=\"article:modified_time\" content=\"2024-02-23T11:43:09+00:00\" \/>\n<meta property=\"og:image\" content=\"https:\/\/pasitoapasito.es\/wp-content\/uploads\/2024\/02\/1120900286_a.jpg\" \/>\n\t<meta property=\"og:image:width\" content=\"1200\" \/>\n\t<meta property=\"og:image:height\" content=\"1200\" \/>\n\t<meta property=\"og:image:type\" content=\"image\/jpeg\" \/>\n<meta name=\"twitter:card\" content=\"summary_large_image\" \/>\n<meta name=\"twitter:label1\" content=\"Dur\u00e9e de lecture estim\u00e9e\" \/>\n\t<meta name=\"twitter:data1\" content=\"1 minute\" \/>\n<script type=\"application\/ld+json\" class=\"yoast-schema-graph\">{\"@context\":\"https:\\\/\\\/schema.org\",\"@graph\":[{\"@type\":\"WebPage\",\"@id\":\"https:\\\/\\\/pasitoapasito.es\\\/fr\\\/produit\\\/sac-a-dos-toile-de-jouy-cream\\\/\",\"url\":\"https:\\\/\\\/pasitoapasito.es\\\/fr\\\/produit\\\/sac-a-dos-toile-de-jouy-cream\\\/\",\"name\":\"SAC A DOS TOILE DE JOUY CREAM - Pasito a Pasito\",\"isPartOf\":{\"@id\":\"https:\\\/\\\/pasitoapasito.es\\\/fr\\\/#website\"},\"primaryImageOfPage\":{\"@id\":\"https:\\\/\\\/pasitoapasito.es\\\/fr\\\/produit\\\/sac-a-dos-toile-de-jouy-cream\\\/#primaryimage\"},\"image\":{\"@id\":\"https:\\\/\\\/pasitoapasito.es\\\/fr\\\/produit\\\/sac-a-dos-toile-de-jouy-cream\\\/#primaryimage\"},\"thumbnailUrl\":\"https:\\\/\\\/pasitoapasito.es\\\/wp-content\\\/uploads\\\/2024\\\/02\\\/1120900286_a.jpg\",\"datePublished\":\"2024-02-23T08:41:18+00:00\",\"dateModified\":\"2024-02-23T11:43:09+00:00\",\"breadcrumb\":{\"@id\":\"https:\\\/\\\/pasitoapasito.es\\\/fr\\\/produit\\\/sac-a-dos-toile-de-jouy-cream\\\/#breadcrumb\"},\"inLanguage\":\"fr-FR\",\"potentialAction\":[{\"@type\":\"ReadAction\",\"target\":[\"https:\\\/\\\/pasitoapasito.es\\\/fr\\\/produit\\\/sac-a-dos-toile-de-jouy-cream\\\/\"]}]},{\"@type\":\"ImageObject\",\"inLanguage\":\"fr-FR\",\"@id\":\"https:\\\/\\\/pasitoapasito.es\\\/fr\\\/produit\\\/sac-a-dos-toile-de-jouy-cream\\\/#primaryimage\",\"url\":\"https:\\\/\\\/pasitoapasito.es\\\/wp-content\\\/uploads\\\/2024\\\/02\\\/1120900286_a.jpg\",\"contentUrl\":\"https:\\\/\\\/pasitoapasito.es\\\/wp-content\\\/uploads\\\/2024\\\/02\\\/1120900286_a.jpg\",\"width\":1200,\"height\":1200},{\"@type\":\"BreadcrumbList\",\"@id\":\"https:\\\/\\\/pasitoapasito.es\\\/fr\\\/produit\\\/sac-a-dos-toile-de-jouy-cream\\\/#breadcrumb\",\"itemListElement\":[{\"@type\":\"ListItem\",\"position\":1,\"name\":\"Tienda\",\"item\":\"https:\\\/\\\/pasitoapasito.es\\\/tienda\\\/\"},{\"@type\":\"ListItem\",\"position\":2,\"name\":\"SAC A DOS TOILE DE JOUY CREAM\"}]},{\"@type\":\"WebSite\",\"@id\":\"https:\\\/\\\/pasitoapasito.es\\\/fr\\\/#website\",\"url\":\"https:\\\/\\\/pasitoapasito.es\\\/fr\\\/\",\"name\":\"Pasito a Pasito\",\"description\":\"\",\"potentialAction\":[{\"@type\":\"SearchAction\",\"target\":{\"@type\":\"EntryPoint\",\"urlTemplate\":\"https:\\\/\\\/pasitoapasito.es\\\/fr\\\/?s={search_term_string}\"},\"query-input\":{\"@type\":\"PropertyValueSpecification\",\"valueRequired\":true,\"valueName\":\"search_term_string\"}}],\"inLanguage\":\"fr-FR\"}]}<\/script>\n<!-- \/ Yoast SEO plugin. -->","yoast_head_json":{"title":"SAC A DOS TOILE DE JOUY CREAM - Pasito a Pasito","robots":{"index":"index","follow":"follow","max-snippet":"max-snippet:-1","max-image-preview":"max-image-preview:large","max-video-preview":"max-video-preview:-1"},"canonical":"https:\/\/pasitoapasito.es\/fr\/produit\/sac-a-dos-toile-de-jouy-cream\/","og_locale":"fr_FR","og_type":"article","og_title":"SAC A DOS TOILE DE JOUY CREAM - Pasito a Pasito","og_description":"Sac \u00e0 dos en simili cuir imprim\u00e9 Toile de Jouy Cream. Grande capacit\u00e9 pour transporter tout ce dont vous et votre b\u00e9b\u00e9 avez besoin. Poches int\u00e9rieures et ext\u00e9rieures pour garder tout organis\u00e9 et \u00e0 port\u00e9e de main. Il dispose d&rsquo;une poche int\u00e9rieure thermique pour les biberons et d&rsquo;une poche plastifi\u00e9e pour les v\u00eatements mouill\u00e9s. Poche [&hellip;]","og_url":"https:\/\/pasitoapasito.es\/fr\/produit\/sac-a-dos-toile-de-jouy-cream\/","og_site_name":"Pasito a Pasito","article_modified_time":"2024-02-23T11:43:09+00:00","og_image":[{"width":1200,"height":1200,"url":"https:\/\/pasitoapasito.es\/wp-content\/uploads\/2024\/02\/1120900286_a.jpg","type":"image\/jpeg"}],"twitter_card":"summary_large_image","twitter_misc":{"Dur\u00e9e de lecture estim\u00e9e":"1 minute"},"schema":{"@context":"https:\/\/schema.org","@graph":[{"@type":"WebPage","@id":"https:\/\/pasitoapasito.es\/fr\/produit\/sac-a-dos-toile-de-jouy-cream\/","url":"https:\/\/pasitoapasito.es\/fr\/produit\/sac-a-dos-toile-de-jouy-cream\/","name":"SAC A DOS TOILE DE JOUY CREAM - Pasito a Pasito","isPartOf":{"@id":"https:\/\/pasitoapasito.es\/fr\/#website"},"primaryImageOfPage":{"@id":"https:\/\/pasitoapasito.es\/fr\/produit\/sac-a-dos-toile-de-jouy-cream\/#primaryimage"},"image":{"@id":"https:\/\/pasitoapasito.es\/fr\/produit\/sac-a-dos-toile-de-jouy-cream\/#primaryimage"},"thumbnailUrl":"https:\/\/pasitoapasito.es\/wp-content\/uploads\/2024\/02\/1120900286_a.jpg","datePublished":"2024-02-23T08:41:18+00:00","dateModified":"2024-02-23T11:43:09+00:00","breadcrumb":{"@id":"https:\/\/pasitoapasito.es\/fr\/produit\/sac-a-dos-toile-de-jouy-cream\/#breadcrumb"},"inLanguage":"fr-FR","potentialAction":[{"@type":"ReadAction","target":["https:\/\/pasitoapasito.es\/fr\/produit\/sac-a-dos-toile-de-jouy-cream\/"]}]},{"@type":"ImageObject","inLanguage":"fr-FR","@id":"https:\/\/pasitoapasito.es\/fr\/produit\/sac-a-dos-toile-de-jouy-cream\/#primaryimage","url":"https:\/\/pasitoapasito.es\/wp-content\/uploads\/2024\/02\/1120900286_a.jpg","contentUrl":"https:\/\/pasitoapasito.es\/wp-content\/uploads\/2024\/02\/1120900286_a.jpg","width":1200,"height":1200},{"@type":"BreadcrumbList","@id":"https:\/\/pasitoapasito.es\/fr\/produit\/sac-a-dos-toile-de-jouy-cream\/#breadcrumb","itemListElement":[{"@type":"ListItem","position":1,"name":"Tienda","item":"https:\/\/pasitoapasito.es\/tienda\/"},{"@type":"ListItem","position":2,"name":"SAC A DOS TOILE DE JOUY CREAM"}]},{"@type":"WebSite","@id":"https:\/\/pasitoapasito.es\/fr\/#website","url":"https:\/\/pasitoapasito.es\/fr\/","name":"Pasito a Pasito","description":"","potentialAction":[{"@type":"SearchAction","target":{"@type":"EntryPoint","urlTemplate":"https:\/\/pasitoapasito.es\/fr\/?s={search_term_string}"},"query-input":{"@type":"PropertyValueSpecification","valueRequired":true,"valueName":"search_term_string"}}],"inLanguage":"fr-FR"}]}},"_links":{"self":[{"href":"https:\/\/pasitoapasito.es\/fr\/wp-json\/wp\/v2\/product\/31719","targetHints":{"allow":["GET"]}}],"collection":[{"href":"https:\/\/pasitoapasito.es\/fr\/wp-json\/wp\/v2\/product"}],"about":[{"href":"https:\/\/pasitoapasito.es\/fr\/wp-json\/wp\/v2\/types\/product"}],"replies":[{"embeddable":true,"href":"https:\/\/pasitoapasito.es\/fr\/wp-json\/wp\/v2\/comments?post=31719"}],"wp:featuredmedia":[{"embeddable":true,"href":"https:\/\/pasitoapasito.es\/fr\/wp-json\/wp\/v2\/media\/29976"}],"wp:attachment":[{"href":"https:\/\/pasitoapasito.es\/fr\/wp-json\/wp\/v2\/media?parent=31719"}],"wp:term":[{"taxonomy":"colecciones","embeddable":true,"href":"https:\/\/pasitoapasito.es\/fr\/wp-json\/wp\/v2\/colecciones?post=31719"},{"taxonomy":"product_brand","embeddable":true,"href":"https:\/\/pasitoapasito.es\/fr\/wp-json\/wp\/v2\/product_brand?post=31719"},{"taxonomy":"product_cat","embeddable":true,"href":"https:\/\/pasitoapasito.es\/fr\/wp-json\/wp\/v2\/product_cat?post=31719"},{"taxonomy":"product_tag","embeddable":true,"href":"https:\/\/pasitoapasito.es\/fr\/wp-json\/wp\/v2\/product_tag?post=31719"}],"curies":[{"name":"wp","href":"https:\/\/api.w.org\/{rel}","templated":true}]}}