{"id":28307,"date":"2023-01-25T10:28:58","date_gmt":"2023-02-20T10:41:33","guid":{"rendered":"https:\/\/pasitoapasito.es\/producto\/housse-poussette-delia-rose\/"},"modified":"2023-02-20T10:41:33","modified_gmt":"2023-02-20T10:41:33","slug":"housse-poussette-delia-rose","status":"publish","type":"product","link":"https:\/\/pasitoapasito.es\/fr\/produit\/housse-poussette-delia-rose\/","title":{"rendered":"HOUSSE POUSSETTE DELIA ROSE"},"content":{"rendered":"<p>Housse d&rsquo;\u00e9t\u00e9 universelle Delia fleurs roses, id\u00e9ale pour recouvrir la poussette. Partie post\u00e9rieure avec un mat\u00e9riau anti-transpiration qui emp\u00eache le b\u00e9b\u00e9 de trop transpirer et prot\u00e8ge le si\u00e8ge, rendant la promenade plus confortable. Elle dispose de diff\u00e9rentes ouvertures (boutonni\u00e8res) et de r\u00e9glage pour l&rsquo;adapter \u00e0 la plupart des poussettes. Toutes les housses de si\u00e8ge-auto sont fabriqu\u00e9es selon les normes europ\u00e9ennes les plus exigeantes. Les mat\u00e9riaux utilis\u00e9s sont exempts de colorants azo\u00efques et de substances nocives pour la sant\u00e9 de votre b\u00e9b\u00e9. Mod\u00e8le compatible avec toutes les poussettes. Facile \u00e0 nettoyer, nous recommandons le lavage en machine \u00e0 30\u00b0C. Housses de landau et poussette Pasito a pasito. Mat\u00e9riaux : 100 % coton. Couleur: Rose. Taille: Universelle.<\/p>\n","protected":false},"excerpt":{"rendered":"<p>Housse d&rsquo;\u00e9t\u00e9 universelle Delia fleurs roses, id\u00e9ale pour recouvrir la poussette. Partie post\u00e9rieure avec un mat\u00e9riau anti-transpiration qui emp\u00eache le b\u00e9b\u00e9 de trop transpirer et prot\u00e8ge le si\u00e8ge, rendant la promenade plus confortable. Elle dispose de diff\u00e9rentes ouvertures (boutonni\u00e8res) et de r\u00e9glage pour l&rsquo;adapter \u00e0 la plupart des poussettes. Toutes les housses de si\u00e8ge-auto sont [&hellip;]<\/p>\n","protected":false},"featured_media":28168,"comment_status":"closed","ping_status":"closed","template":"","meta":{"_acf_changed":false,"inline_featured_image":false},"colecciones":[],"product_brand":[],"product_cat":[257],"product_tag":[],"class_list":{"0":"post-28307","1":"product","2":"type-product","3":"status-publish","4":"has-post-thumbnail","6":"product_cat-special-prices-fr","8":"first","9":"instock","10":"purchasable","11":"product-type-simple"},"acf":[],"yoast_head":"<!-- This site is optimized with the Yoast SEO plugin v27.4 - https:\/\/yoast.com\/product\/yoast-seo-wordpress\/ -->\n<title>HOUSSE POUSSETTE DELIA ROSE - Pasito a Pasito<\/title>\n<meta name=\"robots\" content=\"index, follow, max-snippet:-1, max-image-preview:large, max-video-preview:-1\" \/>\n<link rel=\"canonical\" href=\"https:\/\/pasitoapasito.es\/fr\/produit\/housse-poussette-delia-rose\/\" \/>\n<meta property=\"og:locale\" content=\"fr_FR\" \/>\n<meta property=\"og:type\" content=\"article\" \/>\n<meta property=\"og:title\" content=\"HOUSSE POUSSETTE DELIA ROSE - Pasito a Pasito\" \/>\n<meta property=\"og:description\" content=\"Housse d&rsquo;\u00e9t\u00e9 universelle Delia fleurs roses, id\u00e9ale pour recouvrir la poussette. Partie post\u00e9rieure avec un mat\u00e9riau anti-transpiration qui emp\u00eache le b\u00e9b\u00e9 de trop transpirer et prot\u00e8ge le si\u00e8ge, rendant la promenade plus confortable. Elle dispose de diff\u00e9rentes ouvertures (boutonni\u00e8res) et de r\u00e9glage pour l&rsquo;adapter \u00e0 la plupart des poussettes. Toutes les housses de si\u00e8ge-auto sont [&hellip;]\" \/>\n<meta property=\"og:url\" content=\"https:\/\/pasitoapasito.es\/fr\/produit\/housse-poussette-delia-rose\/\" \/>\n<meta property=\"og:site_name\" content=\"Pasito a Pasito\" \/>\n<meta property=\"og:image\" content=\"https:\/\/pasitoapasito.es\/wp-content\/uploads\/2023\/01\/1120900076.jpg\" \/>\n\t<meta property=\"og:image:width\" content=\"1200\" \/>\n\t<meta property=\"og:image:height\" content=\"1200\" \/>\n\t<meta property=\"og:image:type\" content=\"image\/jpeg\" \/>\n<meta name=\"twitter:card\" content=\"summary_large_image\" \/>\n<meta name=\"twitter:label1\" content=\"Dur\u00e9e de lecture estim\u00e9e\" \/>\n\t<meta name=\"twitter:data1\" content=\"1 minute\" \/>\n<script type=\"application\/ld+json\" class=\"yoast-schema-graph\">{\"@context\":\"https:\\\/\\\/schema.org\",\"@graph\":[{\"@type\":\"WebPage\",\"@id\":\"https:\\\/\\\/pasitoapasito.es\\\/fr\\\/produit\\\/housse-poussette-delia-rose\\\/\",\"url\":\"https:\\\/\\\/pasitoapasito.es\\\/fr\\\/produit\\\/housse-poussette-delia-rose\\\/\",\"name\":\"HOUSSE POUSSETTE DELIA ROSE - Pasito a Pasito\",\"isPartOf\":{\"@id\":\"https:\\\/\\\/pasitoapasito.es\\\/fr\\\/#website\"},\"primaryImageOfPage\":{\"@id\":\"https:\\\/\\\/pasitoapasito.es\\\/fr\\\/produit\\\/housse-poussette-delia-rose\\\/#primaryimage\"},\"image\":{\"@id\":\"https:\\\/\\\/pasitoapasito.es\\\/fr\\\/produit\\\/housse-poussette-delia-rose\\\/#primaryimage\"},\"thumbnailUrl\":\"https:\\\/\\\/pasitoapasito.es\\\/wp-content\\\/uploads\\\/2023\\\/01\\\/1120900076.jpg\",\"datePublished\":\"2023-02-20T10:41:33+00:00\",\"breadcrumb\":{\"@id\":\"https:\\\/\\\/pasitoapasito.es\\\/fr\\\/produit\\\/housse-poussette-delia-rose\\\/#breadcrumb\"},\"inLanguage\":\"fr-FR\",\"potentialAction\":[{\"@type\":\"ReadAction\",\"target\":[\"https:\\\/\\\/pasitoapasito.es\\\/fr\\\/produit\\\/housse-poussette-delia-rose\\\/\"]}]},{\"@type\":\"ImageObject\",\"inLanguage\":\"fr-FR\",\"@id\":\"https:\\\/\\\/pasitoapasito.es\\\/fr\\\/produit\\\/housse-poussette-delia-rose\\\/#primaryimage\",\"url\":\"https:\\\/\\\/pasitoapasito.es\\\/wp-content\\\/uploads\\\/2023\\\/01\\\/1120900076.jpg\",\"contentUrl\":\"https:\\\/\\\/pasitoapasito.es\\\/wp-content\\\/uploads\\\/2023\\\/01\\\/1120900076.jpg\",\"width\":1200,\"height\":1200},{\"@type\":\"BreadcrumbList\",\"@id\":\"https:\\\/\\\/pasitoapasito.es\\\/fr\\\/produit\\\/housse-poussette-delia-rose\\\/#breadcrumb\",\"itemListElement\":[{\"@type\":\"ListItem\",\"position\":1,\"name\":\"Tienda\",\"item\":\"https:\\\/\\\/pasitoapasito.es\\\/tienda\\\/\"},{\"@type\":\"ListItem\",\"position\":2,\"name\":\"HOUSSE POUSSETTE DELIA ROSE\"}]},{\"@type\":\"WebSite\",\"@id\":\"https:\\\/\\\/pasitoapasito.es\\\/fr\\\/#website\",\"url\":\"https:\\\/\\\/pasitoapasito.es\\\/fr\\\/\",\"name\":\"Pasito a Pasito\",\"description\":\"\",\"potentialAction\":[{\"@type\":\"SearchAction\",\"target\":{\"@type\":\"EntryPoint\",\"urlTemplate\":\"https:\\\/\\\/pasitoapasito.es\\\/fr\\\/?s={search_term_string}\"},\"query-input\":{\"@type\":\"PropertyValueSpecification\",\"valueRequired\":true,\"valueName\":\"search_term_string\"}}],\"inLanguage\":\"fr-FR\"}]}<\/script>\n<!-- \/ Yoast SEO plugin. -->","yoast_head_json":{"title":"HOUSSE POUSSETTE DELIA ROSE - Pasito a Pasito","robots":{"index":"index","follow":"follow","max-snippet":"max-snippet:-1","max-image-preview":"max-image-preview:large","max-video-preview":"max-video-preview:-1"},"canonical":"https:\/\/pasitoapasito.es\/fr\/produit\/housse-poussette-delia-rose\/","og_locale":"fr_FR","og_type":"article","og_title":"HOUSSE POUSSETTE DELIA ROSE - Pasito a Pasito","og_description":"Housse d&rsquo;\u00e9t\u00e9 universelle Delia fleurs roses, id\u00e9ale pour recouvrir la poussette. Partie post\u00e9rieure avec un mat\u00e9riau anti-transpiration qui emp\u00eache le b\u00e9b\u00e9 de trop transpirer et prot\u00e8ge le si\u00e8ge, rendant la promenade plus confortable. Elle dispose de diff\u00e9rentes ouvertures (boutonni\u00e8res) et de r\u00e9glage pour l&rsquo;adapter \u00e0 la plupart des poussettes. Toutes les housses de si\u00e8ge-auto sont [&hellip;]","og_url":"https:\/\/pasitoapasito.es\/fr\/produit\/housse-poussette-delia-rose\/","og_site_name":"Pasito a Pasito","og_image":[{"width":1200,"height":1200,"url":"https:\/\/pasitoapasito.es\/wp-content\/uploads\/2023\/01\/1120900076.jpg","type":"image\/jpeg"}],"twitter_card":"summary_large_image","twitter_misc":{"Dur\u00e9e de lecture estim\u00e9e":"1 minute"},"schema":{"@context":"https:\/\/schema.org","@graph":[{"@type":"WebPage","@id":"https:\/\/pasitoapasito.es\/fr\/produit\/housse-poussette-delia-rose\/","url":"https:\/\/pasitoapasito.es\/fr\/produit\/housse-poussette-delia-rose\/","name":"HOUSSE POUSSETTE DELIA ROSE - Pasito a Pasito","isPartOf":{"@id":"https:\/\/pasitoapasito.es\/fr\/#website"},"primaryImageOfPage":{"@id":"https:\/\/pasitoapasito.es\/fr\/produit\/housse-poussette-delia-rose\/#primaryimage"},"image":{"@id":"https:\/\/pasitoapasito.es\/fr\/produit\/housse-poussette-delia-rose\/#primaryimage"},"thumbnailUrl":"https:\/\/pasitoapasito.es\/wp-content\/uploads\/2023\/01\/1120900076.jpg","datePublished":"2023-02-20T10:41:33+00:00","breadcrumb":{"@id":"https:\/\/pasitoapasito.es\/fr\/produit\/housse-poussette-delia-rose\/#breadcrumb"},"inLanguage":"fr-FR","potentialAction":[{"@type":"ReadAction","target":["https:\/\/pasitoapasito.es\/fr\/produit\/housse-poussette-delia-rose\/"]}]},{"@type":"ImageObject","inLanguage":"fr-FR","@id":"https:\/\/pasitoapasito.es\/fr\/produit\/housse-poussette-delia-rose\/#primaryimage","url":"https:\/\/pasitoapasito.es\/wp-content\/uploads\/2023\/01\/1120900076.jpg","contentUrl":"https:\/\/pasitoapasito.es\/wp-content\/uploads\/2023\/01\/1120900076.jpg","width":1200,"height":1200},{"@type":"BreadcrumbList","@id":"https:\/\/pasitoapasito.es\/fr\/produit\/housse-poussette-delia-rose\/#breadcrumb","itemListElement":[{"@type":"ListItem","position":1,"name":"Tienda","item":"https:\/\/pasitoapasito.es\/tienda\/"},{"@type":"ListItem","position":2,"name":"HOUSSE POUSSETTE DELIA ROSE"}]},{"@type":"WebSite","@id":"https:\/\/pasitoapasito.es\/fr\/#website","url":"https:\/\/pasitoapasito.es\/fr\/","name":"Pasito a Pasito","description":"","potentialAction":[{"@type":"SearchAction","target":{"@type":"EntryPoint","urlTemplate":"https:\/\/pasitoapasito.es\/fr\/?s={search_term_string}"},"query-input":{"@type":"PropertyValueSpecification","valueRequired":true,"valueName":"search_term_string"}}],"inLanguage":"fr-FR"}]}},"_links":{"self":[{"href":"https:\/\/pasitoapasito.es\/fr\/wp-json\/wp\/v2\/product\/28307","targetHints":{"allow":["GET"]}}],"collection":[{"href":"https:\/\/pasitoapasito.es\/fr\/wp-json\/wp\/v2\/product"}],"about":[{"href":"https:\/\/pasitoapasito.es\/fr\/wp-json\/wp\/v2\/types\/product"}],"replies":[{"embeddable":true,"href":"https:\/\/pasitoapasito.es\/fr\/wp-json\/wp\/v2\/comments?post=28307"}],"wp:featuredmedia":[{"embeddable":true,"href":"https:\/\/pasitoapasito.es\/fr\/wp-json\/wp\/v2\/media\/28168"}],"wp:attachment":[{"href":"https:\/\/pasitoapasito.es\/fr\/wp-json\/wp\/v2\/media?parent=28307"}],"wp:term":[{"taxonomy":"colecciones","embeddable":true,"href":"https:\/\/pasitoapasito.es\/fr\/wp-json\/wp\/v2\/colecciones?post=28307"},{"taxonomy":"product_brand","embeddable":true,"href":"https:\/\/pasitoapasito.es\/fr\/wp-json\/wp\/v2\/product_brand?post=28307"},{"taxonomy":"product_cat","embeddable":true,"href":"https:\/\/pasitoapasito.es\/fr\/wp-json\/wp\/v2\/product_cat?post=28307"},{"taxonomy":"product_tag","embeddable":true,"href":"https:\/\/pasitoapasito.es\/fr\/wp-json\/wp\/v2\/product_tag?post=28307"}],"curies":[{"name":"wp","href":"https:\/\/api.w.org\/{rel}","templated":true}]}}