{"id":28300,"date":"2023-01-25T10:26:31","date_gmt":"2023-02-20T10:41:12","guid":{"rendered":"https:\/\/pasitoapasito.es\/producto\/nid-dange-3-en-1-ete-delia-bleu\/"},"modified":"2023-02-20T10:41:26","modified_gmt":"2023-02-20T10:41:26","slug":"nid-dange-3-en-1-ete-delia-bleu","status":"publish","type":"product","link":"https:\/\/pasitoapasito.es\/fr\/produit\/nid-dange-3-en-1-ete-delia-bleu\/","title":{"rendered":"NID D&rsquo;ANGE 3 EN 1 \u00c9T\u00c9 DELIA BLEU"},"content":{"rendered":"<p>Nid d&rsquo;ange 3 en 1, pour landau et si\u00e8ge auto groupe, et assise poussette Delia fleurs bleus. Votre b\u00e9b\u00e9 se sentira en s\u00e9curit\u00e9 et \u00e0 l&rsquo;aise. Il est livr\u00e9 avec plusieurs ouvertures (boutonni\u00e8res) et est con\u00e7u pour s&rsquo;adapter \u00e0 presque tous les landaus ou si\u00e8ges -auto. Toutes nos housses sont fabriqu\u00e9es selon les normes europ\u00e9ennes les plus exigeantes. Tous les mat\u00e9riaux sont exempts de colorants azo\u00efques et de substances nocives nocives pour la sant\u00e9 de votre b\u00e9b\u00e9. Lavable en machine \u00e0 30\u00b0 C pour un nettoyage facile. Housses de landau et poussette Pasito a pasito. Mat\u00e9riaux: 100 % coton. Couleur : Rosa. Taille: Universelle.<\/p>\n","protected":false},"excerpt":{"rendered":"<p>Nid d&rsquo;ange 3 en 1, pour landau et si\u00e8ge auto groupe, et assise poussette Delia fleurs bleus. Votre b\u00e9b\u00e9 se sentira en s\u00e9curit\u00e9 et \u00e0 l&rsquo;aise. Il est livr\u00e9 avec plusieurs ouvertures (boutonni\u00e8res) et est con\u00e7u pour s&rsquo;adapter \u00e0 presque tous les landaus ou si\u00e8ges -auto. Toutes nos housses sont fabriqu\u00e9es selon les normes europ\u00e9ennes [&hellip;]<\/p>\n","protected":false},"featured_media":28021,"comment_status":"closed","ping_status":"closed","template":"","meta":{"_acf_changed":false,"inline_featured_image":false},"colecciones":[],"product_brand":[],"product_cat":[257],"product_tag":[],"class_list":{"0":"post-28300","1":"product","2":"type-product","3":"status-publish","4":"has-post-thumbnail","6":"product_cat-special-prices-fr","8":"first","9":"instock","10":"purchasable","11":"product-type-simple"},"acf":[],"yoast_head":"<!-- This site is optimized with the Yoast SEO plugin v27.4 - https:\/\/yoast.com\/product\/yoast-seo-wordpress\/ -->\n<title>NID D&#039;ANGE 3 EN 1 \u00c9T\u00c9 DELIA BLEU - Pasito a Pasito<\/title>\n<meta name=\"robots\" content=\"index, follow, max-snippet:-1, max-image-preview:large, max-video-preview:-1\" \/>\n<link rel=\"canonical\" href=\"https:\/\/pasitoapasito.es\/fr\/produit\/nid-dange-3-en-1-ete-delia-bleu\/\" \/>\n<meta property=\"og:locale\" content=\"fr_FR\" \/>\n<meta property=\"og:type\" content=\"article\" \/>\n<meta property=\"og:title\" content=\"NID D&#039;ANGE 3 EN 1 \u00c9T\u00c9 DELIA BLEU - Pasito a Pasito\" \/>\n<meta property=\"og:description\" content=\"Nid d&rsquo;ange 3 en 1, pour landau et si\u00e8ge auto groupe, et assise poussette Delia fleurs bleus. Votre b\u00e9b\u00e9 se sentira en s\u00e9curit\u00e9 et \u00e0 l&rsquo;aise. Il est livr\u00e9 avec plusieurs ouvertures (boutonni\u00e8res) et est con\u00e7u pour s&rsquo;adapter \u00e0 presque tous les landaus ou si\u00e8ges -auto. Toutes nos housses sont fabriqu\u00e9es selon les normes europ\u00e9ennes [&hellip;]\" \/>\n<meta property=\"og:url\" content=\"https:\/\/pasitoapasito.es\/fr\/produit\/nid-dange-3-en-1-ete-delia-bleu\/\" \/>\n<meta property=\"og:site_name\" content=\"Pasito a Pasito\" \/>\n<meta property=\"article:modified_time\" content=\"2023-02-20T10:41:26+00:00\" \/>\n<meta property=\"og:image\" content=\"https:\/\/pasitoapasito.es\/wp-content\/uploads\/2023\/01\/1120900069.jpg\" \/>\n\t<meta property=\"og:image:width\" content=\"1200\" \/>\n\t<meta property=\"og:image:height\" content=\"1200\" \/>\n\t<meta property=\"og:image:type\" content=\"image\/jpeg\" \/>\n<meta name=\"twitter:card\" content=\"summary_large_image\" \/>\n<meta name=\"twitter:label1\" content=\"Dur\u00e9e de lecture estim\u00e9e\" \/>\n\t<meta name=\"twitter:data1\" content=\"1 minute\" \/>\n<script type=\"application\/ld+json\" class=\"yoast-schema-graph\">{\"@context\":\"https:\\\/\\\/schema.org\",\"@graph\":[{\"@type\":\"WebPage\",\"@id\":\"https:\\\/\\\/pasitoapasito.es\\\/fr\\\/produit\\\/nid-dange-3-en-1-ete-delia-bleu\\\/\",\"url\":\"https:\\\/\\\/pasitoapasito.es\\\/fr\\\/produit\\\/nid-dange-3-en-1-ete-delia-bleu\\\/\",\"name\":\"NID D'ANGE 3 EN 1 \u00c9T\u00c9 DELIA BLEU - Pasito a Pasito\",\"isPartOf\":{\"@id\":\"https:\\\/\\\/pasitoapasito.es\\\/fr\\\/#website\"},\"primaryImageOfPage\":{\"@id\":\"https:\\\/\\\/pasitoapasito.es\\\/fr\\\/produit\\\/nid-dange-3-en-1-ete-delia-bleu\\\/#primaryimage\"},\"image\":{\"@id\":\"https:\\\/\\\/pasitoapasito.es\\\/fr\\\/produit\\\/nid-dange-3-en-1-ete-delia-bleu\\\/#primaryimage\"},\"thumbnailUrl\":\"https:\\\/\\\/pasitoapasito.es\\\/wp-content\\\/uploads\\\/2023\\\/01\\\/1120900069.jpg\",\"datePublished\":\"2023-02-20T10:41:12+00:00\",\"dateModified\":\"2023-02-20T10:41:26+00:00\",\"breadcrumb\":{\"@id\":\"https:\\\/\\\/pasitoapasito.es\\\/fr\\\/produit\\\/nid-dange-3-en-1-ete-delia-bleu\\\/#breadcrumb\"},\"inLanguage\":\"fr-FR\",\"potentialAction\":[{\"@type\":\"ReadAction\",\"target\":[\"https:\\\/\\\/pasitoapasito.es\\\/fr\\\/produit\\\/nid-dange-3-en-1-ete-delia-bleu\\\/\"]}]},{\"@type\":\"ImageObject\",\"inLanguage\":\"fr-FR\",\"@id\":\"https:\\\/\\\/pasitoapasito.es\\\/fr\\\/produit\\\/nid-dange-3-en-1-ete-delia-bleu\\\/#primaryimage\",\"url\":\"https:\\\/\\\/pasitoapasito.es\\\/wp-content\\\/uploads\\\/2023\\\/01\\\/1120900069.jpg\",\"contentUrl\":\"https:\\\/\\\/pasitoapasito.es\\\/wp-content\\\/uploads\\\/2023\\\/01\\\/1120900069.jpg\",\"width\":1200,\"height\":1200},{\"@type\":\"BreadcrumbList\",\"@id\":\"https:\\\/\\\/pasitoapasito.es\\\/fr\\\/produit\\\/nid-dange-3-en-1-ete-delia-bleu\\\/#breadcrumb\",\"itemListElement\":[{\"@type\":\"ListItem\",\"position\":1,\"name\":\"Tienda\",\"item\":\"https:\\\/\\\/pasitoapasito.es\\\/tienda\\\/\"},{\"@type\":\"ListItem\",\"position\":2,\"name\":\"NID D&rsquo;ANGE 3 EN 1 \u00c9T\u00c9 DELIA BLEU\"}]},{\"@type\":\"WebSite\",\"@id\":\"https:\\\/\\\/pasitoapasito.es\\\/fr\\\/#website\",\"url\":\"https:\\\/\\\/pasitoapasito.es\\\/fr\\\/\",\"name\":\"Pasito a Pasito\",\"description\":\"\",\"potentialAction\":[{\"@type\":\"SearchAction\",\"target\":{\"@type\":\"EntryPoint\",\"urlTemplate\":\"https:\\\/\\\/pasitoapasito.es\\\/fr\\\/?s={search_term_string}\"},\"query-input\":{\"@type\":\"PropertyValueSpecification\",\"valueRequired\":true,\"valueName\":\"search_term_string\"}}],\"inLanguage\":\"fr-FR\"}]}<\/script>\n<!-- \/ Yoast SEO plugin. -->","yoast_head_json":{"title":"NID D'ANGE 3 EN 1 \u00c9T\u00c9 DELIA BLEU - Pasito a Pasito","robots":{"index":"index","follow":"follow","max-snippet":"max-snippet:-1","max-image-preview":"max-image-preview:large","max-video-preview":"max-video-preview:-1"},"canonical":"https:\/\/pasitoapasito.es\/fr\/produit\/nid-dange-3-en-1-ete-delia-bleu\/","og_locale":"fr_FR","og_type":"article","og_title":"NID D'ANGE 3 EN 1 \u00c9T\u00c9 DELIA BLEU - Pasito a Pasito","og_description":"Nid d&rsquo;ange 3 en 1, pour landau et si\u00e8ge auto groupe, et assise poussette Delia fleurs bleus. Votre b\u00e9b\u00e9 se sentira en s\u00e9curit\u00e9 et \u00e0 l&rsquo;aise. Il est livr\u00e9 avec plusieurs ouvertures (boutonni\u00e8res) et est con\u00e7u pour s&rsquo;adapter \u00e0 presque tous les landaus ou si\u00e8ges -auto. Toutes nos housses sont fabriqu\u00e9es selon les normes europ\u00e9ennes [&hellip;]","og_url":"https:\/\/pasitoapasito.es\/fr\/produit\/nid-dange-3-en-1-ete-delia-bleu\/","og_site_name":"Pasito a Pasito","article_modified_time":"2023-02-20T10:41:26+00:00","og_image":[{"width":1200,"height":1200,"url":"https:\/\/pasitoapasito.es\/wp-content\/uploads\/2023\/01\/1120900069.jpg","type":"image\/jpeg"}],"twitter_card":"summary_large_image","twitter_misc":{"Dur\u00e9e de lecture estim\u00e9e":"1 minute"},"schema":{"@context":"https:\/\/schema.org","@graph":[{"@type":"WebPage","@id":"https:\/\/pasitoapasito.es\/fr\/produit\/nid-dange-3-en-1-ete-delia-bleu\/","url":"https:\/\/pasitoapasito.es\/fr\/produit\/nid-dange-3-en-1-ete-delia-bleu\/","name":"NID D'ANGE 3 EN 1 \u00c9T\u00c9 DELIA BLEU - Pasito a Pasito","isPartOf":{"@id":"https:\/\/pasitoapasito.es\/fr\/#website"},"primaryImageOfPage":{"@id":"https:\/\/pasitoapasito.es\/fr\/produit\/nid-dange-3-en-1-ete-delia-bleu\/#primaryimage"},"image":{"@id":"https:\/\/pasitoapasito.es\/fr\/produit\/nid-dange-3-en-1-ete-delia-bleu\/#primaryimage"},"thumbnailUrl":"https:\/\/pasitoapasito.es\/wp-content\/uploads\/2023\/01\/1120900069.jpg","datePublished":"2023-02-20T10:41:12+00:00","dateModified":"2023-02-20T10:41:26+00:00","breadcrumb":{"@id":"https:\/\/pasitoapasito.es\/fr\/produit\/nid-dange-3-en-1-ete-delia-bleu\/#breadcrumb"},"inLanguage":"fr-FR","potentialAction":[{"@type":"ReadAction","target":["https:\/\/pasitoapasito.es\/fr\/produit\/nid-dange-3-en-1-ete-delia-bleu\/"]}]},{"@type":"ImageObject","inLanguage":"fr-FR","@id":"https:\/\/pasitoapasito.es\/fr\/produit\/nid-dange-3-en-1-ete-delia-bleu\/#primaryimage","url":"https:\/\/pasitoapasito.es\/wp-content\/uploads\/2023\/01\/1120900069.jpg","contentUrl":"https:\/\/pasitoapasito.es\/wp-content\/uploads\/2023\/01\/1120900069.jpg","width":1200,"height":1200},{"@type":"BreadcrumbList","@id":"https:\/\/pasitoapasito.es\/fr\/produit\/nid-dange-3-en-1-ete-delia-bleu\/#breadcrumb","itemListElement":[{"@type":"ListItem","position":1,"name":"Tienda","item":"https:\/\/pasitoapasito.es\/tienda\/"},{"@type":"ListItem","position":2,"name":"NID D&rsquo;ANGE 3 EN 1 \u00c9T\u00c9 DELIA BLEU"}]},{"@type":"WebSite","@id":"https:\/\/pasitoapasito.es\/fr\/#website","url":"https:\/\/pasitoapasito.es\/fr\/","name":"Pasito a Pasito","description":"","potentialAction":[{"@type":"SearchAction","target":{"@type":"EntryPoint","urlTemplate":"https:\/\/pasitoapasito.es\/fr\/?s={search_term_string}"},"query-input":{"@type":"PropertyValueSpecification","valueRequired":true,"valueName":"search_term_string"}}],"inLanguage":"fr-FR"}]}},"_links":{"self":[{"href":"https:\/\/pasitoapasito.es\/fr\/wp-json\/wp\/v2\/product\/28300","targetHints":{"allow":["GET"]}}],"collection":[{"href":"https:\/\/pasitoapasito.es\/fr\/wp-json\/wp\/v2\/product"}],"about":[{"href":"https:\/\/pasitoapasito.es\/fr\/wp-json\/wp\/v2\/types\/product"}],"replies":[{"embeddable":true,"href":"https:\/\/pasitoapasito.es\/fr\/wp-json\/wp\/v2\/comments?post=28300"}],"wp:featuredmedia":[{"embeddable":true,"href":"https:\/\/pasitoapasito.es\/fr\/wp-json\/wp\/v2\/media\/28021"}],"wp:attachment":[{"href":"https:\/\/pasitoapasito.es\/fr\/wp-json\/wp\/v2\/media?parent=28300"}],"wp:term":[{"taxonomy":"colecciones","embeddable":true,"href":"https:\/\/pasitoapasito.es\/fr\/wp-json\/wp\/v2\/colecciones?post=28300"},{"taxonomy":"product_brand","embeddable":true,"href":"https:\/\/pasitoapasito.es\/fr\/wp-json\/wp\/v2\/product_brand?post=28300"},{"taxonomy":"product_cat","embeddable":true,"href":"https:\/\/pasitoapasito.es\/fr\/wp-json\/wp\/v2\/product_cat?post=28300"},{"taxonomy":"product_tag","embeddable":true,"href":"https:\/\/pasitoapasito.es\/fr\/wp-json\/wp\/v2\/product_tag?post=28300"}],"curies":[{"name":"wp","href":"https:\/\/api.w.org\/{rel}","templated":true}]}}