{"id":28291,"date":"2023-01-25T10:26:31","date_gmt":"2023-01-25T10:26:31","guid":{"rendered":"https:\/\/pasitoapasito.es\/producto\/tapis-a-langer-delia-rose\/"},"modified":"2023-02-20T10:41:17","modified_gmt":"2023-02-20T10:41:17","slug":"tapis-a-langer-delia-rose","status":"publish","type":"product","link":"https:\/\/pasitoapasito.es\/fr\/produit\/tapis-a-langer-delia-rose\/","title":{"rendered":"TAPIS A LANGER DELIA ROSE"},"content":{"rendered":"<p>Tapis maternit\u00e9 Pliable en similicuir imprim\u00e9 de fleurs roses Delia. Tr\u00e8s confortable et facile \u00e0 transporter et \u00e0 replier. Il peut \u00eatre lav\u00e9 \u00e0 la main ou en machine \u00e0 30\u00ba. Les mat\u00e9riaux utilis\u00e9s sont exempts de colorants azo\u00efques, de phtalates et de substances nocives pour la sant\u00e9. Dimensions: 52X71X1 cm.<\/p>\n","protected":false},"excerpt":{"rendered":"<p>Tapis maternit\u00e9 Pliable en similicuir imprim\u00e9 de fleurs roses Delia. Tr\u00e8s confortable et facile \u00e0 transporter et \u00e0 replier. Il peut \u00eatre lav\u00e9 \u00e0 la main ou en machine \u00e0 30\u00ba. Les mat\u00e9riaux utilis\u00e9s sont exempts de colorants azo\u00efques, de phtalates et de substances nocives pour la sant\u00e9. Dimensions: 52X71X1 cm.<\/p>\n","protected":false},"featured_media":27828,"comment_status":"closed","ping_status":"closed","template":"","meta":{"_acf_changed":false,"inline_featured_image":false},"colecciones":[],"product_brand":[],"product_cat":[257],"product_tag":[],"class_list":{"0":"post-28291","1":"product","2":"type-product","3":"status-publish","4":"has-post-thumbnail","6":"product_cat-special-prices-fr","8":"first","9":"instock","10":"purchasable","11":"product-type-simple"},"acf":[],"yoast_head":"<!-- This site is optimized with the Yoast SEO plugin v27.4 - https:\/\/yoast.com\/product\/yoast-seo-wordpress\/ -->\n<title>TAPIS A LANGER DELIA ROSE - Pasito a Pasito<\/title>\n<meta name=\"robots\" content=\"index, follow, max-snippet:-1, max-image-preview:large, max-video-preview:-1\" \/>\n<link rel=\"canonical\" href=\"https:\/\/pasitoapasito.es\/fr\/produit\/tapis-a-langer-delia-rose\/\" \/>\n<meta property=\"og:locale\" content=\"fr_FR\" \/>\n<meta property=\"og:type\" content=\"article\" \/>\n<meta property=\"og:title\" content=\"TAPIS A LANGER DELIA ROSE - Pasito a Pasito\" \/>\n<meta property=\"og:description\" content=\"Tapis maternit\u00e9 Pliable en similicuir imprim\u00e9 de fleurs roses Delia. Tr\u00e8s confortable et facile \u00e0 transporter et \u00e0 replier. Il peut \u00eatre lav\u00e9 \u00e0 la main ou en machine \u00e0 30\u00ba. Les mat\u00e9riaux utilis\u00e9s sont exempts de colorants azo\u00efques, de phtalates et de substances nocives pour la sant\u00e9. Dimensions: 52X71X1 cm.\" \/>\n<meta property=\"og:url\" content=\"https:\/\/pasitoapasito.es\/fr\/produit\/tapis-a-langer-delia-rose\/\" \/>\n<meta property=\"og:site_name\" content=\"Pasito a Pasito\" \/>\n<meta property=\"article:modified_time\" content=\"2023-02-20T10:41:17+00:00\" \/>\n<meta property=\"og:image\" content=\"https:\/\/pasitoapasito.es\/wp-content\/uploads\/2023\/01\/1120900060.jpg\" \/>\n\t<meta property=\"og:image:width\" content=\"1200\" \/>\n\t<meta property=\"og:image:height\" content=\"1200\" \/>\n\t<meta property=\"og:image:type\" content=\"image\/jpeg\" \/>\n<meta name=\"twitter:card\" content=\"summary_large_image\" \/>\n<script type=\"application\/ld+json\" class=\"yoast-schema-graph\">{\"@context\":\"https:\\\/\\\/schema.org\",\"@graph\":[{\"@type\":\"WebPage\",\"@id\":\"https:\\\/\\\/pasitoapasito.es\\\/fr\\\/produit\\\/tapis-a-langer-delia-rose\\\/\",\"url\":\"https:\\\/\\\/pasitoapasito.es\\\/fr\\\/produit\\\/tapis-a-langer-delia-rose\\\/\",\"name\":\"TAPIS A LANGER DELIA ROSE - Pasito a Pasito\",\"isPartOf\":{\"@id\":\"https:\\\/\\\/pasitoapasito.es\\\/fr\\\/#website\"},\"primaryImageOfPage\":{\"@id\":\"https:\\\/\\\/pasitoapasito.es\\\/fr\\\/produit\\\/tapis-a-langer-delia-rose\\\/#primaryimage\"},\"image\":{\"@id\":\"https:\\\/\\\/pasitoapasito.es\\\/fr\\\/produit\\\/tapis-a-langer-delia-rose\\\/#primaryimage\"},\"thumbnailUrl\":\"https:\\\/\\\/pasitoapasito.es\\\/wp-content\\\/uploads\\\/2023\\\/01\\\/1120900060.jpg\",\"datePublished\":\"2023-01-25T10:26:31+00:00\",\"dateModified\":\"2023-02-20T10:41:17+00:00\",\"breadcrumb\":{\"@id\":\"https:\\\/\\\/pasitoapasito.es\\\/fr\\\/produit\\\/tapis-a-langer-delia-rose\\\/#breadcrumb\"},\"inLanguage\":\"fr-FR\",\"potentialAction\":[{\"@type\":\"ReadAction\",\"target\":[\"https:\\\/\\\/pasitoapasito.es\\\/fr\\\/produit\\\/tapis-a-langer-delia-rose\\\/\"]}]},{\"@type\":\"ImageObject\",\"inLanguage\":\"fr-FR\",\"@id\":\"https:\\\/\\\/pasitoapasito.es\\\/fr\\\/produit\\\/tapis-a-langer-delia-rose\\\/#primaryimage\",\"url\":\"https:\\\/\\\/pasitoapasito.es\\\/wp-content\\\/uploads\\\/2023\\\/01\\\/1120900060.jpg\",\"contentUrl\":\"https:\\\/\\\/pasitoapasito.es\\\/wp-content\\\/uploads\\\/2023\\\/01\\\/1120900060.jpg\",\"width\":1200,\"height\":1200},{\"@type\":\"BreadcrumbList\",\"@id\":\"https:\\\/\\\/pasitoapasito.es\\\/fr\\\/produit\\\/tapis-a-langer-delia-rose\\\/#breadcrumb\",\"itemListElement\":[{\"@type\":\"ListItem\",\"position\":1,\"name\":\"Tienda\",\"item\":\"https:\\\/\\\/pasitoapasito.es\\\/tienda\\\/\"},{\"@type\":\"ListItem\",\"position\":2,\"name\":\"TAPIS A LANGER DELIA ROSE\"}]},{\"@type\":\"WebSite\",\"@id\":\"https:\\\/\\\/pasitoapasito.es\\\/fr\\\/#website\",\"url\":\"https:\\\/\\\/pasitoapasito.es\\\/fr\\\/\",\"name\":\"Pasito a Pasito\",\"description\":\"\",\"potentialAction\":[{\"@type\":\"SearchAction\",\"target\":{\"@type\":\"EntryPoint\",\"urlTemplate\":\"https:\\\/\\\/pasitoapasito.es\\\/fr\\\/?s={search_term_string}\"},\"query-input\":{\"@type\":\"PropertyValueSpecification\",\"valueRequired\":true,\"valueName\":\"search_term_string\"}}],\"inLanguage\":\"fr-FR\"}]}<\/script>\n<!-- \/ Yoast SEO plugin. -->","yoast_head_json":{"title":"TAPIS A LANGER DELIA ROSE - Pasito a Pasito","robots":{"index":"index","follow":"follow","max-snippet":"max-snippet:-1","max-image-preview":"max-image-preview:large","max-video-preview":"max-video-preview:-1"},"canonical":"https:\/\/pasitoapasito.es\/fr\/produit\/tapis-a-langer-delia-rose\/","og_locale":"fr_FR","og_type":"article","og_title":"TAPIS A LANGER DELIA ROSE - Pasito a Pasito","og_description":"Tapis maternit\u00e9 Pliable en similicuir imprim\u00e9 de fleurs roses Delia. Tr\u00e8s confortable et facile \u00e0 transporter et \u00e0 replier. Il peut \u00eatre lav\u00e9 \u00e0 la main ou en machine \u00e0 30\u00ba. Les mat\u00e9riaux utilis\u00e9s sont exempts de colorants azo\u00efques, de phtalates et de substances nocives pour la sant\u00e9. Dimensions: 52X71X1 cm.","og_url":"https:\/\/pasitoapasito.es\/fr\/produit\/tapis-a-langer-delia-rose\/","og_site_name":"Pasito a Pasito","article_modified_time":"2023-02-20T10:41:17+00:00","og_image":[{"width":1200,"height":1200,"url":"https:\/\/pasitoapasito.es\/wp-content\/uploads\/2023\/01\/1120900060.jpg","type":"image\/jpeg"}],"twitter_card":"summary_large_image","schema":{"@context":"https:\/\/schema.org","@graph":[{"@type":"WebPage","@id":"https:\/\/pasitoapasito.es\/fr\/produit\/tapis-a-langer-delia-rose\/","url":"https:\/\/pasitoapasito.es\/fr\/produit\/tapis-a-langer-delia-rose\/","name":"TAPIS A LANGER DELIA ROSE - Pasito a Pasito","isPartOf":{"@id":"https:\/\/pasitoapasito.es\/fr\/#website"},"primaryImageOfPage":{"@id":"https:\/\/pasitoapasito.es\/fr\/produit\/tapis-a-langer-delia-rose\/#primaryimage"},"image":{"@id":"https:\/\/pasitoapasito.es\/fr\/produit\/tapis-a-langer-delia-rose\/#primaryimage"},"thumbnailUrl":"https:\/\/pasitoapasito.es\/wp-content\/uploads\/2023\/01\/1120900060.jpg","datePublished":"2023-01-25T10:26:31+00:00","dateModified":"2023-02-20T10:41:17+00:00","breadcrumb":{"@id":"https:\/\/pasitoapasito.es\/fr\/produit\/tapis-a-langer-delia-rose\/#breadcrumb"},"inLanguage":"fr-FR","potentialAction":[{"@type":"ReadAction","target":["https:\/\/pasitoapasito.es\/fr\/produit\/tapis-a-langer-delia-rose\/"]}]},{"@type":"ImageObject","inLanguage":"fr-FR","@id":"https:\/\/pasitoapasito.es\/fr\/produit\/tapis-a-langer-delia-rose\/#primaryimage","url":"https:\/\/pasitoapasito.es\/wp-content\/uploads\/2023\/01\/1120900060.jpg","contentUrl":"https:\/\/pasitoapasito.es\/wp-content\/uploads\/2023\/01\/1120900060.jpg","width":1200,"height":1200},{"@type":"BreadcrumbList","@id":"https:\/\/pasitoapasito.es\/fr\/produit\/tapis-a-langer-delia-rose\/#breadcrumb","itemListElement":[{"@type":"ListItem","position":1,"name":"Tienda","item":"https:\/\/pasitoapasito.es\/tienda\/"},{"@type":"ListItem","position":2,"name":"TAPIS A LANGER DELIA ROSE"}]},{"@type":"WebSite","@id":"https:\/\/pasitoapasito.es\/fr\/#website","url":"https:\/\/pasitoapasito.es\/fr\/","name":"Pasito a Pasito","description":"","potentialAction":[{"@type":"SearchAction","target":{"@type":"EntryPoint","urlTemplate":"https:\/\/pasitoapasito.es\/fr\/?s={search_term_string}"},"query-input":{"@type":"PropertyValueSpecification","valueRequired":true,"valueName":"search_term_string"}}],"inLanguage":"fr-FR"}]}},"_links":{"self":[{"href":"https:\/\/pasitoapasito.es\/fr\/wp-json\/wp\/v2\/product\/28291","targetHints":{"allow":["GET"]}}],"collection":[{"href":"https:\/\/pasitoapasito.es\/fr\/wp-json\/wp\/v2\/product"}],"about":[{"href":"https:\/\/pasitoapasito.es\/fr\/wp-json\/wp\/v2\/types\/product"}],"replies":[{"embeddable":true,"href":"https:\/\/pasitoapasito.es\/fr\/wp-json\/wp\/v2\/comments?post=28291"}],"wp:featuredmedia":[{"embeddable":true,"href":"https:\/\/pasitoapasito.es\/fr\/wp-json\/wp\/v2\/media\/27828"}],"wp:attachment":[{"href":"https:\/\/pasitoapasito.es\/fr\/wp-json\/wp\/v2\/media?parent=28291"}],"wp:term":[{"taxonomy":"colecciones","embeddable":true,"href":"https:\/\/pasitoapasito.es\/fr\/wp-json\/wp\/v2\/colecciones?post=28291"},{"taxonomy":"product_brand","embeddable":true,"href":"https:\/\/pasitoapasito.es\/fr\/wp-json\/wp\/v2\/product_brand?post=28291"},{"taxonomy":"product_cat","embeddable":true,"href":"https:\/\/pasitoapasito.es\/fr\/wp-json\/wp\/v2\/product_cat?post=28291"},{"taxonomy":"product_tag","embeddable":true,"href":"https:\/\/pasitoapasito.es\/fr\/wp-json\/wp\/v2\/product_tag?post=28291"}],"curies":[{"name":"wp","href":"https:\/\/api.w.org\/{rel}","templated":true}]}}