{"id":27356,"date":"2022-10-18T07:50:17","date_gmt":"2022-10-18T07:50:17","guid":{"rendered":"https:\/\/pasitoapasito.es\/producto\/sac-isotherme-biberon-london-animal-print\/"},"modified":"2022-10-18T08:09:40","modified_gmt":"2022-10-18T08:09:40","slug":"sac-isotherme-biberon-london-animal-print","status":"publish","type":"product","link":"https:\/\/pasitoapasito.es\/fr\/produit\/sac-isotherme-biberon-london-animal-print\/","title":{"rendered":"SAC ISOTHERME BIBERON LONDON ANIMAL PRINT"},"content":{"rendered":"<p>Sac isotherme London Animal Print pour biberons et collations en similicuir imprim\u00e9 beige. Maintient la temp\u00e9rature pendant 4 heures. Il int\u00e8gre une longue poign\u00e9e pour pouvoir l&rsquo;accrocher \u00e0 l&rsquo;\u00e9paule et une poign\u00e9e courte. Int\u00e9rieur avec mat\u00e9riau thermique et s\u00e9parations pour un meilleur transport. Finitions de qualit\u00e9. Il est fabriqu\u00e9 avec des mat\u00e9riaux de haute qualit\u00e9, exempts de colorants azo\u00efques, de phtalates et de substances nocives pour la sant\u00e9. Il peut \u00e9galement \u00eatre lav\u00e9 \u00e0 la main ou en machine \u00e0 des temp\u00e9ratures allant jusqu&rsquo;\u00e0 30\u00ba. Les produits pour b\u00e9b\u00e9 Pasito a Pasito ont un design tr\u00e8s diff\u00e9rent de tous les autres. Ses collections se caract\u00e9risent par un travail minutieux, toujours pens\u00e9 d&rsquo;un point de vue pratique. Ils utilisent des mat\u00e9riaux de premi\u00e8re qualit\u00e9 pour mettre en valeur l&rsquo;\u00e9l\u00e9gance et l&rsquo;harmonie de chacune de leurs pi\u00e8ces. Nos mod\u00e8les sont exclusifs et ont un style incomparable, con\u00e7us pour les mamans d&rsquo;aujourd&rsquo;hui qui aiment le bon go\u00fbt et qui appr\u00e9cient les d\u00e9tails autant que nous. Sp\u00e9cifications : Mat\u00e9riaux : Eco-cuir. Beige. Dimensions : 25X20X10 cm.<\/p>\n","protected":false},"excerpt":{"rendered":"<p>Sac isotherme London Animal Print pour biberons et collations en similicuir imprim\u00e9 beige. Maintient la temp\u00e9rature pendant 4 heures. Il int\u00e8gre une longue poign\u00e9e pour pouvoir l&rsquo;accrocher \u00e0 l&rsquo;\u00e9paule et une poign\u00e9e courte. Int\u00e9rieur avec mat\u00e9riau thermique et s\u00e9parations pour un meilleur transport. Finitions de qualit\u00e9. Il est fabriqu\u00e9 avec des mat\u00e9riaux de haute qualit\u00e9, [&hellip;]<\/p>\n","protected":false},"featured_media":24687,"comment_status":"closed","ping_status":"closed","template":"","meta":{"_acf_changed":false,"inline_featured_image":false},"colecciones":[],"product_brand":[],"product_cat":[257],"product_tag":[],"class_list":{"0":"post-27356","1":"product","2":"type-product","3":"status-publish","4":"has-post-thumbnail","6":"product_cat-special-prices-fr","8":"first","9":"instock","10":"purchasable","11":"product-type-simple"},"acf":[],"yoast_head":"<!-- This site is optimized with the Yoast SEO plugin v27.4 - https:\/\/yoast.com\/product\/yoast-seo-wordpress\/ -->\n<title>SAC ISOTHERME BIBERON LONDON ANIMAL PRINT - Pasito a Pasito<\/title>\n<meta name=\"robots\" content=\"index, follow, max-snippet:-1, max-image-preview:large, max-video-preview:-1\" \/>\n<link rel=\"canonical\" href=\"https:\/\/pasitoapasito.es\/fr\/produit\/sac-isotherme-biberon-london-animal-print\/\" \/>\n<meta property=\"og:locale\" content=\"fr_FR\" \/>\n<meta property=\"og:type\" content=\"article\" \/>\n<meta property=\"og:title\" content=\"SAC ISOTHERME BIBERON LONDON ANIMAL PRINT - Pasito a Pasito\" \/>\n<meta property=\"og:description\" content=\"Sac isotherme London Animal Print pour biberons et collations en similicuir imprim\u00e9 beige. Maintient la temp\u00e9rature pendant 4 heures. Il int\u00e8gre une longue poign\u00e9e pour pouvoir l&rsquo;accrocher \u00e0 l&rsquo;\u00e9paule et une poign\u00e9e courte. Int\u00e9rieur avec mat\u00e9riau thermique et s\u00e9parations pour un meilleur transport. Finitions de qualit\u00e9. Il est fabriqu\u00e9 avec des mat\u00e9riaux de haute qualit\u00e9, [&hellip;]\" \/>\n<meta property=\"og:url\" content=\"https:\/\/pasitoapasito.es\/fr\/produit\/sac-isotherme-biberon-london-animal-print\/\" \/>\n<meta property=\"og:site_name\" content=\"Pasito a Pasito\" \/>\n<meta property=\"article:modified_time\" content=\"2022-10-18T08:09:40+00:00\" \/>\n<meta property=\"og:image\" content=\"https:\/\/pasitoapasito.es\/wp-content\/uploads\/2022\/10\/1120900012.jpg\" \/>\n\t<meta property=\"og:image:width\" content=\"1800\" \/>\n\t<meta property=\"og:image:height\" content=\"1800\" \/>\n\t<meta property=\"og:image:type\" content=\"image\/jpeg\" \/>\n<meta name=\"twitter:card\" content=\"summary_large_image\" \/>\n<meta name=\"twitter:label1\" content=\"Dur\u00e9e de lecture estim\u00e9e\" \/>\n\t<meta name=\"twitter:data1\" content=\"1 minute\" \/>\n<script type=\"application\/ld+json\" class=\"yoast-schema-graph\">{\"@context\":\"https:\\\/\\\/schema.org\",\"@graph\":[{\"@type\":\"WebPage\",\"@id\":\"https:\\\/\\\/pasitoapasito.es\\\/fr\\\/produit\\\/sac-isotherme-biberon-london-animal-print\\\/\",\"url\":\"https:\\\/\\\/pasitoapasito.es\\\/fr\\\/produit\\\/sac-isotherme-biberon-london-animal-print\\\/\",\"name\":\"SAC ISOTHERME BIBERON LONDON ANIMAL PRINT - Pasito a Pasito\",\"isPartOf\":{\"@id\":\"https:\\\/\\\/pasitoapasito.es\\\/fr\\\/#website\"},\"primaryImageOfPage\":{\"@id\":\"https:\\\/\\\/pasitoapasito.es\\\/fr\\\/produit\\\/sac-isotherme-biberon-london-animal-print\\\/#primaryimage\"},\"image\":{\"@id\":\"https:\\\/\\\/pasitoapasito.es\\\/fr\\\/produit\\\/sac-isotherme-biberon-london-animal-print\\\/#primaryimage\"},\"thumbnailUrl\":\"https:\\\/\\\/pasitoapasito.es\\\/wp-content\\\/uploads\\\/2022\\\/10\\\/1120900012.jpg\",\"datePublished\":\"2022-10-18T07:50:17+00:00\",\"dateModified\":\"2022-10-18T08:09:40+00:00\",\"breadcrumb\":{\"@id\":\"https:\\\/\\\/pasitoapasito.es\\\/fr\\\/produit\\\/sac-isotherme-biberon-london-animal-print\\\/#breadcrumb\"},\"inLanguage\":\"fr-FR\",\"potentialAction\":[{\"@type\":\"ReadAction\",\"target\":[\"https:\\\/\\\/pasitoapasito.es\\\/fr\\\/produit\\\/sac-isotherme-biberon-london-animal-print\\\/\"]}]},{\"@type\":\"ImageObject\",\"inLanguage\":\"fr-FR\",\"@id\":\"https:\\\/\\\/pasitoapasito.es\\\/fr\\\/produit\\\/sac-isotherme-biberon-london-animal-print\\\/#primaryimage\",\"url\":\"https:\\\/\\\/pasitoapasito.es\\\/wp-content\\\/uploads\\\/2022\\\/10\\\/1120900012.jpg\",\"contentUrl\":\"https:\\\/\\\/pasitoapasito.es\\\/wp-content\\\/uploads\\\/2022\\\/10\\\/1120900012.jpg\",\"width\":1800,\"height\":1800},{\"@type\":\"BreadcrumbList\",\"@id\":\"https:\\\/\\\/pasitoapasito.es\\\/fr\\\/produit\\\/sac-isotherme-biberon-london-animal-print\\\/#breadcrumb\",\"itemListElement\":[{\"@type\":\"ListItem\",\"position\":1,\"name\":\"Tienda\",\"item\":\"https:\\\/\\\/pasitoapasito.es\\\/tienda\\\/\"},{\"@type\":\"ListItem\",\"position\":2,\"name\":\"SAC ISOTHERME BIBERON LONDON ANIMAL PRINT\"}]},{\"@type\":\"WebSite\",\"@id\":\"https:\\\/\\\/pasitoapasito.es\\\/fr\\\/#website\",\"url\":\"https:\\\/\\\/pasitoapasito.es\\\/fr\\\/\",\"name\":\"Pasito a Pasito\",\"description\":\"\",\"potentialAction\":[{\"@type\":\"SearchAction\",\"target\":{\"@type\":\"EntryPoint\",\"urlTemplate\":\"https:\\\/\\\/pasitoapasito.es\\\/fr\\\/?s={search_term_string}\"},\"query-input\":{\"@type\":\"PropertyValueSpecification\",\"valueRequired\":true,\"valueName\":\"search_term_string\"}}],\"inLanguage\":\"fr-FR\"}]}<\/script>\n<!-- \/ Yoast SEO plugin. -->","yoast_head_json":{"title":"SAC ISOTHERME BIBERON LONDON ANIMAL PRINT - Pasito a Pasito","robots":{"index":"index","follow":"follow","max-snippet":"max-snippet:-1","max-image-preview":"max-image-preview:large","max-video-preview":"max-video-preview:-1"},"canonical":"https:\/\/pasitoapasito.es\/fr\/produit\/sac-isotherme-biberon-london-animal-print\/","og_locale":"fr_FR","og_type":"article","og_title":"SAC ISOTHERME BIBERON LONDON ANIMAL PRINT - Pasito a Pasito","og_description":"Sac isotherme London Animal Print pour biberons et collations en similicuir imprim\u00e9 beige. Maintient la temp\u00e9rature pendant 4 heures. Il int\u00e8gre une longue poign\u00e9e pour pouvoir l&rsquo;accrocher \u00e0 l&rsquo;\u00e9paule et une poign\u00e9e courte. Int\u00e9rieur avec mat\u00e9riau thermique et s\u00e9parations pour un meilleur transport. Finitions de qualit\u00e9. Il est fabriqu\u00e9 avec des mat\u00e9riaux de haute qualit\u00e9, [&hellip;]","og_url":"https:\/\/pasitoapasito.es\/fr\/produit\/sac-isotherme-biberon-london-animal-print\/","og_site_name":"Pasito a Pasito","article_modified_time":"2022-10-18T08:09:40+00:00","og_image":[{"width":1800,"height":1800,"url":"https:\/\/pasitoapasito.es\/wp-content\/uploads\/2022\/10\/1120900012.jpg","type":"image\/jpeg"}],"twitter_card":"summary_large_image","twitter_misc":{"Dur\u00e9e de lecture estim\u00e9e":"1 minute"},"schema":{"@context":"https:\/\/schema.org","@graph":[{"@type":"WebPage","@id":"https:\/\/pasitoapasito.es\/fr\/produit\/sac-isotherme-biberon-london-animal-print\/","url":"https:\/\/pasitoapasito.es\/fr\/produit\/sac-isotherme-biberon-london-animal-print\/","name":"SAC ISOTHERME BIBERON LONDON ANIMAL PRINT - Pasito a Pasito","isPartOf":{"@id":"https:\/\/pasitoapasito.es\/fr\/#website"},"primaryImageOfPage":{"@id":"https:\/\/pasitoapasito.es\/fr\/produit\/sac-isotherme-biberon-london-animal-print\/#primaryimage"},"image":{"@id":"https:\/\/pasitoapasito.es\/fr\/produit\/sac-isotherme-biberon-london-animal-print\/#primaryimage"},"thumbnailUrl":"https:\/\/pasitoapasito.es\/wp-content\/uploads\/2022\/10\/1120900012.jpg","datePublished":"2022-10-18T07:50:17+00:00","dateModified":"2022-10-18T08:09:40+00:00","breadcrumb":{"@id":"https:\/\/pasitoapasito.es\/fr\/produit\/sac-isotherme-biberon-london-animal-print\/#breadcrumb"},"inLanguage":"fr-FR","potentialAction":[{"@type":"ReadAction","target":["https:\/\/pasitoapasito.es\/fr\/produit\/sac-isotherme-biberon-london-animal-print\/"]}]},{"@type":"ImageObject","inLanguage":"fr-FR","@id":"https:\/\/pasitoapasito.es\/fr\/produit\/sac-isotherme-biberon-london-animal-print\/#primaryimage","url":"https:\/\/pasitoapasito.es\/wp-content\/uploads\/2022\/10\/1120900012.jpg","contentUrl":"https:\/\/pasitoapasito.es\/wp-content\/uploads\/2022\/10\/1120900012.jpg","width":1800,"height":1800},{"@type":"BreadcrumbList","@id":"https:\/\/pasitoapasito.es\/fr\/produit\/sac-isotherme-biberon-london-animal-print\/#breadcrumb","itemListElement":[{"@type":"ListItem","position":1,"name":"Tienda","item":"https:\/\/pasitoapasito.es\/tienda\/"},{"@type":"ListItem","position":2,"name":"SAC ISOTHERME BIBERON LONDON ANIMAL PRINT"}]},{"@type":"WebSite","@id":"https:\/\/pasitoapasito.es\/fr\/#website","url":"https:\/\/pasitoapasito.es\/fr\/","name":"Pasito a Pasito","description":"","potentialAction":[{"@type":"SearchAction","target":{"@type":"EntryPoint","urlTemplate":"https:\/\/pasitoapasito.es\/fr\/?s={search_term_string}"},"query-input":{"@type":"PropertyValueSpecification","valueRequired":true,"valueName":"search_term_string"}}],"inLanguage":"fr-FR"}]}},"_links":{"self":[{"href":"https:\/\/pasitoapasito.es\/fr\/wp-json\/wp\/v2\/product\/27356","targetHints":{"allow":["GET"]}}],"collection":[{"href":"https:\/\/pasitoapasito.es\/fr\/wp-json\/wp\/v2\/product"}],"about":[{"href":"https:\/\/pasitoapasito.es\/fr\/wp-json\/wp\/v2\/types\/product"}],"replies":[{"embeddable":true,"href":"https:\/\/pasitoapasito.es\/fr\/wp-json\/wp\/v2\/comments?post=27356"}],"wp:featuredmedia":[{"embeddable":true,"href":"https:\/\/pasitoapasito.es\/fr\/wp-json\/wp\/v2\/media\/24687"}],"wp:attachment":[{"href":"https:\/\/pasitoapasito.es\/fr\/wp-json\/wp\/v2\/media?parent=27356"}],"wp:term":[{"taxonomy":"colecciones","embeddable":true,"href":"https:\/\/pasitoapasito.es\/fr\/wp-json\/wp\/v2\/colecciones?post=27356"},{"taxonomy":"product_brand","embeddable":true,"href":"https:\/\/pasitoapasito.es\/fr\/wp-json\/wp\/v2\/product_brand?post=27356"},{"taxonomy":"product_cat","embeddable":true,"href":"https:\/\/pasitoapasito.es\/fr\/wp-json\/wp\/v2\/product_cat?post=27356"},{"taxonomy":"product_tag","embeddable":true,"href":"https:\/\/pasitoapasito.es\/fr\/wp-json\/wp\/v2\/product_tag?post=27356"}],"curies":[{"name":"wp","href":"https:\/\/api.w.org\/{rel}","templated":true}]}}