{"id":27355,"date":"2022-10-18T07:50:17","date_gmt":"2022-10-18T07:50:17","guid":{"rendered":"https:\/\/pasitoapasito.es\/producto\/protege-carnet-de-sante-london-animal-print\/"},"modified":"2022-10-18T08:09:39","modified_gmt":"2022-10-18T08:09:39","slug":"protege-carnet-de-sante-london-animal-print","status":"publish","type":"product","link":"https:\/\/pasitoapasito.es\/fr\/produit\/protege-carnet-de-sante-london-animal-print\/","title":{"rendered":"PROTEGE CARNET DE SANT\u00c9 LONDON ANIMAL PRINT"},"content":{"rendered":"<p>Ce livre de naissance London Animal Print est un porte-documents fonctionnel. Un accessoire indispensable \u00e0 emporter partout avec vous qui vous aidera \u00e0 garder en ordre toute la documentation et les papiers m\u00e9dicaux de votre b\u00e9b\u00e9. C&rsquo;est aussi une bonne id\u00e9e comme livre o\u00f9 vous pouvez conserver des documents sur les progr\u00e8s, les donn\u00e9es importantes et tout ce que vous voulez garder concernant votre b\u00e9b\u00e9. Ce porte-documents livre est r\u00e9alis\u00e9 en simili cuir r\u00e9sistant et souple imprim\u00e9 en beige, il poss\u00e8de des poches de chaque c\u00f4t\u00e9 et est doubl\u00e9 \u00e0 l&rsquo;int\u00e9rieur. Il dispose d&rsquo;une fermeture \u00e9clair pratique pour ranger en toute s\u00e9curit\u00e9 le livre de naissance et tous les documents de votre b\u00e9b\u00e9. Finitions de qualit\u00e9. Il est fabriqu\u00e9 avec des mat\u00e9riaux de haute qualit\u00e9, exempts de colorants azo\u00efques, de phtalates et de substances nocives pour la sant\u00e9. Il peut \u00e9galement \u00eatre lav\u00e9 \u00e0 la main ou en machine \u00e0 des temp\u00e9ratures allant jusqu&rsquo;\u00e0 30\u00ba. Les produits pour b\u00e9b\u00e9 Pasito a Pasito ont un design tr\u00e8s diff\u00e9rent de tous les autres. Ses collections se caract\u00e9risent par un travail minutieux, toujours pens\u00e9 d&rsquo;un point de vue pratique. Ils utilisent des mat\u00e9riaux de premi\u00e8re qualit\u00e9 pour mettre en valeur l&rsquo;\u00e9l\u00e9gance et l&rsquo;harmonie de chacune de leurs pi\u00e8ces. Nos mod\u00e8les sont exclusifs et ont un style incomparable, con\u00e7us pour les mamans d&rsquo;aujourd&rsquo;hui qui aiment le bon go\u00fbt et qui appr\u00e9cient les d\u00e9tails autant que nous. Sp\u00e9cifications : Mat\u00e9riaux : Eco-cuir. Beige. Dimensions : 19X27X2 cm.<\/p>\n","protected":false},"excerpt":{"rendered":"<p>Ce livre de naissance London Animal Print est un porte-documents fonctionnel. Un accessoire indispensable \u00e0 emporter partout avec vous qui vous aidera \u00e0 garder en ordre toute la documentation et les papiers m\u00e9dicaux de votre b\u00e9b\u00e9. C&rsquo;est aussi une bonne id\u00e9e comme livre o\u00f9 vous pouvez conserver des documents sur les progr\u00e8s, les donn\u00e9es importantes [&hellip;]<\/p>\n","protected":false},"featured_media":24670,"comment_status":"closed","ping_status":"closed","template":"","meta":{"_acf_changed":false,"inline_featured_image":false},"colecciones":[],"product_brand":[],"product_cat":[257],"product_tag":[],"class_list":{"0":"post-27355","1":"product","2":"type-product","3":"status-publish","4":"has-post-thumbnail","6":"product_cat-special-prices-fr","8":"first","9":"instock","10":"purchasable","11":"product-type-simple"},"acf":[],"yoast_head":"<!-- This site is optimized with the Yoast SEO plugin v27.3 - https:\/\/yoast.com\/product\/yoast-seo-wordpress\/ -->\n<title>PROTEGE CARNET DE SANT\u00c9 LONDON ANIMAL PRINT - Pasito a Pasito<\/title>\n<meta name=\"robots\" content=\"index, follow, max-snippet:-1, max-image-preview:large, max-video-preview:-1\" \/>\n<link rel=\"canonical\" href=\"https:\/\/pasitoapasito.es\/fr\/produit\/protege-carnet-de-sante-london-animal-print\/\" \/>\n<meta property=\"og:locale\" content=\"fr_FR\" \/>\n<meta property=\"og:type\" content=\"article\" \/>\n<meta property=\"og:title\" content=\"PROTEGE CARNET DE SANT\u00c9 LONDON ANIMAL PRINT - Pasito a Pasito\" \/>\n<meta property=\"og:description\" content=\"Ce livre de naissance London Animal Print est un porte-documents fonctionnel. Un accessoire indispensable \u00e0 emporter partout avec vous qui vous aidera \u00e0 garder en ordre toute la documentation et les papiers m\u00e9dicaux de votre b\u00e9b\u00e9. C&rsquo;est aussi une bonne id\u00e9e comme livre o\u00f9 vous pouvez conserver des documents sur les progr\u00e8s, les donn\u00e9es importantes [&hellip;]\" \/>\n<meta property=\"og:url\" content=\"https:\/\/pasitoapasito.es\/fr\/produit\/protege-carnet-de-sante-london-animal-print\/\" \/>\n<meta property=\"og:site_name\" content=\"Pasito a Pasito\" \/>\n<meta property=\"article:modified_time\" content=\"2022-10-18T08:09:39+00:00\" \/>\n<meta property=\"og:image\" content=\"https:\/\/pasitoapasito.es\/wp-content\/uploads\/2022\/10\/1120900011.jpg\" \/>\n\t<meta property=\"og:image:width\" content=\"1200\" \/>\n\t<meta property=\"og:image:height\" content=\"1200\" \/>\n\t<meta property=\"og:image:type\" content=\"image\/jpeg\" \/>\n<meta name=\"twitter:card\" content=\"summary_large_image\" \/>\n<meta name=\"twitter:label1\" content=\"Dur\u00e9e de lecture estim\u00e9e\" \/>\n\t<meta name=\"twitter:data1\" content=\"1 minute\" \/>\n<script type=\"application\/ld+json\" class=\"yoast-schema-graph\">{\"@context\":\"https:\\\/\\\/schema.org\",\"@graph\":[{\"@type\":\"WebPage\",\"@id\":\"https:\\\/\\\/pasitoapasito.es\\\/fr\\\/produit\\\/protege-carnet-de-sante-london-animal-print\\\/\",\"url\":\"https:\\\/\\\/pasitoapasito.es\\\/fr\\\/produit\\\/protege-carnet-de-sante-london-animal-print\\\/\",\"name\":\"PROTEGE CARNET DE SANT\u00c9 LONDON ANIMAL PRINT - Pasito a Pasito\",\"isPartOf\":{\"@id\":\"https:\\\/\\\/pasitoapasito.es\\\/fr\\\/#website\"},\"primaryImageOfPage\":{\"@id\":\"https:\\\/\\\/pasitoapasito.es\\\/fr\\\/produit\\\/protege-carnet-de-sante-london-animal-print\\\/#primaryimage\"},\"image\":{\"@id\":\"https:\\\/\\\/pasitoapasito.es\\\/fr\\\/produit\\\/protege-carnet-de-sante-london-animal-print\\\/#primaryimage\"},\"thumbnailUrl\":\"https:\\\/\\\/pasitoapasito.es\\\/wp-content\\\/uploads\\\/2022\\\/10\\\/1120900011.jpg\",\"datePublished\":\"2022-10-18T07:50:17+00:00\",\"dateModified\":\"2022-10-18T08:09:39+00:00\",\"breadcrumb\":{\"@id\":\"https:\\\/\\\/pasitoapasito.es\\\/fr\\\/produit\\\/protege-carnet-de-sante-london-animal-print\\\/#breadcrumb\"},\"inLanguage\":\"fr-FR\",\"potentialAction\":[{\"@type\":\"ReadAction\",\"target\":[\"https:\\\/\\\/pasitoapasito.es\\\/fr\\\/produit\\\/protege-carnet-de-sante-london-animal-print\\\/\"]}]},{\"@type\":\"ImageObject\",\"inLanguage\":\"fr-FR\",\"@id\":\"https:\\\/\\\/pasitoapasito.es\\\/fr\\\/produit\\\/protege-carnet-de-sante-london-animal-print\\\/#primaryimage\",\"url\":\"https:\\\/\\\/pasitoapasito.es\\\/wp-content\\\/uploads\\\/2022\\\/10\\\/1120900011.jpg\",\"contentUrl\":\"https:\\\/\\\/pasitoapasito.es\\\/wp-content\\\/uploads\\\/2022\\\/10\\\/1120900011.jpg\",\"width\":1200,\"height\":1200},{\"@type\":\"BreadcrumbList\",\"@id\":\"https:\\\/\\\/pasitoapasito.es\\\/fr\\\/produit\\\/protege-carnet-de-sante-london-animal-print\\\/#breadcrumb\",\"itemListElement\":[{\"@type\":\"ListItem\",\"position\":1,\"name\":\"Tienda\",\"item\":\"https:\\\/\\\/pasitoapasito.es\\\/tienda\\\/\"},{\"@type\":\"ListItem\",\"position\":2,\"name\":\"PROTEGE CARNET DE SANT\u00c9 LONDON ANIMAL PRINT\"}]},{\"@type\":\"WebSite\",\"@id\":\"https:\\\/\\\/pasitoapasito.es\\\/fr\\\/#website\",\"url\":\"https:\\\/\\\/pasitoapasito.es\\\/fr\\\/\",\"name\":\"Pasito a Pasito\",\"description\":\"\",\"potentialAction\":[{\"@type\":\"SearchAction\",\"target\":{\"@type\":\"EntryPoint\",\"urlTemplate\":\"https:\\\/\\\/pasitoapasito.es\\\/fr\\\/?s={search_term_string}\"},\"query-input\":{\"@type\":\"PropertyValueSpecification\",\"valueRequired\":true,\"valueName\":\"search_term_string\"}}],\"inLanguage\":\"fr-FR\"}]}<\/script>\n<!-- \/ Yoast SEO plugin. -->","yoast_head_json":{"title":"PROTEGE CARNET DE SANT\u00c9 LONDON ANIMAL PRINT - Pasito a Pasito","robots":{"index":"index","follow":"follow","max-snippet":"max-snippet:-1","max-image-preview":"max-image-preview:large","max-video-preview":"max-video-preview:-1"},"canonical":"https:\/\/pasitoapasito.es\/fr\/produit\/protege-carnet-de-sante-london-animal-print\/","og_locale":"fr_FR","og_type":"article","og_title":"PROTEGE CARNET DE SANT\u00c9 LONDON ANIMAL PRINT - Pasito a Pasito","og_description":"Ce livre de naissance London Animal Print est un porte-documents fonctionnel. Un accessoire indispensable \u00e0 emporter partout avec vous qui vous aidera \u00e0 garder en ordre toute la documentation et les papiers m\u00e9dicaux de votre b\u00e9b\u00e9. C&rsquo;est aussi une bonne id\u00e9e comme livre o\u00f9 vous pouvez conserver des documents sur les progr\u00e8s, les donn\u00e9es importantes [&hellip;]","og_url":"https:\/\/pasitoapasito.es\/fr\/produit\/protege-carnet-de-sante-london-animal-print\/","og_site_name":"Pasito a Pasito","article_modified_time":"2022-10-18T08:09:39+00:00","og_image":[{"width":1200,"height":1200,"url":"https:\/\/pasitoapasito.es\/wp-content\/uploads\/2022\/10\/1120900011.jpg","type":"image\/jpeg"}],"twitter_card":"summary_large_image","twitter_misc":{"Dur\u00e9e de lecture estim\u00e9e":"1 minute"},"schema":{"@context":"https:\/\/schema.org","@graph":[{"@type":"WebPage","@id":"https:\/\/pasitoapasito.es\/fr\/produit\/protege-carnet-de-sante-london-animal-print\/","url":"https:\/\/pasitoapasito.es\/fr\/produit\/protege-carnet-de-sante-london-animal-print\/","name":"PROTEGE CARNET DE SANT\u00c9 LONDON ANIMAL PRINT - Pasito a Pasito","isPartOf":{"@id":"https:\/\/pasitoapasito.es\/fr\/#website"},"primaryImageOfPage":{"@id":"https:\/\/pasitoapasito.es\/fr\/produit\/protege-carnet-de-sante-london-animal-print\/#primaryimage"},"image":{"@id":"https:\/\/pasitoapasito.es\/fr\/produit\/protege-carnet-de-sante-london-animal-print\/#primaryimage"},"thumbnailUrl":"https:\/\/pasitoapasito.es\/wp-content\/uploads\/2022\/10\/1120900011.jpg","datePublished":"2022-10-18T07:50:17+00:00","dateModified":"2022-10-18T08:09:39+00:00","breadcrumb":{"@id":"https:\/\/pasitoapasito.es\/fr\/produit\/protege-carnet-de-sante-london-animal-print\/#breadcrumb"},"inLanguage":"fr-FR","potentialAction":[{"@type":"ReadAction","target":["https:\/\/pasitoapasito.es\/fr\/produit\/protege-carnet-de-sante-london-animal-print\/"]}]},{"@type":"ImageObject","inLanguage":"fr-FR","@id":"https:\/\/pasitoapasito.es\/fr\/produit\/protege-carnet-de-sante-london-animal-print\/#primaryimage","url":"https:\/\/pasitoapasito.es\/wp-content\/uploads\/2022\/10\/1120900011.jpg","contentUrl":"https:\/\/pasitoapasito.es\/wp-content\/uploads\/2022\/10\/1120900011.jpg","width":1200,"height":1200},{"@type":"BreadcrumbList","@id":"https:\/\/pasitoapasito.es\/fr\/produit\/protege-carnet-de-sante-london-animal-print\/#breadcrumb","itemListElement":[{"@type":"ListItem","position":1,"name":"Tienda","item":"https:\/\/pasitoapasito.es\/tienda\/"},{"@type":"ListItem","position":2,"name":"PROTEGE CARNET DE SANT\u00c9 LONDON ANIMAL PRINT"}]},{"@type":"WebSite","@id":"https:\/\/pasitoapasito.es\/fr\/#website","url":"https:\/\/pasitoapasito.es\/fr\/","name":"Pasito a Pasito","description":"","potentialAction":[{"@type":"SearchAction","target":{"@type":"EntryPoint","urlTemplate":"https:\/\/pasitoapasito.es\/fr\/?s={search_term_string}"},"query-input":{"@type":"PropertyValueSpecification","valueRequired":true,"valueName":"search_term_string"}}],"inLanguage":"fr-FR"}]}},"_links":{"self":[{"href":"https:\/\/pasitoapasito.es\/fr\/wp-json\/wp\/v2\/product\/27355","targetHints":{"allow":["GET"]}}],"collection":[{"href":"https:\/\/pasitoapasito.es\/fr\/wp-json\/wp\/v2\/product"}],"about":[{"href":"https:\/\/pasitoapasito.es\/fr\/wp-json\/wp\/v2\/types\/product"}],"replies":[{"embeddable":true,"href":"https:\/\/pasitoapasito.es\/fr\/wp-json\/wp\/v2\/comments?post=27355"}],"wp:featuredmedia":[{"embeddable":true,"href":"https:\/\/pasitoapasito.es\/fr\/wp-json\/wp\/v2\/media\/24670"}],"wp:attachment":[{"href":"https:\/\/pasitoapasito.es\/fr\/wp-json\/wp\/v2\/media?parent=27355"}],"wp:term":[{"taxonomy":"colecciones","embeddable":true,"href":"https:\/\/pasitoapasito.es\/fr\/wp-json\/wp\/v2\/colecciones?post=27355"},{"taxonomy":"product_brand","embeddable":true,"href":"https:\/\/pasitoapasito.es\/fr\/wp-json\/wp\/v2\/product_brand?post=27355"},{"taxonomy":"product_cat","embeddable":true,"href":"https:\/\/pasitoapasito.es\/fr\/wp-json\/wp\/v2\/product_cat?post=27355"},{"taxonomy":"product_tag","embeddable":true,"href":"https:\/\/pasitoapasito.es\/fr\/wp-json\/wp\/v2\/product_tag?post=27355"}],"curies":[{"name":"wp","href":"https:\/\/api.w.org\/{rel}","templated":true}]}}