{"id":24262,"date":"2022-09-07T10:59:16","date_gmt":"2022-09-07T10:59:16","guid":{"rendered":"https:\/\/pasitoapasito.es\/producto\/balancoire-de-poupee-tom-vichy-vert\/"},"modified":"2022-09-08T07:47:56","modified_gmt":"2022-09-08T07:47:56","slug":"balancoire-de-poupee-tom-vichy-vert","status":"publish","type":"product","link":"https:\/\/pasitoapasito.es\/fr\/produit\/balancoire-de-poupee-tom-vichy-vert\/","title":{"rendered":"BALAN\u00c7OIRE DE POUP\u00c9E TOM VICHY VERT"},"content":{"rendered":"<p>D\u00e9sormais, vous pouvez balancer vos poup\u00e9es avec la balan\u00e7oire Tom \u00e0 imprim\u00e9 vichy vert. Id\u00e9al pour les poup\u00e9es de 30 \u00e0 50 cm. Pliable, prend peu de place, montage facile. Finitions de qualit\u00e9, solides et stables. Jouet d&rsquo;imitation. A partir de 2 ans<\/p>\n","protected":false},"excerpt":{"rendered":"<p>D\u00e9sormais, vous pouvez balancer vos poup\u00e9es avec la balan\u00e7oire Tom \u00e0 imprim\u00e9 vichy vert. Id\u00e9al pour les poup\u00e9es de 30 \u00e0 50 cm. Pliable, prend peu de place, montage facile. Finitions de qualit\u00e9, solides et stables. Jouet d&rsquo;imitation. A partir de 2 ans<\/p>\n","protected":false},"featured_media":23383,"comment_status":"closed","ping_status":"closed","template":"","meta":{"_acf_changed":false,"inline_featured_image":false},"colecciones":[],"product_brand":[],"product_cat":[257],"product_tag":[],"class_list":{"0":"post-24262","1":"product","2":"type-product","3":"status-publish","4":"has-post-thumbnail","6":"product_cat-special-prices-fr","8":"first","9":"instock","10":"purchasable","11":"product-type-simple"},"acf":[],"yoast_head":"<!-- This site is optimized with the Yoast SEO plugin v27.3 - https:\/\/yoast.com\/product\/yoast-seo-wordpress\/ -->\n<title>BALAN\u00c7OIRE DE POUP\u00c9E TOM VICHY VERT - Pasito a Pasito<\/title>\n<meta name=\"robots\" content=\"index, follow, max-snippet:-1, max-image-preview:large, max-video-preview:-1\" \/>\n<link rel=\"canonical\" href=\"https:\/\/pasitoapasito.es\/fr\/produit\/balancoire-de-poupee-tom-vichy-vert\/\" \/>\n<meta property=\"og:locale\" content=\"fr_FR\" \/>\n<meta property=\"og:type\" content=\"article\" \/>\n<meta property=\"og:title\" content=\"BALAN\u00c7OIRE DE POUP\u00c9E TOM VICHY VERT - Pasito a Pasito\" \/>\n<meta property=\"og:description\" content=\"D\u00e9sormais, vous pouvez balancer vos poup\u00e9es avec la balan\u00e7oire Tom \u00e0 imprim\u00e9 vichy vert. Id\u00e9al pour les poup\u00e9es de 30 \u00e0 50 cm. Pliable, prend peu de place, montage facile. Finitions de qualit\u00e9, solides et stables. Jouet d&rsquo;imitation. A partir de 2 ans\" \/>\n<meta property=\"og:url\" content=\"https:\/\/pasitoapasito.es\/fr\/produit\/balancoire-de-poupee-tom-vichy-vert\/\" \/>\n<meta property=\"og:site_name\" content=\"Pasito a Pasito\" \/>\n<meta property=\"article:modified_time\" content=\"2022-09-08T07:47:56+00:00\" \/>\n<meta property=\"og:image\" content=\"https:\/\/pasitoapasito.es\/wp-content\/uploads\/2022\/09\/75832.jpg\" \/>\n\t<meta property=\"og:image:width\" content=\"1000\" \/>\n\t<meta property=\"og:image:height\" content=\"1000\" \/>\n\t<meta property=\"og:image:type\" content=\"image\/jpeg\" \/>\n<meta name=\"twitter:card\" content=\"summary_large_image\" \/>\n<script type=\"application\/ld+json\" class=\"yoast-schema-graph\">{\"@context\":\"https:\\\/\\\/schema.org\",\"@graph\":[{\"@type\":\"WebPage\",\"@id\":\"https:\\\/\\\/pasitoapasito.es\\\/fr\\\/produit\\\/balancoire-de-poupee-tom-vichy-vert\\\/\",\"url\":\"https:\\\/\\\/pasitoapasito.es\\\/fr\\\/produit\\\/balancoire-de-poupee-tom-vichy-vert\\\/\",\"name\":\"BALAN\u00c7OIRE DE POUP\u00c9E TOM VICHY VERT - Pasito a Pasito\",\"isPartOf\":{\"@id\":\"https:\\\/\\\/pasitoapasito.es\\\/fr\\\/#website\"},\"primaryImageOfPage\":{\"@id\":\"https:\\\/\\\/pasitoapasito.es\\\/fr\\\/produit\\\/balancoire-de-poupee-tom-vichy-vert\\\/#primaryimage\"},\"image\":{\"@id\":\"https:\\\/\\\/pasitoapasito.es\\\/fr\\\/produit\\\/balancoire-de-poupee-tom-vichy-vert\\\/#primaryimage\"},\"thumbnailUrl\":\"https:\\\/\\\/pasitoapasito.es\\\/wp-content\\\/uploads\\\/2022\\\/09\\\/75832.jpg\",\"datePublished\":\"2022-09-07T10:59:16+00:00\",\"dateModified\":\"2022-09-08T07:47:56+00:00\",\"breadcrumb\":{\"@id\":\"https:\\\/\\\/pasitoapasito.es\\\/fr\\\/produit\\\/balancoire-de-poupee-tom-vichy-vert\\\/#breadcrumb\"},\"inLanguage\":\"fr-FR\",\"potentialAction\":[{\"@type\":\"ReadAction\",\"target\":[\"https:\\\/\\\/pasitoapasito.es\\\/fr\\\/produit\\\/balancoire-de-poupee-tom-vichy-vert\\\/\"]}]},{\"@type\":\"ImageObject\",\"inLanguage\":\"fr-FR\",\"@id\":\"https:\\\/\\\/pasitoapasito.es\\\/fr\\\/produit\\\/balancoire-de-poupee-tom-vichy-vert\\\/#primaryimage\",\"url\":\"https:\\\/\\\/pasitoapasito.es\\\/wp-content\\\/uploads\\\/2022\\\/09\\\/75832.jpg\",\"contentUrl\":\"https:\\\/\\\/pasitoapasito.es\\\/wp-content\\\/uploads\\\/2022\\\/09\\\/75832.jpg\",\"width\":1000,\"height\":1000},{\"@type\":\"BreadcrumbList\",\"@id\":\"https:\\\/\\\/pasitoapasito.es\\\/fr\\\/produit\\\/balancoire-de-poupee-tom-vichy-vert\\\/#breadcrumb\",\"itemListElement\":[{\"@type\":\"ListItem\",\"position\":1,\"name\":\"Tienda\",\"item\":\"https:\\\/\\\/pasitoapasito.es\\\/tienda\\\/\"},{\"@type\":\"ListItem\",\"position\":2,\"name\":\"BALAN\u00c7OIRE DE POUP\u00c9E TOM VICHY VERT\"}]},{\"@type\":\"WebSite\",\"@id\":\"https:\\\/\\\/pasitoapasito.es\\\/fr\\\/#website\",\"url\":\"https:\\\/\\\/pasitoapasito.es\\\/fr\\\/\",\"name\":\"Pasito a Pasito\",\"description\":\"\",\"potentialAction\":[{\"@type\":\"SearchAction\",\"target\":{\"@type\":\"EntryPoint\",\"urlTemplate\":\"https:\\\/\\\/pasitoapasito.es\\\/fr\\\/?s={search_term_string}\"},\"query-input\":{\"@type\":\"PropertyValueSpecification\",\"valueRequired\":true,\"valueName\":\"search_term_string\"}}],\"inLanguage\":\"fr-FR\"}]}<\/script>\n<!-- \/ Yoast SEO plugin. -->","yoast_head_json":{"title":"BALAN\u00c7OIRE DE POUP\u00c9E TOM VICHY VERT - Pasito a Pasito","robots":{"index":"index","follow":"follow","max-snippet":"max-snippet:-1","max-image-preview":"max-image-preview:large","max-video-preview":"max-video-preview:-1"},"canonical":"https:\/\/pasitoapasito.es\/fr\/produit\/balancoire-de-poupee-tom-vichy-vert\/","og_locale":"fr_FR","og_type":"article","og_title":"BALAN\u00c7OIRE DE POUP\u00c9E TOM VICHY VERT - Pasito a Pasito","og_description":"D\u00e9sormais, vous pouvez balancer vos poup\u00e9es avec la balan\u00e7oire Tom \u00e0 imprim\u00e9 vichy vert. Id\u00e9al pour les poup\u00e9es de 30 \u00e0 50 cm. Pliable, prend peu de place, montage facile. Finitions de qualit\u00e9, solides et stables. Jouet d&rsquo;imitation. A partir de 2 ans","og_url":"https:\/\/pasitoapasito.es\/fr\/produit\/balancoire-de-poupee-tom-vichy-vert\/","og_site_name":"Pasito a Pasito","article_modified_time":"2022-09-08T07:47:56+00:00","og_image":[{"width":1000,"height":1000,"url":"https:\/\/pasitoapasito.es\/wp-content\/uploads\/2022\/09\/75832.jpg","type":"image\/jpeg"}],"twitter_card":"summary_large_image","schema":{"@context":"https:\/\/schema.org","@graph":[{"@type":"WebPage","@id":"https:\/\/pasitoapasito.es\/fr\/produit\/balancoire-de-poupee-tom-vichy-vert\/","url":"https:\/\/pasitoapasito.es\/fr\/produit\/balancoire-de-poupee-tom-vichy-vert\/","name":"BALAN\u00c7OIRE DE POUP\u00c9E TOM VICHY VERT - Pasito a Pasito","isPartOf":{"@id":"https:\/\/pasitoapasito.es\/fr\/#website"},"primaryImageOfPage":{"@id":"https:\/\/pasitoapasito.es\/fr\/produit\/balancoire-de-poupee-tom-vichy-vert\/#primaryimage"},"image":{"@id":"https:\/\/pasitoapasito.es\/fr\/produit\/balancoire-de-poupee-tom-vichy-vert\/#primaryimage"},"thumbnailUrl":"https:\/\/pasitoapasito.es\/wp-content\/uploads\/2022\/09\/75832.jpg","datePublished":"2022-09-07T10:59:16+00:00","dateModified":"2022-09-08T07:47:56+00:00","breadcrumb":{"@id":"https:\/\/pasitoapasito.es\/fr\/produit\/balancoire-de-poupee-tom-vichy-vert\/#breadcrumb"},"inLanguage":"fr-FR","potentialAction":[{"@type":"ReadAction","target":["https:\/\/pasitoapasito.es\/fr\/produit\/balancoire-de-poupee-tom-vichy-vert\/"]}]},{"@type":"ImageObject","inLanguage":"fr-FR","@id":"https:\/\/pasitoapasito.es\/fr\/produit\/balancoire-de-poupee-tom-vichy-vert\/#primaryimage","url":"https:\/\/pasitoapasito.es\/wp-content\/uploads\/2022\/09\/75832.jpg","contentUrl":"https:\/\/pasitoapasito.es\/wp-content\/uploads\/2022\/09\/75832.jpg","width":1000,"height":1000},{"@type":"BreadcrumbList","@id":"https:\/\/pasitoapasito.es\/fr\/produit\/balancoire-de-poupee-tom-vichy-vert\/#breadcrumb","itemListElement":[{"@type":"ListItem","position":1,"name":"Tienda","item":"https:\/\/pasitoapasito.es\/tienda\/"},{"@type":"ListItem","position":2,"name":"BALAN\u00c7OIRE DE POUP\u00c9E TOM VICHY VERT"}]},{"@type":"WebSite","@id":"https:\/\/pasitoapasito.es\/fr\/#website","url":"https:\/\/pasitoapasito.es\/fr\/","name":"Pasito a Pasito","description":"","potentialAction":[{"@type":"SearchAction","target":{"@type":"EntryPoint","urlTemplate":"https:\/\/pasitoapasito.es\/fr\/?s={search_term_string}"},"query-input":{"@type":"PropertyValueSpecification","valueRequired":true,"valueName":"search_term_string"}}],"inLanguage":"fr-FR"}]}},"_links":{"self":[{"href":"https:\/\/pasitoapasito.es\/fr\/wp-json\/wp\/v2\/product\/24262","targetHints":{"allow":["GET"]}}],"collection":[{"href":"https:\/\/pasitoapasito.es\/fr\/wp-json\/wp\/v2\/product"}],"about":[{"href":"https:\/\/pasitoapasito.es\/fr\/wp-json\/wp\/v2\/types\/product"}],"replies":[{"embeddable":true,"href":"https:\/\/pasitoapasito.es\/fr\/wp-json\/wp\/v2\/comments?post=24262"}],"wp:featuredmedia":[{"embeddable":true,"href":"https:\/\/pasitoapasito.es\/fr\/wp-json\/wp\/v2\/media\/23383"}],"wp:attachment":[{"href":"https:\/\/pasitoapasito.es\/fr\/wp-json\/wp\/v2\/media?parent=24262"}],"wp:term":[{"taxonomy":"colecciones","embeddable":true,"href":"https:\/\/pasitoapasito.es\/fr\/wp-json\/wp\/v2\/colecciones?post=24262"},{"taxonomy":"product_brand","embeddable":true,"href":"https:\/\/pasitoapasito.es\/fr\/wp-json\/wp\/v2\/product_brand?post=24262"},{"taxonomy":"product_cat","embeddable":true,"href":"https:\/\/pasitoapasito.es\/fr\/wp-json\/wp\/v2\/product_cat?post=24262"},{"taxonomy":"product_tag","embeddable":true,"href":"https:\/\/pasitoapasito.es\/fr\/wp-json\/wp\/v2\/product_tag?post=24262"}],"curies":[{"name":"wp","href":"https:\/\/api.w.org\/{rel}","templated":true}]}}