{"id":24258,"date":"2022-09-07T10:59:16","date_gmt":"2022-09-07T10:59:16","guid":{"rendered":"https:\/\/pasitoapasito.es\/producto\/lit-de-voyage-tom-vichy-vert\/"},"modified":"2022-09-08T07:47:53","modified_gmt":"2022-09-08T07:47:53","slug":"lit-de-voyage-tom-vichy-vert","status":"publish","type":"product","link":"https:\/\/pasitoapasito.es\/fr\/produit\/lit-de-voyage-tom-vichy-vert\/","title":{"rendered":"LIT DE VOYAGE TOM VICHY VERT"},"content":{"rendered":"<p>D\u00e9sormais, vous pouvez emmener vos poup\u00e9es en vacances avec le lit de voyage Tom imprim\u00e9 vichy vert, pliable et tr\u00e8s pratique. Comprend un sac pour le ranger et pour un transport facile. Id\u00e9al pour les poup\u00e9es de 30 \u00e0 52 cm. Structure en m\u00e9tal laqu\u00e9 blanc. Ne prend pas de place. Finitions de qualit\u00e9, tr\u00e8s solides et stables. A partir de 2 ans. Jouet d&rsquo;imitation.<\/p>\n","protected":false},"excerpt":{"rendered":"<p>D\u00e9sormais, vous pouvez emmener vos poup\u00e9es en vacances avec le lit de voyage Tom imprim\u00e9 vichy vert, pliable et tr\u00e8s pratique. Comprend un sac pour le ranger et pour un transport facile. Id\u00e9al pour les poup\u00e9es de 30 \u00e0 52 cm. Structure en m\u00e9tal laqu\u00e9 blanc. Ne prend pas de place. Finitions de qualit\u00e9, tr\u00e8s [&hellip;]<\/p>\n","protected":false},"featured_media":23311,"comment_status":"closed","ping_status":"closed","template":"","meta":{"_acf_changed":false,"inline_featured_image":false},"colecciones":[],"product_brand":[],"product_cat":[257],"product_tag":[],"class_list":{"0":"post-24258","1":"product","2":"type-product","3":"status-publish","4":"has-post-thumbnail","6":"product_cat-special-prices-fr","8":"first","9":"instock","10":"purchasable","11":"product-type-simple"},"acf":[],"yoast_head":"<!-- This site is optimized with the Yoast SEO plugin v27.3 - https:\/\/yoast.com\/product\/yoast-seo-wordpress\/ -->\n<title>LIT DE VOYAGE TOM VICHY VERT - Pasito a Pasito<\/title>\n<meta name=\"robots\" content=\"index, follow, max-snippet:-1, max-image-preview:large, max-video-preview:-1\" \/>\n<link rel=\"canonical\" href=\"https:\/\/pasitoapasito.es\/fr\/produit\/lit-de-voyage-tom-vichy-vert\/\" \/>\n<meta property=\"og:locale\" content=\"fr_FR\" \/>\n<meta property=\"og:type\" content=\"article\" \/>\n<meta property=\"og:title\" content=\"LIT DE VOYAGE TOM VICHY VERT - Pasito a Pasito\" \/>\n<meta property=\"og:description\" content=\"D\u00e9sormais, vous pouvez emmener vos poup\u00e9es en vacances avec le lit de voyage Tom imprim\u00e9 vichy vert, pliable et tr\u00e8s pratique. Comprend un sac pour le ranger et pour un transport facile. Id\u00e9al pour les poup\u00e9es de 30 \u00e0 52 cm. Structure en m\u00e9tal laqu\u00e9 blanc. Ne prend pas de place. Finitions de qualit\u00e9, tr\u00e8s [&hellip;]\" \/>\n<meta property=\"og:url\" content=\"https:\/\/pasitoapasito.es\/fr\/produit\/lit-de-voyage-tom-vichy-vert\/\" \/>\n<meta property=\"og:site_name\" content=\"Pasito a Pasito\" \/>\n<meta property=\"article:modified_time\" content=\"2022-09-08T07:47:53+00:00\" \/>\n<meta property=\"og:image\" content=\"https:\/\/pasitoapasito.es\/wp-content\/uploads\/2022\/09\/75828.jpg\" \/>\n\t<meta property=\"og:image:width\" content=\"1000\" \/>\n\t<meta property=\"og:image:height\" content=\"1000\" \/>\n\t<meta property=\"og:image:type\" content=\"image\/jpeg\" \/>\n<meta name=\"twitter:card\" content=\"summary_large_image\" \/>\n<script type=\"application\/ld+json\" class=\"yoast-schema-graph\">{\"@context\":\"https:\\\/\\\/schema.org\",\"@graph\":[{\"@type\":\"WebPage\",\"@id\":\"https:\\\/\\\/pasitoapasito.es\\\/fr\\\/produit\\\/lit-de-voyage-tom-vichy-vert\\\/\",\"url\":\"https:\\\/\\\/pasitoapasito.es\\\/fr\\\/produit\\\/lit-de-voyage-tom-vichy-vert\\\/\",\"name\":\"LIT DE VOYAGE TOM VICHY VERT - Pasito a Pasito\",\"isPartOf\":{\"@id\":\"https:\\\/\\\/pasitoapasito.es\\\/fr\\\/#website\"},\"primaryImageOfPage\":{\"@id\":\"https:\\\/\\\/pasitoapasito.es\\\/fr\\\/produit\\\/lit-de-voyage-tom-vichy-vert\\\/#primaryimage\"},\"image\":{\"@id\":\"https:\\\/\\\/pasitoapasito.es\\\/fr\\\/produit\\\/lit-de-voyage-tom-vichy-vert\\\/#primaryimage\"},\"thumbnailUrl\":\"https:\\\/\\\/pasitoapasito.es\\\/wp-content\\\/uploads\\\/2022\\\/09\\\/75828.jpg\",\"datePublished\":\"2022-09-07T10:59:16+00:00\",\"dateModified\":\"2022-09-08T07:47:53+00:00\",\"breadcrumb\":{\"@id\":\"https:\\\/\\\/pasitoapasito.es\\\/fr\\\/produit\\\/lit-de-voyage-tom-vichy-vert\\\/#breadcrumb\"},\"inLanguage\":\"fr-FR\",\"potentialAction\":[{\"@type\":\"ReadAction\",\"target\":[\"https:\\\/\\\/pasitoapasito.es\\\/fr\\\/produit\\\/lit-de-voyage-tom-vichy-vert\\\/\"]}]},{\"@type\":\"ImageObject\",\"inLanguage\":\"fr-FR\",\"@id\":\"https:\\\/\\\/pasitoapasito.es\\\/fr\\\/produit\\\/lit-de-voyage-tom-vichy-vert\\\/#primaryimage\",\"url\":\"https:\\\/\\\/pasitoapasito.es\\\/wp-content\\\/uploads\\\/2022\\\/09\\\/75828.jpg\",\"contentUrl\":\"https:\\\/\\\/pasitoapasito.es\\\/wp-content\\\/uploads\\\/2022\\\/09\\\/75828.jpg\",\"width\":1000,\"height\":1000},{\"@type\":\"BreadcrumbList\",\"@id\":\"https:\\\/\\\/pasitoapasito.es\\\/fr\\\/produit\\\/lit-de-voyage-tom-vichy-vert\\\/#breadcrumb\",\"itemListElement\":[{\"@type\":\"ListItem\",\"position\":1,\"name\":\"Tienda\",\"item\":\"https:\\\/\\\/pasitoapasito.es\\\/tienda\\\/\"},{\"@type\":\"ListItem\",\"position\":2,\"name\":\"LIT DE VOYAGE TOM VICHY VERT\"}]},{\"@type\":\"WebSite\",\"@id\":\"https:\\\/\\\/pasitoapasito.es\\\/fr\\\/#website\",\"url\":\"https:\\\/\\\/pasitoapasito.es\\\/fr\\\/\",\"name\":\"Pasito a Pasito\",\"description\":\"\",\"potentialAction\":[{\"@type\":\"SearchAction\",\"target\":{\"@type\":\"EntryPoint\",\"urlTemplate\":\"https:\\\/\\\/pasitoapasito.es\\\/fr\\\/?s={search_term_string}\"},\"query-input\":{\"@type\":\"PropertyValueSpecification\",\"valueRequired\":true,\"valueName\":\"search_term_string\"}}],\"inLanguage\":\"fr-FR\"}]}<\/script>\n<!-- \/ Yoast SEO plugin. -->","yoast_head_json":{"title":"LIT DE VOYAGE TOM VICHY VERT - Pasito a Pasito","robots":{"index":"index","follow":"follow","max-snippet":"max-snippet:-1","max-image-preview":"max-image-preview:large","max-video-preview":"max-video-preview:-1"},"canonical":"https:\/\/pasitoapasito.es\/fr\/produit\/lit-de-voyage-tom-vichy-vert\/","og_locale":"fr_FR","og_type":"article","og_title":"LIT DE VOYAGE TOM VICHY VERT - Pasito a Pasito","og_description":"D\u00e9sormais, vous pouvez emmener vos poup\u00e9es en vacances avec le lit de voyage Tom imprim\u00e9 vichy vert, pliable et tr\u00e8s pratique. Comprend un sac pour le ranger et pour un transport facile. Id\u00e9al pour les poup\u00e9es de 30 \u00e0 52 cm. Structure en m\u00e9tal laqu\u00e9 blanc. Ne prend pas de place. Finitions de qualit\u00e9, tr\u00e8s [&hellip;]","og_url":"https:\/\/pasitoapasito.es\/fr\/produit\/lit-de-voyage-tom-vichy-vert\/","og_site_name":"Pasito a Pasito","article_modified_time":"2022-09-08T07:47:53+00:00","og_image":[{"width":1000,"height":1000,"url":"https:\/\/pasitoapasito.es\/wp-content\/uploads\/2022\/09\/75828.jpg","type":"image\/jpeg"}],"twitter_card":"summary_large_image","schema":{"@context":"https:\/\/schema.org","@graph":[{"@type":"WebPage","@id":"https:\/\/pasitoapasito.es\/fr\/produit\/lit-de-voyage-tom-vichy-vert\/","url":"https:\/\/pasitoapasito.es\/fr\/produit\/lit-de-voyage-tom-vichy-vert\/","name":"LIT DE VOYAGE TOM VICHY VERT - Pasito a Pasito","isPartOf":{"@id":"https:\/\/pasitoapasito.es\/fr\/#website"},"primaryImageOfPage":{"@id":"https:\/\/pasitoapasito.es\/fr\/produit\/lit-de-voyage-tom-vichy-vert\/#primaryimage"},"image":{"@id":"https:\/\/pasitoapasito.es\/fr\/produit\/lit-de-voyage-tom-vichy-vert\/#primaryimage"},"thumbnailUrl":"https:\/\/pasitoapasito.es\/wp-content\/uploads\/2022\/09\/75828.jpg","datePublished":"2022-09-07T10:59:16+00:00","dateModified":"2022-09-08T07:47:53+00:00","breadcrumb":{"@id":"https:\/\/pasitoapasito.es\/fr\/produit\/lit-de-voyage-tom-vichy-vert\/#breadcrumb"},"inLanguage":"fr-FR","potentialAction":[{"@type":"ReadAction","target":["https:\/\/pasitoapasito.es\/fr\/produit\/lit-de-voyage-tom-vichy-vert\/"]}]},{"@type":"ImageObject","inLanguage":"fr-FR","@id":"https:\/\/pasitoapasito.es\/fr\/produit\/lit-de-voyage-tom-vichy-vert\/#primaryimage","url":"https:\/\/pasitoapasito.es\/wp-content\/uploads\/2022\/09\/75828.jpg","contentUrl":"https:\/\/pasitoapasito.es\/wp-content\/uploads\/2022\/09\/75828.jpg","width":1000,"height":1000},{"@type":"BreadcrumbList","@id":"https:\/\/pasitoapasito.es\/fr\/produit\/lit-de-voyage-tom-vichy-vert\/#breadcrumb","itemListElement":[{"@type":"ListItem","position":1,"name":"Tienda","item":"https:\/\/pasitoapasito.es\/tienda\/"},{"@type":"ListItem","position":2,"name":"LIT DE VOYAGE TOM VICHY VERT"}]},{"@type":"WebSite","@id":"https:\/\/pasitoapasito.es\/fr\/#website","url":"https:\/\/pasitoapasito.es\/fr\/","name":"Pasito a Pasito","description":"","potentialAction":[{"@type":"SearchAction","target":{"@type":"EntryPoint","urlTemplate":"https:\/\/pasitoapasito.es\/fr\/?s={search_term_string}"},"query-input":{"@type":"PropertyValueSpecification","valueRequired":true,"valueName":"search_term_string"}}],"inLanguage":"fr-FR"}]}},"_links":{"self":[{"href":"https:\/\/pasitoapasito.es\/fr\/wp-json\/wp\/v2\/product\/24258","targetHints":{"allow":["GET"]}}],"collection":[{"href":"https:\/\/pasitoapasito.es\/fr\/wp-json\/wp\/v2\/product"}],"about":[{"href":"https:\/\/pasitoapasito.es\/fr\/wp-json\/wp\/v2\/types\/product"}],"replies":[{"embeddable":true,"href":"https:\/\/pasitoapasito.es\/fr\/wp-json\/wp\/v2\/comments?post=24258"}],"wp:featuredmedia":[{"embeddable":true,"href":"https:\/\/pasitoapasito.es\/fr\/wp-json\/wp\/v2\/media\/23311"}],"wp:attachment":[{"href":"https:\/\/pasitoapasito.es\/fr\/wp-json\/wp\/v2\/media?parent=24258"}],"wp:term":[{"taxonomy":"colecciones","embeddable":true,"href":"https:\/\/pasitoapasito.es\/fr\/wp-json\/wp\/v2\/colecciones?post=24258"},{"taxonomy":"product_brand","embeddable":true,"href":"https:\/\/pasitoapasito.es\/fr\/wp-json\/wp\/v2\/product_brand?post=24258"},{"taxonomy":"product_cat","embeddable":true,"href":"https:\/\/pasitoapasito.es\/fr\/wp-json\/wp\/v2\/product_cat?post=24258"},{"taxonomy":"product_tag","embeddable":true,"href":"https:\/\/pasitoapasito.es\/fr\/wp-json\/wp\/v2\/product_tag?post=24258"}],"curies":[{"name":"wp","href":"https:\/\/api.w.org\/{rel}","templated":true}]}}