{"id":24211,"date":"2022-09-07T10:58:40","date_gmt":"2022-09-08T07:47:15","guid":{"rendered":"https:\/\/pasitoapasito.es\/producto\/nid-dange-3-en-1-ete-together-rose-gris\/"},"modified":"2022-09-08T07:47:19","modified_gmt":"2022-09-08T07:47:19","slug":"nid-dange-3-en-1-ete-together-rose-gris","status":"publish","type":"product","link":"https:\/\/pasitoapasito.es\/fr\/produit\/nid-dange-3-en-1-ete-together-rose-gris\/","title":{"rendered":"NID D&rsquo;ANGE 3 EN 1 \u00c9T\u00c9 TOGETHER ROSE\/GRIS"},"content":{"rendered":"<p>Sac pour nacelle Together vichy rose et gris. Sac 3-en-1 id\u00e9al pour couvrir la nacelle, le porte-b\u00e9b\u00e9 et la poussette. Une fois la base retir\u00e9e, il devient un tapis pour la poussette l\u00e9g\u00e8re. Partie arri\u00e8re faite d&rsquo;un mat\u00e9riel anti-sueur qui \u00e9vite la sueur excessive du b\u00e9b\u00e9 et prot\u00e8ge la poussette, ce qui rend la promenade plus confortable. Rembourrage amovible. Dispose de plusieurs ouvertures (\u0153illets) et r\u00e9glages pour l\u2019adapter \u00e0 la plupart des nacelles, des porte-b\u00e9b\u00e9s et des poussettes. Toutes nos housses sont fabriqu\u00e9es conform\u00e9ment aux r\u00e9glementations europ\u00e9ennes les plus exigeantes. Fabriqu\u00e9s avec des mati\u00e8res sans colorants azo\u00efques ni substances nocives pour la sant\u00e9 de votre b\u00e9b\u00e9. Facile \u00e0 nettoyer, il est recommand\u00e9 de la laver en machine \u00e0 30\u00ba. Housses pour poussettes de Pasito a pasito.<\/p>\n","protected":false},"excerpt":{"rendered":"<p>Sac pour nacelle Together vichy rose et gris. Sac 3-en-1 id\u00e9al pour couvrir la nacelle, le porte-b\u00e9b\u00e9 et la poussette. Une fois la base retir\u00e9e, il devient un tapis pour la poussette l\u00e9g\u00e8re. Partie arri\u00e8re faite d&rsquo;un mat\u00e9riel anti-sueur qui \u00e9vite la sueur excessive du b\u00e9b\u00e9 et prot\u00e8ge la poussette, ce qui rend la promenade [&hellip;]<\/p>\n","protected":false},"featured_media":22588,"comment_status":"closed","ping_status":"closed","template":"","meta":{"_acf_changed":false,"inline_featured_image":false},"colecciones":[],"product_brand":[],"product_cat":[257],"product_tag":[],"class_list":{"0":"post-24211","1":"product","2":"type-product","3":"status-publish","4":"has-post-thumbnail","6":"product_cat-special-prices-fr","8":"first","9":"instock","10":"purchasable","11":"product-type-simple"},"acf":[],"yoast_head":"<!-- This site is optimized with the Yoast SEO plugin v27.4 - https:\/\/yoast.com\/product\/yoast-seo-wordpress\/ -->\n<title>NID D&#039;ANGE 3 EN 1 \u00c9T\u00c9 TOGETHER ROSE\/GRIS - Pasito a Pasito<\/title>\n<meta name=\"robots\" content=\"index, follow, max-snippet:-1, max-image-preview:large, max-video-preview:-1\" \/>\n<link rel=\"canonical\" href=\"https:\/\/pasitoapasito.es\/fr\/produit\/nid-dange-3-en-1-ete-together-rose-gris\/\" \/>\n<meta property=\"og:locale\" content=\"fr_FR\" \/>\n<meta property=\"og:type\" content=\"article\" \/>\n<meta property=\"og:title\" content=\"NID D&#039;ANGE 3 EN 1 \u00c9T\u00c9 TOGETHER ROSE\/GRIS - Pasito a Pasito\" \/>\n<meta property=\"og:description\" content=\"Sac pour nacelle Together vichy rose et gris. Sac 3-en-1 id\u00e9al pour couvrir la nacelle, le porte-b\u00e9b\u00e9 et la poussette. Une fois la base retir\u00e9e, il devient un tapis pour la poussette l\u00e9g\u00e8re. Partie arri\u00e8re faite d&rsquo;un mat\u00e9riel anti-sueur qui \u00e9vite la sueur excessive du b\u00e9b\u00e9 et prot\u00e8ge la poussette, ce qui rend la promenade [&hellip;]\" \/>\n<meta property=\"og:url\" content=\"https:\/\/pasitoapasito.es\/fr\/produit\/nid-dange-3-en-1-ete-together-rose-gris\/\" \/>\n<meta property=\"og:site_name\" content=\"Pasito a Pasito\" \/>\n<meta property=\"article:modified_time\" content=\"2022-09-08T07:47:19+00:00\" \/>\n<meta property=\"og:image\" content=\"https:\/\/pasitoapasito.es\/wp-content\/uploads\/2022\/09\/75779.jpg\" \/>\n\t<meta property=\"og:image:width\" content=\"1000\" \/>\n\t<meta property=\"og:image:height\" content=\"1000\" \/>\n\t<meta property=\"og:image:type\" content=\"image\/jpeg\" \/>\n<meta name=\"twitter:card\" content=\"summary_large_image\" \/>\n<meta name=\"twitter:label1\" content=\"Dur\u00e9e de lecture estim\u00e9e\" \/>\n\t<meta name=\"twitter:data1\" content=\"1 minute\" \/>\n<script type=\"application\/ld+json\" class=\"yoast-schema-graph\">{\"@context\":\"https:\\\/\\\/schema.org\",\"@graph\":[{\"@type\":\"WebPage\",\"@id\":\"https:\\\/\\\/pasitoapasito.es\\\/fr\\\/produit\\\/nid-dange-3-en-1-ete-together-rose-gris\\\/\",\"url\":\"https:\\\/\\\/pasitoapasito.es\\\/fr\\\/produit\\\/nid-dange-3-en-1-ete-together-rose-gris\\\/\",\"name\":\"NID D'ANGE 3 EN 1 \u00c9T\u00c9 TOGETHER ROSE\\\/GRIS - Pasito a Pasito\",\"isPartOf\":{\"@id\":\"https:\\\/\\\/pasitoapasito.es\\\/fr\\\/#website\"},\"primaryImageOfPage\":{\"@id\":\"https:\\\/\\\/pasitoapasito.es\\\/fr\\\/produit\\\/nid-dange-3-en-1-ete-together-rose-gris\\\/#primaryimage\"},\"image\":{\"@id\":\"https:\\\/\\\/pasitoapasito.es\\\/fr\\\/produit\\\/nid-dange-3-en-1-ete-together-rose-gris\\\/#primaryimage\"},\"thumbnailUrl\":\"https:\\\/\\\/pasitoapasito.es\\\/wp-content\\\/uploads\\\/2022\\\/09\\\/75779.jpg\",\"datePublished\":\"2022-09-08T07:47:15+00:00\",\"dateModified\":\"2022-09-08T07:47:19+00:00\",\"breadcrumb\":{\"@id\":\"https:\\\/\\\/pasitoapasito.es\\\/fr\\\/produit\\\/nid-dange-3-en-1-ete-together-rose-gris\\\/#breadcrumb\"},\"inLanguage\":\"fr-FR\",\"potentialAction\":[{\"@type\":\"ReadAction\",\"target\":[\"https:\\\/\\\/pasitoapasito.es\\\/fr\\\/produit\\\/nid-dange-3-en-1-ete-together-rose-gris\\\/\"]}]},{\"@type\":\"ImageObject\",\"inLanguage\":\"fr-FR\",\"@id\":\"https:\\\/\\\/pasitoapasito.es\\\/fr\\\/produit\\\/nid-dange-3-en-1-ete-together-rose-gris\\\/#primaryimage\",\"url\":\"https:\\\/\\\/pasitoapasito.es\\\/wp-content\\\/uploads\\\/2022\\\/09\\\/75779.jpg\",\"contentUrl\":\"https:\\\/\\\/pasitoapasito.es\\\/wp-content\\\/uploads\\\/2022\\\/09\\\/75779.jpg\",\"width\":1000,\"height\":1000},{\"@type\":\"BreadcrumbList\",\"@id\":\"https:\\\/\\\/pasitoapasito.es\\\/fr\\\/produit\\\/nid-dange-3-en-1-ete-together-rose-gris\\\/#breadcrumb\",\"itemListElement\":[{\"@type\":\"ListItem\",\"position\":1,\"name\":\"Tienda\",\"item\":\"https:\\\/\\\/pasitoapasito.es\\\/tienda\\\/\"},{\"@type\":\"ListItem\",\"position\":2,\"name\":\"NID D&rsquo;ANGE 3 EN 1 \u00c9T\u00c9 TOGETHER ROSE\\\/GRIS\"}]},{\"@type\":\"WebSite\",\"@id\":\"https:\\\/\\\/pasitoapasito.es\\\/fr\\\/#website\",\"url\":\"https:\\\/\\\/pasitoapasito.es\\\/fr\\\/\",\"name\":\"Pasito a Pasito\",\"description\":\"\",\"potentialAction\":[{\"@type\":\"SearchAction\",\"target\":{\"@type\":\"EntryPoint\",\"urlTemplate\":\"https:\\\/\\\/pasitoapasito.es\\\/fr\\\/?s={search_term_string}\"},\"query-input\":{\"@type\":\"PropertyValueSpecification\",\"valueRequired\":true,\"valueName\":\"search_term_string\"}}],\"inLanguage\":\"fr-FR\"}]}<\/script>\n<!-- \/ Yoast SEO plugin. -->","yoast_head_json":{"title":"NID D'ANGE 3 EN 1 \u00c9T\u00c9 TOGETHER ROSE\/GRIS - Pasito a Pasito","robots":{"index":"index","follow":"follow","max-snippet":"max-snippet:-1","max-image-preview":"max-image-preview:large","max-video-preview":"max-video-preview:-1"},"canonical":"https:\/\/pasitoapasito.es\/fr\/produit\/nid-dange-3-en-1-ete-together-rose-gris\/","og_locale":"fr_FR","og_type":"article","og_title":"NID D'ANGE 3 EN 1 \u00c9T\u00c9 TOGETHER ROSE\/GRIS - Pasito a Pasito","og_description":"Sac pour nacelle Together vichy rose et gris. Sac 3-en-1 id\u00e9al pour couvrir la nacelle, le porte-b\u00e9b\u00e9 et la poussette. Une fois la base retir\u00e9e, il devient un tapis pour la poussette l\u00e9g\u00e8re. Partie arri\u00e8re faite d&rsquo;un mat\u00e9riel anti-sueur qui \u00e9vite la sueur excessive du b\u00e9b\u00e9 et prot\u00e8ge la poussette, ce qui rend la promenade [&hellip;]","og_url":"https:\/\/pasitoapasito.es\/fr\/produit\/nid-dange-3-en-1-ete-together-rose-gris\/","og_site_name":"Pasito a Pasito","article_modified_time":"2022-09-08T07:47:19+00:00","og_image":[{"width":1000,"height":1000,"url":"https:\/\/pasitoapasito.es\/wp-content\/uploads\/2022\/09\/75779.jpg","type":"image\/jpeg"}],"twitter_card":"summary_large_image","twitter_misc":{"Dur\u00e9e de lecture estim\u00e9e":"1 minute"},"schema":{"@context":"https:\/\/schema.org","@graph":[{"@type":"WebPage","@id":"https:\/\/pasitoapasito.es\/fr\/produit\/nid-dange-3-en-1-ete-together-rose-gris\/","url":"https:\/\/pasitoapasito.es\/fr\/produit\/nid-dange-3-en-1-ete-together-rose-gris\/","name":"NID D'ANGE 3 EN 1 \u00c9T\u00c9 TOGETHER ROSE\/GRIS - Pasito a Pasito","isPartOf":{"@id":"https:\/\/pasitoapasito.es\/fr\/#website"},"primaryImageOfPage":{"@id":"https:\/\/pasitoapasito.es\/fr\/produit\/nid-dange-3-en-1-ete-together-rose-gris\/#primaryimage"},"image":{"@id":"https:\/\/pasitoapasito.es\/fr\/produit\/nid-dange-3-en-1-ete-together-rose-gris\/#primaryimage"},"thumbnailUrl":"https:\/\/pasitoapasito.es\/wp-content\/uploads\/2022\/09\/75779.jpg","datePublished":"2022-09-08T07:47:15+00:00","dateModified":"2022-09-08T07:47:19+00:00","breadcrumb":{"@id":"https:\/\/pasitoapasito.es\/fr\/produit\/nid-dange-3-en-1-ete-together-rose-gris\/#breadcrumb"},"inLanguage":"fr-FR","potentialAction":[{"@type":"ReadAction","target":["https:\/\/pasitoapasito.es\/fr\/produit\/nid-dange-3-en-1-ete-together-rose-gris\/"]}]},{"@type":"ImageObject","inLanguage":"fr-FR","@id":"https:\/\/pasitoapasito.es\/fr\/produit\/nid-dange-3-en-1-ete-together-rose-gris\/#primaryimage","url":"https:\/\/pasitoapasito.es\/wp-content\/uploads\/2022\/09\/75779.jpg","contentUrl":"https:\/\/pasitoapasito.es\/wp-content\/uploads\/2022\/09\/75779.jpg","width":1000,"height":1000},{"@type":"BreadcrumbList","@id":"https:\/\/pasitoapasito.es\/fr\/produit\/nid-dange-3-en-1-ete-together-rose-gris\/#breadcrumb","itemListElement":[{"@type":"ListItem","position":1,"name":"Tienda","item":"https:\/\/pasitoapasito.es\/tienda\/"},{"@type":"ListItem","position":2,"name":"NID D&rsquo;ANGE 3 EN 1 \u00c9T\u00c9 TOGETHER ROSE\/GRIS"}]},{"@type":"WebSite","@id":"https:\/\/pasitoapasito.es\/fr\/#website","url":"https:\/\/pasitoapasito.es\/fr\/","name":"Pasito a Pasito","description":"","potentialAction":[{"@type":"SearchAction","target":{"@type":"EntryPoint","urlTemplate":"https:\/\/pasitoapasito.es\/fr\/?s={search_term_string}"},"query-input":{"@type":"PropertyValueSpecification","valueRequired":true,"valueName":"search_term_string"}}],"inLanguage":"fr-FR"}]}},"_links":{"self":[{"href":"https:\/\/pasitoapasito.es\/fr\/wp-json\/wp\/v2\/product\/24211","targetHints":{"allow":["GET"]}}],"collection":[{"href":"https:\/\/pasitoapasito.es\/fr\/wp-json\/wp\/v2\/product"}],"about":[{"href":"https:\/\/pasitoapasito.es\/fr\/wp-json\/wp\/v2\/types\/product"}],"replies":[{"embeddable":true,"href":"https:\/\/pasitoapasito.es\/fr\/wp-json\/wp\/v2\/comments?post=24211"}],"wp:featuredmedia":[{"embeddable":true,"href":"https:\/\/pasitoapasito.es\/fr\/wp-json\/wp\/v2\/media\/22588"}],"wp:attachment":[{"href":"https:\/\/pasitoapasito.es\/fr\/wp-json\/wp\/v2\/media?parent=24211"}],"wp:term":[{"taxonomy":"colecciones","embeddable":true,"href":"https:\/\/pasitoapasito.es\/fr\/wp-json\/wp\/v2\/colecciones?post=24211"},{"taxonomy":"product_brand","embeddable":true,"href":"https:\/\/pasitoapasito.es\/fr\/wp-json\/wp\/v2\/product_brand?post=24211"},{"taxonomy":"product_cat","embeddable":true,"href":"https:\/\/pasitoapasito.es\/fr\/wp-json\/wp\/v2\/product_cat?post=24211"},{"taxonomy":"product_tag","embeddable":true,"href":"https:\/\/pasitoapasito.es\/fr\/wp-json\/wp\/v2\/product_tag?post=24211"}],"curies":[{"name":"wp","href":"https:\/\/api.w.org\/{rel}","templated":true}]}}