{"id":21300,"date":"2022-02-03T07:44:50","date_gmt":"2022-02-03T07:44:50","guid":{"rendered":"https:\/\/pasitoapasito1.wpengine.com\/producto\/brosse-et-peigne-fleurs-rose\/"},"modified":"2022-02-03T07:44:55","modified_gmt":"2022-02-03T07:44:55","slug":"brosse-et-peigne-fleurs-rose","status":"publish","type":"product","link":"https:\/\/pasitoapasito.es\/fr\/produit\/brosse-et-peigne-fleurs-rose\/","title":{"rendered":"BROSSE ET PEIGNE FLEURS ROSE"},"content":{"rendered":"<p>Ensemble brosse et peigne adapt\u00e9 aux soins de b\u00e9b\u00e9. D\u00e9cor\u00e9 de fleurs roses. Les fibres de la brosse ont la douceur et la souplesse id\u00e9ales pour ne pas ab\u00eemer les cheveux de votre b\u00e9b\u00e9. Poign\u00e9e ergonomique pour une meilleure utilisation. Pasito a pasito prot\u00e8ge votre b\u00e9b\u00e9 en utilisant les meilleurs mat\u00e9riaux, exempts de substances nocives pour la sant\u00e9.<\/p>\n","protected":false},"excerpt":{"rendered":"<p>Ensemble brosse et peigne adapt\u00e9 aux soins de b\u00e9b\u00e9. D\u00e9cor\u00e9 de fleurs roses. Les fibres de la brosse ont la douceur et la souplesse id\u00e9ales pour ne pas ab\u00eemer les cheveux de votre b\u00e9b\u00e9. Poign\u00e9e ergonomique pour une meilleure utilisation. Pasito a pasito prot\u00e8ge votre b\u00e9b\u00e9 en utilisant les meilleurs mat\u00e9riaux, exempts de substances nocives [&hellip;]<\/p>\n","protected":false},"featured_media":20898,"comment_status":"closed","ping_status":"open","template":"","meta":{"_acf_changed":false,"inline_featured_image":false},"colecciones":[],"product_brand":[],"product_cat":[193],"product_tag":[],"class_list":{"0":"post-21300","1":"product","2":"type-product","3":"status-publish","4":"has-post-thumbnail","6":"product_cat-peluches-et-accessories","8":"first","9":"instock","10":"purchasable","11":"product-type-simple"},"acf":[],"yoast_head":"<!-- This site is optimized with the Yoast SEO plugin v27.4 - https:\/\/yoast.com\/product\/yoast-seo-wordpress\/ -->\n<title>BROSSE ET PEIGNE FLEURS ROSE - Pasito a Pasito<\/title>\n<meta name=\"robots\" content=\"index, follow, max-snippet:-1, max-image-preview:large, max-video-preview:-1\" \/>\n<link rel=\"canonical\" href=\"https:\/\/pasitoapasito.es\/fr\/produit\/brosse-et-peigne-fleurs-rose\/\" \/>\n<meta property=\"og:locale\" content=\"fr_FR\" \/>\n<meta property=\"og:type\" content=\"article\" \/>\n<meta property=\"og:title\" content=\"BROSSE ET PEIGNE FLEURS ROSE - Pasito a Pasito\" \/>\n<meta property=\"og:description\" content=\"Ensemble brosse et peigne adapt\u00e9 aux soins de b\u00e9b\u00e9. D\u00e9cor\u00e9 de fleurs roses. Les fibres de la brosse ont la douceur et la souplesse id\u00e9ales pour ne pas ab\u00eemer les cheveux de votre b\u00e9b\u00e9. Poign\u00e9e ergonomique pour une meilleure utilisation. Pasito a pasito prot\u00e8ge votre b\u00e9b\u00e9 en utilisant les meilleurs mat\u00e9riaux, exempts de substances nocives [&hellip;]\" \/>\n<meta property=\"og:url\" content=\"https:\/\/pasitoapasito.es\/fr\/produit\/brosse-et-peigne-fleurs-rose\/\" \/>\n<meta property=\"og:site_name\" content=\"Pasito a Pasito\" \/>\n<meta property=\"article:modified_time\" content=\"2022-02-03T07:44:55+00:00\" \/>\n<meta property=\"og:image\" content=\"https:\/\/pasitoapasito.es\/wp-content\/uploads\/2022\/01\/75614.jpg\" \/>\n\t<meta property=\"og:image:width\" content=\"1772\" \/>\n\t<meta property=\"og:image:height\" content=\"1772\" \/>\n\t<meta property=\"og:image:type\" content=\"image\/jpeg\" \/>\n<meta name=\"twitter:card\" content=\"summary_large_image\" \/>\n<script type=\"application\/ld+json\" class=\"yoast-schema-graph\">{\"@context\":\"https:\\\/\\\/schema.org\",\"@graph\":[{\"@type\":\"WebPage\",\"@id\":\"https:\\\/\\\/pasitoapasito.es\\\/fr\\\/produit\\\/brosse-et-peigne-fleurs-rose\\\/\",\"url\":\"https:\\\/\\\/pasitoapasito.es\\\/fr\\\/produit\\\/brosse-et-peigne-fleurs-rose\\\/\",\"name\":\"BROSSE ET PEIGNE FLEURS ROSE - Pasito a Pasito\",\"isPartOf\":{\"@id\":\"https:\\\/\\\/pasitoapasito.es\\\/fr\\\/#website\"},\"primaryImageOfPage\":{\"@id\":\"https:\\\/\\\/pasitoapasito.es\\\/fr\\\/produit\\\/brosse-et-peigne-fleurs-rose\\\/#primaryimage\"},\"image\":{\"@id\":\"https:\\\/\\\/pasitoapasito.es\\\/fr\\\/produit\\\/brosse-et-peigne-fleurs-rose\\\/#primaryimage\"},\"thumbnailUrl\":\"https:\\\/\\\/pasitoapasito.es\\\/wp-content\\\/uploads\\\/2022\\\/01\\\/75614.jpg\",\"datePublished\":\"2022-02-03T07:44:50+00:00\",\"dateModified\":\"2022-02-03T07:44:55+00:00\",\"breadcrumb\":{\"@id\":\"https:\\\/\\\/pasitoapasito.es\\\/fr\\\/produit\\\/brosse-et-peigne-fleurs-rose\\\/#breadcrumb\"},\"inLanguage\":\"fr-FR\",\"potentialAction\":[{\"@type\":\"ReadAction\",\"target\":[\"https:\\\/\\\/pasitoapasito.es\\\/fr\\\/produit\\\/brosse-et-peigne-fleurs-rose\\\/\"]}]},{\"@type\":\"ImageObject\",\"inLanguage\":\"fr-FR\",\"@id\":\"https:\\\/\\\/pasitoapasito.es\\\/fr\\\/produit\\\/brosse-et-peigne-fleurs-rose\\\/#primaryimage\",\"url\":\"https:\\\/\\\/pasitoapasito.es\\\/wp-content\\\/uploads\\\/2022\\\/01\\\/75614.jpg\",\"contentUrl\":\"https:\\\/\\\/pasitoapasito.es\\\/wp-content\\\/uploads\\\/2022\\\/01\\\/75614.jpg\",\"width\":1772,\"height\":1772},{\"@type\":\"BreadcrumbList\",\"@id\":\"https:\\\/\\\/pasitoapasito.es\\\/fr\\\/produit\\\/brosse-et-peigne-fleurs-rose\\\/#breadcrumb\",\"itemListElement\":[{\"@type\":\"ListItem\",\"position\":1,\"name\":\"Tienda\",\"item\":\"https:\\\/\\\/pasitoapasito.es\\\/tienda\\\/\"},{\"@type\":\"ListItem\",\"position\":2,\"name\":\"BROSSE ET PEIGNE FLEURS ROSE\"}]},{\"@type\":\"WebSite\",\"@id\":\"https:\\\/\\\/pasitoapasito.es\\\/fr\\\/#website\",\"url\":\"https:\\\/\\\/pasitoapasito.es\\\/fr\\\/\",\"name\":\"Pasito a Pasito\",\"description\":\"\",\"potentialAction\":[{\"@type\":\"SearchAction\",\"target\":{\"@type\":\"EntryPoint\",\"urlTemplate\":\"https:\\\/\\\/pasitoapasito.es\\\/fr\\\/?s={search_term_string}\"},\"query-input\":{\"@type\":\"PropertyValueSpecification\",\"valueRequired\":true,\"valueName\":\"search_term_string\"}}],\"inLanguage\":\"fr-FR\"}]}<\/script>\n<!-- \/ Yoast SEO plugin. -->","yoast_head_json":{"title":"BROSSE ET PEIGNE FLEURS ROSE - Pasito a Pasito","robots":{"index":"index","follow":"follow","max-snippet":"max-snippet:-1","max-image-preview":"max-image-preview:large","max-video-preview":"max-video-preview:-1"},"canonical":"https:\/\/pasitoapasito.es\/fr\/produit\/brosse-et-peigne-fleurs-rose\/","og_locale":"fr_FR","og_type":"article","og_title":"BROSSE ET PEIGNE FLEURS ROSE - Pasito a Pasito","og_description":"Ensemble brosse et peigne adapt\u00e9 aux soins de b\u00e9b\u00e9. D\u00e9cor\u00e9 de fleurs roses. Les fibres de la brosse ont la douceur et la souplesse id\u00e9ales pour ne pas ab\u00eemer les cheveux de votre b\u00e9b\u00e9. Poign\u00e9e ergonomique pour une meilleure utilisation. Pasito a pasito prot\u00e8ge votre b\u00e9b\u00e9 en utilisant les meilleurs mat\u00e9riaux, exempts de substances nocives [&hellip;]","og_url":"https:\/\/pasitoapasito.es\/fr\/produit\/brosse-et-peigne-fleurs-rose\/","og_site_name":"Pasito a Pasito","article_modified_time":"2022-02-03T07:44:55+00:00","og_image":[{"width":1772,"height":1772,"url":"https:\/\/pasitoapasito.es\/wp-content\/uploads\/2022\/01\/75614.jpg","type":"image\/jpeg"}],"twitter_card":"summary_large_image","schema":{"@context":"https:\/\/schema.org","@graph":[{"@type":"WebPage","@id":"https:\/\/pasitoapasito.es\/fr\/produit\/brosse-et-peigne-fleurs-rose\/","url":"https:\/\/pasitoapasito.es\/fr\/produit\/brosse-et-peigne-fleurs-rose\/","name":"BROSSE ET PEIGNE FLEURS ROSE - Pasito a Pasito","isPartOf":{"@id":"https:\/\/pasitoapasito.es\/fr\/#website"},"primaryImageOfPage":{"@id":"https:\/\/pasitoapasito.es\/fr\/produit\/brosse-et-peigne-fleurs-rose\/#primaryimage"},"image":{"@id":"https:\/\/pasitoapasito.es\/fr\/produit\/brosse-et-peigne-fleurs-rose\/#primaryimage"},"thumbnailUrl":"https:\/\/pasitoapasito.es\/wp-content\/uploads\/2022\/01\/75614.jpg","datePublished":"2022-02-03T07:44:50+00:00","dateModified":"2022-02-03T07:44:55+00:00","breadcrumb":{"@id":"https:\/\/pasitoapasito.es\/fr\/produit\/brosse-et-peigne-fleurs-rose\/#breadcrumb"},"inLanguage":"fr-FR","potentialAction":[{"@type":"ReadAction","target":["https:\/\/pasitoapasito.es\/fr\/produit\/brosse-et-peigne-fleurs-rose\/"]}]},{"@type":"ImageObject","inLanguage":"fr-FR","@id":"https:\/\/pasitoapasito.es\/fr\/produit\/brosse-et-peigne-fleurs-rose\/#primaryimage","url":"https:\/\/pasitoapasito.es\/wp-content\/uploads\/2022\/01\/75614.jpg","contentUrl":"https:\/\/pasitoapasito.es\/wp-content\/uploads\/2022\/01\/75614.jpg","width":1772,"height":1772},{"@type":"BreadcrumbList","@id":"https:\/\/pasitoapasito.es\/fr\/produit\/brosse-et-peigne-fleurs-rose\/#breadcrumb","itemListElement":[{"@type":"ListItem","position":1,"name":"Tienda","item":"https:\/\/pasitoapasito.es\/tienda\/"},{"@type":"ListItem","position":2,"name":"BROSSE ET PEIGNE FLEURS ROSE"}]},{"@type":"WebSite","@id":"https:\/\/pasitoapasito.es\/fr\/#website","url":"https:\/\/pasitoapasito.es\/fr\/","name":"Pasito a Pasito","description":"","potentialAction":[{"@type":"SearchAction","target":{"@type":"EntryPoint","urlTemplate":"https:\/\/pasitoapasito.es\/fr\/?s={search_term_string}"},"query-input":{"@type":"PropertyValueSpecification","valueRequired":true,"valueName":"search_term_string"}}],"inLanguage":"fr-FR"}]}},"_links":{"self":[{"href":"https:\/\/pasitoapasito.es\/fr\/wp-json\/wp\/v2\/product\/21300","targetHints":{"allow":["GET"]}}],"collection":[{"href":"https:\/\/pasitoapasito.es\/fr\/wp-json\/wp\/v2\/product"}],"about":[{"href":"https:\/\/pasitoapasito.es\/fr\/wp-json\/wp\/v2\/types\/product"}],"replies":[{"embeddable":true,"href":"https:\/\/pasitoapasito.es\/fr\/wp-json\/wp\/v2\/comments?post=21300"}],"wp:featuredmedia":[{"embeddable":true,"href":"https:\/\/pasitoapasito.es\/fr\/wp-json\/wp\/v2\/media\/20898"}],"wp:attachment":[{"href":"https:\/\/pasitoapasito.es\/fr\/wp-json\/wp\/v2\/media?parent=21300"}],"wp:term":[{"taxonomy":"colecciones","embeddable":true,"href":"https:\/\/pasitoapasito.es\/fr\/wp-json\/wp\/v2\/colecciones?post=21300"},{"taxonomy":"product_brand","embeddable":true,"href":"https:\/\/pasitoapasito.es\/fr\/wp-json\/wp\/v2\/product_brand?post=21300"},{"taxonomy":"product_cat","embeddable":true,"href":"https:\/\/pasitoapasito.es\/fr\/wp-json\/wp\/v2\/product_cat?post=21300"},{"taxonomy":"product_tag","embeddable":true,"href":"https:\/\/pasitoapasito.es\/fr\/wp-json\/wp\/v2\/product_tag?post=21300"}],"curies":[{"name":"wp","href":"https:\/\/api.w.org\/{rel}","templated":true}]}}