{"id":21282,"date":"2022-01-31T11:41:47","date_gmt":"2022-01-31T11:41:47","guid":{"rendered":"https:\/\/pasitoapasito1.wpengine.com\/producto\/sac-a-langer-london-coffee\/"},"modified":"2025-07-31T12:14:50","modified_gmt":"2025-07-31T12:14:50","slug":"sac-a-langer-london-coffee","status":"publish","type":"product","link":"https:\/\/pasitoapasito.es\/fr\/produit\/sac-a-langer-london-coffee\/","title":{"rendered":"SAC A LANGER LONDON COFFEE"},"content":{"rendered":"<p>Sac \u00e0 langer en simili cuir marron avec \u00e9toiles imprim\u00e9es London. Sac \u00e0 langer multifonctionnel. Il peut \u00eatre utilis\u00e9 non seulement comme sac \u00e0 langer, mais est \u00e9galement enti\u00e8rement adaptable \u00e0 votre poussette. Longue sangle pour l&rsquo;accrocher sur l&rsquo;\u00e9paule et poign\u00e9es courtes pour l&rsquo;accrocher sur la poussette. Doublure int\u00e9rieure avec plusieurs compartiments et poches pour transporter tout ce dont vous avez besoin pour votre b\u00e9b\u00e9. Il a une poche interne plastifi\u00e9e pour les v\u00eatements mouill\u00e9s. Il peut \u00eatre lav\u00e9 \u00e0 la main ou en machine \u00e0 3 \u00b0. Les mat\u00e9riaux utilis\u00e9s sont exempts de colorants azo\u00efques, de phtalates et de substances nocives pour la sant\u00e9. Dimensions: 38X28X16 cm. Sacs maternit\u00e9 Pasito a pasito<\/p>\n","protected":false},"excerpt":{"rendered":"<p>Sac \u00e0 langer en simili cuir marron avec \u00e9toiles imprim\u00e9es London. Sac \u00e0 langer multifonctionnel. Il peut \u00eatre utilis\u00e9 non seulement comme sac \u00e0 langer, mais est \u00e9galement enti\u00e8rement adaptable \u00e0 votre poussette. Longue sangle pour l&rsquo;accrocher sur l&rsquo;\u00e9paule et poign\u00e9es courtes pour l&rsquo;accrocher sur la poussette. Doublure int\u00e9rieure avec plusieurs compartiments et poches pour [&hellip;]<\/p>\n","protected":false},"featured_media":20654,"comment_status":"closed","ping_status":"closed","template":"","meta":{"_acf_changed":false,"inline_featured_image":false},"colecciones":[],"product_brand":[],"product_cat":[257],"product_tag":[],"class_list":{"0":"post-21282","1":"product","2":"type-product","3":"status-publish","4":"has-post-thumbnail","6":"product_cat-special-prices-fr","8":"first","9":"instock","10":"purchasable","11":"product-type-simple"},"acf":[],"yoast_head":"<!-- This site is optimized with the Yoast SEO plugin v27.4 - https:\/\/yoast.com\/product\/yoast-seo-wordpress\/ -->\n<title>SAC A LANGER LONDON COFFEE - Pasito a Pasito<\/title>\n<meta name=\"robots\" content=\"index, follow, max-snippet:-1, max-image-preview:large, max-video-preview:-1\" \/>\n<link rel=\"canonical\" href=\"https:\/\/pasitoapasito.es\/fr\/produit\/sac-a-langer-london-coffee\/\" \/>\n<meta property=\"og:locale\" content=\"fr_FR\" \/>\n<meta property=\"og:type\" content=\"article\" \/>\n<meta property=\"og:title\" content=\"SAC A LANGER LONDON COFFEE - Pasito a Pasito\" \/>\n<meta property=\"og:description\" content=\"Sac \u00e0 langer en simili cuir marron avec \u00e9toiles imprim\u00e9es London. Sac \u00e0 langer multifonctionnel. Il peut \u00eatre utilis\u00e9 non seulement comme sac \u00e0 langer, mais est \u00e9galement enti\u00e8rement adaptable \u00e0 votre poussette. Longue sangle pour l&rsquo;accrocher sur l&rsquo;\u00e9paule et poign\u00e9es courtes pour l&rsquo;accrocher sur la poussette. Doublure int\u00e9rieure avec plusieurs compartiments et poches pour [&hellip;]\" \/>\n<meta property=\"og:url\" content=\"https:\/\/pasitoapasito.es\/fr\/produit\/sac-a-langer-london-coffee\/\" \/>\n<meta property=\"og:site_name\" content=\"Pasito a Pasito\" \/>\n<meta property=\"article:modified_time\" content=\"2025-07-31T12:14:50+00:00\" \/>\n<meta property=\"og:image\" content=\"https:\/\/pasitoapasito.es\/wp-content\/uploads\/2022\/01\/75563bis.jpg\" \/>\n\t<meta property=\"og:image:width\" content=\"1772\" \/>\n\t<meta property=\"og:image:height\" content=\"1771\" \/>\n\t<meta property=\"og:image:type\" content=\"image\/jpeg\" \/>\n<meta name=\"twitter:card\" content=\"summary_large_image\" \/>\n<meta name=\"twitter:label1\" content=\"Dur\u00e9e de lecture estim\u00e9e\" \/>\n\t<meta name=\"twitter:data1\" content=\"1 minute\" \/>\n<script type=\"application\/ld+json\" class=\"yoast-schema-graph\">{\"@context\":\"https:\\\/\\\/schema.org\",\"@graph\":[{\"@type\":\"WebPage\",\"@id\":\"https:\\\/\\\/pasitoapasito.es\\\/fr\\\/produit\\\/sac-a-langer-london-coffee\\\/\",\"url\":\"https:\\\/\\\/pasitoapasito.es\\\/fr\\\/produit\\\/sac-a-langer-london-coffee\\\/\",\"name\":\"SAC A LANGER LONDON COFFEE - Pasito a Pasito\",\"isPartOf\":{\"@id\":\"https:\\\/\\\/pasitoapasito.es\\\/fr\\\/#website\"},\"primaryImageOfPage\":{\"@id\":\"https:\\\/\\\/pasitoapasito.es\\\/fr\\\/produit\\\/sac-a-langer-london-coffee\\\/#primaryimage\"},\"image\":{\"@id\":\"https:\\\/\\\/pasitoapasito.es\\\/fr\\\/produit\\\/sac-a-langer-london-coffee\\\/#primaryimage\"},\"thumbnailUrl\":\"https:\\\/\\\/pasitoapasito.es\\\/wp-content\\\/uploads\\\/2022\\\/01\\\/75563bis.jpg\",\"datePublished\":\"2022-01-31T11:41:47+00:00\",\"dateModified\":\"2025-07-31T12:14:50+00:00\",\"breadcrumb\":{\"@id\":\"https:\\\/\\\/pasitoapasito.es\\\/fr\\\/produit\\\/sac-a-langer-london-coffee\\\/#breadcrumb\"},\"inLanguage\":\"fr-FR\",\"potentialAction\":[{\"@type\":\"ReadAction\",\"target\":[\"https:\\\/\\\/pasitoapasito.es\\\/fr\\\/produit\\\/sac-a-langer-london-coffee\\\/\"]}]},{\"@type\":\"ImageObject\",\"inLanguage\":\"fr-FR\",\"@id\":\"https:\\\/\\\/pasitoapasito.es\\\/fr\\\/produit\\\/sac-a-langer-london-coffee\\\/#primaryimage\",\"url\":\"https:\\\/\\\/pasitoapasito.es\\\/wp-content\\\/uploads\\\/2022\\\/01\\\/75563bis.jpg\",\"contentUrl\":\"https:\\\/\\\/pasitoapasito.es\\\/wp-content\\\/uploads\\\/2022\\\/01\\\/75563bis.jpg\",\"width\":1772,\"height\":1771},{\"@type\":\"BreadcrumbList\",\"@id\":\"https:\\\/\\\/pasitoapasito.es\\\/fr\\\/produit\\\/sac-a-langer-london-coffee\\\/#breadcrumb\",\"itemListElement\":[{\"@type\":\"ListItem\",\"position\":1,\"name\":\"Tienda\",\"item\":\"https:\\\/\\\/pasitoapasito.es\\\/tienda\\\/\"},{\"@type\":\"ListItem\",\"position\":2,\"name\":\"SAC A LANGER LONDON COFFEE\"}]},{\"@type\":\"WebSite\",\"@id\":\"https:\\\/\\\/pasitoapasito.es\\\/fr\\\/#website\",\"url\":\"https:\\\/\\\/pasitoapasito.es\\\/fr\\\/\",\"name\":\"Pasito a Pasito\",\"description\":\"\",\"potentialAction\":[{\"@type\":\"SearchAction\",\"target\":{\"@type\":\"EntryPoint\",\"urlTemplate\":\"https:\\\/\\\/pasitoapasito.es\\\/fr\\\/?s={search_term_string}\"},\"query-input\":{\"@type\":\"PropertyValueSpecification\",\"valueRequired\":true,\"valueName\":\"search_term_string\"}}],\"inLanguage\":\"fr-FR\"}]}<\/script>\n<!-- \/ Yoast SEO plugin. -->","yoast_head_json":{"title":"SAC A LANGER LONDON COFFEE - Pasito a Pasito","robots":{"index":"index","follow":"follow","max-snippet":"max-snippet:-1","max-image-preview":"max-image-preview:large","max-video-preview":"max-video-preview:-1"},"canonical":"https:\/\/pasitoapasito.es\/fr\/produit\/sac-a-langer-london-coffee\/","og_locale":"fr_FR","og_type":"article","og_title":"SAC A LANGER LONDON COFFEE - Pasito a Pasito","og_description":"Sac \u00e0 langer en simili cuir marron avec \u00e9toiles imprim\u00e9es London. Sac \u00e0 langer multifonctionnel. Il peut \u00eatre utilis\u00e9 non seulement comme sac \u00e0 langer, mais est \u00e9galement enti\u00e8rement adaptable \u00e0 votre poussette. Longue sangle pour l&rsquo;accrocher sur l&rsquo;\u00e9paule et poign\u00e9es courtes pour l&rsquo;accrocher sur la poussette. Doublure int\u00e9rieure avec plusieurs compartiments et poches pour [&hellip;]","og_url":"https:\/\/pasitoapasito.es\/fr\/produit\/sac-a-langer-london-coffee\/","og_site_name":"Pasito a Pasito","article_modified_time":"2025-07-31T12:14:50+00:00","og_image":[{"width":1772,"height":1771,"url":"https:\/\/pasitoapasito.es\/wp-content\/uploads\/2022\/01\/75563bis.jpg","type":"image\/jpeg"}],"twitter_card":"summary_large_image","twitter_misc":{"Dur\u00e9e de lecture estim\u00e9e":"1 minute"},"schema":{"@context":"https:\/\/schema.org","@graph":[{"@type":"WebPage","@id":"https:\/\/pasitoapasito.es\/fr\/produit\/sac-a-langer-london-coffee\/","url":"https:\/\/pasitoapasito.es\/fr\/produit\/sac-a-langer-london-coffee\/","name":"SAC A LANGER LONDON COFFEE - Pasito a Pasito","isPartOf":{"@id":"https:\/\/pasitoapasito.es\/fr\/#website"},"primaryImageOfPage":{"@id":"https:\/\/pasitoapasito.es\/fr\/produit\/sac-a-langer-london-coffee\/#primaryimage"},"image":{"@id":"https:\/\/pasitoapasito.es\/fr\/produit\/sac-a-langer-london-coffee\/#primaryimage"},"thumbnailUrl":"https:\/\/pasitoapasito.es\/wp-content\/uploads\/2022\/01\/75563bis.jpg","datePublished":"2022-01-31T11:41:47+00:00","dateModified":"2025-07-31T12:14:50+00:00","breadcrumb":{"@id":"https:\/\/pasitoapasito.es\/fr\/produit\/sac-a-langer-london-coffee\/#breadcrumb"},"inLanguage":"fr-FR","potentialAction":[{"@type":"ReadAction","target":["https:\/\/pasitoapasito.es\/fr\/produit\/sac-a-langer-london-coffee\/"]}]},{"@type":"ImageObject","inLanguage":"fr-FR","@id":"https:\/\/pasitoapasito.es\/fr\/produit\/sac-a-langer-london-coffee\/#primaryimage","url":"https:\/\/pasitoapasito.es\/wp-content\/uploads\/2022\/01\/75563bis.jpg","contentUrl":"https:\/\/pasitoapasito.es\/wp-content\/uploads\/2022\/01\/75563bis.jpg","width":1772,"height":1771},{"@type":"BreadcrumbList","@id":"https:\/\/pasitoapasito.es\/fr\/produit\/sac-a-langer-london-coffee\/#breadcrumb","itemListElement":[{"@type":"ListItem","position":1,"name":"Tienda","item":"https:\/\/pasitoapasito.es\/tienda\/"},{"@type":"ListItem","position":2,"name":"SAC A LANGER LONDON COFFEE"}]},{"@type":"WebSite","@id":"https:\/\/pasitoapasito.es\/fr\/#website","url":"https:\/\/pasitoapasito.es\/fr\/","name":"Pasito a Pasito","description":"","potentialAction":[{"@type":"SearchAction","target":{"@type":"EntryPoint","urlTemplate":"https:\/\/pasitoapasito.es\/fr\/?s={search_term_string}"},"query-input":{"@type":"PropertyValueSpecification","valueRequired":true,"valueName":"search_term_string"}}],"inLanguage":"fr-FR"}]}},"_links":{"self":[{"href":"https:\/\/pasitoapasito.es\/fr\/wp-json\/wp\/v2\/product\/21282","targetHints":{"allow":["GET"]}}],"collection":[{"href":"https:\/\/pasitoapasito.es\/fr\/wp-json\/wp\/v2\/product"}],"about":[{"href":"https:\/\/pasitoapasito.es\/fr\/wp-json\/wp\/v2\/types\/product"}],"replies":[{"embeddable":true,"href":"https:\/\/pasitoapasito.es\/fr\/wp-json\/wp\/v2\/comments?post=21282"}],"wp:featuredmedia":[{"embeddable":true,"href":"https:\/\/pasitoapasito.es\/fr\/wp-json\/wp\/v2\/media\/20654"}],"wp:attachment":[{"href":"https:\/\/pasitoapasito.es\/fr\/wp-json\/wp\/v2\/media?parent=21282"}],"wp:term":[{"taxonomy":"colecciones","embeddable":true,"href":"https:\/\/pasitoapasito.es\/fr\/wp-json\/wp\/v2\/colecciones?post=21282"},{"taxonomy":"product_brand","embeddable":true,"href":"https:\/\/pasitoapasito.es\/fr\/wp-json\/wp\/v2\/product_brand?post=21282"},{"taxonomy":"product_cat","embeddable":true,"href":"https:\/\/pasitoapasito.es\/fr\/wp-json\/wp\/v2\/product_cat?post=21282"},{"taxonomy":"product_tag","embeddable":true,"href":"https:\/\/pasitoapasito.es\/fr\/wp-json\/wp\/v2\/product_tag?post=21282"}],"curies":[{"name":"wp","href":"https:\/\/api.w.org\/{rel}","templated":true}]}}