{"id":21281,"date":"2022-01-31T11:41:47","date_gmt":"2022-01-31T11:41:47","guid":{"rendered":"https:\/\/pasitoapasito1.wpengine.com\/producto\/protege-carnet-de-sante-london\/"},"modified":"2025-07-31T12:10:43","modified_gmt":"2025-07-31T12:10:43","slug":"protege-carnet-de-sante-london","status":"publish","type":"product","link":"https:\/\/pasitoapasito.es\/fr\/produit\/protege-carnet-de-sante-london\/","title":{"rendered":"PROTEGE CARNET DE SANT\u00c9 LONDON"},"content":{"rendered":"<p>Prot\u00e8ge carnet de sant\u00e9 avec pochettes pour ranger tous les documents de b\u00e9b\u00e9 en simili cuir noir avec \u00e9toiles imprim\u00e9es London. Il peut \u00eatre lav\u00e9 \u00e0 la main ou en machine \u00e0 3 \u00b0. Les mat\u00e9riaux utilis\u00e9s sont exempts de colorants azo\u00efques, de phtalates et de substances nocives pour la sant\u00e9. Dimensions: 19 X 27 X 2 cm. Sacs maternit\u00e9 Pasito a pasito<\/p>\n","protected":false},"excerpt":{"rendered":"<p>Prot\u00e8ge carnet de sant\u00e9 avec pochettes pour ranger tous les documents de b\u00e9b\u00e9 en simili cuir noir avec \u00e9toiles imprim\u00e9es London. Il peut \u00eatre lav\u00e9 \u00e0 la main ou en machine \u00e0 3 \u00b0. Les mat\u00e9riaux utilis\u00e9s sont exempts de colorants azo\u00efques, de phtalates et de substances nocives pour la sant\u00e9. Dimensions: 19 X 27 [&hellip;]<\/p>\n","protected":false},"featured_media":20625,"comment_status":"closed","ping_status":"closed","template":"","meta":{"_acf_changed":false,"inline_featured_image":false},"colecciones":[],"product_brand":[],"product_cat":[257],"product_tag":[],"class_list":{"0":"post-21281","1":"product","2":"type-product","3":"status-publish","4":"has-post-thumbnail","6":"product_cat-special-prices-fr","8":"first","9":"instock","10":"purchasable","11":"product-type-simple"},"acf":[],"yoast_head":"<!-- This site is optimized with the Yoast SEO plugin v27.4 - https:\/\/yoast.com\/product\/yoast-seo-wordpress\/ -->\n<title>PROTEGE CARNET DE SANT\u00c9 LONDON - Pasito a Pasito<\/title>\n<meta name=\"robots\" content=\"index, follow, max-snippet:-1, max-image-preview:large, max-video-preview:-1\" \/>\n<link rel=\"canonical\" href=\"https:\/\/pasitoapasito.es\/fr\/produit\/protege-carnet-de-sante-london\/\" \/>\n<meta property=\"og:locale\" content=\"fr_FR\" \/>\n<meta property=\"og:type\" content=\"article\" \/>\n<meta property=\"og:title\" content=\"PROTEGE CARNET DE SANT\u00c9 LONDON - Pasito a Pasito\" \/>\n<meta property=\"og:description\" content=\"Prot\u00e8ge carnet de sant\u00e9 avec pochettes pour ranger tous les documents de b\u00e9b\u00e9 en simili cuir noir avec \u00e9toiles imprim\u00e9es London. Il peut \u00eatre lav\u00e9 \u00e0 la main ou en machine \u00e0 3 \u00b0. Les mat\u00e9riaux utilis\u00e9s sont exempts de colorants azo\u00efques, de phtalates et de substances nocives pour la sant\u00e9. Dimensions: 19 X 27 [&hellip;]\" \/>\n<meta property=\"og:url\" content=\"https:\/\/pasitoapasito.es\/fr\/produit\/protege-carnet-de-sante-london\/\" \/>\n<meta property=\"og:site_name\" content=\"Pasito a Pasito\" \/>\n<meta property=\"article:modified_time\" content=\"2025-07-31T12:10:43+00:00\" \/>\n<meta property=\"og:image\" content=\"https:\/\/pasitoapasito.es\/wp-content\/uploads\/2022\/01\/75562.jpg\" \/>\n\t<meta property=\"og:image:width\" content=\"1772\" \/>\n\t<meta property=\"og:image:height\" content=\"1772\" \/>\n\t<meta property=\"og:image:type\" content=\"image\/jpeg\" \/>\n<meta name=\"twitter:card\" content=\"summary_large_image\" \/>\n<meta name=\"twitter:label1\" content=\"Dur\u00e9e de lecture estim\u00e9e\" \/>\n\t<meta name=\"twitter:data1\" content=\"1 minute\" \/>\n<script type=\"application\/ld+json\" class=\"yoast-schema-graph\">{\"@context\":\"https:\\\/\\\/schema.org\",\"@graph\":[{\"@type\":\"WebPage\",\"@id\":\"https:\\\/\\\/pasitoapasito.es\\\/fr\\\/produit\\\/protege-carnet-de-sante-london\\\/\",\"url\":\"https:\\\/\\\/pasitoapasito.es\\\/fr\\\/produit\\\/protege-carnet-de-sante-london\\\/\",\"name\":\"PROTEGE CARNET DE SANT\u00c9 LONDON - Pasito a Pasito\",\"isPartOf\":{\"@id\":\"https:\\\/\\\/pasitoapasito.es\\\/fr\\\/#website\"},\"primaryImageOfPage\":{\"@id\":\"https:\\\/\\\/pasitoapasito.es\\\/fr\\\/produit\\\/protege-carnet-de-sante-london\\\/#primaryimage\"},\"image\":{\"@id\":\"https:\\\/\\\/pasitoapasito.es\\\/fr\\\/produit\\\/protege-carnet-de-sante-london\\\/#primaryimage\"},\"thumbnailUrl\":\"https:\\\/\\\/pasitoapasito.es\\\/wp-content\\\/uploads\\\/2022\\\/01\\\/75562.jpg\",\"datePublished\":\"2022-01-31T11:41:47+00:00\",\"dateModified\":\"2025-07-31T12:10:43+00:00\",\"breadcrumb\":{\"@id\":\"https:\\\/\\\/pasitoapasito.es\\\/fr\\\/produit\\\/protege-carnet-de-sante-london\\\/#breadcrumb\"},\"inLanguage\":\"fr-FR\",\"potentialAction\":[{\"@type\":\"ReadAction\",\"target\":[\"https:\\\/\\\/pasitoapasito.es\\\/fr\\\/produit\\\/protege-carnet-de-sante-london\\\/\"]}]},{\"@type\":\"ImageObject\",\"inLanguage\":\"fr-FR\",\"@id\":\"https:\\\/\\\/pasitoapasito.es\\\/fr\\\/produit\\\/protege-carnet-de-sante-london\\\/#primaryimage\",\"url\":\"https:\\\/\\\/pasitoapasito.es\\\/wp-content\\\/uploads\\\/2022\\\/01\\\/75562.jpg\",\"contentUrl\":\"https:\\\/\\\/pasitoapasito.es\\\/wp-content\\\/uploads\\\/2022\\\/01\\\/75562.jpg\",\"width\":1772,\"height\":1772},{\"@type\":\"BreadcrumbList\",\"@id\":\"https:\\\/\\\/pasitoapasito.es\\\/fr\\\/produit\\\/protege-carnet-de-sante-london\\\/#breadcrumb\",\"itemListElement\":[{\"@type\":\"ListItem\",\"position\":1,\"name\":\"Tienda\",\"item\":\"https:\\\/\\\/pasitoapasito.es\\\/tienda\\\/\"},{\"@type\":\"ListItem\",\"position\":2,\"name\":\"PROTEGE CARNET DE SANT\u00c9 LONDON\"}]},{\"@type\":\"WebSite\",\"@id\":\"https:\\\/\\\/pasitoapasito.es\\\/fr\\\/#website\",\"url\":\"https:\\\/\\\/pasitoapasito.es\\\/fr\\\/\",\"name\":\"Pasito a Pasito\",\"description\":\"\",\"potentialAction\":[{\"@type\":\"SearchAction\",\"target\":{\"@type\":\"EntryPoint\",\"urlTemplate\":\"https:\\\/\\\/pasitoapasito.es\\\/fr\\\/?s={search_term_string}\"},\"query-input\":{\"@type\":\"PropertyValueSpecification\",\"valueRequired\":true,\"valueName\":\"search_term_string\"}}],\"inLanguage\":\"fr-FR\"}]}<\/script>\n<!-- \/ Yoast SEO plugin. -->","yoast_head_json":{"title":"PROTEGE CARNET DE SANT\u00c9 LONDON - Pasito a Pasito","robots":{"index":"index","follow":"follow","max-snippet":"max-snippet:-1","max-image-preview":"max-image-preview:large","max-video-preview":"max-video-preview:-1"},"canonical":"https:\/\/pasitoapasito.es\/fr\/produit\/protege-carnet-de-sante-london\/","og_locale":"fr_FR","og_type":"article","og_title":"PROTEGE CARNET DE SANT\u00c9 LONDON - Pasito a Pasito","og_description":"Prot\u00e8ge carnet de sant\u00e9 avec pochettes pour ranger tous les documents de b\u00e9b\u00e9 en simili cuir noir avec \u00e9toiles imprim\u00e9es London. Il peut \u00eatre lav\u00e9 \u00e0 la main ou en machine \u00e0 3 \u00b0. Les mat\u00e9riaux utilis\u00e9s sont exempts de colorants azo\u00efques, de phtalates et de substances nocives pour la sant\u00e9. Dimensions: 19 X 27 [&hellip;]","og_url":"https:\/\/pasitoapasito.es\/fr\/produit\/protege-carnet-de-sante-london\/","og_site_name":"Pasito a Pasito","article_modified_time":"2025-07-31T12:10:43+00:00","og_image":[{"width":1772,"height":1772,"url":"https:\/\/pasitoapasito.es\/wp-content\/uploads\/2022\/01\/75562.jpg","type":"image\/jpeg"}],"twitter_card":"summary_large_image","twitter_misc":{"Dur\u00e9e de lecture estim\u00e9e":"1 minute"},"schema":{"@context":"https:\/\/schema.org","@graph":[{"@type":"WebPage","@id":"https:\/\/pasitoapasito.es\/fr\/produit\/protege-carnet-de-sante-london\/","url":"https:\/\/pasitoapasito.es\/fr\/produit\/protege-carnet-de-sante-london\/","name":"PROTEGE CARNET DE SANT\u00c9 LONDON - Pasito a Pasito","isPartOf":{"@id":"https:\/\/pasitoapasito.es\/fr\/#website"},"primaryImageOfPage":{"@id":"https:\/\/pasitoapasito.es\/fr\/produit\/protege-carnet-de-sante-london\/#primaryimage"},"image":{"@id":"https:\/\/pasitoapasito.es\/fr\/produit\/protege-carnet-de-sante-london\/#primaryimage"},"thumbnailUrl":"https:\/\/pasitoapasito.es\/wp-content\/uploads\/2022\/01\/75562.jpg","datePublished":"2022-01-31T11:41:47+00:00","dateModified":"2025-07-31T12:10:43+00:00","breadcrumb":{"@id":"https:\/\/pasitoapasito.es\/fr\/produit\/protege-carnet-de-sante-london\/#breadcrumb"},"inLanguage":"fr-FR","potentialAction":[{"@type":"ReadAction","target":["https:\/\/pasitoapasito.es\/fr\/produit\/protege-carnet-de-sante-london\/"]}]},{"@type":"ImageObject","inLanguage":"fr-FR","@id":"https:\/\/pasitoapasito.es\/fr\/produit\/protege-carnet-de-sante-london\/#primaryimage","url":"https:\/\/pasitoapasito.es\/wp-content\/uploads\/2022\/01\/75562.jpg","contentUrl":"https:\/\/pasitoapasito.es\/wp-content\/uploads\/2022\/01\/75562.jpg","width":1772,"height":1772},{"@type":"BreadcrumbList","@id":"https:\/\/pasitoapasito.es\/fr\/produit\/protege-carnet-de-sante-london\/#breadcrumb","itemListElement":[{"@type":"ListItem","position":1,"name":"Tienda","item":"https:\/\/pasitoapasito.es\/tienda\/"},{"@type":"ListItem","position":2,"name":"PROTEGE CARNET DE SANT\u00c9 LONDON"}]},{"@type":"WebSite","@id":"https:\/\/pasitoapasito.es\/fr\/#website","url":"https:\/\/pasitoapasito.es\/fr\/","name":"Pasito a Pasito","description":"","potentialAction":[{"@type":"SearchAction","target":{"@type":"EntryPoint","urlTemplate":"https:\/\/pasitoapasito.es\/fr\/?s={search_term_string}"},"query-input":{"@type":"PropertyValueSpecification","valueRequired":true,"valueName":"search_term_string"}}],"inLanguage":"fr-FR"}]}},"_links":{"self":[{"href":"https:\/\/pasitoapasito.es\/fr\/wp-json\/wp\/v2\/product\/21281","targetHints":{"allow":["GET"]}}],"collection":[{"href":"https:\/\/pasitoapasito.es\/fr\/wp-json\/wp\/v2\/product"}],"about":[{"href":"https:\/\/pasitoapasito.es\/fr\/wp-json\/wp\/v2\/types\/product"}],"replies":[{"embeddable":true,"href":"https:\/\/pasitoapasito.es\/fr\/wp-json\/wp\/v2\/comments?post=21281"}],"wp:featuredmedia":[{"embeddable":true,"href":"https:\/\/pasitoapasito.es\/fr\/wp-json\/wp\/v2\/media\/20625"}],"wp:attachment":[{"href":"https:\/\/pasitoapasito.es\/fr\/wp-json\/wp\/v2\/media?parent=21281"}],"wp:term":[{"taxonomy":"colecciones","embeddable":true,"href":"https:\/\/pasitoapasito.es\/fr\/wp-json\/wp\/v2\/colecciones?post=21281"},{"taxonomy":"product_brand","embeddable":true,"href":"https:\/\/pasitoapasito.es\/fr\/wp-json\/wp\/v2\/product_brand?post=21281"},{"taxonomy":"product_cat","embeddable":true,"href":"https:\/\/pasitoapasito.es\/fr\/wp-json\/wp\/v2\/product_cat?post=21281"},{"taxonomy":"product_tag","embeddable":true,"href":"https:\/\/pasitoapasito.es\/fr\/wp-json\/wp\/v2\/product_tag?post=21281"}],"curies":[{"name":"wp","href":"https:\/\/api.w.org\/{rel}","templated":true}]}}