{"id":12631,"date":"2021-03-05T11:54:38","date_gmt":"2021-03-05T11:54:38","guid":{"rendered":"https:\/\/pasitoapasito1.wpengine.com\/puntos-de-venta\/"},"modified":"2021-09-13T10:58:10","modified_gmt":"2021-09-13T10:58:10","slug":"points-of-sale","status":"publish","type":"page","link":"https:\/\/pasitoapasito.es\/en\/points-of-sale\/","title":{"rendered":"Points of sale"},"content":{"rendered":"\n\t\t<div id=\"maps-marker-pro-2a0d1317\" class=\"maps-marker-pro mmp-list-right\" style=\"width: 100%;\">\r\n\t\t\t<div id=\"mmp-map-wrap-2a0d1317\" class=\"mmp-map-wrap\">\r\n\t\t\t\t\t\t\t\t<div id=\"mmp-map-2a0d1317\" class=\"mmp-map\" style=\"height: 600px;\"><\/div>\r\n\t\t\t\t\t\t\t<\/div>\r\n\t\t\t\t\t\t\t<div id=\"mmp-list-2a0d1317\" class=\"mmp-list\" style=\"flex-basis: 400px;\"><\/div>\r\n\t\t\t\t\t<\/div>\r\n\t\t\n","protected":false},"excerpt":{"rendered":"","protected":false},"author":1,"featured_media":0,"parent":0,"menu_order":0,"comment_status":"closed","ping_status":"closed","template":"","meta":{"_acf_changed":false,"inline_featured_image":false,"footnotes":""},"class_list":["post-12631","page","type-page","status-publish","hentry"],"acf":[],"yoast_head":"<!-- This site is optimized with the Yoast SEO plugin v27.5 - https:\/\/yoast.com\/product\/yoast-seo-wordpress\/ -->\n<title>Points of sale - Pasito a Pasito<\/title>\n<meta name=\"description\" content=\"Encuentra los productos Walking Mum en tu tienda m\u00e1s cercana. Hay m\u00e1s de 400 puntos de venta repartidos por todo el territorio. Pen\u00ednsula e islas.\" \/>\n<meta name=\"robots\" content=\"index, follow, max-snippet:-1, max-image-preview:large, max-video-preview:-1\" \/>\n<link rel=\"canonical\" href=\"https:\/\/pasitoapasito.es\/en\/points-of-sale\/\" \/>\n<meta property=\"og:locale\" content=\"en_US\" \/>\n<meta property=\"og:type\" content=\"article\" \/>\n<meta property=\"og:title\" content=\"Points of sale - Pasito a Pasito\" \/>\n<meta property=\"og:description\" content=\"Encuentra los productos Walking Mum en tu tienda m\u00e1s cercana. Hay m\u00e1s de 400 puntos de venta repartidos por todo el territorio. Pen\u00ednsula e islas.\" \/>\n<meta property=\"og:url\" content=\"https:\/\/pasitoapasito.es\/en\/points-of-sale\/\" \/>\n<meta property=\"og:site_name\" content=\"Pasito a Pasito\" \/>\n<meta property=\"article:modified_time\" content=\"2021-09-13T10:58:10+00:00\" \/>\n<meta name=\"twitter:card\" content=\"summary_large_image\" \/>\n<meta name=\"twitter:label1\" content=\"Est. reading time\" \/>\n\t<meta name=\"twitter:data1\" content=\"1 minute\" \/>\n<script type=\"application\/ld+json\" class=\"yoast-schema-graph\">{\"@context\":\"https:\\\/\\\/schema.org\",\"@graph\":[{\"@type\":\"WebPage\",\"@id\":\"https:\\\/\\\/pasitoapasito.es\\\/en\\\/points-of-sale\\\/\",\"url\":\"https:\\\/\\\/pasitoapasito.es\\\/en\\\/points-of-sale\\\/\",\"name\":\"Points of sale - Pasito a Pasito\",\"isPartOf\":{\"@id\":\"https:\\\/\\\/pasitoapasito.es\\\/fr\\\/#website\"},\"datePublished\":\"2021-03-05T11:54:38+00:00\",\"dateModified\":\"2021-09-13T10:58:10+00:00\",\"description\":\"Encuentra los productos Walking Mum en tu tienda m\u00e1s cercana. Hay m\u00e1s de 400 puntos de venta repartidos por todo el territorio. Pen\u00ednsula e islas.\",\"inLanguage\":\"en-US\",\"potentialAction\":[{\"@type\":\"ReadAction\",\"target\":[\"https:\\\/\\\/pasitoapasito.es\\\/en\\\/points-of-sale\\\/\"]}]},{\"@type\":\"WebSite\",\"@id\":\"https:\\\/\\\/pasitoapasito.es\\\/fr\\\/#website\",\"url\":\"https:\\\/\\\/pasitoapasito.es\\\/fr\\\/\",\"name\":\"Pasito a Pasito\",\"description\":\"\",\"potentialAction\":[{\"@type\":\"SearchAction\",\"target\":{\"@type\":\"EntryPoint\",\"urlTemplate\":\"https:\\\/\\\/pasitoapasito.es\\\/fr\\\/?s={search_term_string}\"},\"query-input\":{\"@type\":\"PropertyValueSpecification\",\"valueRequired\":true,\"valueName\":\"search_term_string\"}}],\"inLanguage\":\"en-US\"}]}<\/script>\n<!-- \/ Yoast SEO plugin. -->","yoast_head_json":{"title":"Points of sale - Pasito a Pasito","description":"Encuentra los productos Walking Mum en tu tienda m\u00e1s cercana. Hay m\u00e1s de 400 puntos de venta repartidos por todo el territorio. Pen\u00ednsula e islas.","robots":{"index":"index","follow":"follow","max-snippet":"max-snippet:-1","max-image-preview":"max-image-preview:large","max-video-preview":"max-video-preview:-1"},"canonical":"https:\/\/pasitoapasito.es\/en\/points-of-sale\/","og_locale":"en_US","og_type":"article","og_title":"Points of sale - Pasito a Pasito","og_description":"Encuentra los productos Walking Mum en tu tienda m\u00e1s cercana. Hay m\u00e1s de 400 puntos de venta repartidos por todo el territorio. Pen\u00ednsula e islas.","og_url":"https:\/\/pasitoapasito.es\/en\/points-of-sale\/","og_site_name":"Pasito a Pasito","article_modified_time":"2021-09-13T10:58:10+00:00","twitter_card":"summary_large_image","twitter_misc":{"Est. reading time":"1 minute"},"schema":{"@context":"https:\/\/schema.org","@graph":[{"@type":"WebPage","@id":"https:\/\/pasitoapasito.es\/en\/points-of-sale\/","url":"https:\/\/pasitoapasito.es\/en\/points-of-sale\/","name":"Points of sale - Pasito a Pasito","isPartOf":{"@id":"https:\/\/pasitoapasito.es\/fr\/#website"},"datePublished":"2021-03-05T11:54:38+00:00","dateModified":"2021-09-13T10:58:10+00:00","description":"Encuentra los productos Walking Mum en tu tienda m\u00e1s cercana. Hay m\u00e1s de 400 puntos de venta repartidos por todo el territorio. Pen\u00ednsula e islas.","inLanguage":"en-US","potentialAction":[{"@type":"ReadAction","target":["https:\/\/pasitoapasito.es\/en\/points-of-sale\/"]}]},{"@type":"WebSite","@id":"https:\/\/pasitoapasito.es\/fr\/#website","url":"https:\/\/pasitoapasito.es\/fr\/","name":"Pasito a Pasito","description":"","potentialAction":[{"@type":"SearchAction","target":{"@type":"EntryPoint","urlTemplate":"https:\/\/pasitoapasito.es\/fr\/?s={search_term_string}"},"query-input":{"@type":"PropertyValueSpecification","valueRequired":true,"valueName":"search_term_string"}}],"inLanguage":"en-US"}]}},"_links":{"self":[{"href":"https:\/\/pasitoapasito.es\/en\/wp-json\/wp\/v2\/pages\/12631","targetHints":{"allow":["GET"]}}],"collection":[{"href":"https:\/\/pasitoapasito.es\/en\/wp-json\/wp\/v2\/pages"}],"about":[{"href":"https:\/\/pasitoapasito.es\/en\/wp-json\/wp\/v2\/types\/page"}],"author":[{"embeddable":true,"href":"https:\/\/pasitoapasito.es\/en\/wp-json\/wp\/v2\/users\/1"}],"replies":[{"embeddable":true,"href":"https:\/\/pasitoapasito.es\/en\/wp-json\/wp\/v2\/comments?post=12631"}],"version-history":[{"count":0,"href":"https:\/\/pasitoapasito.es\/en\/wp-json\/wp\/v2\/pages\/12631\/revisions"}],"wp:attachment":[{"href":"https:\/\/pasitoapasito.es\/en\/wp-json\/wp\/v2\/media?parent=12631"}],"curies":[{"name":"wp","href":"https:\/\/api.w.org\/{rel}","templated":true}]}}